{"id":5224,"date":"2025-10-21T12:20:54","date_gmt":"2025-10-21T09:20:54","guid":{"rendered":"https:\/\/wristbandfactory.eu\/?post_type=product&#038;p=5224"},"modified":"2026-04-01T21:52:35","modified_gmt":"2026-04-01T18:52:35","slug":"tricolor-silicone-wristbands","status":"publish","type":"product","link":"https:\/\/displayproducts.eu\/fi\/p\/tricolor-silicone-wristbands\/","title":{"rendered":"Kolmiv\u00e4riset silikonirannekkeet"},"content":{"rendered":"<p>Maksimoi br\u00e4ndisi n\u00e4kyvyys r\u00e4\u00e4t\u00e4l\u00f6idyill\u00e4 kolmiv\u00e4risill\u00e4 silikonirannekkeillamme. N\u00e4iss\u00e4 rannekkeissa on kolme erillist\u00e4 v\u00e4risegmentti\u00e4, jotka on valettu yhdeksi saumattomaksi rannekkeeksi, mik\u00e4 tarjoaa rohkean ja kontrastisen ilmeen, johon yksiv\u00e4riset rannekkeet eiv\u00e4t pysty.<\/p>\n<p>N\u00e4m\u00e4 segmentoidut rannekkeet ovat tehokas ty\u00f6kalu tapahtumaj\u00e4rjest\u00e4jille, markkinointip\u00e4\u00e4llik\u00f6ille ja organisaatioille. K\u00e4yt\u00e4 niit\u00e4 edustamaan br\u00e4ndisi v\u00e4rej\u00e4, tukemaan tietty\u00e4 asiaa tai vastaamaan tietty\u00e4 tapahtuman teemaa. Valmistamme jokaisen rannekkeen korkealaatuisesta, allergisoimattomasta 100%-silikonista kest\u00e4v\u00e4n ja mukavan k\u00e4yt\u00f6n takaamiseksi.<\/p>\n<p>Logosi tai viestisi upotetaan tarkasti rannekkeeseen ja t\u00e4ytet\u00e4\u00e4n yhdell\u00e4, kontrastiv\u00e4rill\u00e4 varustetulla Pantone-v\u00e4rill\u00e4. T\u00e4m\u00e4 upotusmenetelm\u00e4 varmistaa, ett\u00e4 suunnitteluisi on suojattu kulumiselta ja takaa br\u00e4ndisi pitk\u00e4aikaisen n\u00e4kyvyyden. Voimme valmistaa n\u00e4it\u00e4 rannekkeita miss\u00e4 tahansa koossa, mukaan lukien aikuisten (202 mm), nuorten tai pienempien lasten koot, sopimaan juuri sinun kohdeyleis\u00f6llesi.<\/p>\n<blockquote><p><b>Tuotantohuomautus:<\/b> N\u00e4m\u00e4 rannekkeet valmistetaan yhdist\u00e4m\u00e4ll\u00e4 eriv\u00e4risi\u00e4 silikoniosia. T\u00e4m\u00e4n muovausprosessin vuoksi v\u00e4rien v\u00e4list\u00e4 rajaa ei voida tehd\u00e4 t\u00e4ysin suoraksi, ja siin\u00e4 on luonnollista v\u00e4rien sekoittumista tai sulautumista.<\/p><\/blockquote>\n<p><b>T\u00e4rkeimm\u00e4t ominaisuudet:<\/b><\/p>\n<ul>\n<li><b>Vaikuttava kolmiv\u00e4rinen muotoilu:<\/b> Kolme erillist\u00e4 v\u00e4risegmentti\u00e4 on yhdistetty n\u00e4ytt\u00e4v\u00e4ksi br\u00e4ndilausunnoksi.<\/li>\n<li><b>Kest\u00e4v\u00e4 upotettu logo:<\/b> Suunnittelusi on kaiverrettu (upotettu) ja t\u00e4ytetty yksiv\u00e4risell\u00e4 intarsialla, mik\u00e4 varmistaa, ettei se haalistu tai kulu pois.<\/li>\n<li><b>T\u00e4ysi Pantone-v\u00e4rien vastaavuus:<\/b> Mukauta kaikkia kolmea segmentti\u00e4 ja t\u00e4yt\u00e4 logo tarkalla br\u00e4ndisi Pantone-v\u00e4reill\u00e4.<\/li>\n<li><b>100% Laadukas silikoni:<\/b> Valmistettu kest\u00e4v\u00e4st\u00e4, joustavasta ja allergisoimattomasta silikonista (<span class=\"math-inline\" data-math=\"100\\\\%\">$100\\\\%$<\/span> joustavaa ja kest\u00e4v\u00e4\u00e4 silikonia) pitk\u00e4aikaiseen mukavuuteen.<\/li>\n<li><b>Monipuolinen mitoitus:<\/b> Saatavilla aikuisille tarkoitetussa vakiokoossa (202 * 12) <span class=\"math-inline\" data-math=\"\\times\">*<\/span>\u00a02 mm), nuorten ja r\u00e4\u00e4t\u00e4l\u00f6idyt lasten koot.<\/li>\n<\/ul>","protected":false},"excerpt":{"rendered":"<ul>\n<li>Kolme erillist\u00e4, vaikuttavaa v\u00e4risegmentti\u00e4 rohkean ilmeen luomiseksi.<\/li>\n<li>Kest\u00e4v\u00e4, upotettu logo yksiv\u00e4risell\u00e4 t\u00e4ytt\u00f6ll\u00e4, joka ei kulu pois.<\/li>\n<li>T\u00e4ysin muokattavissa organisaatiosi Pantone-v\u00e4reill\u00e4.<\/li>\n<li>Saatavilla aikuisten, nuorten ja lasten kokoisina, joten ne sopivat kaikenlaisiin tapahtumiin.<\/li>\n<li><\/li>\n<\/ul>","protected":false},"featured_media":5974,"comment_status":"closed","ping_status":"closed","template":"","meta":[],"product_brand":[],"product_cat":[49],"product_tag":[],"class_list":{"0":"post-5224","1":"product","2":"type-product","3":"status-publish","4":"has-post-thumbnail","6":"product_cat-silicone","8":"first","9":"instock","10":"shipping-taxable","11":"purchasable","12":"product-type-simple"},"_links":{"self":[{"href":"https:\/\/displayproducts.eu\/fi\/wp-json\/wp\/v2\/product\/5224","targetHints":{"allow":["GET"]}}],"collection":[{"href":"https:\/\/displayproducts.eu\/fi\/wp-json\/wp\/v2\/product"}],"about":[{"href":"https:\/\/displayproducts.eu\/fi\/wp-json\/wp\/v2\/types\/product"}],"replies":[{"embeddable":true,"href":"https:\/\/displayproducts.eu\/fi\/wp-json\/wp\/v2\/comments?post=5224"}],"wp:featuredmedia":[{"embeddable":true,"href":"https:\/\/displayproducts.eu\/fi\/wp-json\/wp\/v2\/media\/5974"}],"wp:attachment":[{"href":"https:\/\/displayproducts.eu\/fi\/wp-json\/wp\/v2\/media?parent=5224"}],"wp:term":[{"taxonomy":"product_brand","embeddable":true,"href":"https:\/\/displayproducts.eu\/fi\/wp-json\/wp\/v2\/product_brand?post=5224"},{"taxonomy":"product_cat","embeddable":true,"href":"https:\/\/displayproducts.eu\/fi\/wp-json\/wp\/v2\/product_cat?post=5224"},{"taxonomy":"product_tag","embeddable":true,"href":"https:\/\/displayproducts.eu\/fi\/wp-json\/wp\/v2\/product_tag?post=5224"}],"curies":[{"name":"wp","href":"https:\/\/api.w.org\/{rel}","templated":true}]}}