{"id":5218,"date":"2025-10-21T11:56:09","date_gmt":"2025-10-21T08:56:09","guid":{"rendered":"https:\/\/wristbandfactory.eu\/?post_type=product&#038;p=5218"},"modified":"2026-04-01T21:52:35","modified_gmt":"2026-04-01T18:52:35","slug":"remote-control-led-wristbands","status":"publish","type":"product","link":"https:\/\/displayproducts.eu\/fi\/p\/remote-control-led-wristbands\/","title":{"rendered":"Mukautetut kauko-ohjattavat LED-rannekkeet (RF ja DMX)"},"content":{"rendered":"<p data-path-to-node=\"9\">Muunna konserttisi, festivaalisi tai yritystapahtumasi unohtumattomaksi valoshow\u2019ksi. Kauko-ohjattavat LED-rannekkeet antavat sinulle mahdollisuuden synkronoida jokaisen vieraan musiikkisi ja ohjelmasi kanssa, mik\u00e4 luo massiivisen, yhten\u00e4isen visuaalisen kokemuksen, joka lis\u00e4\u00e4 yleis\u00f6n sitoutumista.<\/p>\n<p data-path-to-node=\"10\">T\u00e4m\u00e4 on kaikkien kauko-ohjattavien silikoni- ja muovirannekkeidemme keskuspaikka. Olemme koonneet t\u00e4nne eri mallimme, jotta voit valita t\u00e4ydellisen ratkaisun tapahtumasi teknisiin tarpeisiin ja budjettiin.<\/p>\n<p data-path-to-node=\"11\">Kaikki mallit ovat yhteensopivia keskusyksik\u00f6n kanssa <strong><a href=\"https:\/\/displayproducts.eu\/fi\/p\/remote-dmx-controllers-for-led-wristbands\/\">Kaukos\u00e4\u00e4din ja DMX-ohjain<\/a><\/strong> joka myyd\u00e4\u00e4n erikseen meid\u00e4n <strong><a href=\"https:\/\/displayproducts.eu\/fi\/c\/event-supplies\/\">Tapahtumatarvikkeet<\/a><\/strong> luokka. T\u00e4m\u00e4n ohjaimen avulla yksi k\u00e4ytt\u00e4j\u00e4 voi muuttaa LED-v\u00e4rej\u00e4 ja vilkkumiskuvioita kaikissa paikan rannekkeissa samanaikaisesti.<\/p>\n<h3>Valitse kauko-ohjattava mallisi<\/h3>\n<p data-path-to-node=\"13\">Valitse haluamasi malli tapahtumasi kirkkaus-, akunkesto-, muotoilu- tai kest\u00e4vyysvaatimusten perusteella:<\/p>\n<h4>1. \u201cKirkas\u201d (11 LEDi\u00e4 \/ AAA-paristoilla)<\/h4>\n<p><img fetchpriority=\"high\" decoding=\"async\" class=\"alignnone wp-image-5543\" src=\"https:\/\/displayproducts.eu\/wp-content\/uploads\/2025\/10\/the-bright.jpg\" alt=\"\" width=\"300\" height=\"300\" srcset=\"https:\/\/displayproducts.eu\/wp-content\/uploads\/2025\/10\/the-bright.jpg 1080w, https:\/\/displayproducts.eu\/wp-content\/uploads\/2025\/10\/the-bright-768x768.jpg 768w, https:\/\/displayproducts.eu\/wp-content\/uploads\/2025\/10\/the-bright-12x12.jpg 12w, https:\/\/displayproducts.eu\/wp-content\/uploads\/2025\/10\/the-bright-300x300.jpg 300w, https:\/\/displayproducts.eu\/wp-content\/uploads\/2025\/10\/the-bright-600x600.jpg 600w, https:\/\/displayproducts.eu\/wp-content\/uploads\/2025\/10\/the-bright-100x100.jpg 100w, https:\/\/displayproducts.eu\/wp-content\/uploads\/2025\/10\/the-bright-64x64.jpg 64w\" sizes=\"(max-width: 300px) 100vw, 300px\" \/><\/p>\n<p data-path-to-node=\"17\">Tehokkaimpana ratkaisunamme t\u00e4ss\u00e4 mallissa on 11 erillist\u00e4 LEDi\u00e4, jotka takaavat maksimaalisen visuaalisen vaikutuksen stadioneilla. Se saa virtansa kahdesta vaihdettavasta AAA-paristosta, jotka tarjoavat tehokkaan 12 tunnin k\u00e4ytt\u00f6ajan.<\/p>\n<ul data-path-to-node=\"18\">\n<li>\n<p data-path-to-node=\"18,0,0\"><b data-path-to-node=\"18,0,0\" data-index-in-node=\"0\">Paras k\u00e4ytt\u00f6kohde:<\/b> Laajamittaiset stadionkierrokset ja ulkoilmafestivaalit.<\/p>\n<\/li>\n<\/ul>\n<h4>2. \u201cYmp\u00e4rist\u00f6yst\u00e4v\u00e4llinen\u201d standardi<\/h4>\n<p><img decoding=\"async\" class=\"alignnone wp-image-5544\" src=\"https:\/\/displayproducts.eu\/wp-content\/uploads\/2025\/10\/eco-friendly.jpg\" alt=\"\" width=\"300\" height=\"300\" \/><\/p>\n<p data-path-to-node=\"19\"><span data-path-to-node=\"20,2\"><span class=\"citation-377\">T\u00e4m\u00e4 malli on suosituin ja monipuolisin ratkaisumme, joka on valmistettu mukavasta ABS-muovista ja silikonista. <\/span><\/span><span data-path-to-node=\"20,4\"> Siin\u00e4 on kest\u00e4v\u00e4 12 tunnin paristonkesto (CR2032) ja 15 v\u00e4rivaihtoehtoa.<\/span><\/p>\n<ul data-path-to-node=\"20\">\n<li>\n<p data-path-to-node=\"20,0,0\"><b>Paras k\u00e4ytt\u00f6kohde:<\/b> Kest\u00e4v\u00e4\u00e4n kehitykseen ja luotettavuuteen keskittyv\u00e4t tuotemerkit ja tapahtumat.<\/p>\n<\/li>\n<\/ul>\n<h4>3. \u201cVeistetty\u201d (3D-suunnittelu)<\/h4>\n<p><img decoding=\"async\" class=\"alignnone wp-image-5545\" src=\"https:\/\/displayproducts.eu\/wp-content\/uploads\/2025\/10\/sculpted-1.jpg\" alt=\"\" width=\"300\" height=\"300\" srcset=\"https:\/\/displayproducts.eu\/wp-content\/uploads\/2025\/10\/sculpted-1.jpg 500w, https:\/\/displayproducts.eu\/wp-content\/uploads\/2025\/10\/sculpted-1-12x12.jpg 12w, https:\/\/displayproducts.eu\/wp-content\/uploads\/2025\/10\/sculpted-1-300x300.jpg 300w, https:\/\/displayproducts.eu\/wp-content\/uploads\/2025\/10\/sculpted-1-100x100.jpg 100w, https:\/\/displayproducts.eu\/wp-content\/uploads\/2025\/10\/sculpted-1-64x64.jpg 64w\" sizes=\"(max-width: 300px) 100vw, 300px\" \/><\/p>\n<p data-path-to-node=\"21\">Tee rohkea muotoilulausunto. T\u00e4ss\u00e4 mallissa on ainutlaatuinen, <b>geometrinen 3D-veistetty yl\u00e4osa<\/b> (saatavana 2 tai 4 LEDill\u00e4). Se on ensiluokkainen, puettava ominaisuus, joka erottuu joukosta.<\/p>\n<ul data-path-to-node=\"22\">\n<li>\n<p data-path-to-node=\"22,0,0\"><b>Paras k\u00e4ytt\u00f6kohde:<\/b> VIP-alueet, tuotelanseeraukset ja huippumuotitapahtumat.<\/p>\n<\/li>\n<\/ul>\n<h4>4. \u201cKevyt\u201d (20 g)<\/h4>\n<p><img loading=\"lazy\" decoding=\"async\" class=\"alignnone wp-image-5546\" src=\"https:\/\/displayproducts.eu\/wp-content\/uploads\/2025\/10\/lightweight.jpg\" alt=\"\" width=\"300\" height=\"300\" srcset=\"https:\/\/displayproducts.eu\/wp-content\/uploads\/2025\/10\/lightweight.jpg 500w, https:\/\/displayproducts.eu\/wp-content\/uploads\/2025\/10\/lightweight-12x12.jpg 12w, https:\/\/displayproducts.eu\/wp-content\/uploads\/2025\/10\/lightweight-300x300.jpg 300w, https:\/\/displayproducts.eu\/wp-content\/uploads\/2025\/10\/lightweight-100x100.jpg 100w, https:\/\/displayproducts.eu\/wp-content\/uploads\/2025\/10\/lightweight-64x64.jpg 64w\" sizes=\"(max-width: 300px) 100vw, 300px\" \/><\/p>\n<p data-path-to-node=\"24\">Suunniteltu maksimaalista mukavuutta varten, t\u00e4m\u00e4 malli painaa <b>vain 20 grammaa<\/b>, varmistaen, ett\u00e4 osallistujat voivat k\u00e4ytt\u00e4\u00e4 sit\u00e4 koko y\u00f6n. Siin\u00e4 on 15 v\u00e4rivaihtoehtoa ja 12 tunnin k\u00e4ytt\u00f6aika (CR2032-paristot).<\/p>\n<ul data-path-to-node=\"25\">\n<li>\n<p data-path-to-node=\"25,0,0\"><b>Paras k\u00e4ytt\u00f6kohde:<\/b> Konferenssit, yritysjuhlat ja tapahtumat, joissa mukavuus on avainasemassa.<\/p>\n<\/li>\n<\/ul>\n<h4>5. \u201cVahti\u201d (Tapahtumavahti)<\/h4>\n<p><img loading=\"lazy\" decoding=\"async\" class=\"alignnone wp-image-5548 size-full\" src=\"https:\/\/displayproducts.eu\/wp-content\/uploads\/2025\/10\/watch-e1763320779944.jpg\" alt=\"\" width=\"480\" height=\"288\" srcset=\"https:\/\/displayproducts.eu\/wp-content\/uploads\/2025\/10\/watch-e1763320779944.jpg 480w, https:\/\/displayproducts.eu\/wp-content\/uploads\/2025\/10\/watch-e1763320779944-18x12.jpg 18w, https:\/\/displayproducts.eu\/wp-content\/uploads\/2025\/10\/watch-e1763320779944-64x38.jpg 64w\" sizes=\"(max-width: 480px) 100vw, 480px\" \/><\/p>\n<p data-path-to-node=\"27\">T\u00e4ss\u00e4 mallissa on <b>kellotyylinen<\/b> muotoilu, jossa on suuri, tasainen pinta, joka tarjoaa erinomaisen ja hyvin n\u00e4kyv\u00e4n alueen mukautetulle logollesi.<\/p>\n<ul data-path-to-node=\"28\">\n<li>\n<p data-path-to-node=\"28,0,0\"><b>Paras k\u00e4ytt\u00f6kohde:<\/b> Yritystapahtumat ja sponsoribr\u00e4nd\u00e4ys.<\/p>\n<\/li>\n<\/ul>\n<h2 data-path-to-node=\"31\">Tekniset tiedot<\/h2>\n<ul data-path-to-node=\"32\">\n<li>\n<p data-path-to-node=\"32,0,1\"><span data-path-to-node=\"32,0,1,0\"><b data-path-to-node=\"32,0,1,0\" data-index-in-node=\"0\"><span class=\"citation-374\">Ohjaustekniikka:<\/span><\/b><span class=\"citation-374\"> RF (radiotaajuus) ja DMX512. <\/span><\/span><\/p>\n<\/li>\n<li>\n<p data-path-to-node=\"32,1,1\"><span data-path-to-node=\"32,1,1,0\"><b data-path-to-node=\"32,1,1,0\" data-index-in-node=\"0\"><span class=\"citation-373\">Materiaalit:<\/span><\/b><span class=\"citation-373\"> Silikoni, ABS, PVC. <\/span><\/span><\/p>\n<\/li>\n<li>\n<p data-path-to-node=\"32,2,0\"><b data-path-to-node=\"32,2,0\" data-index-in-node=\"0\">Akun kesto:<\/b> 6\u201312 tuntia mallista riippuen.<\/p>\n<\/li>\n<li>\n<p data-path-to-node=\"32,3,1\"><span data-path-to-node=\"32,3,1,0\"><b data-path-to-node=\"32,3,1,0\" data-index-in-node=\"0\"><span class=\"citation-372\">Br\u00e4nd\u00e4ys:<\/span><\/b><span class=\"citation-372\"> Yksiv\u00e4rinen tai moniv\u00e4rinen omalla painatuksella logopainatus. <\/span><\/span><\/p>\n<\/li>\n<li>\n<p data-path-to-node=\"32,4,0\"><b data-path-to-node=\"32,4,0\" data-index-in-node=\"0\">Minimitilausm\u00e4\u00e4r\u00e4:<\/b> 100 yksikk\u00f6\u00e4.<\/p>\n<\/li>\n<\/ul>\n<h3><strong><a href=\"https:\/\/displayproducts.eu\/fi\/p\/remote-dmx-controllers-for-led-wristbands\/\">Kaukos\u00e4\u00e4din ja DMX-ohjain<\/a><\/strong><\/h3>\n<p><img loading=\"lazy\" decoding=\"async\" class=\"\" src=\"https:\/\/displayproducts.eu\/wp-content\/uploads\/2025\/10\/controller-2-scaled.jpeg\" width=\"365\" height=\"365\" \/><\/p>","protected":false},"excerpt":{"rendered":"<ul>\n<li>\n<p data-path-to-node=\"9,0,0\"><b data-path-to-node=\"9,0,0\" data-index-in-node=\"0\">Keskitetty synkronointi:<\/b> T\u00e4ysin yhteensopiva RF- ja DMX-ohjainten kanssa mukaansatempaaviin, koko tapahtumapaikan valoesityksiin.<\/p>\n<\/li>\n<li>\n<p data-path-to-node=\"9,1,0\"><b data-path-to-node=\"9,1,0\" data-index-in-node=\"0\">Monipuolinen mallisto:<\/b> Valitse 11 erilaisesta mallista, mukaan lukien eritt\u00e4in kevyet, kirkkaat AAA- ja 3D-veistokselliset mallit.<\/p>\n<\/li>\n<li>\n<p data-path-to-node=\"9,2,1\"><span data-path-to-node=\"9,2,1,0\"><b data-path-to-node=\"9,2,1,0\" data-index-in-node=\"0\"><span class=\"citation-351\">B2B-br\u00e4nd\u00e4ys:<\/span><\/b><span class=\"citation-351\"> Kaikkiin malleihin on saatavilla korkealaatuinen omalla painatuksella logopainatus sponsorin n\u00e4kyvyyden maksimoimiseksi. <\/span><\/span><\/p>\n<\/li>\n<li>\n<p data-path-to-node=\"9,3,0\"><b data-path-to-node=\"9,3,0\" data-index-in-node=\"0\">Pitk\u00e4n kantaman hallinta:<\/b> Luotettava signaalin peitto jopa 300\u2013500 metriin stadionkokoisten tapahtumien yhteydess\u00e4.<\/p>\n<\/li>\n<\/ul>","protected":false},"featured_media":5031,"comment_status":"closed","ping_status":"closed","template":"","meta":[],"product_brand":[],"product_cat":[80],"product_tag":[],"class_list":{"0":"post-5218","1":"product","2":"type-product","3":"status-publish","4":"has-post-thumbnail","6":"product_cat-led-wristbands","8":"first","9":"instock","10":"shipping-taxable","11":"purchasable","12":"product-type-simple"},"_links":{"self":[{"href":"https:\/\/displayproducts.eu\/fi\/wp-json\/wp\/v2\/product\/5218","targetHints":{"allow":["GET"]}}],"collection":[{"href":"https:\/\/displayproducts.eu\/fi\/wp-json\/wp\/v2\/product"}],"about":[{"href":"https:\/\/displayproducts.eu\/fi\/wp-json\/wp\/v2\/types\/product"}],"replies":[{"embeddable":true,"href":"https:\/\/displayproducts.eu\/fi\/wp-json\/wp\/v2\/comments?post=5218"}],"wp:featuredmedia":[{"embeddable":true,"href":"https:\/\/displayproducts.eu\/fi\/wp-json\/wp\/v2\/media\/5031"}],"wp:attachment":[{"href":"https:\/\/displayproducts.eu\/fi\/wp-json\/wp\/v2\/media?parent=5218"}],"wp:term":[{"taxonomy":"product_brand","embeddable":true,"href":"https:\/\/displayproducts.eu\/fi\/wp-json\/wp\/v2\/product_brand?post=5218"},{"taxonomy":"product_cat","embeddable":true,"href":"https:\/\/displayproducts.eu\/fi\/wp-json\/wp\/v2\/product_cat?post=5218"},{"taxonomy":"product_tag","embeddable":true,"href":"https:\/\/displayproducts.eu\/fi\/wp-json\/wp\/v2\/product_tag?post=5218"}],"curies":[{"name":"wp","href":"https:\/\/api.w.org\/{rel}","templated":true}]}}