{"id":5209,"date":"2025-10-20T23:33:45","date_gmt":"2025-10-20T20:33:45","guid":{"rendered":"https:\/\/wristbandfactory.eu\/?post_type=product&#038;p=5209"},"modified":"2026-04-01T21:52:35","modified_gmt":"2026-04-01T18:52:35","slug":"printed-cup-holder-clip","status":"publish","type":"product","link":"https:\/\/displayproducts.eu\/fi\/p\/printed-cup-holder-clip\/","title":{"rendered":"Painettu mukinpidike kaulanauhaan"},"content":{"rendered":"<p data-path-to-node=\"12\">Paranna osallistujakokemusta seuraavalla festivaalillasi tai konferenssissasi k\u00e4yt\u00e4nn\u00f6llisill\u00e4 ratkaisuillamme <b data-path-to-node=\"12\" data-index-in-node=\"112\">Painettu mukitelineen pidike<\/b>. T\u00e4m\u00e4 fiksu lis\u00e4varuste ratkaisee yleisen tapahtumaongelman: uudelleenk\u00e4ytett\u00e4v\u00e4n mukin pit\u00e4minen k\u00e4dess\u00e4 koko p\u00e4iv\u00e4n. Antamalla vieraiden kiinnitt\u00e4\u00e4 tyhj\u00e4n juomapurkkinsa tukevasti kaulanauhaan tai vy\u00f6lenkkiin, vapautat heid\u00e4n k\u00e4tens\u00e4 verkostoitumiseen, tanssimiseen tai kannustamiseen.<\/p>\n<p data-path-to-node=\"13\"><span data-path-to-node=\"13,1\"><span class=\"citation-56\">Suunniteltu toimimaan saumattomasti meid\u00e4n <\/span><b data-path-to-node=\"13,1\" data-index-in-node=\"37\"><span class=\"citation-56\">Kaulanauhat<\/span><\/b> <\/span><span data-path-to-node=\"13,4\"><span class=\"citation-55\">ja <\/span><b data-path-to-node=\"13,4\" data-index-in-node=\"4\"><span class=\"citation-55\">Uudelleenk\u00e4ytett\u00e4v\u00e4t juomakupit<\/span><\/b><\/span><span data-path-to-node=\"13,6\">, T\u00e4m\u00e4 videoleike on olennainen lis\u00e4 mihin tahansa ymp\u00e4rist\u00f6yst\u00e4v\u00e4lliseen tapahtumastrategiaan. Se kannustaa kuppien uudelleenk\u00e4ytt\u00f6\u00f6n tekem\u00e4ll\u00e4 niist\u00e4 helppoja kantaa, mik\u00e4 v\u00e4hent\u00e4\u00e4 niiden h\u00e4vitt\u00e4misen tai katoamisen todenn\u00e4k\u00f6isyytt\u00e4.<\/span><\/p>\n<h2 data-path-to-node=\"14\">T\u00e4rkeimm\u00e4t ominaisuudet<\/h2>\n<ul data-path-to-node=\"15\">\n<li>\n<p data-path-to-node=\"15,0,0\"><b data-path-to-node=\"15,0,0\" data-index-in-node=\"0\">Turvallinen ote:<\/b> Klipsimekanismi puree tiukasti tavallisten uudelleenk\u00e4ytett\u00e4vien muovimukien (PP) ja -tulien reunaan varmistaen, ett\u00e4 muki pysyy paikallaan k\u00e4velless\u00e4.<\/p>\n<\/li>\n<li>\n<p data-path-to-node=\"15,1,0\"><b data-path-to-node=\"15,1,0\" data-index-in-node=\"0\">N\u00e4kyv\u00e4 br\u00e4nd\u00e4ys:<\/b> Kompaktista koostaan huolimatta klipsiss\u00e4 on n\u00e4kyv\u00e4 tasainen alue, joka on erityisesti suunniteltu logosi painamista varten, mik\u00e4 tuo br\u00e4ndisi valokeilaan joka kerta, kun k\u00e4ytt\u00e4j\u00e4 ottaa kulauksen.<\/p>\n<\/li>\n<li>\n<p data-path-to-node=\"15,2,0\"><b data-path-to-node=\"15,2,0\" data-index-in-node=\"0\">V\u00e4rikoordinaatio:<\/b> Valmistettu kest\u00e4v\u00e4st\u00e4 ABS-muovista, saatavilla useissa eri v\u00e4reiss\u00e4, jotka sopivat br\u00e4ndisi identiteettiin tai tapahtumasi teemaan.<\/p>\n<\/li>\n<li>\n<p data-path-to-node=\"15,3,0\"><b data-path-to-node=\"15,3,0\" data-index-in-node=\"0\">Kevyt muotoilu:<\/b> Vain 3 grammaa painava se ei lis\u00e4\u00e4 lainkaan painoa osallistujan kaulanauhaan.<\/p>\n<\/li>\n<\/ul>\n<h2 data-path-to-node=\"16\">Tekniset tiedot<\/h2>\n<ul data-path-to-node=\"17\">\n<li>\n<p data-path-to-node=\"17,0,0\"><b data-path-to-node=\"17,0,0\" data-index-in-node=\"0\">Materiaali:<\/b> Kest\u00e4v\u00e4\u00e4 ABS-muovia.<\/p>\n<\/li>\n<li>\n<p data-path-to-node=\"17,1,0\"><b data-path-to-node=\"17,1,0\" data-index-in-node=\"0\">Mitat:<\/b> 1,6 x 2,2 x 2,2 cm.<\/p>\n<\/li>\n<li>\n<p data-path-to-node=\"17,2,0\"><b data-path-to-node=\"17,2,0\" data-index-in-node=\"0\">Paino:<\/b> 3g.<\/p>\n<\/li>\n<li>\n<p data-path-to-node=\"17,3,0\"><b data-path-to-node=\"17,3,0\" data-index-in-node=\"0\">Yhteensopivuus:<\/b> Sopii tavallisiin uudelleenk\u00e4ytett\u00e4viin festivaalimukeihin ja -mukeihin.<\/p>\n<\/li>\n<li>\n<p data-path-to-node=\"17,4,0\"><b data-path-to-node=\"17,4,0\" data-index-in-node=\"0\">Liite:<\/b> Rengaslenkki hihnoille tai sulkurenkaille.<\/p>\n<\/li>\n<li>\n<p data-path-to-node=\"17,5,0\"><b data-path-to-node=\"17,5,0\" data-index-in-node=\"0\">Mukauttaminen:<\/b> Tampopainatus tasaiselle pinnalle.<\/p>\n<\/li>\n<\/ul>\n<h2 data-path-to-node=\"18\">K\u00e4ytt\u00f6tapaukset<\/h2>\n<ul data-path-to-node=\"19\">\n<li>\n<p data-path-to-node=\"19,0,0\"><b data-path-to-node=\"19,0,0\" data-index-in-node=\"0\">Musiikkifestivaalit:<\/b> Antaa faneille mahdollisuuden tanssia pit\u00e4m\u00e4tt\u00e4 tyhj\u00e4\u00e4 mukia k\u00e4dess\u00e4\u00e4n.<\/p>\n<\/li>\n<li>\n<p data-path-to-node=\"19,1,0\"><b data-path-to-node=\"19,1,0\" data-index-in-node=\"0\">Olut- ja viininmaistajaiset:<\/b> Pit\u00e4\u00e4 maistelulasin saatavilla asemien v\u00e4lill\u00e4.<\/p>\n<\/li>\n<li>\n<p data-path-to-node=\"19,2,0\"><b data-path-to-node=\"19,2,0\" data-index-in-node=\"0\">Messut:<\/b> Vapauttaa k\u00e4det k\u00e4yntikorttien vaihtamiseen kahvikuppia kantaessa.<\/p>\n<\/li>\n<li>\n<p data-path-to-node=\"19,3,0\"><b data-path-to-node=\"19,3,0\" data-index-in-node=\"0\">Ulkoilmatapahtumat:<\/b> Est\u00e4\u00e4 kuppien katoamisen tai putoamisen maahan.<\/p>\n<\/li>\n<\/ul>","protected":false},"excerpt":{"rendered":"<ul>\n<li>\n<p data-path-to-node=\"11,0,0\"><b data-path-to-node=\"11,0,0\" data-index-in-node=\"0\">K\u00e4det vapaana -mukavuus:<\/b> Mahdollistaa uudelleenk\u00e4ytett\u00e4v\u00e4n mukin kiinnitt\u00e4misen vy\u00f6lenkkiin tai kaulanauhaan.<\/p>\n<\/li>\n<li>\n<p data-path-to-node=\"11,1,0\"><b data-path-to-node=\"11,1,0\" data-index-in-node=\"0\">Universaali istuvuus:<\/b> Tarttuu tukevasti useimpien tavallisten muovisten festivaalimukien reunaan.<\/p>\n<\/li>\n<li>\n<p data-path-to-node=\"11,2,0\"><b data-path-to-node=\"11,2,0\" data-index-in-node=\"0\">Mukautettu br\u00e4nd\u00e4ys:<\/b> Sis\u00e4lt\u00e4\u00e4 erillisen tasaisen pinnan n\u00e4kyv\u00e4n logon painatusta varten.<\/p>\n<\/li>\n<li>\n<p data-path-to-node=\"11,3,0\"><b data-path-to-node=\"11,3,0\" data-index-in-node=\"0\">Kevyt ja kest\u00e4v\u00e4:<\/b> Valmistettu kest\u00e4v\u00e4st\u00e4 ABS-muovista (3 g), saatavilla useissa eri v\u00e4reiss\u00e4.<\/p>\n<\/li>\n<\/ul>","protected":false},"featured_media":6476,"comment_status":"closed","ping_status":"closed","template":"","meta":[],"product_brand":[],"product_cat":[119],"product_tag":[],"class_list":{"0":"post-5209","1":"product","2":"type-product","3":"status-publish","4":"has-post-thumbnail","6":"product_cat-drinkware-accessories","8":"first","9":"instock","10":"shipping-taxable","11":"purchasable","12":"product-type-simple"},"_links":{"self":[{"href":"https:\/\/displayproducts.eu\/fi\/wp-json\/wp\/v2\/product\/5209","targetHints":{"allow":["GET"]}}],"collection":[{"href":"https:\/\/displayproducts.eu\/fi\/wp-json\/wp\/v2\/product"}],"about":[{"href":"https:\/\/displayproducts.eu\/fi\/wp-json\/wp\/v2\/types\/product"}],"replies":[{"embeddable":true,"href":"https:\/\/displayproducts.eu\/fi\/wp-json\/wp\/v2\/comments?post=5209"}],"wp:featuredmedia":[{"embeddable":true,"href":"https:\/\/displayproducts.eu\/fi\/wp-json\/wp\/v2\/media\/6476"}],"wp:attachment":[{"href":"https:\/\/displayproducts.eu\/fi\/wp-json\/wp\/v2\/media?parent=5209"}],"wp:term":[{"taxonomy":"product_brand","embeddable":true,"href":"https:\/\/displayproducts.eu\/fi\/wp-json\/wp\/v2\/product_brand?post=5209"},{"taxonomy":"product_cat","embeddable":true,"href":"https:\/\/displayproducts.eu\/fi\/wp-json\/wp\/v2\/product_cat?post=5209"},{"taxonomy":"product_tag","embeddable":true,"href":"https:\/\/displayproducts.eu\/fi\/wp-json\/wp\/v2\/product_tag?post=5209"}],"curies":[{"name":"wp","href":"https:\/\/api.w.org\/{rel}","templated":true}]}}