{"id":5195,"date":"2025-10-20T22:09:07","date_gmt":"2025-10-20T19:09:07","guid":{"rendered":"https:\/\/wristbandfactory.eu\/?post_type=product&#038;p=5195"},"modified":"2026-04-01T21:52:04","modified_gmt":"2026-04-01T18:52:04","slug":"promotional-recycled-aluminium-cups","status":"publish","type":"product","link":"https:\/\/displayproducts.eu\/fi\/p\/promotional-recycled-aluminium-cups\/","title":{"rendered":"Uudelleenk\u00e4ytett\u00e4v\u00e4t alumiiniset mukit painatuksella"},"content":{"rendered":"<p>Tee vaikuttava lausunto br\u00e4ndisi sitoutumisesta kest\u00e4v\u00e4\u00e4n kehitykseen. N\u00e4m\u00e4 500 ml:n uudelleenk\u00e4ytett\u00e4v\u00e4t mukit on valmistettu GRS-sertifioidusta kierr\u00e4tysalumiinista, mik\u00e4 tarjoaa ensiluokkaisen ja ymp\u00e4rist\u00f6yst\u00e4v\u00e4llisen vaihtoehdon muoville seuraavaa konferenssia, festivaalia tai yritystapahtumaa varten. Niiden tyylik\u00e4s, kiilt\u00e4v\u00e4 hopeinen viimeistely tarjoaa t\u00e4ydellisen ja arvokkaan pohjan logollesi.<\/p>\n<p>T\u00e4m\u00e4 on enemm\u00e4n kuin vain kuppi; se on viesti. Kierr\u00e4tetyst\u00e4 alumiinista valmistettu materiaali on kevytt\u00e4 mutta kest\u00e4v\u00e4\u00e4, ja sill\u00e4 on GRS (Global Recycled Standard) -sertifikaatti. T\u00e4m\u00e4 sertifikaatti takaa materiaalin kierr\u00e4tysalkuper\u00e4n ja tarjoaa t\u00e4yden l\u00e4pin\u00e4kyvyyden kest\u00e4v\u00e4lle markkinoinnillesi. <span class=\"citation-5 citation-end-5\">Toisin kuin muita materiaaleja, alumiinia voidaan kierr\u00e4tt\u00e4\u00e4 l\u00e4hes loputtomasti menett\u00e4m\u00e4tt\u00e4 sen alkuper\u00e4isi\u00e4 ominaisuuksia, mik\u00e4 kuluttaa huomattavasti v\u00e4hemm\u00e4n energiaa kuin uuden tuotanto.<\/span> T\u00e4m\u00e4n tuotteen valitseminen osoittaa br\u00e4ndisi arvot.<\/p>\n<p><b>T\u00e4rkeimm\u00e4t ominaisuudet:<\/b><\/p>\n<ul>\n<li><b>Kapasiteetti:<\/b> 500 ml<\/li>\n<li><b>Materiaali:<\/b> GRS-sertifioitua kierr\u00e4tysalumiinia<\/li>\n<li><b>Viimeistely:<\/b> Kiilt\u00e4v\u00e4 hopea<\/li>\n<li><b>Ymp\u00e4rist\u00f6yst\u00e4v\u00e4llinen:<\/b> Uudelleenk\u00e4ytett\u00e4v\u00e4 ja loputtomasti kierr\u00e4tett\u00e4v\u00e4<\/li>\n<li><b>Kevyt:<\/b> Helppo vieraiden kantaa<\/li>\n<li><b>Sertifioitu:<\/b><span class=\"citation-4 citation-end-4\"> GRS (Global Recycled Standard) takaa kierr\u00e4tetyn sis\u00e4ll\u00f6n<\/span><\/li>\n<li><b>Br\u00e4nd\u00e4ys:<\/b> Ihanteellinen laserkaiverrukseen tai logon tulostamiseen<\/li>\n<\/ul>","protected":false},"excerpt":{"rendered":"<ul>\n<li>Esittele br\u00e4ndisi ensiluokkaisella 500 ml:n kierr\u00e4tysalumiinimukilla.<\/li>\n<li>Kevyt, kest\u00e4v\u00e4 ja siin\u00e4 on tyylik\u00e4s, kiilt\u00e4v\u00e4 hopeanv\u00e4rinen viimeistely.<\/li>\n<li>GRS-sertifioitu, mik\u00e4 takaa kest\u00e4v\u00e4n kehityksen mukaiset, kierr\u00e4tysmateriaalit.<\/li>\n<li>T\u00e4ydellinen ymp\u00e4rist\u00f6tietoisiin tapahtumiin, yrityslahjoihin ja festivaaleille.<\/li>\n<\/ul>","protected":false},"featured_media":6593,"comment_status":"closed","ping_status":"closed","template":"","meta":[],"product_brand":[],"product_cat":[111],"product_tag":[],"class_list":{"0":"post-5195","1":"product","2":"type-product","3":"status-publish","4":"has-post-thumbnail","6":"product_cat-reusable-event-cups","8":"first","9":"instock","10":"shipping-taxable","11":"purchasable","12":"product-type-simple"},"_links":{"self":[{"href":"https:\/\/displayproducts.eu\/fi\/wp-json\/wp\/v2\/product\/5195","targetHints":{"allow":["GET"]}}],"collection":[{"href":"https:\/\/displayproducts.eu\/fi\/wp-json\/wp\/v2\/product"}],"about":[{"href":"https:\/\/displayproducts.eu\/fi\/wp-json\/wp\/v2\/types\/product"}],"replies":[{"embeddable":true,"href":"https:\/\/displayproducts.eu\/fi\/wp-json\/wp\/v2\/comments?post=5195"}],"wp:featuredmedia":[{"embeddable":true,"href":"https:\/\/displayproducts.eu\/fi\/wp-json\/wp\/v2\/media\/6593"}],"wp:attachment":[{"href":"https:\/\/displayproducts.eu\/fi\/wp-json\/wp\/v2\/media?parent=5195"}],"wp:term":[{"taxonomy":"product_brand","embeddable":true,"href":"https:\/\/displayproducts.eu\/fi\/wp-json\/wp\/v2\/product_brand?post=5195"},{"taxonomy":"product_cat","embeddable":true,"href":"https:\/\/displayproducts.eu\/fi\/wp-json\/wp\/v2\/product_cat?post=5195"},{"taxonomy":"product_tag","embeddable":true,"href":"https:\/\/displayproducts.eu\/fi\/wp-json\/wp\/v2\/product_tag?post=5195"}],"curies":[{"name":"wp","href":"https:\/\/api.w.org\/{rel}","templated":true}]}}