{"id":5183,"date":"2025-10-20T22:05:04","date_gmt":"2025-10-20T19:05:04","guid":{"rendered":"https:\/\/wristbandfactory.eu\/?post_type=product&#038;p=5183"},"modified":"2026-04-01T21:52:35","modified_gmt":"2026-04-01T18:52:35","slug":"reusable-event-cups-solid-frosted-finish-550ml","status":"publish","type":"product","link":"https:\/\/displayproducts.eu\/fi\/p\/reusable-event-cups-solid-frosted-finish-550ml\/","title":{"rendered":"Uudelleenk\u00e4ytett\u00e4v\u00e4t tapahtumamukit (yksiv\u00e4rinen ja himme\u00e4 viimeistely) 550ml"},"content":{"rendered":"<p data-path-to-node=\"8\">Nosta tapahtumasi estetiikkaa 550 ml:n uudelleenk\u00e4ytett\u00e4vien mukien avulla, jotka ovat saatavilla kolmessa erityyppisess\u00e4, ensiluokkaisessa viimeistelyss\u00e4. T\u00e4m\u00e4 muki on t\u00e4ydellinen ratkaisu tapahtumaj\u00e4rjest\u00e4jille, yrityksille ja tapahtumapaikoille, jotka tarvitsevat br\u00e4nd\u00e4yksen, joka ylitt\u00e4\u00e4 pelk\u00e4n logon rajat.<\/p>\n<p data-path-to-node=\"9\">Valitse viimeistely, joka parhaiten sopii br\u00e4ndi-identiteettiisi:<\/p>\n<ul data-path-to-node=\"10\">\n<li>\n<p data-path-to-node=\"10,0,0\"><b>Tasainen valkoinen:<\/b> Tarjoaa puhtaan, klassisen ja eritt\u00e4in n\u00e4kyv\u00e4n pohjan br\u00e4nd\u00e4yksellesi.<\/p>\n<\/li>\n<li>\n<p data-path-to-node=\"10,1,0\"><b>Tasainen musta:<\/b> Tarjoaa ensiluokkaisen, voimakkaan kontrastin omaavan ulkon\u00e4\u00f6n, joka sopii erinomaisesti VIP-tapahtumiin ja hienostuneeseen br\u00e4nd\u00e4ykseen.<\/p>\n<\/li>\n<li>\n<p data-path-to-node=\"10,2,0\"><b>L\u00e4pin\u00e4kyv\u00e4 himme\u00e4:<\/b> Tarjoaa modernin, tyylikk\u00e4\u00e4n ja elegantin ulkon\u00e4\u00f6n.<\/p>\n<\/li>\n<\/ul>\n<p data-path-to-node=\"11\">Kest\u00e4v\u00e4st\u00e4, lujasta ja kevyest\u00e4 polypropeenista (PP) valmistetut kupit on suunniteltu toistuvaan k\u00e4ytt\u00f6\u00f6n festivaaleilla, konserteissa ja yritystilaisuuksissa. Ne on helppo pest\u00e4 ja ne tarjoavat kest\u00e4v\u00e4n vaihtoehdon kertak\u00e4ytt\u00f6isille juoma-astioille.<\/p>\n<p data-path-to-node=\"12\">Suuri 550 ml:n tilavuus sopii t\u00e4ydellisesti kaikenlaisten juomien tarjoiluun, ja suuri pinta-ala tarjoaa erinomaisen pohjan omalle painatuksellesi. T\u00e4m\u00e4 muki ei ainoastaan v\u00e4henn\u00e4 j\u00e4tett\u00e4, vaan toimii my\u00f6s etusivu viet\u00e4v\u00e4n\u00e4 matkamuistona, joka pident\u00e4\u00e4 br\u00e4ndisi n\u00e4kyvyytt\u00e4 pitk\u00e4\u00e4n tapahtuman j\u00e4lkeen.<\/p>\n<p data-path-to-node=\"13\"><b>T\u00e4rkeimm\u00e4t ominaisuudet:<\/b><\/p>\n<ul data-path-to-node=\"14\">\n<li>\n<p data-path-to-node=\"14,0,0\"><b>Premium-viimeistelyvaihtoehdot:<\/b> Saatavilla yksiv\u00e4risen\u00e4 valkoisena, yksiv\u00e4risen\u00e4 mustana tai l\u00e4pin\u00e4kyv\u00e4n\u00e4 himme\u00e4n\u00e4 viimeistelyn\u00e4.<\/p>\n<\/li>\n<li>\n<p data-path-to-node=\"14,1,0\"><b>Suuri 550 ml:n tilavuus:<\/b> Ihanteellinen ja monipuolinen koko festivaaleille, stadioneille ja konferensseihin.<\/p>\n<\/li>\n<li>\n<p data-path-to-node=\"14,2,0\"><b>Kest\u00e4v\u00e4 PP-materiaali:<\/b> Kest\u00e4v\u00e4\u00e4, kevytt\u00e4 ja iskunkest\u00e4v\u00e4\u00e4 polypropeenia, joka on suunniteltu uudelleenk\u00e4ytt\u00f6\u00f6n.<\/p>\n<\/li>\n<li>\n<p data-path-to-node=\"14,3,0\"><b>Kest\u00e4v\u00e4 ratkaisu:<\/b> Uudelleenk\u00e4ytett\u00e4v\u00e4 ja pest\u00e4v\u00e4 vaihtoehto kertak\u00e4ytt\u00f6isille tapahtumamukeille.<\/p>\n<\/li>\n<li>\n<p data-path-to-node=\"14,4,0\"><b>Suuri br\u00e4nd\u00e4ysalue:<\/b> Runsaasti tilaa r\u00e4\u00e4t\u00e4l\u00f6idyille painatuksille, ainutlaatuisen viimeistelyn viimeistelem\u00e4n\u00e4.<\/p>\n<\/li>\n<\/ul>","protected":false},"excerpt":{"rendered":"<ul>\n<li>\n<p data-path-to-node=\"7,0,0\">Valitse viimeistely: Saatavilla yksiv\u00e4risen\u00e4 valkoisena, yksiv\u00e4risen\u00e4 mustana tai l\u00e4pin\u00e4kyv\u00e4n\u00e4 himme\u00e4n\u00e4 viimeistelyn\u00e4.<\/p>\n<\/li>\n<li>\n<p data-path-to-node=\"7,1,0\">Ihanteellinen premium-br\u00e4nd\u00e4ykseen yritystapahtumissa, festivaaleilla ja stadioneilla.<\/p>\n<\/li>\n<li>\n<p data-path-to-node=\"7,2,0\">Kest\u00e4v\u00e4\u00e4, kevytt\u00e4 ja helposti pest\u00e4v\u00e4\u00e4 uudelleenk\u00e4ytett\u00e4v\u00e4\u00e4 PP-materiaalia.<\/p>\n<\/li>\n<li>\n<p data-path-to-node=\"7,3,0\">Suuri 550 ml:n tilavuus mahdollistaa laajan valikoiman juomia.<\/p>\n<\/li>\n<li><\/li>\n<\/ul>","protected":false},"featured_media":6624,"comment_status":"closed","ping_status":"closed","template":"","meta":[],"product_brand":[],"product_cat":[111],"product_tag":[],"class_list":{"0":"post-5183","1":"product","2":"type-product","3":"status-publish","4":"has-post-thumbnail","6":"product_cat-reusable-event-cups","8":"first","9":"instock","10":"shipping-taxable","11":"purchasable","12":"product-type-simple"},"_links":{"self":[{"href":"https:\/\/displayproducts.eu\/fi\/wp-json\/wp\/v2\/product\/5183","targetHints":{"allow":["GET"]}}],"collection":[{"href":"https:\/\/displayproducts.eu\/fi\/wp-json\/wp\/v2\/product"}],"about":[{"href":"https:\/\/displayproducts.eu\/fi\/wp-json\/wp\/v2\/types\/product"}],"replies":[{"embeddable":true,"href":"https:\/\/displayproducts.eu\/fi\/wp-json\/wp\/v2\/comments?post=5183"}],"wp:featuredmedia":[{"embeddable":true,"href":"https:\/\/displayproducts.eu\/fi\/wp-json\/wp\/v2\/media\/6624"}],"wp:attachment":[{"href":"https:\/\/displayproducts.eu\/fi\/wp-json\/wp\/v2\/media?parent=5183"}],"wp:term":[{"taxonomy":"product_brand","embeddable":true,"href":"https:\/\/displayproducts.eu\/fi\/wp-json\/wp\/v2\/product_brand?post=5183"},{"taxonomy":"product_cat","embeddable":true,"href":"https:\/\/displayproducts.eu\/fi\/wp-json\/wp\/v2\/product_cat?post=5183"},{"taxonomy":"product_tag","embeddable":true,"href":"https:\/\/displayproducts.eu\/fi\/wp-json\/wp\/v2\/product_tag?post=5183"}],"curies":[{"name":"wp","href":"https:\/\/api.w.org\/{rel}","templated":true}]}}