{"id":5179,"date":"2025-10-20T21:58:37","date_gmt":"2025-10-20T18:58:37","guid":{"rendered":"https:\/\/wristbandfactory.eu\/?post_type=product&#038;p=5179"},"modified":"2026-04-01T21:52:35","modified_gmt":"2026-04-01T18:52:35","slug":"gold-laser-engraved-medals","status":"publish","type":"product","link":"https:\/\/displayproducts.eu\/fi\/p\/gold-laser-engraved-medals\/","title":{"rendered":"Kultaiset laserkaiverretut mitalit"},"content":{"rendered":"<p>Tunnusta huippusuorituksia ja juhli menestyst\u00e4 seuraavassa tapahtumassasi n\u00e4ill\u00e4 klassisilla kultamitaleilla. Ne tarjoavat korkealaatuisen ja konkreettisen tavan tunnustaa ty\u00f6ntekij\u00f6iden, urheilijoiden tai osallistujien saavutuksia ja vahvistaa organisaatiosi sitoutumista erinomaisuuteen.<\/p>\n<p>Vakiomitalimme on halkaisijaltaan 7 cm, valmistettu kest\u00e4v\u00e4st\u00e4 metallista ja siin\u00e4 on upea kohokuviointi perinteisell\u00e4 kultaisella viimeistelyll\u00e4. Sen pinta on erityisesti valmisteltu lasermerkint\u00e4\u00e4 varten, mik\u00e4 varmistaa, ett\u00e4 logosi, tapahtuman nimi tai voittajan tiedot kaiverretaan poikkeuksellisen tarkasti ja selke\u00e4sti. Vakiomitali toimitetaan esittelyvalmiina yhteensopivalla metallirenkaalla ja klassisella punaisella polyesterinauhalla.<\/p>\n<p>T\u00e4ysin br\u00e4nd\u00e4tty\u00e4 ratkaisua varten t\u00e4m\u00e4 mitali voidaan valmistaa my\u00f6s erikoistilauksena. Valitse eri kokoisista, viimeistelyist\u00e4 ja mukautetuista nauhan v\u00e4reist\u00e4, jotka sopivat t\u00e4ydellisesti organisaatiosi br\u00e4ndi-identiteettiin tai tapahtuman teemaan. Ota yhteytt\u00e4 keskustellaksesi r\u00e4\u00e4t\u00e4l\u00f6idyst\u00e4 mitaliprojektistasi.<\/p>\n<p><b>T\u00e4rkeimm\u00e4t ominaisuudet:<\/b><\/p>\n<ul>\n<li><b>Materiaali:<\/b> Korkealaatuinen metalli<\/li>\n<li><b>Viimeistely:<\/b> Kaiverrettu muotoilu kullan s\u00e4vyll\u00e4<\/li>\n<li><b>Mukauttaminen:<\/b> Erityisesti lasermerkint\u00e4\u00e4n suunniteltu<\/li>\n<li><b>Varastomalli:<\/b> 7 cm halkaisija, punainen polyesterinauha<\/li>\n<li><b>Tilausty\u00f6n\u00e4 tehdyt tilaukset:<\/b> Saatavilla eri kokoisina ja viimeistelyin\u00e4<\/li>\n<li><b>Valintanauhan asetukset:<\/b> Varastossa on punaista; saatavilla useita v\u00e4rej\u00e4 mittatilausty\u00f6n\u00e4<\/li>\n<\/ul>\n<p>&nbsp;<\/p>","protected":false},"excerpt":{"rendered":"<ul>\n<li>Ensiluokkainen metallinen mitali klassisella kultaisella viimeistelyll\u00e4.<\/li>\n<li>Saatavilla varastotuotteena (7 cm) tai mittatilausty\u00f6n\u00e4.<\/li>\n<li>Erityisesti valmistettu pinta tarkkaa laserkaiverrusta varten.<\/li>\n<li>Varastotuotteeseen kuuluu punainen nauha; mittatilausty\u00f6n\u00e4 tehtyihin tuotteisiin on saatavilla useita eri v\u00e4rej\u00e4.<\/li>\n<\/ul>\n<p>&nbsp;<\/p>","protected":false},"featured_media":6503,"comment_status":"closed","ping_status":"closed","template":"","meta":[],"product_brand":[],"product_cat":[68,102],"product_tag":[],"class_list":{"0":"post-5179","1":"product","2":"type-product","3":"status-publish","4":"has-post-thumbnail","6":"product_cat-event-supplies","7":"product_cat-medals","9":"first","10":"instock","11":"shipping-taxable","12":"purchasable","13":"product-type-simple"},"_links":{"self":[{"href":"https:\/\/displayproducts.eu\/fi\/wp-json\/wp\/v2\/product\/5179","targetHints":{"allow":["GET"]}}],"collection":[{"href":"https:\/\/displayproducts.eu\/fi\/wp-json\/wp\/v2\/product"}],"about":[{"href":"https:\/\/displayproducts.eu\/fi\/wp-json\/wp\/v2\/types\/product"}],"replies":[{"embeddable":true,"href":"https:\/\/displayproducts.eu\/fi\/wp-json\/wp\/v2\/comments?post=5179"}],"wp:featuredmedia":[{"embeddable":true,"href":"https:\/\/displayproducts.eu\/fi\/wp-json\/wp\/v2\/media\/6503"}],"wp:attachment":[{"href":"https:\/\/displayproducts.eu\/fi\/wp-json\/wp\/v2\/media?parent=5179"}],"wp:term":[{"taxonomy":"product_brand","embeddable":true,"href":"https:\/\/displayproducts.eu\/fi\/wp-json\/wp\/v2\/product_brand?post=5179"},{"taxonomy":"product_cat","embeddable":true,"href":"https:\/\/displayproducts.eu\/fi\/wp-json\/wp\/v2\/product_cat?post=5179"},{"taxonomy":"product_tag","embeddable":true,"href":"https:\/\/displayproducts.eu\/fi\/wp-json\/wp\/v2\/product_tag?post=5179"}],"curies":[{"name":"wp","href":"https:\/\/api.w.org\/{rel}","templated":true}]}}