{"id":5175,"date":"2025-10-20T21:51:42","date_gmt":"2025-10-20T18:51:42","guid":{"rendered":"https:\/\/wristbandfactory.eu\/?post_type=product&#038;p=5175"},"modified":"2026-04-01T21:52:04","modified_gmt":"2026-04-01T18:52:04","slug":"led-shot-glass-with-lanyard","status":"publish","type":"product","link":"https:\/\/displayproducts.eu\/fi\/p\/led-shot-glass-with-lanyard\/","title":{"rendered":"LED-shottilasi ja nauha"},"content":{"rendered":"<p>Tee seuraavista yritysjuhlistasi, festivaaleistasi tai mainostilaisuudestasi unohtumaton. T\u00e4m\u00e4 LED-valaistu shottilasi on tehokas ty\u00f6kalu asiakaskokemuksen parantamiseen ja br\u00e4ndin n\u00e4kyvyyden lis\u00e4\u00e4miseen, erityisesti h\u00e4m\u00e4r\u00e4ss\u00e4.<\/p>\n<p>T\u00e4m\u00e4 50 ml:n shottilasi on valmistettu kest\u00e4v\u00e4st\u00e4, BPA-vapaasta PS-muovista. Mukana tulevan kaulanauhan ansiosta lasin voi helposti kantaa mukana, joten logosi pysyy n\u00e4kyviss\u00e4 koko y\u00f6n. Ilman painatusta painike pohjassa aktivoi kirkkaat, moniv\u00e4riset LED-valot, joissa on kolme dynaamista tilaa: tasainen valo, nopea vilkkuminen ja hidas vilkkuminen.<\/p>\n<p>T\u00e4m\u00e4 lasi sopii t\u00e4ydellisesti tervetuliaisjuomien, erityisten maljapuheiden tarjoiluun tai vaikkapa kannettavaksi mainosmuistoksi. Mukana tulevat paristot varmistavat, ett\u00e4 lasit ovat heti k\u00e4ytt\u00f6valmiita.<\/p>\n<p><b>T\u00e4rkeimm\u00e4t ominaisuudet:<\/b><\/p>\n<ul>\n<li><b>Kapasiteetti:<\/b> 50 ml<\/li>\n<li><b>Materiaali:<\/b> Kest\u00e4v\u00e4\u00e4, BPA-vapaata PS-muovia<\/li>\n<li><b>Valaistus:<\/b> 3 valotilaa (tasainen, nopea vilkku, hidas vilkku)<\/li>\n<li><b>Puettava:<\/b> Mukana polyesterist\u00e4 valmistettu kaulanauha mukavuutta varten<\/li>\n<li><b>K\u00e4ytt\u00f6valmis:<\/b> Nappiparistot sis\u00e4ltyv\u00e4t ja asennetaan<\/li>\n<li><b>Aktivointi:<\/b> Ilman painatusta painonappi pohjassa<\/li>\n<\/ul>","protected":false},"excerpt":{"rendered":"<ul>\n<li>Kolme LED-valotilaa (tasainen ja vilkkuva) hyv\u00e4n n\u00e4kyvyyden takaamiseksi.<\/li>\n<li>Mukana k\u00e4tev\u00e4 kaulanauha handsfree-kantoa varten tapahtumissa.<\/li>\n<li>Kest\u00e4v\u00e4, 50 ml:n tilavuus ja valmistettu BPA-vapaasta muovista.<\/li>\n<li>Valmis k\u00e4ytett\u00e4v\u00e4ksi heti, paristot sis\u00e4ltyv\u00e4t ja asennettu.<\/li>\n<li><\/li>\n<\/ul>","protected":false},"featured_media":6549,"comment_status":"closed","ping_status":"closed","template":"","meta":[],"product_brand":[],"product_cat":[43,68,119,45],"product_tag":[],"class_list":{"0":"post-5175","1":"product","2":"type-product","3":"status-publish","4":"has-post-thumbnail","6":"product_cat-lanyards","7":"product_cat-event-supplies","8":"product_cat-drinkware-accessories","9":"product_cat-other","11":"first","12":"instock","13":"shipping-taxable","14":"purchasable","15":"product-type-simple"},"_links":{"self":[{"href":"https:\/\/displayproducts.eu\/fi\/wp-json\/wp\/v2\/product\/5175","targetHints":{"allow":["GET"]}}],"collection":[{"href":"https:\/\/displayproducts.eu\/fi\/wp-json\/wp\/v2\/product"}],"about":[{"href":"https:\/\/displayproducts.eu\/fi\/wp-json\/wp\/v2\/types\/product"}],"replies":[{"embeddable":true,"href":"https:\/\/displayproducts.eu\/fi\/wp-json\/wp\/v2\/comments?post=5175"}],"wp:featuredmedia":[{"embeddable":true,"href":"https:\/\/displayproducts.eu\/fi\/wp-json\/wp\/v2\/media\/6549"}],"wp:attachment":[{"href":"https:\/\/displayproducts.eu\/fi\/wp-json\/wp\/v2\/media?parent=5175"}],"wp:term":[{"taxonomy":"product_brand","embeddable":true,"href":"https:\/\/displayproducts.eu\/fi\/wp-json\/wp\/v2\/product_brand?post=5175"},{"taxonomy":"product_cat","embeddable":true,"href":"https:\/\/displayproducts.eu\/fi\/wp-json\/wp\/v2\/product_cat?post=5175"},{"taxonomy":"product_tag","embeddable":true,"href":"https:\/\/displayproducts.eu\/fi\/wp-json\/wp\/v2\/product_tag?post=5175"}],"curies":[{"name":"wp","href":"https:\/\/api.w.org\/{rel}","templated":true}]}}