{"id":5171,"date":"2025-10-20T21:47:54","date_gmt":"2025-10-20T18:47:54","guid":{"rendered":"https:\/\/wristbandfactory.eu\/?post_type=product&#038;p=5171"},"modified":"2026-04-01T21:52:35","modified_gmt":"2026-04-01T18:52:35","slug":"printable-gold-medals","status":"publish","type":"product","link":"https:\/\/displayproducts.eu\/fi\/p\/printable-gold-medals\/","title":{"rendered":"Tulostettavat kultamitalit"},"content":{"rendered":"<p>Luo omalla painatuksellaj\u00e4 palkintoja kilpailuusi, seremoniaasi tai yrityksesi tunnustusohjelmaan. N\u00e4m\u00e4 korkealaatuiset metallimitalit tarjoavat ammattimaisen ja kest\u00e4v\u00e4n tavan juhlistaa menestyst\u00e4 ja vahvistaa organisaatiosi arvovaltaa.<\/p>\n<p>T\u00e4ss\u00e4 mitalissa on kirkas, sile\u00e4 kultainen viimeistely, joka antaa klassisen ilmeen mille tahansa saavutukselle. Se on erityisesti suunniteltu personointia varten. Mitalissa on erillinen sile\u00e4 alue, joka sopii t\u00e4ydellisesti v\u00e4rillisen mukautetun logon, tekstin tai kuvion painamiseen sublimaatiopainatuspainatuksen avulla (sublimaatiopainatuslevy\/-painatus ei sis\u00e4lly). T\u00e4m\u00e4n prosessin avulla voit tulostaa br\u00e4nd\u00e4tyt kuviosi erikseen ja kiinnitt\u00e4\u00e4 ne ter\u00e4v\u00e4n ja eloisan lopputuloksen saavuttamiseksi. Jokainen mitali toimitetaan valmiina esitett\u00e4v\u00e4ksi mukana tulevan punaisen polyesterikaulanauhan kanssa.<\/p>\n<p><b>T\u00e4rkeimm\u00e4t ominaisuudet:<\/b><\/p>\n<ul>\n<li><b>Materiaali:<\/b> Korkealaatuista metallia.<\/li>\n<li><b>Viimeistely:<\/b> Kiillotettu kullan s\u00e4vy.<\/li>\n<li><b>Mukauttaminen:<\/b> Suunniteltu mukautetun sublimaatiopainatuspainatuksen tekemiseen.<\/li>\n<li><b>Mukana:<\/b> Mukana tulee kest\u00e4v\u00e4 punainen polyesterikaulanauha.<\/li>\n<li><b>K\u00e4ytt\u00f6tapaus:<\/b> T\u00e4ydellinen urheiluturnauksiin, akateemisiin palkintoihin ja ty\u00f6ntekij\u00f6iden tunnustukseen.<\/li>\n<\/ul>","protected":false},"excerpt":{"rendered":"<ul>\n<li>Ensiluokkainen metallinen mitali kiillotetulla kultaisella viimeistelyll\u00e4.<\/li>\n<li>Suunniteltu sublimaatiopainatuspainatukseen (tulostettava liite ei sis\u00e4lly).<\/li>\n<li>Ihanteellinen yrityspalkintoihin, urheiluliigoihin ja koulutapahtumiin.<\/li>\n<li>Mukana tulee klassinen punainen polyesterikaulanauha.<\/li>\n<\/ul>\n<p>&nbsp;<\/p>","protected":false},"featured_media":6561,"comment_status":"closed","ping_status":"closed","template":"","meta":[],"product_brand":[],"product_cat":[68,102],"product_tag":[],"class_list":{"0":"post-5171","1":"product","2":"type-product","3":"status-publish","4":"has-post-thumbnail","6":"product_cat-event-supplies","7":"product_cat-medals","9":"first","10":"instock","11":"shipping-taxable","12":"purchasable","13":"product-type-simple"},"_links":{"self":[{"href":"https:\/\/displayproducts.eu\/fi\/wp-json\/wp\/v2\/product\/5171","targetHints":{"allow":["GET"]}}],"collection":[{"href":"https:\/\/displayproducts.eu\/fi\/wp-json\/wp\/v2\/product"}],"about":[{"href":"https:\/\/displayproducts.eu\/fi\/wp-json\/wp\/v2\/types\/product"}],"replies":[{"embeddable":true,"href":"https:\/\/displayproducts.eu\/fi\/wp-json\/wp\/v2\/comments?post=5171"}],"wp:featuredmedia":[{"embeddable":true,"href":"https:\/\/displayproducts.eu\/fi\/wp-json\/wp\/v2\/media\/6561"}],"wp:attachment":[{"href":"https:\/\/displayproducts.eu\/fi\/wp-json\/wp\/v2\/media?parent=5171"}],"wp:term":[{"taxonomy":"product_brand","embeddable":true,"href":"https:\/\/displayproducts.eu\/fi\/wp-json\/wp\/v2\/product_brand?post=5171"},{"taxonomy":"product_cat","embeddable":true,"href":"https:\/\/displayproducts.eu\/fi\/wp-json\/wp\/v2\/product_cat?post=5171"},{"taxonomy":"product_tag","embeddable":true,"href":"https:\/\/displayproducts.eu\/fi\/wp-json\/wp\/v2\/product_tag?post=5171"}],"curies":[{"name":"wp","href":"https:\/\/api.w.org\/{rel}","templated":true}]}}