{"id":5165,"date":"2025-10-20T21:40:50","date_gmt":"2025-10-20T18:40:50","guid":{"rendered":"https:\/\/wristbandfactory.eu\/?post_type=product&#038;p=5165"},"modified":"2026-04-01T21:52:04","modified_gmt":"2026-04-01T18:52:04","slug":"silicone-cup-lids","status":"publish","type":"product","link":"https:\/\/displayproducts.eu\/fi\/p\/silicone-cup-lids\/","title":{"rendered":"Silikonimukikannet"},"content":{"rendered":"<p>Varmista, ett\u00e4 vieraillasi on turvallinen ja ammattimainen kokemus seuraavassa ulkoilmatapahtumassasi, konferenssissasi tai festivaaleillasi. N\u00e4m\u00e4 mainosk\u00e4ytt\u00f6\u00f6n tarkoitetut silikonimukikorkit tarjoavat k\u00e4yt\u00e4nn\u00f6llisen ratkaisun juomien suojaamiseen, juomien puhtaana pit\u00e4miseen ja roiskeiden v\u00e4hent\u00e4miseen samalla, kun mainostat br\u00e4ndi\u00e4si.<\/p>\n<p>Joustavasta, elintarvikelaatuisesta silikonista valmistetut kupinsuojat on suunniteltu joustamaan ja istumaan tukevasti useimpiin vakiokuppikokoihin. Ne ovat uudelleenk\u00e4ytett\u00e4v\u00e4 ja ymp\u00e4rist\u00f6yst\u00e4v\u00e4llinen vaihtoehto kertak\u00e4ytt\u00f6isille vaihtoehdoille. Jokaisessa kannessa on keskell\u00e4 aukko, joka sopii pillille. Mukana tuleva avaimenper\u00e4kotelo tekee t\u00e4st\u00e4 t\u00e4ydellisen mainoslahjan, jonka avulla osallistujat voivat kantaa br\u00e4ndi\u00e4si mukanaan pitk\u00e4\u00e4n tapahtuman j\u00e4lkeen. R\u00e4\u00e4t\u00e4l\u00f6i kansi tai kotelo yrityksesi logolla maksimaalisen br\u00e4ndin\u00e4kyvyyden saavuttamiseksi.<\/p>\n<p><b>T\u00e4rkeimm\u00e4t ominaisuudet:<\/b><\/p>\n<ul>\n<li><b>Materiaali:<\/b> Joustavaa ja kest\u00e4v\u00e4\u00e4 silikonia.<\/li>\n<li><b>Sopivuus:<\/b> S\u00e4\u00e4dett\u00e4v\u00e4 muotoilu joustaa ja sopii useimmille kuppityypeille.<\/li>\n<li><b>Toiminto:<\/b> Suojaa juomia p\u00f6lylt\u00e4, hy\u00f6nteisilt\u00e4 ja roiskeilta.<\/li>\n<li><b>Uudelleenk\u00e4ytett\u00e4v\u00e4:<\/b> Helppo pest\u00e4 ja k\u00e4ytt\u00e4\u00e4 uudelleen, tarjoaa erinomaista vastinetta rahalle.<\/li>\n<li><b>Kannettava:<\/b> Mukana kompakti avaimenper\u00e4kotelo helppoa kantamista varten.<\/li>\n<li><b>Br\u00e4nd\u00e4ys:<\/b> Ihanteellinen logon tai tapahtumatietojen painamiseen.<\/li>\n<li><b>V\u00e4rit:<\/b> Saatavilla mustana, sinisen\u00e4, vihre\u00e4n\u00e4 ja punaisena.<\/li>\n<\/ul>\n<p>&nbsp;<\/p>","protected":false},"excerpt":{"rendered":"<ul>\n<li>Pid\u00e4 juomat turvassa roiskeilta ja roskilta miss\u00e4 tahansa tapahtumassa.<\/li>\n<li>Uudelleenk\u00e4ytett\u00e4v\u00e4 ja helposti pest\u00e4v\u00e4 silikonimuki sopii useimpiin vakiokuppeihin.<\/li>\n<li>Mukana kannettava avaimenper\u00e4kotelo helppoa kuljetusta varten.<\/li>\n<li>Ihanteellinen festivaaleille, ulkomarkkinointiin ja yritystapahtumiin.<\/li>\n<\/ul>","protected":false},"featured_media":6633,"comment_status":"closed","ping_status":"closed","template":"","meta":[],"product_brand":[],"product_cat":[119],"product_tag":[],"class_list":{"0":"post-5165","1":"product","2":"type-product","3":"status-publish","4":"has-post-thumbnail","6":"product_cat-drinkware-accessories","8":"first","9":"instock","10":"shipping-taxable","11":"purchasable","12":"product-type-simple"},"_links":{"self":[{"href":"https:\/\/displayproducts.eu\/fi\/wp-json\/wp\/v2\/product\/5165","targetHints":{"allow":["GET"]}}],"collection":[{"href":"https:\/\/displayproducts.eu\/fi\/wp-json\/wp\/v2\/product"}],"about":[{"href":"https:\/\/displayproducts.eu\/fi\/wp-json\/wp\/v2\/types\/product"}],"replies":[{"embeddable":true,"href":"https:\/\/displayproducts.eu\/fi\/wp-json\/wp\/v2\/comments?post=5165"}],"wp:featuredmedia":[{"embeddable":true,"href":"https:\/\/displayproducts.eu\/fi\/wp-json\/wp\/v2\/media\/6633"}],"wp:attachment":[{"href":"https:\/\/displayproducts.eu\/fi\/wp-json\/wp\/v2\/media?parent=5165"}],"wp:term":[{"taxonomy":"product_brand","embeddable":true,"href":"https:\/\/displayproducts.eu\/fi\/wp-json\/wp\/v2\/product_brand?post=5165"},{"taxonomy":"product_cat","embeddable":true,"href":"https:\/\/displayproducts.eu\/fi\/wp-json\/wp\/v2\/product_cat?post=5165"},{"taxonomy":"product_tag","embeddable":true,"href":"https:\/\/displayproducts.eu\/fi\/wp-json\/wp\/v2\/product_tag?post=5165"}],"curies":[{"name":"wp","href":"https:\/\/api.w.org\/{rel}","templated":true}]}}