{"id":5144,"date":"2025-10-14T23:32:11","date_gmt":"2025-10-14T20:32:11","guid":{"rendered":"https:\/\/wristbandfactory.eu\/?post_type=product&#038;p=5144"},"modified":"2026-04-01T21:52:35","modified_gmt":"2026-04-01T18:52:35","slug":"numbered-plain-tyvek-wristbands","status":"publish","type":"product","link":"https:\/\/displayproducts.eu\/fi\/p\/numbered-plain-tyvek-wristbands\/","title":{"rendered":"Numeroidut Tyvek-rannekkeet (perusmalli)"},"content":{"rendered":"<p>Virtaviivaista tapahtumasi kulunvalvontaa ja paranna turvallisuutta kest\u00e4vill\u00e4 Plain Tyvek -rannekkeillamme. N\u00e4m\u00e4 ammattik\u00e4ytt\u00f6\u00f6n suunnitellut rannekkeet tarjoavat luotettavan ja kustannustehokkaan ratkaisun vieraiden hallintaan, sis\u00e4\u00e4np\u00e4\u00e4syn valvontaan ja tunnistamisen yksinkertaistamiseen miss\u00e4 tahansa kokoontumisessa.<\/p>\n<h3>Rakennettu turvallisuutta ja n\u00e4kyvyytt\u00e4 varten<\/h3>\n<p>Rannekkeet on valmistettu aidosta DuPont\u2122 Tyvek\u00ae -materiaalista, ja ne ovat vedenpit\u00e4vi\u00e4, repe\u00e4m\u00e4tt\u00f6mi\u00e4 ja niiss\u00e4 on turvallinen, v\u00e4\u00e4rent\u00e4m\u00e4t\u00f6n tarrakiinnitys. Jokaisessa rannekkeessa on yksil\u00f6llinen, esipainettu sarjanumero petosten est\u00e4miseksi ja vieraiden laskemisen yksinkertaistamiseksi.<\/p>\n<h3>Valitse leveys: 19 mm vs. 25 mm<\/h3>\n<p>Valitse koko, joka parhaiten sopii tapahtumasi n\u00e4kyvyysvaatimuksiin:<\/p>\n<h3>19 mm:n vakioleveys (alan standardi)<\/h3>\n<p>Suosituin valinta 90%-tapahtumiin. Se tarjoaa t\u00e4ydellisen tasapainon mukavuuden ja n\u00e4kyvyyden v\u00e4lill\u00e4.<\/p>\n<ul>\n<li><b>Paras k\u00e4ytt\u00f6kohde:<\/b> Yhden p\u00e4iv\u00e4n festivaaleja, konsertteja, y\u00f6kerhoja ja yksityistilaisuuksia.<\/li>\n<li><b>Hy\u00f6ty:<\/b> Hienovarainen ranteessa, mutta turvahenkil\u00f6kunnan helppo kassallea.<\/li>\n<\/ul>\n<h3>25 mm eritt\u00e4in leve\u00e4 (maksimaalinen n\u00e4kyvyys)<\/h3>\n<p>Tarjoaa suuremman pinta-alan, joten v\u00e4ri ja numerointi n\u00e4kyv\u00e4t kauempaa.<\/p>\n<ul>\n<li><b>Paras k\u00e4ytt\u00f6kohde:<\/b> VIP-tunnisteet, ruuhkaiset paikat tai tapahtumat, jotka vaativat k\u00e4sin kirjoitettuja merkint\u00f6j\u00e4 b\u00e4ndist\u00e4.<\/li>\n<li><b>Hy\u00f6ty:<\/b> Parempi n\u00e4kyvyys nopeuttaa v\u00e4kijoukkojen k\u00e4sittely\u00e4 sis\u00e4\u00e4np\u00e4\u00e4sypisteiss\u00e4.<\/li>\n<\/ul>\n<h3>T\u00e4rkeimm\u00e4t ominaisuudet:<\/h3>\n<ul>\n<li><b>Juokseva numerointi:<\/b> Jokaisella b\u00e4ndill\u00e4 on yksil\u00f6llinen numero, joka parantaa turvallisuutta ja vieraiden seurantaa.<\/li>\n<li><b>Aito DuPont\u2122 Tyvek\u00ae:<\/b> Vedenpit\u00e4v\u00e4 ja repe\u00e4m\u00e4t\u00f6n materiaali luotettavaan tapahtumak\u00e4ytt\u00f6\u00f6n.<\/li>\n<li><b>V\u00e4\u00e4rink\u00e4yt\u00f6lt\u00e4 suojattu sulkeminen:<\/b> Kertak\u00e4ytt\u00f6inen liima est\u00e4\u00e4 tarttumisen vieraiden v\u00e4lill\u00e4.<\/li>\n<li><b>Kaksi leveysvaihtoehtoa:<\/b> Saatavilla vakiona (19 mm) tai leve\u00e4n\u00e4 (25 mm) versiona.<\/li>\n<li><b>Kirkkaat v\u00e4rivaihtoehdot:<\/b> Saatavilla neon-, metalli- ja vakiov\u00e4reiss\u00e4 vieraiden visuaalisen erottelun helpottamiseksi.<\/li>\n<li><b>K\u00e4ytt\u00f6tapaus:<\/b> Ihanteellinen kulunvalvontaan, i\u00e4n varmentamiseen ja vieraiden tunnistamiseen.<\/li>\n<\/ul>","protected":false},"excerpt":{"rendered":"<ul>\n<li>Sis\u00e4lt\u00e4\u00e4 yksil\u00f6llisen juoksevan numeroinnin turvalliseen kulunvalvontaan ja vieraiden seurantaan.<\/li>\n<li>Valmistettu aidosta DuPont\u2122 Tyvek\u00ae -materiaalista (veden- ja repe\u00e4m\u00e4nkest\u00e4v\u00e4).<\/li>\n<li>Laaja valikoima eloisia v\u00e4rej\u00e4 helpottaa vieraiden visuaalista tunnistamista.<\/li>\n<li>Turvatarrakiinnitys est\u00e4\u00e4 siirt\u00e4misen osallistujalta toiselle.<\/li>\n<\/ul>","protected":false},"featured_media":6111,"comment_status":"closed","ping_status":"closed","template":"","meta":[],"product_brand":[],"product_cat":[66,41,68],"product_tag":[],"class_list":{"0":"post-5144","1":"product","2":"type-product","3":"status-publish","4":"has-post-thumbnail","6":"product_cat-wristbands","7":"product_cat-tyvek","8":"product_cat-event-supplies","10":"first","11":"instock","12":"shipping-taxable","13":"purchasable","14":"product-type-simple"},"_links":{"self":[{"href":"https:\/\/displayproducts.eu\/fi\/wp-json\/wp\/v2\/product\/5144","targetHints":{"allow":["GET"]}}],"collection":[{"href":"https:\/\/displayproducts.eu\/fi\/wp-json\/wp\/v2\/product"}],"about":[{"href":"https:\/\/displayproducts.eu\/fi\/wp-json\/wp\/v2\/types\/product"}],"replies":[{"embeddable":true,"href":"https:\/\/displayproducts.eu\/fi\/wp-json\/wp\/v2\/comments?post=5144"}],"wp:featuredmedia":[{"embeddable":true,"href":"https:\/\/displayproducts.eu\/fi\/wp-json\/wp\/v2\/media\/6111"}],"wp:attachment":[{"href":"https:\/\/displayproducts.eu\/fi\/wp-json\/wp\/v2\/media?parent=5144"}],"wp:term":[{"taxonomy":"product_brand","embeddable":true,"href":"https:\/\/displayproducts.eu\/fi\/wp-json\/wp\/v2\/product_brand?post=5144"},{"taxonomy":"product_cat","embeddable":true,"href":"https:\/\/displayproducts.eu\/fi\/wp-json\/wp\/v2\/product_cat?post=5144"},{"taxonomy":"product_tag","embeddable":true,"href":"https:\/\/displayproducts.eu\/fi\/wp-json\/wp\/v2\/product_tag?post=5144"}],"curies":[{"name":"wp","href":"https:\/\/api.w.org\/{rel}","templated":true}]}}