{"id":5130,"date":"2025-10-13T13:22:52","date_gmt":"2025-10-13T10:22:52","guid":{"rendered":"https:\/\/wristbandfactory.eu\/?post_type=product&#038;p=5130"},"modified":"2026-04-01T21:52:35","modified_gmt":"2026-04-01T18:52:35","slug":"fluorescent-fabric-wristbands-uv-reactive","status":"publish","type":"product","link":"https:\/\/displayproducts.eu\/fi\/p\/fluorescent-fabric-wristbands-uv-reactive\/","title":{"rendered":"Fluoresoivat festivaalirannekkeet (UV-reaktiiviset)"},"content":{"rendered":"<p data-path-to-node=\"8\">Hallitse tapahtumasi turvallisuutta h\u00e4m\u00e4r\u00e4ss\u00e4 fluoresoivilla kangasrannekkeillamme. T\u00e4m\u00e4 on ihanteellinen ratkaisu y\u00f6kerhoihin, konsertteihin ja iltafestivaaleille, jotka vaativat n\u00e4kyv\u00e4\u00e4 ja luotettavaa kulunvalvontaa.<\/p>\n<h3>Hyvin n\u00e4kyv\u00e4 UV\/mustavalo-ominaisuus<\/h3>\n<p data-path-to-node=\"10\">Ranneke on valmistettu pehme\u00e4n tuntuisesta polyesterist\u00e4 kirkkaissa fluoresoivissa v\u00e4reiss\u00e4. T\u00e4m\u00e4 materiaali on eritt\u00e4in n\u00e4kyv\u00e4 p\u00e4iv\u00e4nvalossa ja <b>hohtaa kirkkaasti UV-\/mustassa valossa<\/b>, parantaen sek\u00e4 henkil\u00f6kunnan turvatarkastuksia ett\u00e4 br\u00e4ndisi l\u00e4sn\u00e4oloa pime\u00e4ss\u00e4.<\/p>\n<h3>Turvalukon m\u00e4\u00e4ritt\u00e4minen<\/h3>\n<p data-path-to-node=\"12\">Varmista tehokas kulunvalvonta valitsemalla tapahtumasi tarpeisiin sopiva lukko. N\u00e4m\u00e4 fluoresoivat nauhat ovat yhteensopivia kaikkien lukkojemme kanssa:<\/p>\n<ul data-path-to-node=\"13\">\n<li>\n<p data-path-to-node=\"13,0,0\"><b>Korkean turvatason lukko:<\/b> S\u00e4\u00e4dett\u00e4v\u00e4, yksisuuntainen turvalukitus (valmistettu ABS-muovista) est\u00e4\u00e4 siirt\u00e4misen ja luvattoman p\u00e4\u00e4syn.<\/p>\n<\/li>\n<li>\n<p data-path-to-node=\"13,1,0\"><b>Uudelleenk\u00e4ytett\u00e4v\u00e4 lukko:<\/b> S\u00e4\u00e4dett\u00e4v\u00e4 helmi joustavaan k\u00e4ytt\u00f6\u00f6n tai tapahtumiin, joissa rannekkeet voidaan irrottaa.<\/p>\n<\/li>\n<li>\n<p data-path-to-node=\"13,2,0\"><b>Ymp\u00e4rist\u00f6yst\u00e4v\u00e4llinen bambulukko:<\/b> Kest\u00e4v\u00e4, kertak\u00e4ytt\u00f6inen lukko, joka sopii hyvin yhteen mink\u00e4 tahansa kangasrannekkeen kanssa.<\/p>\n<\/li>\n<\/ul>\n<p data-path-to-node=\"14\">Kest\u00e4v\u00e4 ja mukava polyesterinauha on t\u00e4ydellinen pinta mittatilausty\u00f6n\u00e4 painetulle logollesi, varmistaen, ett\u00e4 br\u00e4ndisi n\u00e4kyy my\u00f6s pime\u00e4ss\u00e4.<\/p>\n<h3 data-path-to-node=\"15\">T\u00e4rkeimm\u00e4t ominaisuudet:<\/h3>\n<ul data-path-to-node=\"16\">\n<li>\n<p data-path-to-node=\"16,0,0\"><b>Hyvin n\u00e4kyv\u00e4 materiaali:<\/b> Hohtaa kirkkaasti UV-\/mustassa valossa, joten se on helppo tunnistaa pime\u00e4ss\u00e4.<\/p>\n<\/li>\n<li>\n<p data-path-to-node=\"16,1,0\"><b>Useita lukitusvaihtoehtoja:<\/b> Valitse kertak\u00e4ytt\u00f6isten, uudelleenk\u00e4ytett\u00e4vien tai ymp\u00e4rist\u00f6yst\u00e4v\u00e4llisten bambusulkimien v\u00e4lill\u00e4.<\/p>\n<\/li>\n<li>\n<p data-path-to-node=\"16,2,0\"><b>Kest\u00e4v\u00e4 polyesterikangas:<\/b> Pehme\u00e4 ja joustava materiaali, joka on suunniteltu mukavaan pitk\u00e4aikaiseen k\u00e4ytt\u00f6\u00f6n.<\/p>\n<\/li>\n<li>\n<p data-path-to-node=\"16,3,0\"><b>T\u00e4ysin muokattavissa:<\/b> Ihanteellinen pinta tapahtuman logon tai sponsorin br\u00e4nd\u00e4yksen painamiseen.<\/p>\n<\/li>\n<li>\n<p data-path-to-node=\"16,4,0\"><b>Universaali istuvuus:<\/b> S\u00e4\u00e4dett\u00e4v\u00e4n lukon ansiosta kello sopii mukavasti kaikenkokoisiin ranteisiin.<\/p>\n<\/li>\n<\/ul>","protected":false},"excerpt":{"rendered":"<ul>\n<li>\n<p data-path-to-node=\"7,0,0\"><b>UV\/mustavaloon reagoiva:<\/b> Hohtaa kirkkaasti h\u00e4m\u00e4r\u00e4ss\u00e4, joten se on helppo tunnistaa.<\/p>\n<\/li>\n<li>\n<p data-path-to-node=\"7,1,0\"><b>Lukitusvaihtoehdot:<\/b> Valitse eritt\u00e4in turvallisesta lukosta, uudelleenk\u00e4ytett\u00e4v\u00e4st\u00e4 helmest\u00e4 tai ymp\u00e4rist\u00f6yst\u00e4v\u00e4llisest\u00e4 bambulukosta.<\/p>\n<\/li>\n<li>\n<p data-path-to-node=\"7,2,0\"><b>Kest\u00e4v\u00e4 ja mukava:<\/b> Valmistettu pehme\u00e4st\u00e4 ja kest\u00e4v\u00e4st\u00e4 polyesterist\u00e4 mukavaan usean p\u00e4iv\u00e4n k\u00e4ytt\u00f6\u00f6n.<\/p>\n<\/li>\n<li>\n<p data-path-to-node=\"7,3,0\"><b>T\u00e4ysin muokattavissa:<\/b> T\u00e4ydellinen kangas mukautetulle logolle tai tapahtumaviestille.<\/p>\n<\/li>\n<\/ul>","protected":false},"featured_media":6383,"comment_status":"closed","ping_status":"closed","template":"","meta":[],"product_brand":[],"product_cat":[66,47,68],"product_tag":[],"class_list":{"0":"post-5130","1":"product","2":"type-product","3":"status-publish","4":"has-post-thumbnail","6":"product_cat-wristbands","7":"product_cat-fabric-wristbands","8":"product_cat-event-supplies","10":"first","11":"instock","12":"shipping-taxable","13":"purchasable","14":"product-type-simple"},"_links":{"self":[{"href":"https:\/\/displayproducts.eu\/fi\/wp-json\/wp\/v2\/product\/5130","targetHints":{"allow":["GET"]}}],"collection":[{"href":"https:\/\/displayproducts.eu\/fi\/wp-json\/wp\/v2\/product"}],"about":[{"href":"https:\/\/displayproducts.eu\/fi\/wp-json\/wp\/v2\/types\/product"}],"replies":[{"embeddable":true,"href":"https:\/\/displayproducts.eu\/fi\/wp-json\/wp\/v2\/comments?post=5130"}],"wp:featuredmedia":[{"embeddable":true,"href":"https:\/\/displayproducts.eu\/fi\/wp-json\/wp\/v2\/media\/6383"}],"wp:attachment":[{"href":"https:\/\/displayproducts.eu\/fi\/wp-json\/wp\/v2\/media?parent=5130"}],"wp:term":[{"taxonomy":"product_brand","embeddable":true,"href":"https:\/\/displayproducts.eu\/fi\/wp-json\/wp\/v2\/product_brand?post=5130"},{"taxonomy":"product_cat","embeddable":true,"href":"https:\/\/displayproducts.eu\/fi\/wp-json\/wp\/v2\/product_cat?post=5130"},{"taxonomy":"product_tag","embeddable":true,"href":"https:\/\/displayproducts.eu\/fi\/wp-json\/wp\/v2\/product_tag?post=5130"}],"curies":[{"name":"wp","href":"https:\/\/api.w.org\/{rel}","templated":true}]}}