{"id":5108,"date":"2025-10-06T22:07:55","date_gmt":"2025-10-06T19:07:55","guid":{"rendered":"https:\/\/wristbandfactory.eu\/?post_type=product&#038;p=5108"},"modified":"2026-04-01T21:52:35","modified_gmt":"2026-04-01T18:52:35","slug":"custom-engraved-printed-wooden-medals","status":"publish","type":"product","link":"https:\/\/displayproducts.eu\/fi\/p\/custom-engraved-printed-wooden-medals\/","title":{"rendered":"Mittatilausty\u00f6n\u00e4 kaiverretut ja painetut puiset mitalit"},"content":{"rendered":"<p>Luo palkinnoillesi luonnollinen ja kest\u00e4v\u00e4 estetiikka mittatilausty\u00f6n\u00e4 tehdyill\u00e4 puisilla mitaleillamme. N\u00e4m\u00e4 mitalit sopivat t\u00e4ydellisesti ulkoilmatapahtumiin, ymp\u00e4rist\u00f6tietoisille br\u00e4ndeille ja ainutlaatuisiin tunnustuksiin. Ne tarjoavat l\u00e4mpim\u00e4n ja maalaismaisen vaihtoehdon perinteisille metallipalkinnoille. Mihin tahansa mittatilausty\u00f6n\u00e4 valmistettuina ne tarjoavat mieleenpainuvan ja ymp\u00e4rist\u00f6yst\u00e4v\u00e4llisen tavan juhlistaa saavutuksia.<\/p>\n<p><b>Monipuoliset suunnitteluvaihtoehdot<\/b> Tarjoamme kolme erilaista tapaa her\u00e4tt\u00e4\u00e4 suunnittelusi eloon puupinnalla:<\/p>\n<ol start=\"1\">\n<li><b>Kaiverrettu logo:<\/b> Klassisen, rustiikkisen ilmeen saavuttamiseksi suunnittelu laserkaiverretaan suoraan puuhun, mik\u00e4 luo kauniin, tuntuisen pinnan, joka korostaa puun luonnollista syykuviota.<\/li>\n<li><b>Silkkipaino:<\/b> Ihanteellinen rohkeille, yksiv\u00e4risille logoille, jotka erottuvat siististi puuta vasten.<\/li>\n<li><b>Moniv\u00e4rinen UV-painatus:<\/b> El\u00e4vi\u00e4 ja monimutkaisia taideteoksia varten edistyksellinen UV-painatusprosessimme painaa t\u00e4ysv\u00e4risen kuviosi suoraan puupinnalle tarkasti ja kest\u00e4v\u00e4sti.<\/li>\n<\/ol>\n<p>Jokaista mitalia voidaan personoida lis\u00e4\u00e4m\u00e4ll\u00e4 sen takapuolelle kaiverretut yksil\u00f6lliset nimet ja numerot.<\/p>\n<p><b>Ensiluokkaiset ja kest\u00e4v\u00e4t nauhat<\/b> Palkinnon t\u00e4ydent\u00e4miseksi jokaisen mitalin mukana tulee 80 cm:n pituinen, molemmille puolille v\u00e4rillinen painettu nauha. Voit valita tavallisen silmukkaommellun polyesterinauhan tai <b>ymp\u00e4rist\u00f6yst\u00e4v\u00e4llinen rPET-nauha<\/b> valmistettu kierr\u00e4tysmateriaaleista, mik\u00e4 vahvistaa tapahtumasi kest\u00e4v\u00e4\u00e4 kehityst\u00e4 entisest\u00e4\u00e4n.<\/p>\n<p><b>T\u00e4rkeimm\u00e4t ominaisuudet:<\/b><\/p>\n<ul>\n<li><b>Luonnonpuumateriaali:<\/b> Tarjoaa ainutlaatuisen, maalaismaisen ja ymp\u00e4rist\u00f6yst\u00e4v\u00e4llisen estetiikan.<\/li>\n<li><b>Kolme suunnitteluvaihtoehtoa:<\/b> Valitse laserkaiverrus, yksiv\u00e4ripainatus tai moniv\u00e4rinen UV-painatus.<\/li>\n<li><b>T\u00e4ysin mukautettu muoto:<\/b> Luo mitali mihin tahansa muotoon, joka sopii t\u00e4ydellisesti tapahtumaasi tai br\u00e4ndiisi.<\/li>\n<li><b>Mukana neliv\u00e4riset painetut nauhat:<\/b> Suunnittelusi painetaan nauhan molemmille puolille.<\/li>\n<li><b>Ymp\u00e4rist\u00f6yst\u00e4v\u00e4llinen rPET-nauhavaihtoehto:<\/b> Kest\u00e4v\u00e4 valinta kierr\u00e4tysmateriaaleista valmistetusta nauhasta.<\/li>\n<li><b>Yksil\u00f6llisen nimen ja numeron kaiverrus:<\/b> Personoi jokainen mitali vastaanottajalle k\u00e4\u00e4nt\u00f6puolelle.<\/li>\n<\/ul>","protected":false},"excerpt":{"rendered":"<p>Valitse ainutlaatuinen ja kest\u00e4v\u00e4 palkinto mittatilausty\u00f6n\u00e4 tehdyill\u00e4 puisilla mitaleillamme. Mitalit voidaan valmistaa mihin tahansa muotoon ja kaivertaa, silkkipainattaa tai UV-painattaa t\u00e4ydell\u00e4, eloisalla v\u00e4rill\u00e4.<\/p>","protected":false},"featured_media":6458,"comment_status":"closed","ping_status":"closed","template":"","meta":[],"product_brand":[],"product_cat":[102,45],"product_tag":[],"class_list":{"0":"post-5108","1":"product","2":"type-product","3":"status-publish","4":"has-post-thumbnail","6":"product_cat-medals","7":"product_cat-other","9":"first","10":"instock","11":"shipping-taxable","12":"purchasable","13":"product-type-simple"},"_links":{"self":[{"href":"https:\/\/displayproducts.eu\/fi\/wp-json\/wp\/v2\/product\/5108","targetHints":{"allow":["GET"]}}],"collection":[{"href":"https:\/\/displayproducts.eu\/fi\/wp-json\/wp\/v2\/product"}],"about":[{"href":"https:\/\/displayproducts.eu\/fi\/wp-json\/wp\/v2\/types\/product"}],"replies":[{"embeddable":true,"href":"https:\/\/displayproducts.eu\/fi\/wp-json\/wp\/v2\/comments?post=5108"}],"wp:featuredmedia":[{"embeddable":true,"href":"https:\/\/displayproducts.eu\/fi\/wp-json\/wp\/v2\/media\/6458"}],"wp:attachment":[{"href":"https:\/\/displayproducts.eu\/fi\/wp-json\/wp\/v2\/media?parent=5108"}],"wp:term":[{"taxonomy":"product_brand","embeddable":true,"href":"https:\/\/displayproducts.eu\/fi\/wp-json\/wp\/v2\/product_brand?post=5108"},{"taxonomy":"product_cat","embeddable":true,"href":"https:\/\/displayproducts.eu\/fi\/wp-json\/wp\/v2\/product_cat?post=5108"},{"taxonomy":"product_tag","embeddable":true,"href":"https:\/\/displayproducts.eu\/fi\/wp-json\/wp\/v2\/product_tag?post=5108"}],"curies":[{"name":"wp","href":"https:\/\/api.w.org\/{rel}","templated":true}]}}