{"id":5103,"date":"2025-10-06T22:03:40","date_gmt":"2025-10-06T19:03:40","guid":{"rendered":"https:\/\/wristbandfactory.eu\/?post_type=product&#038;p=5103"},"modified":"2026-04-01T21:52:35","modified_gmt":"2026-04-01T18:52:35","slug":"custom-3d-medals-with-uv-color-printing","status":"publish","type":"product","link":"https:\/\/displayproducts.eu\/fi\/p\/custom-3d-medals-with-uv-color-printing\/","title":{"rendered":"Mukautetut 3D-mitalit UV-v\u00e4ritulostuksella"},"content":{"rendered":"<p>Avaa vertaansa vailla olevat suunnittelumahdollisuudet r\u00e4\u00e4t\u00e4l\u00f6idyill\u00e4 3D-mitaleillamme UV-v\u00e4ritulostuksella. T\u00e4m\u00e4 huipputeknologia yhdist\u00e4\u00e4 painevaletun 3D-reliefimitalin tuntuman ja t\u00e4ysv\u00e4ritulostuksen eloisat yksityiskohdat, luoden palkinnon, jolla on upea visuaalinen ja tekstuurinen vaikutus ja joka varmasti tekee vaikutuksen.<\/p>\n<p><b>V\u00e4ri kohtaa tekstuurin<\/b> Toisin kuin perinteisiss\u00e4 menetelmiss\u00e4, UV-tulostuksessa neliv\u00e4rinen kuvio kiinnitet\u00e4\u00e4n suoraan mitalin pintaan, jolloin se mukautuu t\u00e4ydellisesti 3D-suunnittelusi koho- ja syvennysalueisiin. T\u00e4m\u00e4 mahdollistaa monimutkaisten, v\u00e4rikk\u00e4iden logojen ja kuvitusten esiintymisen yhdess\u00e4 metallisen, tuntuisen reliefin kanssa. Mitali itsess\u00e4\u00e4n on valmistettu ensiluokkaisesta sinkkiseoksesta, mik\u00e4 mahdollistaa monimutkaisten, Omalla painatuksella muotojen ja leikkausten tekemisen.<\/p>\n<p><b>Ensiluokkaiset neliv\u00e4riset nauhat<\/b> Ensiluokkaisen mitalin t\u00e4ydent\u00e4miseksi jokainen palkinto sis\u00e4lt\u00e4\u00e4 korkealaatuisen, molemmille puolille kirkkaanv\u00e4risen painetun nauhan. Voit valita klassisen polyesterin tai ymp\u00e4rist\u00f6yst\u00e4v\u00e4llisen nauhan. <b>rPET-nauha<\/b> valmistettu kierr\u00e4tysmateriaaleista organisaatiosi kest\u00e4v\u00e4n kehityksen tavoitteiden mukaisesti.<\/p>\n<p><b>T\u00e4ydelliset mukautusvaihtoehdot<\/b><\/p>\n<ul>\n<li><b>Mitali:<\/b> Suunnittelusi voidaan tehd\u00e4 mihin tahansa mittatilausty\u00f6n\u00e4 jopa 65 mm:iin asti. Valitse kahdeksasta eri pinnoitusv\u00e4rist\u00e4 metallijalustalle. Voit halutessasi lis\u00e4t\u00e4 takapuolelle kohotetun tai upotetun logon sek\u00e4 kaivertaa yksitt\u00e4isi\u00e4 nimi\u00e4 ja numeroita.<\/li>\n<li><b>Nauha:<\/b> Mukana 80 cm:n silmukkaommeltu nauha, jossa on moniv\u00e4rinen painatus molemmilla puolilla.<\/li>\n<\/ul>\n<p>&nbsp;<\/p>\n<p><b>&quot;Voittomitalit&quot; -paketti<\/b> Saatavilla on my\u00f6s ainutlaatuinen &quot;Voittomitalit&quot;-pakettimme, jonka avulla voit tilaukseesi sis\u00e4llytt\u00e4\u00e4 1., 2. ja 3. sijan mitalit luodaksesi t\u00e4ydellisen palkintosetin kilpailuasi varten.<\/p>\n<p><b>T\u00e4rkeimm\u00e4t ominaisuudet:<\/b><\/p>\n<ul>\n<li><b>UV-painatus 3D-pinnoille:<\/b> T\u00e4ysv\u00e4riset kuviot suoraan koho- ja upotettuun metalliin.<\/li>\n<li><b>Ensiluokkainen sinkkiseosmateriaali:<\/b> Mahdollistaa monimutkaisten 3D-reliefimuotojen ja Omalla painatuksella leikkausten tekemisen.<\/li>\n<li><b>Mukana neliv\u00e4riset painetut nauhat:<\/b> Suunnittelusi painettu nauhan molemmille puolille.<\/li>\n<li><b>Ymp\u00e4rist\u00f6yst\u00e4v\u00e4llinen rPET-nauhavaihtoehto:<\/b> Kest\u00e4v\u00e4 valinta kierr\u00e4tysmateriaaleista valmistetusta nauhasta.<\/li>\n<li><b>T\u00e4ysin mukautettu muoto:<\/b> Mitalisi voidaan valaa mihin tahansa muotoon edustamaan br\u00e4ndi\u00e4si tai tapahtumaasi.<\/li>\n<li><b>Saatavilla oleva &quot;Mitalien voittajapaketti&quot;:<\/b> Sis\u00e4llyt\u00e4 helposti 1., 2. ja 3. sijan mitalit.<\/li>\n<li><b>Yksil\u00f6llisen nimen ja numeron kaiverrus:<\/b> Personoi jokainen mitali vastaanottajalle.<\/li>\n<li><b>8 erilaista pinnoitusv\u00e4ri\u00e4:<\/b> Valitse t\u00e4ydellinen metallipinta suunnitteluusi.<\/li>\n<\/ul>\n<p>&nbsp;<\/p>\n<h3><\/h3>","protected":false},"excerpt":{"rendered":"<p>Koe mitalisuunnittelun seuraava taso UV-tulostetuilla 3D-mitaleillamme. T\u00e4m\u00e4 tekniikka tulostaa eloisia, t\u00e4ysv\u00e4risi\u00e4 kuvioita suoraan kohotetuille ja upotetuille metallipinnoille.<\/p>","protected":false},"featured_media":6447,"comment_status":"closed","ping_status":"closed","template":"","meta":[],"product_brand":[],"product_cat":[68,102,45],"product_tag":[],"class_list":{"0":"post-5103","1":"product","2":"type-product","3":"status-publish","4":"has-post-thumbnail","6":"product_cat-event-supplies","7":"product_cat-medals","8":"product_cat-other","10":"first","11":"instock","12":"shipping-taxable","13":"purchasable","14":"product-type-simple"},"_links":{"self":[{"href":"https:\/\/displayproducts.eu\/fi\/wp-json\/wp\/v2\/product\/5103","targetHints":{"allow":["GET"]}}],"collection":[{"href":"https:\/\/displayproducts.eu\/fi\/wp-json\/wp\/v2\/product"}],"about":[{"href":"https:\/\/displayproducts.eu\/fi\/wp-json\/wp\/v2\/types\/product"}],"replies":[{"embeddable":true,"href":"https:\/\/displayproducts.eu\/fi\/wp-json\/wp\/v2\/comments?post=5103"}],"wp:featuredmedia":[{"embeddable":true,"href":"https:\/\/displayproducts.eu\/fi\/wp-json\/wp\/v2\/media\/6447"}],"wp:attachment":[{"href":"https:\/\/displayproducts.eu\/fi\/wp-json\/wp\/v2\/media?parent=5103"}],"wp:term":[{"taxonomy":"product_brand","embeddable":true,"href":"https:\/\/displayproducts.eu\/fi\/wp-json\/wp\/v2\/product_brand?post=5103"},{"taxonomy":"product_cat","embeddable":true,"href":"https:\/\/displayproducts.eu\/fi\/wp-json\/wp\/v2\/product_cat?post=5103"},{"taxonomy":"product_tag","embeddable":true,"href":"https:\/\/displayproducts.eu\/fi\/wp-json\/wp\/v2\/product_tag?post=5103"}],"curies":[{"name":"wp","href":"https:\/\/api.w.org\/{rel}","templated":true}]}}