{"id":5098,"date":"2025-10-06T21:55:28","date_gmt":"2025-10-06T18:55:28","guid":{"rendered":"https:\/\/wristbandfactory.eu\/?post_type=product&#038;p=5098"},"modified":"2026-04-01T21:52:35","modified_gmt":"2026-04-01T18:52:35","slug":"standard-shape-medals-with-full-color-doming","status":"publish","type":"product","link":"https:\/\/displayproducts.eu\/fi\/p\/standard-shape-medals-with-full-color-doming\/","title":{"rendered":"Vakiomuotoiset mitalit, joissa on moniv\u00e4rinen dome"},"content":{"rendered":"<p>Tapahtumiin, jotka vaativat nopeaa, yksinkertaista ja eritt\u00e4in kustannustehokasta palkintoratkaisua, vakiomuotoiset rautamitalit ovat t\u00e4ydellinen valinta. K\u00e4ytt\u00e4m\u00e4ll\u00e4 vakiomuotoista 50 mm:n mitalia (esim. py\u00f6re\u00e4\u00e4) voimme tarjota edullisimman hintamme ja nopeimmat toimitusajat, samalla kun voimme tarjota kauniin, v\u00e4rikk\u00e4\u00e4n r\u00e4\u00e4t\u00e4l\u00f6idyn suunnitteluin tapahtumaasi varten.<\/p>\n<p><b>Maksimaalinen vaikutus pienell\u00e4 budjetilla<\/b> N\u00e4m\u00e4 mitalit ovat ihanteellinen vaihtoehto osallistumispalkintoihin, koulun urheilup\u00e4iviin tai mihin tahansa tapahtumaan, jossa tarvitaan suuri m\u00e4\u00e4r\u00e4 korkealaatuisia ja edullisesti toimivia mitaleja. Mitalin etupuolella on eloisa, v\u00e4rillinen kuvio, jota suojaa kiilt\u00e4v\u00e4 ja kest\u00e4v\u00e4 kupu. Mitalin pohja on valmistettu massiiviraudasta, mik\u00e4 antaa sille miellytt\u00e4v\u00e4n painon ja tuntuman.<\/p>\n<p><b>Ilman painatusta ja virtaviivainen mukauttaminen<\/b><\/p>\n<ul>\n<li><b>Mitali:<\/b> Mitali on vakiokokoinen 50 mm. Voit valita metallille kahdeksasta eri pinnoitusv\u00e4rist\u00e4 ja personoida takapuolen kaiverretulla logolla tai yksil\u00f6llisill\u00e4 nimill\u00e4 ja numeroilla.<\/li>\n<li><b>Nauha:<\/b> Jokaisessa mitalissa on V-ommeltu 80 cm:n polyesterinauha. Nauhat voidaan valmistaa jopa kolmessa valitsemassasi v\u00e4riss\u00e4, ja voit lis\u00e4t\u00e4 silkkipainologosi yhdelle tai molemmille puolille.<\/li>\n<\/ul>\n<p>&nbsp;<\/p>\n<p><b>&quot;Voittomitalit&quot; -paketti<\/b> Vaikka valitsisit edullisimman vaihtoehdon, voit silti juhlistaa parhaita suoriutujiasi. Saatavilla on ainutlaatuinen &quot;Voittomitalit&quot;-pakettimme, jonka avulla voit tilaukseesi sis\u00e4llytt\u00e4\u00e4 1., 2. ja 3. sijan mitalit.<\/p>\n<p><b>T\u00e4rkeimm\u00e4t ominaisuudet:<\/b><\/p>\n<ul>\n<li><b>Kustannustehokkain mitalivaihtoehto:<\/b> Paras hinta-laatusuhteemme suurille tilauksille ja tiukoille budjeteille.<\/li>\n<li><b>Vakiomuoto 50 mm:<\/b> Mahdollistaa nopeamman tuotannon ja alhaisemmat kustannukset.<\/li>\n<li><b>Moniv\u00e4rinen doming-viimeistely:<\/b> Esittelee monimutkaista ja v\u00e4rik\u00e4st\u00e4 logoasi suojaavalla kiilt\u00e4v\u00e4ll\u00e4 kerroksella.<\/li>\n<li><b>Saatavilla oleva &quot;Mitalien voittajapaketti&quot;:<\/b> Sis\u00e4llyt\u00e4 helposti 1., 2. ja 3. sijan mitalit.<\/li>\n<li><b>Yksil\u00f6llisen nimen ja numeron kaiverrus:<\/b> Personoi jokainen mitali vastaanottajalle.<\/li>\n<li><b>Valinnainen kaiverrettu takapuolen logo:<\/b> Lis\u00e4\u00e4 ylim\u00e4\u00e4r\u00e4ist\u00e4 br\u00e4nd\u00e4yst\u00e4 mitalin taakse.<\/li>\n<li><b>Mukana tulevat mukautettavat V-ommeltu nauhat:<\/b> Valitse v\u00e4rit ja lis\u00e4\u00e4 logosi.<\/li>\n<li><b>8 erilaista pinnoitusv\u00e4ri\u00e4:<\/b> Valitse mitalillesi t\u00e4ydellinen metallinen viimeistely.<\/li>\n<\/ul>\n<p>&nbsp;<\/p>\n<h3><\/h3>","protected":false},"excerpt":{"rendered":"<p>Nopein ja edullisin palkintoratkaisumme. N\u00e4iss\u00e4 vakiomuotoisissa rautamitaleissa on eloisa, moniv\u00e4rinen kupumainen logosi, joka tarjoaa maksimaalisen vaikutuksen pienell\u00e4 budjetilla.<\/p>","protected":false},"featured_media":6643,"comment_status":"closed","ping_status":"closed","template":"","meta":[],"product_brand":[],"product_cat":[68,102,45],"product_tag":[],"class_list":{"0":"post-5098","1":"product","2":"type-product","3":"status-publish","4":"has-post-thumbnail","6":"product_cat-event-supplies","7":"product_cat-medals","8":"product_cat-other","10":"first","11":"instock","12":"shipping-taxable","13":"purchasable","14":"product-type-simple"},"_links":{"self":[{"href":"https:\/\/displayproducts.eu\/fi\/wp-json\/wp\/v2\/product\/5098","targetHints":{"allow":["GET"]}}],"collection":[{"href":"https:\/\/displayproducts.eu\/fi\/wp-json\/wp\/v2\/product"}],"about":[{"href":"https:\/\/displayproducts.eu\/fi\/wp-json\/wp\/v2\/types\/product"}],"replies":[{"embeddable":true,"href":"https:\/\/displayproducts.eu\/fi\/wp-json\/wp\/v2\/comments?post=5098"}],"wp:featuredmedia":[{"embeddable":true,"href":"https:\/\/displayproducts.eu\/fi\/wp-json\/wp\/v2\/media\/6643"}],"wp:attachment":[{"href":"https:\/\/displayproducts.eu\/fi\/wp-json\/wp\/v2\/media?parent=5098"}],"wp:term":[{"taxonomy":"product_brand","embeddable":true,"href":"https:\/\/displayproducts.eu\/fi\/wp-json\/wp\/v2\/product_brand?post=5098"},{"taxonomy":"product_cat","embeddable":true,"href":"https:\/\/displayproducts.eu\/fi\/wp-json\/wp\/v2\/product_cat?post=5098"},{"taxonomy":"product_tag","embeddable":true,"href":"https:\/\/displayproducts.eu\/fi\/wp-json\/wp\/v2\/product_tag?post=5098"}],"curies":[{"name":"wp","href":"https:\/\/api.w.org\/{rel}","templated":true}]}}