{"id":5093,"date":"2025-10-06T21:50:00","date_gmt":"2025-10-06T18:50:00","guid":{"rendered":"https:\/\/wristbandfactory.eu\/?post_type=product&#038;p=5093"},"modified":"2026-04-01T21:52:04","modified_gmt":"2026-04-01T18:52:04","slug":"custom-iron-medals-with-full-color-doming","status":"publish","type":"product","link":"https:\/\/displayproducts.eu\/fi\/p\/custom-iron-medals-with-full-color-doming\/","title":{"rendered":"Mittatilausty\u00f6n\u00e4 tehdyt rautamitalit, joissa on moniv\u00e4rinen dome"},"content":{"rendered":"<p>Saavuta eloisa, v\u00e4rillinen palkinto poikkeukselliseen hintaan r\u00e4\u00e4t\u00e4l\u00f6idyill\u00e4 rauamitaleillamme, joissa on dome. T\u00e4m\u00e4 vaihtoehto on t\u00e4ydellinen ratkaisu monimutkaisten logojen, kuvien ja liukuv\u00e4rien her\u00e4tt\u00e4miseen eloon kustannustehokkaalla mitalilla, mik\u00e4 tekee siit\u00e4 ihanteellisen suuriin tapahtumiin, mainoskampanjoihin ja turnauksiin, joissa sek\u00e4 budjetti ett\u00e4 visuaalinen vaikuttavuus ovat avainasemassa.<\/p>\n<p><b>T\u00e4ysi v\u00e4ri fiksulla budjetilla<\/b> T\u00e4ss\u00e4 mitalissa yhdistyv\u00e4t kest\u00e4v\u00e4 rautapohja ja moderni, moniv\u00e4rinen kupumainen viimeistely. Kupumainen viimeistely tarkoittaa kirkkaan, naarmuuntumattoman polyuretaanihartsin levitt\u00e4mist\u00e4 painetun kuvion p\u00e4\u00e4lle, mik\u00e4 suojaa sit\u00e4 ja antaa sille kiilt\u00e4v\u00e4n 3D-efektin. Rautapohjan avulla voimme tarjota t\u00e4m\u00e4n loistavan, t\u00e4ysv\u00e4risen tyylin edullisempaan hintaan. N\u00e4it\u00e4 mitaleja voidaan valmistaa mihin tahansa mittatilausty\u00f6n\u00e4 jopa 50 mm:n kokoon asti.<\/p>\n<p><b>T\u00e4ydelliset mukautusvaihtoehdot<\/b><\/p>\n<ul>\n<li><b>Mitali:<\/b> Mitali voidaan valmistaa mihin tahansa muotoon. Valitse kahdeksasta eri pinnoitusv\u00e4rist\u00e4 metallireunukselle ja personoi jokainen mitali yksil\u00f6llisill\u00e4 nimill\u00e4, numeroilla tai kaiverretulla logolla takapuolelle.<\/li>\n<li><b>Nauha:<\/b> Jokaisessa mitalissa on V-ommeltu 80 cm:n polyesterinauha. Nauhat voidaan valmistaa jopa kolmessa valitsemassasi v\u00e4riss\u00e4, ja voit lis\u00e4t\u00e4 silkkipainologosi yhdelle tai molemmille puolille.<\/li>\n<\/ul>\n<p>&nbsp;<\/p>\n<p><b>&quot;Voittomitalit&quot; -paketti<\/b> Ainutlaatuinen &#039;Voittomitalit&#039;-pakettimme on saatavilla my\u00f6s t\u00e4lle mitalityypille. Voit tilata mukaan 1., 2. ja 3. sijan mitalit luodaksesi t\u00e4ydellisen ja edullisen palkintoratkaisun.<\/p>\n<p><b>T\u00e4rkeimm\u00e4t ominaisuudet:<\/b><\/p>\n<ul>\n<li><b>Kustannustehokas rautapohja:<\/b> Ihanteellinen valinta suuriin tilauksiin ja budjettitietoisiin tapahtumiin.<\/li>\n<li><b>Moniv\u00e4rinen doming-viimeistely:<\/b> Toistaa t\u00e4ydellisesti monimutkaisia logoja, valokuvia ja v\u00e4rigradientteja.<\/li>\n<li><b>Naarmuuntumaton kiilt\u00e4v\u00e4 kupu:<\/b> Suojaa suunnitteluasi ja lis\u00e4\u00e4 ensiluokkaisen 3D-ilmeen.<\/li>\n<li><b>T\u00e4ysin mukautettu muoto:<\/b> Luo ainutlaatuinen mitali, joka edustaa br\u00e4ndi\u00e4si tai tapahtumaasi.<\/li>\n<li><b>Saatavilla oleva &quot;Mitalien voittajapaketti&quot;:<\/b> Sis\u00e4llyt\u00e4 helposti 1., 2. ja 3. sijan mitalit.<\/li>\n<li><b>Yksil\u00f6llisen nimen ja numeron kaiverrus:<\/b> Personoi jokainen mitali vastaanottajalle.<\/li>\n<li><b>Valinnainen kaiverrettu takapuolen logo:<\/b> Lis\u00e4\u00e4 ylim\u00e4\u00e4r\u00e4ist\u00e4 br\u00e4nd\u00e4yst\u00e4 mitalin taakse.<\/li>\n<li><b>Mukana tulevat mukautettavat V-ommeltu nauhat:<\/b> Valitse v\u00e4rit ja lis\u00e4\u00e4 logosi.<\/li>\n<\/ul>","protected":false},"excerpt":{"rendered":"<p>Hanki eloisat, t\u00e4ysv\u00e4riset mittatilausty\u00f6n\u00e4 tehdyt mitalit ly\u00f6m\u00e4tt\u00f6m\u00e4\u00e4n hintaan. Kiilt\u00e4v\u00e4ll\u00e4 kupupinnalla varustetut rautamitalit sopivat t\u00e4ydellisesti monimutkaisten logojen j\u00e4ljent\u00e4miseen budjettiyst\u00e4v\u00e4llisess\u00e4 palkinnossa.<\/p>","protected":false},"featured_media":6464,"comment_status":"closed","ping_status":"closed","template":"","meta":[],"product_brand":[],"product_cat":[68,102,45],"product_tag":[],"class_list":{"0":"post-5093","1":"product","2":"type-product","3":"status-publish","4":"has-post-thumbnail","6":"product_cat-event-supplies","7":"product_cat-medals","8":"product_cat-other","10":"first","11":"instock","12":"shipping-taxable","13":"purchasable","14":"product-type-simple"},"_links":{"self":[{"href":"https:\/\/displayproducts.eu\/fi\/wp-json\/wp\/v2\/product\/5093","targetHints":{"allow":["GET"]}}],"collection":[{"href":"https:\/\/displayproducts.eu\/fi\/wp-json\/wp\/v2\/product"}],"about":[{"href":"https:\/\/displayproducts.eu\/fi\/wp-json\/wp\/v2\/types\/product"}],"replies":[{"embeddable":true,"href":"https:\/\/displayproducts.eu\/fi\/wp-json\/wp\/v2\/comments?post=5093"}],"wp:featuredmedia":[{"embeddable":true,"href":"https:\/\/displayproducts.eu\/fi\/wp-json\/wp\/v2\/media\/6464"}],"wp:attachment":[{"href":"https:\/\/displayproducts.eu\/fi\/wp-json\/wp\/v2\/media?parent=5093"}],"wp:term":[{"taxonomy":"product_brand","embeddable":true,"href":"https:\/\/displayproducts.eu\/fi\/wp-json\/wp\/v2\/product_brand?post=5093"},{"taxonomy":"product_cat","embeddable":true,"href":"https:\/\/displayproducts.eu\/fi\/wp-json\/wp\/v2\/product_cat?post=5093"},{"taxonomy":"product_tag","embeddable":true,"href":"https:\/\/displayproducts.eu\/fi\/wp-json\/wp\/v2\/product_tag?post=5093"}],"curies":[{"name":"wp","href":"https:\/\/api.w.org\/{rel}","templated":true}]}}