{"id":5088,"date":"2025-10-06T21:44:18","date_gmt":"2025-10-06T18:44:18","guid":{"rendered":"https:\/\/wristbandfactory.eu\/?post_type=product&#038;p=5088"},"modified":"2026-04-01T21:52:35","modified_gmt":"2026-04-01T18:52:35","slug":"custom-medals-with-full-color-doming","status":"publish","type":"product","link":"https:\/\/displayproducts.eu\/fi\/p\/custom-medals-with-full-color-doming\/","title":{"rendered":"R\u00e4\u00e4t\u00e4l\u00f6idyt mitalit t\u00e4ysv\u00e4risell\u00e4 doming-kuvioinnilla"},"content":{"rendered":"<p>Eloisia ja t\u00e4ysv\u00e4risi\u00e4 yksityiskohtia vaativiin malleihin r\u00e4\u00e4t\u00e4l\u00f6idyt kupukuvioiset mitalimme ovat ihanteellinen ratkaisu. T\u00e4m\u00e4 tekniikka mahdollistaa monimutkaisten logojen, liukuv\u00e4rien ja jopa valokuvien t\u00e4ydellisen j\u00e4ljent\u00e4misen, jotka sitten suojataan kristallinkirkkaalla, naarmuuntumattomalla kupukuviolla. Se on paras valinta moderneille ja n\u00e4ytt\u00e4ville palkinnoille.<\/p>\n<p><b>Eloisa moniv\u00e4rinen viimeistely<\/b> Dome-prosessissa kirkkaan polyuretaanihartsin levitt\u00e4minen v\u00e4rillisen painetun kuvion p\u00e4\u00e4lle. T\u00e4m\u00e4 luo kest\u00e4v\u00e4n, kiilt\u00e4v\u00e4n 3D-kuplaefektin, joka parantaa taideteostasi ja suojaa sit\u00e4 kulumiselta. Mitalin pohja on valmistettu ensiluokkaisesta sinkkiseoksesta, mink\u00e4 ansiosta itse mitali voidaan valaa mihin tahansa monimutkaiseen muotoon, ja hienot yksityiskohdat ja mittatilausty\u00f6n\u00e4 tehdyt leikkaukset (rei\u00e4t) kehyst\u00e4v\u00e4t v\u00e4rikk\u00e4\u00e4n kuviosi t\u00e4ydellisesti.<\/p>\n<p><b>T\u00e4ydelliset mukautusvaihtoehdot<\/b><\/p>\n<ul>\n<li><b>Mitali:<\/b> Suunnittelusi voidaan tehd\u00e4 mihin tahansa mukautettuun muotoon. Valitse metallijalustan kahdeksasta eri pinnoitusv\u00e4rist\u00e4. Voit halutessasi lis\u00e4t\u00e4 takapuolelle kohotetun tai upotetun logon sek\u00e4 kaivertaa yksitt\u00e4isi\u00e4 nimi\u00e4 ja numeroita.<\/li>\n<li><b>Nauha:<\/b> Jokaisessa mitalissa on mukana 80 cm:n pituinen silmukkaommeltu polyesterinauha. Nauhat voidaan valmistaa jopa kolmessa valitsemassasi v\u00e4riss\u00e4, ja voit lis\u00e4t\u00e4 silkkipainologosi yhdelle tai molemmille puolille.<\/li>\n<\/ul>\n<p>&nbsp;<\/p>\n<p><b>&quot;Voittomitalit&quot; -paketti<\/b> Ainutlaatuinen &#039;Voittomitalit&#039;-pakettimme on saatavilla my\u00f6s t\u00e4lle mitalimallille. Voit tilata kolme mitalia klassisella kulta-, hopea- ja pronssipinnoitteella 1., 2. ja 3. sijalle, mik\u00e4 luo t\u00e4ydellisen palkintosetin kilpailuusi.<\/p>\n<p><b>T\u00e4rkeimm\u00e4t ominaisuudet:<\/b><\/p>\n<ul>\n<li><b>Moniv\u00e4rinen doming-viimeistely:<\/b> T\u00e4ydellinen monimutkaisille logoille, valokuville ja v\u00e4rigradienteille.<\/li>\n<li><b>Ensiluokkainen sinkkiseosmateriaali:<\/b> Mahdollistaa mitalin pohjan monimutkaisten Omalla painatuksella muotojen ja leikkausten tekemisen.<\/li>\n<li><b>Naarmuuntumaton kiilt\u00e4v\u00e4 kupu:<\/b> Suojaa muotoilua ja antaa ensiluokkaisen 3D-ilmeen.<\/li>\n<li><b>T\u00e4ysin mukautettu muoto:<\/b> Mitalisi voidaan valaa mihin tahansa muotoon edustamaan br\u00e4ndi\u00e4si tai tapahtumaasi.<\/li>\n<li><b>Saatavilla oleva &quot;Mitalien voittajapaketti&quot;:<\/b> Lis\u00e4\u00e4 tilaukseesi helposti 1., 2. ja 3. sijan mitalit.<\/li>\n<li><b>Yksil\u00f6llisen nimen ja numeron kaiverrus:<\/b> Personoi jokainen mitali vastaanottajalle.<\/li>\n<li><b>Mukana tulevat mukautettavat silmukkaommeltu nauhat:<\/b> Valitse v\u00e4rit ja lis\u00e4\u00e4 logosi.<\/li>\n<li><b>8 pinnoitusv\u00e4ri\u00e4 mitalin pohjalle:<\/b> Valitse t\u00e4ydellinen metallinen viimeistely t\u00e4ydent\u00e4m\u00e4\u00e4n suunnitteluasi.<\/li>\n<\/ul>","protected":false},"excerpt":{"rendered":"<p>Her\u00e4t\u00e4 eloisat, t\u00e4ysv\u00e4riset suunnittelusi eloon mittatilausty\u00f6n\u00e4 tehdyill\u00e4 kupullisilla mitaleillamme. Ne on valmistettu ensiluokkaisesta sinkkiseoksesta, ja niiss\u00e4 on kiilt\u00e4v\u00e4, suojaava kupu painetun logosi tai kuvasi p\u00e4\u00e4ll\u00e4.<\/p>","protected":false},"featured_media":6471,"comment_status":"closed","ping_status":"closed","template":"","meta":[],"product_brand":[],"product_cat":[102,45],"product_tag":[],"class_list":{"0":"post-5088","1":"product","2":"type-product","3":"status-publish","4":"has-post-thumbnail","6":"product_cat-medals","7":"product_cat-other","9":"first","10":"instock","11":"shipping-taxable","12":"purchasable","13":"product-type-simple"},"_links":{"self":[{"href":"https:\/\/displayproducts.eu\/fi\/wp-json\/wp\/v2\/product\/5088","targetHints":{"allow":["GET"]}}],"collection":[{"href":"https:\/\/displayproducts.eu\/fi\/wp-json\/wp\/v2\/product"}],"about":[{"href":"https:\/\/displayproducts.eu\/fi\/wp-json\/wp\/v2\/types\/product"}],"replies":[{"embeddable":true,"href":"https:\/\/displayproducts.eu\/fi\/wp-json\/wp\/v2\/comments?post=5088"}],"wp:featuredmedia":[{"embeddable":true,"href":"https:\/\/displayproducts.eu\/fi\/wp-json\/wp\/v2\/media\/6471"}],"wp:attachment":[{"href":"https:\/\/displayproducts.eu\/fi\/wp-json\/wp\/v2\/media?parent=5088"}],"wp:term":[{"taxonomy":"product_brand","embeddable":true,"href":"https:\/\/displayproducts.eu\/fi\/wp-json\/wp\/v2\/product_brand?post=5088"},{"taxonomy":"product_cat","embeddable":true,"href":"https:\/\/displayproducts.eu\/fi\/wp-json\/wp\/v2\/product_cat?post=5088"},{"taxonomy":"product_tag","embeddable":true,"href":"https:\/\/displayproducts.eu\/fi\/wp-json\/wp\/v2\/product_tag?post=5088"}],"curies":[{"name":"wp","href":"https:\/\/api.w.org\/{rel}","templated":true}]}}