{"id":5083,"date":"2025-10-06T21:37:53","date_gmt":"2025-10-06T18:37:53","guid":{"rendered":"https:\/\/wristbandfactory.eu\/?post_type=product&#038;p=5083"},"modified":"2026-04-01T21:52:35","modified_gmt":"2026-04-01T18:52:35","slug":"custom-3d-relief-iron-medals","status":"publish","type":"product","link":"https:\/\/displayproducts.eu\/fi\/p\/custom-3d-relief-iron-medals\/","title":{"rendered":"Mukautetut 3D-reliefirautamitalit"},"content":{"rendered":"<p>Saavuta klassinen ja tyylik\u00e4s ilme palkinnoillesi ilman korkeaa hintalappua. R\u00e4\u00e4t\u00e4l\u00f6idyt 3D-reliefirautamitalit tarjoavat emaloimattoman, painevaletun muotoilun hienostuneen estetiikan yhdistettyn\u00e4 raudan kustannustehokkaisiin etuihin, mik\u00e4 tekee niist\u00e4 ihanteellisen valinnan suuriin tapahtumiin, kilpailuihin ja turnauksiin.<\/p>\n<p><b>Klassista metallia edulliseen hintaan<\/b> T\u00e4m\u00e4 mitalityyli keskittyy metallin 3D-tekstuuriin ja yksityiskohtiin, luoden ajattoman palkinnon, jossa on tuntuinen, kaiverrettu pinta. K\u00e4ytt\u00e4m\u00e4ll\u00e4 rautaa voimme tarjota t\u00e4m\u00e4n elegantin tyylin edulliseen hintaan. Vaikka rauta on budjettiyst\u00e4v\u00e4llisemp\u00e4\u00e4 eik\u00e4 siin\u00e4 ole mahdollista tehd\u00e4 aukkoja kuten sinkkiseoksessa, se tarjoaa silti kest\u00e4v\u00e4n, painavan tuntuman ja kauniin, yksityiskohtaisen viimeistelyn jopa 50 mm:n kokoisille malleille.<\/p>\n<p><b>T\u00e4ydelliset mukautusvaihtoehdot<\/b><\/p>\n<ul>\n<li><b>Mitali:<\/b> Mitali voidaan valmistaa mihin tahansa muotoon. Valitse kahdeksasta eri pinnoitusv\u00e4rist\u00e4 ja personoi jokainen mitali yksil\u00f6llisill\u00e4 nimill\u00e4, numeroilla tai kaiverretulla logolla takapuolelle.<\/li>\n<li><b>Nauha:<\/b> Jokaisessa mitalissa on V-ommeltu 80 cm:n polyesterinauha. Nauhat voidaan valmistaa jopa kolmessa valitsemassasi v\u00e4riss\u00e4, ja voit lis\u00e4t\u00e4 silkkipainologosi yhdelle tai molemmille puolille.<\/li>\n<\/ul>\n<p>&nbsp;<\/p>\n<p><b>&quot;Voittomitalit&quot; -paketti<\/b> Ainutlaatuinen &#039;Voittomitalit&#039;-pakettimme on saatavilla my\u00f6s t\u00e4lle mitalityypille, jonka avulla voit sis\u00e4llytt\u00e4\u00e4 tilaukseesi 1., 2. ja 3. sijan mitalit, mik\u00e4 lis\u00e4\u00e4 merkitt\u00e4v\u00e4sti arvoa kilpailutapahtumissa.<\/p>\n<p><b>T\u00e4rkeimm\u00e4t ominaisuudet:<\/b><\/p>\n<ul>\n<li><b>Kustannustehokas rautamateriaali:<\/b> T\u00e4ydellinen valinta klassisen ilmeen saavuttamiseen budjetilla.<\/li>\n<li><b>Klassinen 3D-reliefisuunnittelu:<\/b> Emaloimaton, kokonaan metallinen viimeistely antaa hienostuneen tuntuman.<\/li>\n<li><b>T\u00e4ysin mukautettu muoto:<\/b> Mitali voidaan tehd\u00e4 mihin tahansa muotoon edustamaan br\u00e4ndi\u00e4si tai tapahtumaasi.<\/li>\n<li><b>Saatavilla oleva &quot;Mitalien voittajapaketti&quot;:<\/b> Sis\u00e4llyt\u00e4 helposti 1., 2. ja 3. sijan mitalit.<\/li>\n<li><b>Yksil\u00f6llisen nimen ja numeron kaiverrus:<\/b> Personoi jokainen mitali vastaanottajalle.<\/li>\n<li><b>Valinnainen kaiverrettu takapuolen logo:<\/b> Lis\u00e4\u00e4 ylim\u00e4\u00e4r\u00e4ist\u00e4 br\u00e4nd\u00e4yst\u00e4 mitalin taakse.<\/li>\n<li><b>Mukana tulevat mukautettavat V-ommeltu nauhat:<\/b> Valitse v\u00e4rit ja lis\u00e4\u00e4 logosi.<\/li>\n<li><b>8 erilaista pinnoitusv\u00e4ri\u00e4:<\/b> Valitse t\u00e4ydellinen metallipinta suunnitteluusi.<\/li>\n<\/ul>","protected":false},"excerpt":{"rendered":"<p>Hanki ajaton, klassinen palkinto edulliseen hintaan 3D-reliefirautamitaleillamme. N\u00e4iss\u00e4 emaloimattomissa mitaleissa on yksityiskohtainen metallinen muotoilu, joka sopii t\u00e4ydellisesti ylelliseen ilmeeseen budjetilla.<\/p>","protected":false},"featured_media":6451,"comment_status":"closed","ping_status":"closed","template":"","meta":[],"product_brand":[],"product_cat":[102],"product_tag":[],"class_list":{"0":"post-5083","1":"product","2":"type-product","3":"status-publish","4":"has-post-thumbnail","6":"product_cat-medals","8":"first","9":"instock","10":"shipping-taxable","11":"purchasable","12":"product-type-simple"},"_links":{"self":[{"href":"https:\/\/displayproducts.eu\/fi\/wp-json\/wp\/v2\/product\/5083","targetHints":{"allow":["GET"]}}],"collection":[{"href":"https:\/\/displayproducts.eu\/fi\/wp-json\/wp\/v2\/product"}],"about":[{"href":"https:\/\/displayproducts.eu\/fi\/wp-json\/wp\/v2\/types\/product"}],"replies":[{"embeddable":true,"href":"https:\/\/displayproducts.eu\/fi\/wp-json\/wp\/v2\/comments?post=5083"}],"wp:featuredmedia":[{"embeddable":true,"href":"https:\/\/displayproducts.eu\/fi\/wp-json\/wp\/v2\/media\/6451"}],"wp:attachment":[{"href":"https:\/\/displayproducts.eu\/fi\/wp-json\/wp\/v2\/media?parent=5083"}],"wp:term":[{"taxonomy":"product_brand","embeddable":true,"href":"https:\/\/displayproducts.eu\/fi\/wp-json\/wp\/v2\/product_brand?post=5083"},{"taxonomy":"product_cat","embeddable":true,"href":"https:\/\/displayproducts.eu\/fi\/wp-json\/wp\/v2\/product_cat?post=5083"},{"taxonomy":"product_tag","embeddable":true,"href":"https:\/\/displayproducts.eu\/fi\/wp-json\/wp\/v2\/product_tag?post=5083"}],"curies":[{"name":"wp","href":"https:\/\/api.w.org\/{rel}","templated":true}]}}