{"id":5080,"date":"2025-10-06T21:31:57","date_gmt":"2025-10-06T18:31:57","guid":{"rendered":"https:\/\/wristbandfactory.eu\/?post_type=product&#038;p=5080"},"modified":"2026-04-01T21:52:35","modified_gmt":"2026-04-01T18:52:35","slug":"custom-3d-relief-zinc-alloy-medals","status":"publish","type":"product","link":"https:\/\/displayproducts.eu\/fi\/p\/custom-3d-relief-zinc-alloy-medals\/","title":{"rendered":"Mukautetut 3D-reliefi-sinkkiseosmitalit"},"content":{"rendered":"<p>Luo ajaton ja hienostunut estetiikka mittatilausty\u00f6n\u00e4 valmistetuilla 3D-reliefi-sinkkiseosmitaleillamme. N\u00e4m\u00e4 mitalit sopivat t\u00e4ydellisesti yritysten tunnustukseen, merkkip\u00e4iviin ja arvostettuihin palkintoihin. Niiss\u00e4 ei ole k\u00e4ytetty emalia, mik\u00e4 korostaa painevaletun metallin upeita yksityiskohtia ja tekstuuria. Tuloksena on klassinen palkinto, jolla on miellytt\u00e4v\u00e4 ja korkealaatuinen tuntuma.<\/p>\n<p><b>Puhdasta metallin eleganssia<\/b> Emaloimaton kohokuvio luo kontrastisen 3D-efektin kohotetuilla ja syvennetyill\u00e4 alueilla, jotka korostavat kauniisti valitsemaasi pinnoituspintaa. K\u00e4yt\u00e4mme ensiluokkaista sinkkiseosta, joka on olennainen osa t\u00e4t\u00e4 tyyli\u00e4, sill\u00e4 se mahdollistaa uskomattoman hienot yksityiskohdat ja r\u00e4\u00e4t\u00e4l\u00f6idyt leikkaukset (rei\u00e4t) \u2013 t\u00e4ydellinen monimutkaisille logoille tai monimutkaisille kuville, joita puhtaasti metallinen viimeistely korostaa.<\/p>\n<p><b>T\u00e4ydelliset mukautusvaihtoehdot<\/b><\/p>\n<ul>\n<li><b>Mitali:<\/b> Suunnittelusi voidaan tehd\u00e4 mihin tahansa muotoon, jopa 65 mm:iin asti. Valitse kahdeksasta eri pinnoitusv\u00e4rist\u00e4. Voit halutessasi lis\u00e4t\u00e4 takapuolelle koho- tai upotetun logon sek\u00e4 kaivertaa yksitt\u00e4isi\u00e4 nimi\u00e4 ja numeroita.<\/li>\n<li><b>Nauha:<\/b> Jokaisessa mitalissa on mukana 80 cm:n pituinen silmukkaommeltu polyesterinauha. Nauhat voidaan valmistaa jopa kolmessa valitsemassasi v\u00e4riss\u00e4, ja voit lis\u00e4t\u00e4 silkkipainologosi yhdelle tai molemmille puolille.<\/li>\n<\/ul>\n<p>&nbsp;<\/p>\n<p><b>&quot;Voittomitalit&quot; -paketti<\/b> T\u00e4m\u00e4 klassinen mitalimalli on saatavilla my\u00f6s ainutlaatuisella &#039;Voittomitalit&#039;-paketillamme. Voit tilata kolme mitalia klassisissa kulta-, hopea- ja pronssipinnoitteen s\u00e4vyiss\u00e4 1., 2. ja 3. sijalle, ja niille on omat nimens\u00e4 tai numeronsa.<\/p>\n<p><b>T\u00e4rkeimm\u00e4t ominaisuudet:<\/b><\/p>\n<ul>\n<li><b>Upea 3D-reliefikuvio:<\/b> Emaloimaton, t\u00e4ysmetallinen viimeistely antaa klassisen ja elegantin ilmeen.<\/li>\n<li><b>Ensiluokkainen sinkkiseosmateriaali:<\/b> Mahdollistaa monimutkaiset yksityiskohdat ja r\u00e4\u00e4t\u00e4l\u00f6idyt leikkaukset.<\/li>\n<li><b>T\u00e4ysin mukautettu muoto:<\/b> Mitalisi voidaan valaa mihin tahansa muotoon edustamaan br\u00e4ndi\u00e4si tai tapahtumaasi.<\/li>\n<li><b>Saatavilla oleva &quot;Mitalien voittajapaketti&quot;:<\/b> Lis\u00e4\u00e4 tilaukseesi helposti 1., 2. ja 3. sijan mitalit.<\/li>\n<li><b>Yksil\u00f6llisen nimen ja numeron kaiverrus:<\/b> Personoi jokainen mitali vastaanottajalle.<\/li>\n<li><b>Mukana tulevat mukautettavat silmukkaommeltu nauhat:<\/b> Valitse v\u00e4rit ja lis\u00e4\u00e4 logosi.<\/li>\n<li><b>8 erilaista pinnoitusv\u00e4ri\u00e4:<\/b> Valitse t\u00e4ydellinen viimeistely t\u00e4ydent\u00e4m\u00e4\u00e4n 3D-suunnittelua.<\/li>\n<li><b>Ihanteellinen yritys- ja arvostetuille palkinnoille:<\/b> Hienostunut valinta muodolliseen tunnustukseen.<\/li>\n<\/ul>","protected":false},"excerpt":{"rendered":"<p>Klassisen ja elegantin palkinnon saat valitsemalla mittatilausty\u00f6n\u00e4 tehdyt 3D-reliefimitalit. N\u00e4m\u00e4 ensiluokkaisesta sinkkiseoksesta valmistetut emaloimattomat mitalit esittelev\u00e4t suunnittelusi upeilla metallisilla yksityiskohdilla.<\/p>","protected":false},"featured_media":6455,"comment_status":"closed","ping_status":"closed","template":"","meta":[],"product_brand":[],"product_cat":[68,102,45],"product_tag":[],"class_list":{"0":"post-5080","1":"product","2":"type-product","3":"status-publish","4":"has-post-thumbnail","6":"product_cat-event-supplies","7":"product_cat-medals","8":"product_cat-other","10":"first","11":"instock","12":"shipping-taxable","13":"purchasable","14":"product-type-simple"},"_links":{"self":[{"href":"https:\/\/displayproducts.eu\/fi\/wp-json\/wp\/v2\/product\/5080","targetHints":{"allow":["GET"]}}],"collection":[{"href":"https:\/\/displayproducts.eu\/fi\/wp-json\/wp\/v2\/product"}],"about":[{"href":"https:\/\/displayproducts.eu\/fi\/wp-json\/wp\/v2\/types\/product"}],"replies":[{"embeddable":true,"href":"https:\/\/displayproducts.eu\/fi\/wp-json\/wp\/v2\/comments?post=5080"}],"wp:featuredmedia":[{"embeddable":true,"href":"https:\/\/displayproducts.eu\/fi\/wp-json\/wp\/v2\/media\/6455"}],"wp:attachment":[{"href":"https:\/\/displayproducts.eu\/fi\/wp-json\/wp\/v2\/media?parent=5080"}],"wp:term":[{"taxonomy":"product_brand","embeddable":true,"href":"https:\/\/displayproducts.eu\/fi\/wp-json\/wp\/v2\/product_brand?post=5080"},{"taxonomy":"product_cat","embeddable":true,"href":"https:\/\/displayproducts.eu\/fi\/wp-json\/wp\/v2\/product_cat?post=5080"},{"taxonomy":"product_tag","embeddable":true,"href":"https:\/\/displayproducts.eu\/fi\/wp-json\/wp\/v2\/product_tag?post=5080"}],"curies":[{"name":"wp","href":"https:\/\/api.w.org\/{rel}","templated":true}]}}