{"id":5078,"date":"2025-10-06T21:26:17","date_gmt":"2025-10-06T18:26:17","guid":{"rendered":"https:\/\/wristbandfactory.eu\/?post_type=product&#038;p=5078"},"modified":"2026-04-01T21:52:35","modified_gmt":"2026-04-01T18:52:35","slug":"custom-iron-medals-with-soft-enamel","status":"publish","type":"product","link":"https:\/\/displayproducts.eu\/fi\/p\/custom-iron-medals-with-soft-enamel\/","title":{"rendered":"Pehme\u00e4ll\u00e4 emalilla valmistetut rautamitalit"},"content":{"rendered":"<p>Luo kauniita, mittatilausty\u00f6n\u00e4 tehtyj\u00e4 palkintoja tapahtumaasi rikkomatta budjettia. Mittatilausty\u00f6n\u00e4 tehdyt rautamitalit ovat t\u00e4ydellinen ja kustannustehokas ratkaisu kilpailuihin, turnauksiin ja yritystapahtumiin, joissa on paljon osallistujia. Ne tarjoavat erinomaista vastinetta rahalle ja n\u00e4ytt\u00e4v\u00e4t silti laadukkailta, mittatilausty\u00f6n\u00e4 tehdyilt\u00e4 palkinnoilta.<\/p>\n<p><b>Klassinen viimeistely ja muotoilu<\/b> Rauta on halvempaa kuin sinkkiseos, mik\u00e4 mahdollistaa edullisemman hintatason, erityisesti suurissa tilauksissa. N\u00e4iss\u00e4 mitaleissa on perinteinen pehme\u00e4 emalipinne, jossa emalimaali on hieman upotettu, mik\u00e4 luo miellytt\u00e4v\u00e4n, teksturoitun tuntuman. Vaikka rauta ei sovellu leikkauksilla varustettuihin malleihin tai yht\u00e4 monimutkaisiin yksityiskohtiin kuin sinkkiseos, se on kest\u00e4v\u00e4 ja luotettava materiaali monenlaisiin, jopa 50 mm:n kokoisiin, omalla painatuksellaihin muotoihin.<\/p>\n<p><b>T\u00e4ydelliset mukautusvaihtoehdot<\/b><\/p>\n<ul>\n<li><b>Mitali:<\/b> Mitali voidaan valmistaa mihin tahansa muotoon. Valitse kahdeksasta eri pinnoitusv\u00e4rist\u00e4 ja personoi jokainen mitali lis\u00e4\u00e4m\u00e4ll\u00e4 siihen yksil\u00f6lliset nimet ja numerot sen takapuolelle.<\/li>\n<li><b>Nauha:<\/b> Jokaisessa mitalissa on V-ommeltu 80 cm:n polyesterinauha. Nauhat voidaan valmistaa jopa kolmessa valitsemassasi v\u00e4riss\u00e4, ja voit lis\u00e4t\u00e4 silkkipainologosi yhdelle tai molemmille puolille.<\/li>\n<\/ul>\n<p>&nbsp;<\/p>\n<p><b>&quot;Voittomitalit&quot; -paketti<\/b> Voit juhlistaa parhaita sijoittujiasi jopa pienell\u00e4 budjetilla. Ainutlaatuinen &quot;Voittomitalit&quot;-pakettimme on saatavilla rautamitaleille, jolloin voit tilata 1., 2. ja 3. sijan mitalit yksil\u00f6llisill\u00e4 nimill\u00e4 tai numeroilla varustettuina.<\/p>\n<p><b>T\u00e4rkeimm\u00e4t ominaisuudet:<\/b><\/p>\n<ul>\n<li><b>Kustannustehokas rautamateriaali:<\/b> Erinomainen valinta tapahtumiin, joihin on paljon osallistujia tai tiukka budjetti.<\/li>\n<li><b>Klassinen pehme\u00e4 emalipinta:<\/b> Antaa suunnittelullesi teksturoidun ja kolmiulotteisen ilmeen.<\/li>\n<li><b>T\u00e4ysin mukautettu muoto:<\/b> Mitali voidaan tehd\u00e4 mihin tahansa muotoon edustamaan br\u00e4ndi\u00e4si tai tapahtumaasi.<\/li>\n<li><b>Saatavilla oleva &quot;Mitalien voittajapaketti&quot;:<\/b> Lis\u00e4\u00e4 tilaukseesi helposti 1., 2. ja 3. sijan mitalit.<\/li>\n<li><b>Yksil\u00f6llisen nimen ja numeron kaiverrus:<\/b> Personoi jokainen mitali vastaanottajalle.<\/li>\n<li><b>Mukana tulevat mukautettavat V-ommeltu nauhat:<\/b> Valitse v\u00e4rit ja lis\u00e4\u00e4 logosi.<\/li>\n<li><b>8 erilaista pinnoitusv\u00e4ri\u00e4:<\/b> Valitse t\u00e4ydellinen viimeistely, joka sopii suunnitteluusi.<\/li>\n<li><b>Ihanteellinen suurille tilausm\u00e4\u00e4rille:<\/b> Korkealaatuinen palkinto, joka tarjoaa fantastista vastinetta rahalle.<\/li>\n<\/ul>","protected":false},"excerpt":{"rendered":"<p>Erinomainen valinta tapahtumaasi. Mittatilausty\u00f6n\u00e4 tehdyiss\u00e4 rautamitaleissamme on klassinen pehme\u00e4 emalipinta, ja ne voidaan valmistaa mihin tahansa muotoon, mik\u00e4 tarjoaa korkealaatuisen palkinnon edulliseen hintaan.<\/p>","protected":false},"featured_media":6462,"comment_status":"closed","ping_status":"closed","template":"","meta":[],"product_brand":[],"product_cat":[68,102],"product_tag":[],"class_list":{"0":"post-5078","1":"product","2":"type-product","3":"status-publish","4":"has-post-thumbnail","6":"product_cat-event-supplies","7":"product_cat-medals","9":"first","10":"instock","11":"shipping-taxable","12":"purchasable","13":"product-type-simple"},"_links":{"self":[{"href":"https:\/\/displayproducts.eu\/fi\/wp-json\/wp\/v2\/product\/5078","targetHints":{"allow":["GET"]}}],"collection":[{"href":"https:\/\/displayproducts.eu\/fi\/wp-json\/wp\/v2\/product"}],"about":[{"href":"https:\/\/displayproducts.eu\/fi\/wp-json\/wp\/v2\/types\/product"}],"replies":[{"embeddable":true,"href":"https:\/\/displayproducts.eu\/fi\/wp-json\/wp\/v2\/comments?post=5078"}],"wp:featuredmedia":[{"embeddable":true,"href":"https:\/\/displayproducts.eu\/fi\/wp-json\/wp\/v2\/media\/6462"}],"wp:attachment":[{"href":"https:\/\/displayproducts.eu\/fi\/wp-json\/wp\/v2\/media?parent=5078"}],"wp:term":[{"taxonomy":"product_brand","embeddable":true,"href":"https:\/\/displayproducts.eu\/fi\/wp-json\/wp\/v2\/product_brand?post=5078"},{"taxonomy":"product_cat","embeddable":true,"href":"https:\/\/displayproducts.eu\/fi\/wp-json\/wp\/v2\/product_cat?post=5078"},{"taxonomy":"product_tag","embeddable":true,"href":"https:\/\/displayproducts.eu\/fi\/wp-json\/wp\/v2\/product_tag?post=5078"}],"curies":[{"name":"wp","href":"https:\/\/api.w.org\/{rel}","templated":true}]}}