{"id":5071,"date":"2025-10-06T21:16:24","date_gmt":"2025-10-06T18:16:24","guid":{"rendered":"https:\/\/wristbandfactory.eu\/?post_type=product&#038;p=5071"},"modified":"2026-04-01T21:52:35","modified_gmt":"2026-04-01T18:52:35","slug":"custom-shape-zinc-alloy-medals","status":"publish","type":"product","link":"https:\/\/displayproducts.eu\/fi\/p\/custom-shape-zinc-alloy-medals\/","title":{"rendered":"Mukautettu muoto sinkkiseos mitalit"},"content":{"rendered":"<p>Tunnusta saavutuksista todella ainutlaatuisella ja ensiluokkaisella palkinnolla. Muokatut sinkkiseoksesta valmistetut mitalimme ovat t\u00e4ydellinen valinta urheilutapahtumiin, yrityspalkintoihin ja kilpailuihin, sill\u00e4 ne tarjoavat vertaansa vailla olevan suunnittelun vapauden ja korkealaatuisen viimeistelyn, jota vastaanottajat vaalivat.<\/p>\n<p><b>Ensiluokkaiset materiaalit ja yksityiskohdat<\/b> K\u00e4yt\u00e4mme sinkkiseosta, joka on kevyemp\u00e4\u00e4 ja kest\u00e4v\u00e4mp\u00e4\u00e4 materiaalia kuin rauta. Mik\u00e4 t\u00e4rkeint\u00e4, se mahdollistaa paljon hienompien yksityiskohtien valamisen, mik\u00e4 tekee siit\u00e4 parhaan valinnan mitaleille, joissa on monimutkaisia piirteit\u00e4 tai aukkoja (reiki\u00e4). Kunkin mitalin etupuolella on kest\u00e4v\u00e4, kovaa emalij\u00e4ljitelm\u00e4\u00e4 ja sile\u00e4, lasimainen viimeistely.<\/p>\n<p><b>T\u00e4ydelliset mukautusvaihtoehdot<\/b><\/p>\n<ul>\n<li><b>Mitali:<\/b> Suunnittelusi voidaan tehd\u00e4 mihin tahansa muotoon, jopa 65 mm:iin asti. Valitse kahdeksasta eri pinnoitusv\u00e4rist\u00e4. Voit halutessasi lis\u00e4t\u00e4 takapuolelle koho- tai upotetun logon sek\u00e4 kaivertaa yksitt\u00e4isi\u00e4 nimi\u00e4 ja numeroita.<\/li>\n<li><b>Nauha:<\/b> Jokaisessa mitalissa on mukana 80 cm:n pituinen silmukkaommeltu polyesterinauha. Nauhat voidaan valmistaa jopa kolmessa valitsemassasi v\u00e4riss\u00e4, ja voit lis\u00e4t\u00e4 silkkipainologosi yhdelle tai molemmille puolille.<\/li>\n<\/ul>\n<p>&nbsp;<\/p>\n<p><b>&quot;Voittomitalit&quot; -paketti<\/b> Tarjoamme ainutlaatuisen &quot;Voittomitalit&quot;-paketin, joka sopii t\u00e4ydellisesti kilpailuihin. Voit tilata kolme mitalia klassisissa kulta-, hopea- ja pronssipinnoitteen s\u00e4vyiss\u00e4 1., 2. ja 3. sijalle, ja valita mitalit yksil\u00f6llisill\u00e4 nimill\u00e4 tai numeroilla. Esimerkiksi 100 mitalin tilaus sis\u00e4lt\u00e4isi 97 mitalia p\u00e4\u00e4suunnitteluissasi ja 3 mitalia voittajan pinnoitussarjassa.<\/p>\n<p><b>T\u00e4rkeimm\u00e4t ominaisuudet:<\/b><\/p>\n<ul>\n<li><b>T\u00e4ysin mukautettu muoto:<\/b> Mitalin voi valaa mihin tahansa muotoon, ei vain tavalliseen ympyr\u00e4\u00e4n.<\/li>\n<li><b>Ensiluokkainen sinkkiseosmateriaali:<\/b> Mahdollistaa hienot, monimutkaiset yksityiskohdat ja r\u00e4\u00e4t\u00e4l\u00f6idyt leikkaukset.<\/li>\n<li><b>Sile\u00e4 kova emalipinta:<\/b> Tarjoaa korkealaatuisen, lasimaisen pinnan.<\/li>\n<li><b>Saatavilla oleva &quot;Mitalien voittajapaketti&quot;:<\/b> Lis\u00e4\u00e4 tilaukseesi helposti 1., 2. ja 3. sijan mitalit.<\/li>\n<li><b>Yksil\u00f6llisen nimen ja numeron kaiverrus:<\/b> Personoi jokainen mitali vastaanottajalle.<\/li>\n<li><b>Mukana tulevat mukautettavat nauhat:<\/b> Valitse v\u00e4risi ja lis\u00e4\u00e4 logosi 80 cm:n nauhoihin.<\/li>\n<li><b>8 erilaista pinnoitusv\u00e4ri\u00e4:<\/b> Valitse t\u00e4ydellinen viimeistely, joka sopii suunnitteluusi.<\/li>\n<li><b>Valinnainen takapuolen logon suunnittelu:<\/b> Lis\u00e4\u00e4 br\u00e4nd\u00e4yst\u00e4 koho- tai upotetulla logolla.<\/li>\n<\/ul>","protected":false},"excerpt":{"rendered":"<p>Luo upeita, t\u00e4ysin omalla painatuksellaj\u00e4 palkintoja sinkkiseosmitaleillamme. Sile\u00e4ll\u00e4 kovalla emalipinnalla ja monimutkaisilla yksityiskohdilla varustetut mitalit voidaan valmistaa mihin tahansa muotoon tapahtumasi edustamiseksi.<\/p>","protected":false},"featured_media":6483,"comment_status":"closed","ping_status":"closed","template":"","meta":[],"product_brand":[],"product_cat":[68,102],"product_tag":[],"class_list":{"0":"post-5071","1":"product","2":"type-product","3":"status-publish","4":"has-post-thumbnail","6":"product_cat-event-supplies","7":"product_cat-medals","9":"first","10":"instock","11":"shipping-taxable","12":"purchasable","13":"product-type-simple"},"_links":{"self":[{"href":"https:\/\/displayproducts.eu\/fi\/wp-json\/wp\/v2\/product\/5071","targetHints":{"allow":["GET"]}}],"collection":[{"href":"https:\/\/displayproducts.eu\/fi\/wp-json\/wp\/v2\/product"}],"about":[{"href":"https:\/\/displayproducts.eu\/fi\/wp-json\/wp\/v2\/types\/product"}],"replies":[{"embeddable":true,"href":"https:\/\/displayproducts.eu\/fi\/wp-json\/wp\/v2\/comments?post=5071"}],"wp:featuredmedia":[{"embeddable":true,"href":"https:\/\/displayproducts.eu\/fi\/wp-json\/wp\/v2\/media\/6483"}],"wp:attachment":[{"href":"https:\/\/displayproducts.eu\/fi\/wp-json\/wp\/v2\/media?parent=5071"}],"wp:term":[{"taxonomy":"product_brand","embeddable":true,"href":"https:\/\/displayproducts.eu\/fi\/wp-json\/wp\/v2\/product_brand?post=5071"},{"taxonomy":"product_cat","embeddable":true,"href":"https:\/\/displayproducts.eu\/fi\/wp-json\/wp\/v2\/product_cat?post=5071"},{"taxonomy":"product_tag","embeddable":true,"href":"https:\/\/displayproducts.eu\/fi\/wp-json\/wp\/v2\/product_tag?post=5071"}],"curies":[{"name":"wp","href":"https:\/\/api.w.org\/{rel}","templated":true}]}}