{"id":5067,"date":"2025-10-06T16:53:44","date_gmt":"2025-10-06T13:53:44","guid":{"rendered":"https:\/\/wristbandfactory.eu\/?post_type=product&#038;p=5067"},"modified":"2026-04-01T21:52:04","modified_gmt":"2026-04-01T18:52:04","slug":"sound-activated-led-glow-glasses","status":"publish","type":"product","link":"https:\/\/displayproducts.eu\/fi\/p\/sound-activated-led-glow-glasses\/","title":{"rendered":"\u00c4\u00e4niaktivoituvat ja LED-hohtavat lasit"},"content":{"rendered":"<p>Ryhdy juhlien keskipisteeksi s\u00e4hk\u00f6ist\u00e4vien LED-hohtolasiemme avulla. N\u00e4m\u00e4 lasit sopivat t\u00e4ydellisesti oheistuotteiksi, promootiotilaisuuksiin tai vain huvin vuoksi \u2013 ne ovat taattu tapa tehd\u00e4 ikimuistoinen vaikutus. Niiss\u00e4 on kirkas, hehkuva EL-lankakehys klassisessa ja mukavassa muovisessa Wayfarer-tyylisess\u00e4 muotoilussa. Linssit ovat yksinkertaiset, mik\u00e4 takaa selke\u00e4n n\u00e4\u00f6n samalla, kun valaiset y\u00f6t\u00e4.<\/p>\n<p>B2B-asiakkaille n\u00e4m\u00e4 lasit ovat loistava br\u00e4nd\u00e4ysty\u00f6kalu. Kehys ja EL-langan v\u00e4ri voidaan r\u00e4\u00e4t\u00e4l\u00f6id\u00e4 yrityksesi identiteetin tai tapahtuman teeman mukaan. Tarjoamme kaksi toiminnallista versiota, jotka sopivat mihin tahansa tilaisuuteen.<\/p>\n<p><b>Valitse toimintosi:<\/b><\/p>\n<ol start=\"1\">\n<li><b>Painikkeilla ohjattava:<\/b> T\u00e4ss\u00e4 versiossa on manuaalinen valaistustilojen hallinta, johon kuuluvat tyypillisesti tasainen valo, hidas salama ja nopea salama, jolloin k\u00e4ytt\u00e4j\u00e4 voi valita haluamansa tyylin.<\/li>\n<li><b>\u00c4\u00e4niaktivoitu:<\/b> T\u00e4ydellinen juhlatila. T\u00e4ss\u00e4 versiossa on sis\u00e4\u00e4nrakennettu anturi, joka saa valot sykkim\u00e4\u00e4n ja vilkkumaan musiikin tahtiin, mik\u00e4 luo dynaamisen ja interaktiivisen kokemuksen.<\/li>\n<\/ol>\n<p>Huomaamattomalla kahdella AAA-paristolla varustetulla paristolla toimivat lasit on tehty kest\u00e4m\u00e4\u00e4n. Seisomme niiden laadun takana <b>2 vuoden takuu<\/b> ja t\u00e4ynn\u00e4 <b>CE- ja ROHS-sertifiointi<\/b>mik\u00e4 tekee niist\u00e4 luotettavan valinnan Euroopan markkinoille.<\/p>\n<p><b>T\u00e4rkeimm\u00e4t ominaisuudet:<\/b><\/p>\n<ul>\n<li><b>Kaksi saatavilla olevaa versiota:<\/b> Valitse manuaalisten painikeohjattavien tai interaktiivisten \u00e4\u00e4niaktivoitujen mallien v\u00e4lill\u00e4.<\/li>\n<li><b>10 eloisaa hehkuvaa v\u00e4ri\u00e4:<\/b> Valitse EL-johdolle laajasta v\u00e4rivalikoimasta.<\/li>\n<li><b>Mukautettavat kehysv\u00e4rit:<\/b> Sovita kehykset br\u00e4ndiisi tai tapahtumasi teemaan.<\/li>\n<li><b>CE- ja ROHS-sertifioitu:<\/b> Laadukas ja m\u00e4\u00e4r\u00e4ystenmukainen tuote Euroopan markkinoille.<\/li>\n<li><b>2 vuoden takuu:<\/b> Seisomme tuotteidemme kest\u00e4vyyden ja suorituskyvyn takana.<\/li>\n<li><b>Toimii 2 x AAA-paristoilla:<\/b> Yleinen ja helposti vaihdettava virtal\u00e4hde.<\/li>\n<li><b>Klassinen Wayfarer-tyyli:<\/b> Yleisesti suosittu ja mukava muotoilu.<\/li>\n<\/ul>","protected":false},"excerpt":{"rendered":"<p>Erotu joukosta miss\u00e4 tahansa tapahtumassa mittatilausty\u00f6n\u00e4 hohtavilla laseillamme. Saatavilla 10 eloisassa v\u00e4riss\u00e4 ja kahtena versiona: manuaalinen ohjaus tai \u00e4\u00e4niaktivoitu, joka sykkii musiikin tahdissa. CE-sertifioitu.<\/p>","protected":false},"featured_media":6638,"comment_status":"closed","ping_status":"closed","template":"","meta":[],"product_brand":[],"product_cat":[68,76,45],"product_tag":[],"class_list":{"0":"post-5067","1":"product","2":"type-product","3":"status-publish","4":"has-post-thumbnail","6":"product_cat-event-supplies","7":"product_cat-glow-led-products","8":"product_cat-other","10":"first","11":"instock","12":"shipping-taxable","13":"purchasable","14":"product-type-simple"},"_links":{"self":[{"href":"https:\/\/displayproducts.eu\/fi\/wp-json\/wp\/v2\/product\/5067","targetHints":{"allow":["GET"]}}],"collection":[{"href":"https:\/\/displayproducts.eu\/fi\/wp-json\/wp\/v2\/product"}],"about":[{"href":"https:\/\/displayproducts.eu\/fi\/wp-json\/wp\/v2\/types\/product"}],"replies":[{"embeddable":true,"href":"https:\/\/displayproducts.eu\/fi\/wp-json\/wp\/v2\/comments?post=5067"}],"wp:featuredmedia":[{"embeddable":true,"href":"https:\/\/displayproducts.eu\/fi\/wp-json\/wp\/v2\/media\/6638"}],"wp:attachment":[{"href":"https:\/\/displayproducts.eu\/fi\/wp-json\/wp\/v2\/media?parent=5067"}],"wp:term":[{"taxonomy":"product_brand","embeddable":true,"href":"https:\/\/displayproducts.eu\/fi\/wp-json\/wp\/v2\/product_brand?post=5067"},{"taxonomy":"product_cat","embeddable":true,"href":"https:\/\/displayproducts.eu\/fi\/wp-json\/wp\/v2\/product_cat?post=5067"},{"taxonomy":"product_tag","embeddable":true,"href":"https:\/\/displayproducts.eu\/fi\/wp-json\/wp\/v2\/product_tag?post=5067"}],"curies":[{"name":"wp","href":"https:\/\/api.w.org\/{rel}","templated":true}]}}