{"id":5063,"date":"2025-10-06T16:48:59","date_gmt":"2025-10-06T13:48:59","guid":{"rendered":"https:\/\/wristbandfactory.eu\/?post_type=product&#038;p=5063"},"modified":"2026-04-01T21:52:04","modified_gmt":"2026-04-01T18:52:04","slug":"remote-controlled-led-glow-wands","status":"publish","type":"product","link":"https:\/\/displayproducts.eu\/fi\/p\/remote-controlled-led-glow-wands\/","title":{"rendered":"Kauko-ohjattavat LED-valokennot"},"content":{"rendered":"<p>Energisoi yleis\u00f6\u00e4 ja luo upea visuaalinen maisema mukautettavilla LED-valokengill\u00e4mme. N\u00e4m\u00e4 30 cm:n valokeilat ovat v\u00e4ltt\u00e4m\u00e4t\u00f6n lis\u00e4 konsertteihin, festivaaleille ja urheilutapahtumiin, ja ne on suunniteltu vaikuttavaan yleis\u00f6n osallistumiseen. Mukavan, ergonomisen ABS-kahvan ja nelj\u00e4ll\u00e4 tehokkaalla LEDill\u00e4 valaistun kirkkaan valokeilan ansiosta ne ovat merkitt\u00e4v\u00e4 parannus tavallisiin kertak\u00e4ytt\u00f6isiin vaahtomuovikeppeihin verrattuna.<\/p>\n<p>Kahva voidaan r\u00e4\u00e4t\u00e4l\u00f6id\u00e4 br\u00e4ndisi v\u00e4rill\u00e4 ja logolla, mik\u00e4 tekee jokaisesta sauvasta tehokkaan mainosty\u00f6kalun. Tarjoamme kaksi toiminnallista versiota, jotka sopivat t\u00e4ydellisesti tapahtumasi tarpeisiin.<\/p>\n<p><b>Valitse versiosi:<\/b><\/p>\n<ol start=\"1\">\n<li><b>Painikekytkimen versio:<\/b> Klassinen valinta helppok\u00e4ytt\u00f6isyyteen. K\u00e4ytt\u00e4j\u00e4t voivat selata 15 eloisaa v\u00e4ri\u00e4 ja erilaisia tiloja yksinkertaisella kahvassa olevalla painikkeella.<\/li>\n<li><b>Kaukos\u00e4\u00e4timen versio:<\/b> Muunna tapahtumasi interaktiiviseksi valoshow\u2019ksi. T\u00e4m\u00e4 versio on yhteensopiva seuraavien kanssa: <b><a class=\"ng-star-inserted\" href=\"https:\/\/displayproducts.eu\/fi\/p\/remote-dmx-controllers-for-led-wristbands\/\" target=\"_blank\" rel=\"noopener\" data-hveid=\"0\" data-ved=\"0CAAQ_4QMahgKEwih_pyAto-QAxUAAAAAHQAAAAAQ7Rg\">Kauko- ja DMX-ohjaimet<\/a><\/b>, jolloin voit synkronoida jokaisen yleis\u00f6n sauvan todella unohtumattoman ja koordinoidun esityksen aikaansaamiseksi.<\/li>\n<\/ol>\n<p>Mik\u00e4 parasta, jokaisen sauvan mukana toimitetaan paristot, joten ne ovat k\u00e4ytt\u00f6valmiita heti pakkauksesta otettaessa.<\/p>\n<p><b>T\u00e4rkeimm\u00e4t ominaisuudet:<\/b><\/p>\n<ul>\n<li><b>Ergonominen uudelleenk\u00e4ytett\u00e4v\u00e4 kahva:<\/b> Tarjoaa mukavan ja kest\u00e4v\u00e4n otteen.<\/li>\n<li><b>Kirkas 30 cm:n hohtava sauva:<\/b> Nelj\u00e4 sis\u00e4ist\u00e4 LED-valoa valaistu erinomaisen n\u00e4kyvyyden takaamiseksi.<\/li>\n<li><b>Kaksi saatavilla olevaa versiota:<\/b> Valitse manuaalisen painikekytkimen tai t\u00e4ydellisen kaukos\u00e4\u00e4timen v\u00e4lill\u00e4.<\/li>\n<li><b>15 eloisaa v\u00e4rivaihtoehtoa:<\/b> Laaja v\u00e4rivalikoima pirist\u00e4m\u00e4\u00e4n mit\u00e4 tahansa tapahtumaa.<\/li>\n<li><b>Mukana tulevat paristot:<\/b> Heti k\u00e4ytt\u00f6valmis, vaivatonta tapahtumaj\u00e4rjest\u00e4jille.<\/li>\n<li><b>Mukautettava kahva br\u00e4nd\u00e4yst\u00e4 varten:<\/b> Lis\u00e4\u00e4 logosi tai mukautettu v\u00e4ri br\u00e4ndisi mainostamista varten.<\/li>\n<\/ul>","protected":false},"excerpt":{"rendered":"<p>Valaise konserttisi tai juhlasi ensiluokkaisilla LED-valokengill\u00e4mme. Niiss\u00e4 on mukava kahva ja kirkkaat valot, ja niit\u00e4 on saatavana manuaalisena tai kauko-ohjattavana interaktiivisena mallina.<\/p>","protected":false},"featured_media":6596,"comment_status":"closed","ping_status":"closed","template":"","meta":[],"product_brand":[],"product_cat":[68,76,45],"product_tag":[],"class_list":{"0":"post-5063","1":"product","2":"type-product","3":"status-publish","4":"has-post-thumbnail","6":"product_cat-event-supplies","7":"product_cat-glow-led-products","8":"product_cat-other","10":"first","11":"instock","12":"shipping-taxable","13":"product-type-simple"},"_links":{"self":[{"href":"https:\/\/displayproducts.eu\/fi\/wp-json\/wp\/v2\/product\/5063","targetHints":{"allow":["GET"]}}],"collection":[{"href":"https:\/\/displayproducts.eu\/fi\/wp-json\/wp\/v2\/product"}],"about":[{"href":"https:\/\/displayproducts.eu\/fi\/wp-json\/wp\/v2\/types\/product"}],"replies":[{"embeddable":true,"href":"https:\/\/displayproducts.eu\/fi\/wp-json\/wp\/v2\/comments?post=5063"}],"wp:featuredmedia":[{"embeddable":true,"href":"https:\/\/displayproducts.eu\/fi\/wp-json\/wp\/v2\/media\/6596"}],"wp:attachment":[{"href":"https:\/\/displayproducts.eu\/fi\/wp-json\/wp\/v2\/media?parent=5063"}],"wp:term":[{"taxonomy":"product_brand","embeddable":true,"href":"https:\/\/displayproducts.eu\/fi\/wp-json\/wp\/v2\/product_brand?post=5063"},{"taxonomy":"product_cat","embeddable":true,"href":"https:\/\/displayproducts.eu\/fi\/wp-json\/wp\/v2\/product_cat?post=5063"},{"taxonomy":"product_tag","embeddable":true,"href":"https:\/\/displayproducts.eu\/fi\/wp-json\/wp\/v2\/product_tag?post=5063"}],"curies":[{"name":"wp","href":"https:\/\/api.w.org\/{rel}","templated":true}]}}