{"id":5058,"date":"2025-10-06T16:43:30","date_gmt":"2025-10-06T13:43:30","guid":{"rendered":"https:\/\/wristbandfactory.eu\/?post_type=product&#038;p=5058"},"modified":"2026-04-01T21:52:35","modified_gmt":"2026-04-01T18:52:35","slug":"custom-shaped-led-light-sticks","status":"publish","type":"product","link":"https:\/\/displayproducts.eu\/fi\/p\/custom-shaped-led-light-sticks\/","title":{"rendered":"Mukautettuja LED-valotikkuja"},"content":{"rendered":"<p data-path-to-node=\"7\">Luo mukaansatempaava &quot;valonmeri&quot; ja \u00e4\u00e4rimm\u00e4inen fanikokemus t\u00e4ysin muokattavien LED-konserttivalotikkujemme avulla. T\u00e4m\u00e4 on ensiluokkainen ty\u00f6kalu artisteille, b\u00e4nditaiteilijoille ja yritystapahtumille, jotka etsiv\u00e4t vaikuttavia ker\u00e4ilyesineit\u00e4, jotka yhdist\u00e4v\u00e4t yleis\u00f6n suoraan br\u00e4ndiin.<\/p>\n<p data-path-to-node=\"8\">T\u00e4m\u00e4n tuotteen todellinen voima piilee sen vertaansa vailla olevassa r\u00e4\u00e4t\u00e4l\u00f6it\u00e4vyydess\u00e4. Suuri akryylipallo voidaan br\u00e4nd\u00e4t\u00e4 organisaatiosi tarkkojen tarpeiden mukaan:<\/p>\n<ul data-path-to-node=\"9\">\n<li>\n<p data-path-to-node=\"9,0,0\"><b>Mukautetut 3D-hahmot:<\/b> Aseta mittatilausty\u00f6n\u00e4 muovattu 3D-hahmo maapallon sis\u00e4\u00e4n saadaksesi todella ainutlaatuisen ja arvokkaan ker\u00e4ilyesineen.<\/p>\n<\/li>\n<li>\n<p data-path-to-node=\"9,1,0\"><b>Laser-etsatut insertit:<\/b> Kaiverra logosi, tapahtumasymbolisi tai tekstisi saadaksesi tyylikk\u00e4\u00e4n ja tyylikk\u00e4\u00e4n ilmeen.<\/p>\n<\/li>\n<li>\n<p data-path-to-node=\"9,2,0\"><b>T\u00e4ysv\u00e4riset painetut lis\u00e4osat:<\/b> Esittele yksityiskohtaisia, v\u00e4rillisi\u00e4 br\u00e4ndikuvia tai -malleja.<\/p>\n<\/li>\n<\/ul>\n<p data-path-to-node=\"10\">Br\u00e4nd\u00e4yksen t\u00e4ydent\u00e4miseksi kahva voidaan valmistaa yrityksesi omalla v\u00e4rill\u00e4 ja painaa siihen logosi.<\/p>\n<p data-path-to-node=\"11\">Valitse tapahtumasi budjettiin ja teknisiin tarpeisiin parhaiten sopiva teknologiaversio:<\/p>\n<ol start=\"1\" data-path-to-node=\"12\">\n<li>\n<p data-path-to-node=\"12,0,0\"><b>Manuaalinen (yksiv\u00e4rinen):<\/b> Ihanteellinen vahvalle ja yhten\u00e4iselle br\u00e4ndiv\u00e4rille.<\/p>\n<\/li>\n<li>\n<p data-path-to-node=\"12,1,0\"><b>K\u00e4ytt\u00f6ohje (15 v\u00e4ri\u00e4):<\/b> Monipuolinen vaihtoehto, jonka avulla k\u00e4ytt\u00e4j\u00e4t voivat selata 15 eri v\u00e4ri\u00e4.<\/p>\n<\/li>\n<li>\n<p data-path-to-node=\"12,2,0\"><b>DMX-kaukos\u00e4\u00e4din:<\/b> Huippuluokan interaktiivinen kokemus. T\u00e4m\u00e4 versio on yhteensopiva kauko-ohjain- ja DMX-ohjaimien kanssa, mink\u00e4 ansiosta tiimisi voi synkronoida jokaisen valotikun tilassa ja luoda upeita, koordinoituja valoshow\u2019ta musiikin tahtiin.<\/p>\n<\/li>\n<\/ol>\n<p data-path-to-node=\"13\">Jokainen valotikku on valmistettu kest\u00e4v\u00e4st\u00e4 ABS-muovista ja akryylist\u00e4, ja se toimii kolmella AAA-paristolla (eiv\u00e4t sis\u00e4lly toimitukseen).<\/p>\n<p data-path-to-node=\"14\"><b>T\u00e4rkeimm\u00e4t ominaisuudet:<\/b><\/p>\n<ul data-path-to-node=\"15\">\n<li>\n<p data-path-to-node=\"15,0,0\"><b>T\u00e4ysin muokattavissa oleva maapallo:<\/b> Vaihtoehtoja r\u00e4\u00e4t\u00e4l\u00f6idyille 3D-hahmoille, laseretsaukselle tai t\u00e4ysv\u00e4risille painatuksille.<\/p>\n<\/li>\n<li>\n<p data-path-to-node=\"15,1,0\"><b>Mukautettu br\u00e4nd\u00e4tty kahva:<\/b> Voidaan v\u00e4rj\u00e4t\u00e4 ja painaa logolla.<\/p>\n<\/li>\n<li>\n<p data-path-to-node=\"15,2,0\"><b>DMX-kaukos\u00e4\u00e4dinvaihtoehto:<\/b> Mahdollistaa t\u00e4ysin synkronoidut, koko tapahtumapaikan laajuiset yleis\u00f6valoshowt.<\/p>\n<\/li>\n<li>\n<p data-path-to-node=\"15,3,0\"><b>Manuaaliset tekniset vaihtoehdot:<\/b> Saatavilla my\u00f6s edullisena yksiv\u00e4risen\u00e4 tai 15-v\u00e4risen\u00e4 manuaaliversiona.<\/p>\n<\/li>\n<li>\n<p data-path-to-node=\"15,4,0\"><b>Kest\u00e4v\u00e4t materiaalit:<\/b> Valmistettu tapahtumavalmiiksi ja vahvasta ABS-muovista ja akryylist\u00e4.<\/p>\n<\/li>\n<li>\n<p data-path-to-node=\"15,5,0\"><b>Vaikuttavat tavarat:<\/b> T\u00e4ydellinen ker\u00e4ilyesine konsertteihin, fanikiertueille ja yritystapahtumiin.<\/p>\n<\/li>\n<\/ul>","protected":false},"excerpt":{"rendered":"<ul data-path-to-node=\"6\">\n<li>\n<p data-path-to-node=\"6,0,0\">T\u00e4ysin muokattavissa oleva akryylipallo: Aseta 3D-hahmo sis\u00e4\u00e4n, laserkaiverra logo tai k\u00e4yt\u00e4 t\u00e4ysv\u00e4rist\u00e4 painettua sis\u00e4osaa.<\/p>\n<\/li>\n<li>\n<p data-path-to-node=\"6,1,0\">Saatavilla mittatilausty\u00f6n\u00e4 v\u00e4ritetty kahva logopainatuksella.<\/p>\n<\/li>\n<li>\n<p data-path-to-node=\"6,2,0\">Valitse tekniikkasi: Yksiv\u00e4rinen, 15-v\u00e4rinen manuaalinen tai DMX-kauko-ohjattavat versiot synkronoituihin valoesityksiin.<\/p>\n<\/li>\n<li>\n<p data-path-to-node=\"6,3,0\">Huippuluokan vaikuttavat oheistuotteet konsertteihin, fanitapahtumiin ja br\u00e4nditapahtumiin.<\/p>\n<\/li>\n<\/ul>","protected":false},"featured_media":5057,"comment_status":"closed","ping_status":"closed","template":"","meta":[],"product_brand":[],"product_cat":[76,45],"product_tag":[],"class_list":{"0":"post-5058","1":"product","2":"type-product","3":"status-publish","4":"has-post-thumbnail","6":"product_cat-glow-led-products","7":"product_cat-other","9":"first","10":"instock","11":"shipping-taxable","12":"product-type-simple"},"_links":{"self":[{"href":"https:\/\/displayproducts.eu\/fi\/wp-json\/wp\/v2\/product\/5058","targetHints":{"allow":["GET"]}}],"collection":[{"href":"https:\/\/displayproducts.eu\/fi\/wp-json\/wp\/v2\/product"}],"about":[{"href":"https:\/\/displayproducts.eu\/fi\/wp-json\/wp\/v2\/types\/product"}],"replies":[{"embeddable":true,"href":"https:\/\/displayproducts.eu\/fi\/wp-json\/wp\/v2\/comments?post=5058"}],"wp:featuredmedia":[{"embeddable":true,"href":"https:\/\/displayproducts.eu\/fi\/wp-json\/wp\/v2\/media\/5057"}],"wp:attachment":[{"href":"https:\/\/displayproducts.eu\/fi\/wp-json\/wp\/v2\/media?parent=5058"}],"wp:term":[{"taxonomy":"product_brand","embeddable":true,"href":"https:\/\/displayproducts.eu\/fi\/wp-json\/wp\/v2\/product_brand?post=5058"},{"taxonomy":"product_cat","embeddable":true,"href":"https:\/\/displayproducts.eu\/fi\/wp-json\/wp\/v2\/product_cat?post=5058"},{"taxonomy":"product_tag","embeddable":true,"href":"https:\/\/displayproducts.eu\/fi\/wp-json\/wp\/v2\/product_tag?post=5058"}],"curies":[{"name":"wp","href":"https:\/\/api.w.org\/{rel}","templated":true}]}}