{"id":5052,"date":"2025-10-06T16:33:54","date_gmt":"2025-10-06T13:33:54","guid":{"rendered":"https:\/\/wristbandfactory.eu\/?post_type=product&#038;p=5052"},"modified":"2026-04-01T21:52:35","modified_gmt":"2026-04-01T18:52:35","slug":"remote-dmx-controllers-for-led-wristbands","status":"publish","type":"product","link":"https:\/\/displayproducts.eu\/fi\/p\/remote-dmx-controllers-for-led-wristbands\/","title":{"rendered":"LED-rannekkeiden kaukos\u00e4\u00e4timet ja DMX-ohjaimet"},"content":{"rendered":"<p>Jotta saat t\u00e4yden synkronoinnin ja voit luoda mukaansatempaavia valoshow\u2019ta kauko-ohjattavilla rannekkeillamme, keskusohjain on v\u00e4ltt\u00e4m\u00e4t\u00f6n lis\u00e4varuste. Ohjaimemme antavat sinulle t\u00e4ydellisen hallinnan paikan tunnelmasta, jolloin yksi k\u00e4ytt\u00e4j\u00e4 voi laukaista eloisia v\u00e4rimuutoksia ja dynaamisia vilkkumissarjoja koko yleis\u00f6lle. Olitpa sitten j\u00e4rjest\u00e4m\u00e4ss\u00e4 yritysgaalaa tai maailmanluokan stadionkiertuetta, n\u00e4m\u00e4 laitteet varmistavat, ett\u00e4 jokainen ranneke pysyy t\u00e4ydellisesti synkronoituna.<\/p>\n<h2 data-path-to-node=\"12\">\u201cSuuri\u201d DMX-ohjain (ammattimainen keskus)<\/h2>\n<p data-path-to-node=\"13\">T\u00e4m\u00e4 on tehokkain ohjausyksikk\u00f6mme, joka on suunniteltu ammattimaisille valaistusteknikoille ja laajamittaisille tuotannoille. Se on t\u00e4ysin DMX512-yhteensopiva, joten voit integroida rannekkeet suoraan tapahtumapaikkasi olemassa olevaan valokonsoliin.<\/p>\n<ul data-path-to-node=\"14\">\n<li>\n<p data-path-to-node=\"14,0,0\"><b data-path-to-node=\"14,0,0\" data-index-in-node=\"0\">Alue:<\/b> Jopa 500 metri\u00e4 avoimissa tiloissa.<\/p>\n<\/li>\n<li>\n<p data-path-to-node=\"14,1,0\"><b data-path-to-node=\"14,1,0\" data-index-in-node=\"0\">Kapasiteetti:<\/b> Ohjaa jopa 5000+ ranneketta samanaikaisesti.<\/p>\n<\/li>\n<li>\n<p data-path-to-node=\"14,2,0\"><b data-path-to-node=\"14,2,0\" data-index-in-node=\"0\">Teho:<\/b> Ulkoinen virtal\u00e4hde jatkuvaan k\u00e4ytt\u00f6\u00f6n.<\/p>\n<\/li>\n<\/ul>\n<h2 data-path-to-node=\"15\">Pieni k\u00e4dess\u00e4 pidett\u00e4v\u00e4 ohjain (helppo kuljettaa)<\/h2>\n<p data-path-to-node=\"16\">Pienikokoinen ohjain on ihanteellinen pienempiin tapahtumiin, juhliin ja tuotelanseerauksiin. Se tarjoaa yksinkertaisen ja intuitiivisen k\u00e4ytt\u00f6liittym\u00e4n manuaaliseen ohjaukseen. Se on paristok\u00e4ytt\u00f6inen ja kannettava, joten k\u00e4ytt\u00e4j\u00e4 voi liikkua tilassa samalla kun h\u00e4n hallitsee valoshow&#039;ta.<\/p>\n<ul data-path-to-node=\"17\">\n<li>\n<p data-path-to-node=\"17,0,0\"><b data-path-to-node=\"17,0,0\" data-index-in-node=\"0\">Alue:<\/b> Luotettava signaali jopa 200-300 metriin asti.<\/p>\n<\/li>\n<li>\n<p data-path-to-node=\"17,1,0\"><b data-path-to-node=\"17,1,0\" data-index-in-node=\"0\">Toiminnot:<\/b> Helppok\u00e4ytt\u00f6iset painikkeet 15 v\u00e4riasetukselle ja 8 vilkkuvalle tilalle.<\/p>\n<\/li>\n<li>\n<p data-path-to-node=\"17,2,0\"><b data-path-to-node=\"17,2,0\" data-index-in-node=\"0\">Siirrett\u00e4vyys:<\/b> Kevyt muotoilu ja pitk\u00e4 akunkesto.<\/p>\n<\/li>\n<\/ul>\n<h2 data-path-to-node=\"18\">T\u00e4rkeimm\u00e4t ominaisuudet ja yhteydet<\/h2>\n<ul data-path-to-node=\"19\">\n<li>\n<p data-path-to-node=\"19,0,0\"><b data-path-to-node=\"19,0,0\" data-index-in-node=\"0\">RF-tekniikka:<\/b> K\u00e4ytt\u00e4\u00e4 eritt\u00e4in vakaata 433 MHz:n taajuutta varmistaakseen signaalin l\u00e4p\u00e4isyn my\u00f6s tiheiss\u00e4 v\u00e4kijoukoissa.<\/p>\n<\/li>\n<li>\n<p data-path-to-node=\"19,1,0\"><b data-path-to-node=\"19,1,0\" data-index-in-node=\"0\">DMX512-integraatio:<\/b> Synkronoi saumattomasti ammattimaisten valaistusp\u00f6ytien kanssa esiohjelmoituja esityksi\u00e4 varten.<\/p>\n<\/li>\n<li>\n<p data-path-to-node=\"19,2,0\"><b data-path-to-node=\"19,2,0\" data-index-in-node=\"0\">V\u00e4lit\u00f6n vastaus:<\/b> Nollalatenssinen signaalinsiirto t\u00e4ydelliseen ajoitukseen musiikin ja visuaalisten vihjeiden kanssa.<\/p>\n<\/li>\n<\/ul>\n<h2 data-path-to-node=\"20\">Tekniset tiedot<\/h2>\n<ul data-path-to-node=\"21\">\n<li>\n<p data-path-to-node=\"21,0,0\"><b data-path-to-node=\"21,0,0\" data-index-in-node=\"0\">Taajuudet:<\/b> 433,92 MHz.<\/p>\n<\/li>\n<li>\n<p data-path-to-node=\"21,1,0\"><b data-path-to-node=\"21,1,0\" data-index-in-node=\"0\">K\u00e4ytt\u00f6j\u00e4nnite:<\/b> DC 5V (pieni) \/ DC 12V (iso).<\/p>\n<\/li>\n<li>\n<p data-path-to-node=\"21,2,0\"><b data-path-to-node=\"21,2,0\" data-index-in-node=\"0\">Kanavat:<\/b> Tukee useita vy\u00f6hykkeit\u00e4 ja ryhm\u00e4kohtaista ohjausta.<\/p>\n<\/li>\n<li>\n<p data-path-to-node=\"21,3,0\"><b data-path-to-node=\"21,3,0\" data-index-in-node=\"0\">Mitat:<\/b> Kannettava k\u00e4dess\u00e4 pidett\u00e4v\u00e4 tai r\u00e4kkiin asennettava ammattilaistason yksikk\u00f6.<\/p>\n<\/li>\n<\/ul>\n<p data-path-to-node=\"22\">","protected":false},"excerpt":{"rendered":"<ul>\n<li>\n<p data-path-to-node=\"10,0,0\"><b data-path-to-node=\"10,0,0\" data-index-in-node=\"0\">Universaali komento:<\/b> Ohjaa tuhansia LED-rannekkeita samanaikaisesti jopa 500 metrin s\u00e4teell\u00e4.<\/p>\n<\/li>\n<li>\n<p data-path-to-node=\"10,1,0\"><b data-path-to-node=\"10,1,0\" data-index-in-node=\"0\">Kaksoisteknologia:<\/b> Tukee sek\u00e4 manuaalista RF (radiotaajuus) -kaukos\u00e4\u00e4dint\u00e4 ett\u00e4 ammattimaista DMX512-integraatiota.<\/p>\n<\/li>\n<li>\n<p data-path-to-node=\"10,2,0\"><b data-path-to-node=\"10,2,0\" data-index-in-node=\"0\">Skaalautuvat ratkaisut:<\/b> Valitse kannettavan pienen ohjaimen v\u00e4lill\u00e4 intiimeihin tiloihin tai suuren ohjaimen stadionkokoisiin tapahtumiin.<\/p>\n<\/li>\n<li>\n<p data-path-to-node=\"10,3,0\"><b data-path-to-node=\"10,3,0\" data-index-in-node=\"0\">Reaaliaikaiset vaikutukset:<\/b> Vaihda hetkess\u00e4 yli 15 v\u00e4rin ja erilaisten vilkkukuvioiden v\u00e4lill\u00e4 tapahtumasi rytmiin sopivaksi.<\/p>\n<\/li>\n<\/ul>","protected":false},"featured_media":5980,"comment_status":"closed","ping_status":"closed","template":"","meta":[],"product_brand":[],"product_cat":[80],"product_tag":[],"class_list":{"0":"post-5052","1":"product","2":"type-product","3":"status-publish","4":"has-post-thumbnail","6":"product_cat-led-wristbands","8":"first","9":"instock","10":"shipping-taxable","11":"purchasable","12":"product-type-simple"},"_links":{"self":[{"href":"https:\/\/displayproducts.eu\/fi\/wp-json\/wp\/v2\/product\/5052","targetHints":{"allow":["GET"]}}],"collection":[{"href":"https:\/\/displayproducts.eu\/fi\/wp-json\/wp\/v2\/product"}],"about":[{"href":"https:\/\/displayproducts.eu\/fi\/wp-json\/wp\/v2\/types\/product"}],"replies":[{"embeddable":true,"href":"https:\/\/displayproducts.eu\/fi\/wp-json\/wp\/v2\/comments?post=5052"}],"wp:featuredmedia":[{"embeddable":true,"href":"https:\/\/displayproducts.eu\/fi\/wp-json\/wp\/v2\/media\/5980"}],"wp:attachment":[{"href":"https:\/\/displayproducts.eu\/fi\/wp-json\/wp\/v2\/media?parent=5052"}],"wp:term":[{"taxonomy":"product_brand","embeddable":true,"href":"https:\/\/displayproducts.eu\/fi\/wp-json\/wp\/v2\/product_brand?post=5052"},{"taxonomy":"product_cat","embeddable":true,"href":"https:\/\/displayproducts.eu\/fi\/wp-json\/wp\/v2\/product_cat?post=5052"},{"taxonomy":"product_tag","embeddable":true,"href":"https:\/\/displayproducts.eu\/fi\/wp-json\/wp\/v2\/product_tag?post=5052"}],"curies":[{"name":"wp","href":"https:\/\/api.w.org\/{rel}","templated":true}]}}