{"id":5034,"date":"2025-10-06T16:03:54","date_gmt":"2025-10-06T13:03:54","guid":{"rendered":"https:\/\/wristbandfactory.eu\/?post_type=product&#038;p=5034"},"modified":"2026-04-01T21:52:35","modified_gmt":"2026-04-01T18:52:35","slug":"custom-glow-flashing-led-wristbands","status":"publish","type":"product","link":"https:\/\/displayproducts.eu\/fi\/p\/custom-glow-flashing-led-wristbands\/","title":{"rendered":"Hohtavat ja vilkkuvat LED-rannekkeet"},"content":{"rendered":"<p data-path-to-node=\"9\">Kun tarvitset yksinkertaisen, kustannustehokkaan ja eloisan br\u00e4nd\u00e4ysratkaisun, r\u00e4\u00e4t\u00e4l\u00f6idyt hohtavat ja vilkkuvat LED-rannekkeet ovat t\u00e4ydellinen valinta. N\u00e4m\u00e4 rannekkeet on suunniteltu eritt\u00e4in n\u00e4kyv\u00e4ksi, ja ne tarjoavat tehokkaan ja tasaisen valon ilman monimutkaisia kaukos\u00e4\u00e4timi\u00e4.<\/p>\n<p data-path-to-node=\"10\">T\u00e4m\u00e4 on monitoimikeskuksemme manuaalisille (ei-et\u00e4ohjattaville) LED-nauhoille, joka sopii erinomaisesti yritystapahtumiin, tuotelanseerauksiin, festivaaleille ja tiedotuskampanjoihin, joissa yhten\u00e4inen br\u00e4ndikuva on ratkaisevan t\u00e4rke\u00e4.<\/p>\n<h2><strong>Valitse manuaalinen LED-mallisi<\/strong><\/h2>\n<p data-path-to-node=\"12\">Valitse tapahtumasi teemaan parhaiten sopiva malli:<\/p>\n<h3 data-path-to-node=\"13,0,0\"><strong>Yksiv\u00e4rinen hehkumalli<\/strong><\/h3>\n<p><img fetchpriority=\"high\" decoding=\"async\" class=\"alignnone wp-image-5554\" src=\"https:\/\/displayproducts.eu\/wp-content\/uploads\/2025\/10\/flashing-led-1.jpeg\" alt=\"\" width=\"300\" height=\"300\" srcset=\"https:\/\/displayproducts.eu\/wp-content\/uploads\/2025\/10\/flashing-led-1.jpeg 600w, https:\/\/displayproducts.eu\/wp-content\/uploads\/2025\/10\/flashing-led-1-12x12.jpeg 12w, https:\/\/displayproducts.eu\/wp-content\/uploads\/2025\/10\/flashing-led-1-300x300.jpeg 300w, https:\/\/displayproducts.eu\/wp-content\/uploads\/2025\/10\/flashing-led-1-100x100.jpeg 100w, https:\/\/displayproducts.eu\/wp-content\/uploads\/2025\/10\/flashing-led-1-64x64.jpeg 64w\" sizes=\"(max-width: 300px) 100vw, 300px\" \/><\/p>\n<p>T\u00e4m\u00e4n mallin vahvuus on sen yksinkertaisuus. Se syttyy <b>yksi tietty, kirkas v\u00e4ri<\/b> (punainen, sininen, vihre\u00e4 jne.) t\u00e4ydellisesti yrityksesi br\u00e4ndiin tai tapahtuman teemaan sopivaksi. Se on valmistettu eritt\u00e4in kevyest\u00e4 (17 g) ja kest\u00e4v\u00e4st\u00e4 TPU-materiaalista ja tarjoaa eritt\u00e4in pitk\u00e4n k\u00e4ytt\u00f6i\u00e4n. <b>12 tunnin akunkesto<\/b>.<\/p>\n<h3 data-path-to-node=\"13,1,0\"><strong>Moniv\u00e4rinen vilkkuva malli<\/strong><\/h3>\n<p data-path-to-node=\"13,1,0\"><img decoding=\"async\" class=\"alignnone wp-image-5556\" src=\"https:\/\/displayproducts.eu\/wp-content\/uploads\/2025\/10\/flashing-led.jpg\" alt=\"\" width=\"300\" height=\"300\" srcset=\"https:\/\/displayproducts.eu\/wp-content\/uploads\/2025\/10\/flashing-led.jpg 1080w, https:\/\/displayproducts.eu\/wp-content\/uploads\/2025\/10\/flashing-led-768x768.jpg 768w, https:\/\/displayproducts.eu\/wp-content\/uploads\/2025\/10\/flashing-led-12x12.jpg 12w, https:\/\/displayproducts.eu\/wp-content\/uploads\/2025\/10\/flashing-led-300x300.jpg 300w, https:\/\/displayproducts.eu\/wp-content\/uploads\/2025\/10\/flashing-led-600x600.jpg 600w, https:\/\/displayproducts.eu\/wp-content\/uploads\/2025\/10\/flashing-led-100x100.jpg 100w, https:\/\/displayproducts.eu\/wp-content\/uploads\/2025\/10\/flashing-led-64x64.jpg 64w\" sizes=\"(max-width: 300px) 100vw, 300px\" \/><\/p>\n<p data-path-to-node=\"13,1,0\">T\u00e4m\u00e4 malli on klassinen katseenvangitsija. Siin\u00e4 on v\u00e4rillinen ranneke (fuksia, vihre\u00e4, sininen jne.) ja kirkas LED, joka valaisee koko rannekkeen. Huomaamaton p\u00e4\u00e4lle\/pois-kytkin antaa k\u00e4ytt\u00e4j\u00e4lle mahdollisuuden hallita vilkkumista, mik\u00e4 tekee siit\u00e4 t\u00e4ydellisen interaktiivisen lis\u00e4varusteen juhliin ja konsertteihin.<\/p>\n<p data-path-to-node=\"14\">Molemmat mallit toimivat mukana tulevilla paristoilla ja ovat heti k\u00e4ytt\u00f6valmiita. Tarjoamme yksiv\u00e4risen tampopainatuksen omalle painatusalueelle omaa logoasi tai tapahtumaviesti\u00e4si varten.<\/p>\n<h2 data-path-to-node=\"15\"><b>T\u00e4rkeimm\u00e4t ominaisuudet:<\/b><\/h2>\n<ul data-path-to-node=\"16\">\n<li>\n<p data-path-to-node=\"16,0,0\"><b>Kaksi mallivaihtoehtoa:<\/b> Valitse seuraavista <b>Yksiv\u00e4rinen hehku<\/b> tai <b>Moniv\u00e4rinen vilkku<\/b> malli.<\/p>\n<\/li>\n<li>\n<p data-path-to-node=\"16,1,0\"><b>Ilman painatusta manuaalinen ohjaus:<\/b> Molemmissa malleissa on Ilman painatusta p\u00e4\u00e4lle\/pois-kytkin.<\/p>\n<\/li>\n<li>\n<p data-path-to-node=\"16,2,0\"><b>Eritt\u00e4in kevyt mukavuus:<\/b> Yksiv\u00e4rinen malli painaa vain 17 g, mik\u00e4 takaa t\u00e4ydellisen k\u00e4ytt\u00f6mukavuuden.<\/p>\n<\/li>\n<li>\n<p data-path-to-node=\"16,3,0\"><b>Pitk\u00e4 akunkesto:<\/b> Luotettava suorituskyky, yksiv\u00e4risen mallin kesto jopa 12 tuntia.<\/p>\n<\/li>\n<li>\n<p data-path-to-node=\"16,4,0\"><b>Mukautettu br\u00e4nd\u00e4ys:<\/b> Molemmissa malleissa on erillinen painatusalue yksiv\u00e4riselle (mustalla tai valkoisella) logolle.<\/p>\n<\/li>\n<li>\n<p data-path-to-node=\"16,5,0\"><b>K\u00e4ytt\u00f6valmis:<\/b> Toimii mukana tulevilla nappiparistoilla.<\/p>\n<\/li>\n<li>\n<p data-path-to-node=\"16,6,0\"><b>Ihanteellinen:<\/b> Irtotilaukset promootioihin, juhliin ja br\u00e4nditietoisuuskampanjoihin.<\/p>\n<\/li>\n<\/ul>\n<p data-path-to-node=\"17\">","protected":false},"excerpt":{"rendered":"<p>Valaise br\u00e4ndisi r\u00e4\u00e4t\u00e4l\u00f6idyill\u00e4 LED-hohtorannekkeillamme. N\u00e4m\u00e4 ultrakevyet TPU-rannekkeet ovat saatavilla yksiv\u00e4risin\u00e4, eloisina v\u00e4rein\u00e4, jotka sopivat t\u00e4ydellisesti tapahtumasi teemaan.<\/p>","protected":false},"featured_media":5035,"comment_status":"closed","ping_status":"closed","template":"","meta":[],"product_brand":[],"product_cat":[80],"product_tag":[],"class_list":{"0":"post-5034","1":"product","2":"type-product","3":"status-publish","4":"has-post-thumbnail","6":"product_cat-led-wristbands","8":"first","9":"instock","10":"shipping-taxable","11":"purchasable","12":"product-type-simple"},"_links":{"self":[{"href":"https:\/\/displayproducts.eu\/fi\/wp-json\/wp\/v2\/product\/5034","targetHints":{"allow":["GET"]}}],"collection":[{"href":"https:\/\/displayproducts.eu\/fi\/wp-json\/wp\/v2\/product"}],"about":[{"href":"https:\/\/displayproducts.eu\/fi\/wp-json\/wp\/v2\/types\/product"}],"replies":[{"embeddable":true,"href":"https:\/\/displayproducts.eu\/fi\/wp-json\/wp\/v2\/comments?post=5034"}],"wp:featuredmedia":[{"embeddable":true,"href":"https:\/\/displayproducts.eu\/fi\/wp-json\/wp\/v2\/media\/5035"}],"wp:attachment":[{"href":"https:\/\/displayproducts.eu\/fi\/wp-json\/wp\/v2\/media?parent=5034"}],"wp:term":[{"taxonomy":"product_brand","embeddable":true,"href":"https:\/\/displayproducts.eu\/fi\/wp-json\/wp\/v2\/product_brand?post=5034"},{"taxonomy":"product_cat","embeddable":true,"href":"https:\/\/displayproducts.eu\/fi\/wp-json\/wp\/v2\/product_cat?post=5034"},{"taxonomy":"product_tag","embeddable":true,"href":"https:\/\/displayproducts.eu\/fi\/wp-json\/wp\/v2\/product_tag?post=5034"}],"curies":[{"name":"wp","href":"https:\/\/api.w.org\/{rel}","templated":true}]}}