{"id":5012,"date":"2025-10-06T15:39:59","date_gmt":"2025-10-06T12:39:59","guid":{"rendered":"https:\/\/wristbandfactory.eu\/?post_type=product&#038;p=5012"},"modified":"2026-04-01T21:52:35","modified_gmt":"2026-04-01T18:52:35","slug":"remote-controlled-fabric-led-wristbands","status":"publish","type":"product","link":"https:\/\/displayproducts.eu\/fi\/p\/remote-controlled-fabric-led-wristbands\/","title":{"rendered":"Kauko-ohjattavat kangas-LED-rannekkeet"},"content":{"rendered":"<p data-path-to-node=\"11\">Nosta tapahtumasi tasoa ensiluokkaisilla kauko-ohjattavilla kankaisilla LED-rannekkeillamme. T\u00e4m\u00e4 on t\u00e4ydellinen ratkaisu B2B-asiakkaille ja korkealuokkaisiin tapahtumiin, jotka vaativat tekstiilisen rannekkeen mukavuutta ja ensiluokkaista tuntumaa yhdistettyn\u00e4 synkronoidun valoshow&#039;n upeaan visuaaliseen vaikutelmaan. Kaikki mallit ovat yhteensopivia keskitetyn kaukos\u00e4\u00e4timen ja DMX-ohjaimen kanssa (myyd\u00e4\u00e4n erikseen), mink\u00e4 ansiosta yksi k\u00e4ytt\u00e4j\u00e4 voi hallita kaikkia tapahtumapaikan rannekkeita samanaikaisesti.<\/p>\n<p data-path-to-node=\"12\">T\u00e4m\u00e4 on keskusyksikk\u00f6si kaikille kangaspohjaisille kauko-ohjattaville malleillemme. Kaikki mallit ovat yhteensopivia keskusyksik\u00f6n kanssa. <strong><a href=\"https:\/\/displayproducts.eu\/fi\/p\/remote-dmx-controllers-for-led-wristbands\/\">Kaukos\u00e4\u00e4din ja DMX-ohjain<\/a><\/strong> joka myyd\u00e4\u00e4n erikseen meid\u00e4n <strong><a href=\"https:\/\/displayproducts.eu\/fi\/c\/event-supplies\/\">Tapahtumatarvikkeet<\/a><\/strong> luokka. T\u00e4m\u00e4n ohjaimen avulla yksi k\u00e4ytt\u00e4j\u00e4 voi muuttaa LED-v\u00e4rej\u00e4 ja vilkkumiskuvioita kaikissa paikan rannekkeissa samanaikaisesti.<\/p>\n<h2>Valitse kangasmallisi<\/h2>\n<p data-path-to-node=\"14\">Valitse tapahtumasi esteettisiin ja teknisiin tarpeisiin sopiva kangasmalli:<\/p>\n<h2 data-path-to-node=\"11\">\u201cVakio\u201d kangasnauha (t\u00e4ysprintti)<\/h2>\n<h2 data-path-to-node=\"11\"><img fetchpriority=\"high\" decoding=\"async\" class=\"alignnone wp-image-5551\" src=\"https:\/\/displayproducts.eu\/wp-content\/uploads\/2025\/10\/standard-fabric.jpg\" alt=\"\" width=\"300\" height=\"300\" srcset=\"https:\/\/displayproducts.eu\/wp-content\/uploads\/2025\/10\/standard-fabric.jpg 1024w, https:\/\/displayproducts.eu\/wp-content\/uploads\/2025\/10\/standard-fabric-768x768.jpg 768w, https:\/\/displayproducts.eu\/wp-content\/uploads\/2025\/10\/standard-fabric-12x12.jpg 12w, https:\/\/displayproducts.eu\/wp-content\/uploads\/2025\/10\/standard-fabric-300x300.jpg 300w, https:\/\/displayproducts.eu\/wp-content\/uploads\/2025\/10\/standard-fabric-600x600.jpg 600w, https:\/\/displayproducts.eu\/wp-content\/uploads\/2025\/10\/standard-fabric-100x100.jpg 100w, https:\/\/displayproducts.eu\/wp-content\/uploads\/2025\/10\/standard-fabric-64x64.jpg 64w\" sizes=\"(max-width: 300px) 100vw, 300px\" \/><\/h2>\n<p data-path-to-node=\"12\">T\u00e4ss\u00e4 mallissa on kest\u00e4v\u00e4, pehme\u00e4 nailonranneke, jossa on kirkas, kauko-ohjattava LED-moduuli. Itse kangasranneke on t\u00e4ysin muokattavissa eloisalla, t\u00e4ysv\u00e4risell\u00e4 sublimaatiopainatuspainatuksella, joten se sopii erinomaisesti yksityiskohtaisiin logoihin tai monimutkaiseen tapahtumabr\u00e4nd\u00e4ykseen.<\/p>\n<ul data-path-to-node=\"13\">\n<li>\n<p data-path-to-node=\"13,0,0\"><b data-path-to-node=\"13,0,0\" data-index-in-node=\"0\">Paras k\u00e4ytt\u00f6kohde:<\/b> Yritystapahtumat, sponsorit ja perhejuhlat.<\/p>\n<\/li>\n<li>\n<p data-path-to-node=\"13,1,0\"><b data-path-to-node=\"13,1,0\" data-index-in-node=\"0\">Akun kesto:<\/b> 12 tunnin k\u00e4ytt\u00f6aika kahdella vaihdettavalla CR2032-paristolla.<\/p>\n<\/li>\n<\/ul>\n<h2 data-path-to-node=\"14\">\u201c360\u00b0 valoisa\u201d kangasnauha<\/h2>\n<p><img decoding=\"async\" class=\"alignnone wp-image-5044\" src=\"https:\/\/displayproducts.eu\/wp-content\/uploads\/2025\/10\/360\u00b0-Luminous-Remote-LED-Wristbands_main-e1763322702945.jpg\" alt=\"\" width=\"300\" height=\"131\" srcset=\"https:\/\/displayproducts.eu\/wp-content\/uploads\/2025\/10\/360\u00b0-Luminous-Remote-LED-Wristbands_main-e1763322702945.jpg 1080w, https:\/\/displayproducts.eu\/wp-content\/uploads\/2025\/10\/360\u00b0-Luminous-Remote-LED-Wristbands_main-e1763322702945-768x336.jpg 768w, https:\/\/displayproducts.eu\/wp-content\/uploads\/2025\/10\/360\u00b0-Luminous-Remote-LED-Wristbands_main-e1763322702945-18x8.jpg 18w, https:\/\/displayproducts.eu\/wp-content\/uploads\/2025\/10\/360\u00b0-Luminous-Remote-LED-Wristbands_main-e1763322702945-600x263.jpg 600w, https:\/\/displayproducts.eu\/wp-content\/uploads\/2025\/10\/360\u00b0-Luminous-Remote-LED-Wristbands_main-e1763322702945-64x28.jpg 64w\" sizes=\"(max-width: 300px) 100vw, 300px\" \/><\/p>\n<p data-path-to-node=\"19\">T\u00e4ss\u00e4 innovatiivisessa mallissa on integroidut LEDit <b>mukavan nailonnauhan koko pituudelta<\/b>, joka tarjoaa t\u00e4ydellisen, ymp\u00e4r\u00f6iv\u00e4n valaistuksen. T\u00e4m\u00e4 ainutlaatuinen muotoilu takaa upean visuaalisen vaikutelman joka kulmasta.<\/p>\n<ul data-path-to-node=\"20\">\n<li>\n<p data-path-to-node=\"20,0,0\"><b>Paras k\u00e4ytt\u00f6kohde:<\/b> Tapahtumia, jotka vaativat ehdottoman maksimaalista visuaalista n\u00e4ytt\u00e4vyytt\u00e4.<\/p>\n<\/li>\n<li>\n<p data-path-to-node=\"20,1,0\"><b>Akku:<\/b> 8 tunnin (2 x CR2032)<\/p>\n<\/li>\n<\/ul>\n<h2 data-path-to-node=\"17\">\u201cHybridi\u201d kangas- ja silikoniranneke<\/h2>\n<p><img decoding=\"async\" class=\"alignnone wp-image-5552\" src=\"https:\/\/displayproducts.eu\/wp-content\/uploads\/2025\/10\/hybrid-led.jpg\" alt=\"\" width=\"300\" height=\"300\" srcset=\"https:\/\/displayproducts.eu\/wp-content\/uploads\/2025\/10\/hybrid-led.jpg 2048w, https:\/\/displayproducts.eu\/wp-content\/uploads\/2025\/10\/hybrid-led-768x768.jpg 768w, https:\/\/displayproducts.eu\/wp-content\/uploads\/2025\/10\/hybrid-led-1536x1536.jpg 1536w, https:\/\/displayproducts.eu\/wp-content\/uploads\/2025\/10\/hybrid-led-12x12.jpg 12w, https:\/\/displayproducts.eu\/wp-content\/uploads\/2025\/10\/hybrid-led-300x300.jpg 300w, https:\/\/displayproducts.eu\/wp-content\/uploads\/2025\/10\/hybrid-led-600x600.jpg 600w, https:\/\/displayproducts.eu\/wp-content\/uploads\/2025\/10\/hybrid-led-100x100.jpg 100w, https:\/\/displayproducts.eu\/wp-content\/uploads\/2025\/10\/hybrid-led-64x64.jpg 64w\" sizes=\"(max-width: 300px) 100vw, 300px\" \/><\/p>\n<p data-path-to-node=\"22\">T\u00e4ss\u00e4 mallissa yhdistyv\u00e4t pehme\u00e4 kangasranneke ja mukava, sile\u00e4 silikoni\/ABS-muovista valmistettu LED-moduuli, mik\u00e4 tarjoaa ainutlaatuisen yhdistelm\u00e4n mukavuutta ja kest\u00e4vyytt\u00e4 usean p\u00e4iv\u00e4n k\u00e4ytt\u00f6\u00f6n.<\/p>\n<ul data-path-to-node=\"23\">\n<li>\n<p data-path-to-node=\"23,0,0\"><b>Paras k\u00e4ytt\u00f6kohde:<\/b> Monip\u00e4iv\u00e4iset festivaalit, joissa tarvitaan sek\u00e4 mukavuutta ett\u00e4 kest\u00e4v\u00e4\u00e4 muotoilua.<\/p>\n<\/li>\n<li>\n<p data-path-to-node=\"23,1,0\"><b>Akku:<\/b> 12 tunnin (2 x CR2032)<\/p>\n<\/li>\n<\/ul>\n<h2 data-path-to-node=\"20\">T\u00e4rkeimm\u00e4t ominaisuudet ja teknologia<\/h2>\n<ul data-path-to-node=\"21\">\n<li>\n<p data-path-to-node=\"21,0,0\"><b data-path-to-node=\"21,0,0\" data-index-in-node=\"0\">Keskitetty RF\/DMX-ohjaus:<\/b> Kaikki kangasmallit synkronoidaan keskusohjaimeen reaaliaikaisia v\u00e4ri- ja kuviomuutoksia varten.<\/p>\n<\/li>\n<li>\n<p data-path-to-node=\"21,1,0\"><b data-path-to-node=\"21,1,0\" data-index-in-node=\"0\">S\u00e4\u00e4dett\u00e4v\u00e4 istuvuus:<\/b> Saatavilla erilaisilla lukitusmekanismeilla (helmet tai lenkit), jotta ne sopivat turvallisesti kaikille vieraille.<\/p>\n<\/li>\n<li>\n<p data-path-to-node=\"21,2,0\"><b data-path-to-node=\"21,2,0\" data-index-in-node=\"0\">Mukautettu br\u00e4nd\u00e4ys:<\/b> Kangashihnassa on suuri, hyvin n\u00e4kyv\u00e4 alue ensiluokkaista yksiv\u00e4rist\u00e4 tai neliv\u00e4rist\u00e4 painatusta varten.<\/p>\n<\/li>\n<li>\n<p data-path-to-node=\"21,3,0\"><b data-path-to-node=\"21,3,0\" data-index-in-node=\"0\">Pitk\u00e4 kantama:<\/b> Luotettava signaalin vastaanotto jopa 300\u2013500 metrin p\u00e4\u00e4h\u00e4n suurissa tiloissa.<\/p>\n<\/li>\n<\/ul>\n<h2 data-path-to-node=\"22\">Tekniset tiedot<\/h2>\n<ul data-path-to-node=\"23\">\n<li>\n<p data-path-to-node=\"23,0,0\"><b data-path-to-node=\"23,0,0\" data-index-in-node=\"0\">Hihnan materiaali:<\/b> Pehme\u00e4 polyesteri tai nailon (15x350 mm).<\/p>\n<\/li>\n<li>\n<p data-path-to-node=\"23,1,0\"><b data-path-to-node=\"23,1,0\" data-index-in-node=\"0\">Paino:<\/b> Noin 24 g.<\/p>\n<\/li>\n<li>\n<p data-path-to-node=\"23,2,0\"><b data-path-to-node=\"23,2,0\" data-index-in-node=\"0\">Taajuus:<\/b> 433 MHz (RF) \/ DMX512.<\/p>\n<\/li>\n<li>\n<p data-path-to-node=\"23,3,0\"><b data-path-to-node=\"23,3,0\" data-index-in-node=\"0\">Akku:<\/b> 2 x CR2032 (vaihdettavissa).<\/p>\n<\/li>\n<li>\n<p data-path-to-node=\"23,4,0\"><b data-path-to-node=\"23,4,0\" data-index-in-node=\"0\">Minimitilaus:<\/b> 100 yksikk\u00f6\u00e4.<\/p>\n<\/li>\n<\/ul>\n<h3><strong><a href=\"https:\/\/displayproducts.eu\/fi\/p\/remote-dmx-controllers-for-led-wristbands\/\">Kaukos\u00e4\u00e4din ja DMX-ohjain<\/a><\/strong><\/h3>\n<p><img loading=\"lazy\" decoding=\"async\" class=\"\" src=\"https:\/\/displayproducts.eu\/wp-content\/uploads\/2025\/10\/controller-2-scaled.jpeg\" width=\"365\" height=\"365\" \/><\/p>","protected":false},"excerpt":{"rendered":"<ul>\n<li>\n<p data-path-to-node=\"9,0,0\"><b data-path-to-node=\"9,0,0\" data-index-in-node=\"0\">Ensiluokkainen tapahtumakokemus:<\/b> Yhdist\u00e4\u00e4 tekstiilinauhojen pehme\u00e4n tuntuman edistyneeseen synkronoituun valaistustekniikkaan.<\/p>\n<\/li>\n<li>\n<p data-path-to-node=\"9,1,0\"><b data-path-to-node=\"9,1,0\" data-index-in-node=\"0\">Moniv\u00e4rinen sublimaatiopainatus:<\/b> Eritt\u00e4in muokattavissa olevat kangashihnat yksityiskohtaisia logoja ja eloisia br\u00e4ndikuvia varten.<\/p>\n<\/li>\n<li>\n<p data-path-to-node=\"9,2,0\"><b data-path-to-node=\"9,2,0\" data-index-in-node=\"0\">Stadionin mittakaavan hallinta:<\/b> Luotettava RF- ja DMX-synkronointi tuhansien yksik\u00f6iden v\u00e4lill\u00e4 samanaikaisesti.<\/p>\n<\/li>\n<li>\n<p data-path-to-node=\"9,3,0\"><b data-path-to-node=\"9,3,0\" data-index-in-node=\"0\">Pitk\u00e4kestoinen mukavuus:<\/b> Kevyt 24 g:n muotoilu, joka on suunniteltu usean p\u00e4iv\u00e4n festivaaleille ja yritystapahtumiin.<\/p>\n<\/li>\n<\/ul>","protected":false},"featured_media":5983,"comment_status":"closed","ping_status":"closed","template":"","meta":[],"product_brand":[],"product_cat":[80],"product_tag":[],"class_list":{"0":"post-5012","1":"product","2":"type-product","3":"status-publish","4":"has-post-thumbnail","6":"product_cat-led-wristbands","8":"first","9":"instock","10":"shipping-taxable","11":"purchasable","12":"product-type-simple"},"_links":{"self":[{"href":"https:\/\/displayproducts.eu\/fi\/wp-json\/wp\/v2\/product\/5012","targetHints":{"allow":["GET"]}}],"collection":[{"href":"https:\/\/displayproducts.eu\/fi\/wp-json\/wp\/v2\/product"}],"about":[{"href":"https:\/\/displayproducts.eu\/fi\/wp-json\/wp\/v2\/types\/product"}],"replies":[{"embeddable":true,"href":"https:\/\/displayproducts.eu\/fi\/wp-json\/wp\/v2\/comments?post=5012"}],"wp:featuredmedia":[{"embeddable":true,"href":"https:\/\/displayproducts.eu\/fi\/wp-json\/wp\/v2\/media\/5983"}],"wp:attachment":[{"href":"https:\/\/displayproducts.eu\/fi\/wp-json\/wp\/v2\/media?parent=5012"}],"wp:term":[{"taxonomy":"product_brand","embeddable":true,"href":"https:\/\/displayproducts.eu\/fi\/wp-json\/wp\/v2\/product_brand?post=5012"},{"taxonomy":"product_cat","embeddable":true,"href":"https:\/\/displayproducts.eu\/fi\/wp-json\/wp\/v2\/product_cat?post=5012"},{"taxonomy":"product_tag","embeddable":true,"href":"https:\/\/displayproducts.eu\/fi\/wp-json\/wp\/v2\/product_tag?post=5012"}],"curies":[{"name":"wp","href":"https:\/\/api.w.org\/{rel}","templated":true}]}}