{"id":4988,"date":"2025-10-06T14:34:19","date_gmt":"2025-10-06T11:34:19","guid":{"rendered":"https:\/\/wristbandfactory.eu\/?post_type=product&#038;p=4988"},"modified":"2026-04-01T21:52:35","modified_gmt":"2026-04-01T18:52:35","slug":"rechargeable-waterproof-led-sports-belt-for-runners","status":"publish","type":"product","link":"https:\/\/displayproducts.eu\/fi\/p\/rechargeable-waterproof-led-sports-belt-for-runners\/","title":{"rendered":"Ladattava ja vedenpit\u00e4v\u00e4 LED-urheiluvy\u00f6 juoksijoille"},"content":{"rendered":"<p>Pysy n\u00e4kyviss\u00e4 ja turvassa Wristbandfactoryn eritt\u00e4in n\u00e4kyv\u00e4n LED-urheiluvy\u00f6n avulla. T\u00e4m\u00e4 vy\u00f6 on suunniteltu urheilijoille, lapsille ja kaikille h\u00e4m\u00e4r\u00e4ss\u00e4 liikkuville, ja se on v\u00e4ltt\u00e4m\u00e4t\u00f6n turvavaruste. <span class=\"citation-148 citation-end-148\">Se on valmistettu mukavasta ja vedenpit\u00e4v\u00e4st\u00e4 Lycran ja TPU:n sekoituksesta, mik\u00e4 varmistaa sen toimivuuden kaikissa s\u00e4\u00e4olosuhteissa.<\/span>.<\/p>\n<p><span class=\"citation-147 citation-end-147\">Vy\u00f6 on kevyt, vain 60 g, ja sit\u00e4 voi s\u00e4\u00e4t\u00e4\u00e4 helposti 30 cm:n ja 60 cm:n v\u00e4lill\u00e4, mik\u00e4 takaa napakan ja turvallisen istuvuuden monenlaisille k\u00e4ytt\u00e4jille.<\/span>. <span class=\"citation-146 citation-end-146\">K\u00e4tev\u00e4ll\u00e4 ladattavalla litium-akulla varustettu urheiluvy\u00f6 tarjoaa mitatun 10 tunnin k\u00e4ytt\u00f6ajan yhdell\u00e4 latauksella.<\/span>. <span class=\"citation-145 citation-end-145\">Valitse nelj\u00e4st\u00e4 eri valaistustoiminnosta \u2013 pitk\u00e4 kirkas, nopea vilkkuminen, hidas vilkkuminen tai pois p\u00e4\u00e4lt\u00e4 \u2013 maksimoidaksesi n\u00e4kyvyytesi autoilijoille ja muille.<\/span>. <span class=\"citation-144 citation-end-144\">Tarjoamme t\u00e4t\u00e4 tuotetta vakio-OPP-pakkauksessa, ja omalla painatuksellaj\u00e4 pakkausratkaisuja on saatavilla tukkutason B2B-tilauksille kaikkialla Euroopassa.<\/span>.<\/p>\n<p><b>T\u00e4rkeimm\u00e4t ominaisuudet:<\/b><\/p>\n<ul>\n<li><span class=\"citation-143 citation-end-143\">Hyvin n\u00e4kyv\u00e4t LED-valot, joissa on nelj\u00e4 k\u00e4ytt\u00f6tilaa (pitk\u00e4 kirkas, nopea\/hidas vilkku, pois p\u00e4\u00e4lt\u00e4)<\/span>.<\/li>\n<li><span class=\"citation-142 citation-end-142\">T\u00e4ysin ladattava litiumparisto, jonka k\u00e4ytt\u00f6aika on 10 tuntia<\/span>.<\/li>\n<li><span class=\"citation-141 citation-end-141\">Valmistettu mukavista, vedenpit\u00e4vist\u00e4 Lycra- ja TPU-materiaaleista<\/span>.<\/li>\n<li><span class=\"citation-140 citation-end-140\">S\u00e4\u00e4dett\u00e4v\u00e4 koko 30 cm:st\u00e4 60 cm:iin t\u00e4ydellisen istuvuuden takaamiseksi<\/span>.<\/li>\n<li><span class=\"citation-139 citation-end-139\">Kevyt muotoilu, vain 60 g<\/span>.<\/li>\n<\/ul>","protected":false},"excerpt":{"rendered":"<p>Paranna turvallisuuttasi y\u00f6aktiviteeteissa ladattavalla LED-urheiluvy\u00f6ll\u00e4mme, joka on valmistettu vedenpit\u00e4v\u00e4st\u00e4 lycrasta \u00e4\u00e4rimm\u00e4isen mukavuuden ja kest\u00e4vyyden takaamiseksi. Nelj\u00e4n eri valotilan ansiosta t\u00e4m\u00e4 s\u00e4\u00e4dett\u00e4v\u00e4 vy\u00f6 varmistaa, ett\u00e4 pysyt n\u00e4kyviss\u00e4 liikenteelle juostessasi, py\u00f6r\u00e4illess\u00e4si tai k\u00e4velless\u00e4si.<\/p>","protected":false},"featured_media":4989,"comment_status":"closed","ping_status":"closed","template":"","meta":[],"product_brand":[],"product_cat":[68,118,45],"product_tag":[],"class_list":{"0":"post-4988","1":"product","2":"type-product","3":"status-publish","4":"has-post-thumbnail","6":"product_cat-event-supplies","7":"product_cat-sports-fitness","8":"product_cat-other","10":"first","11":"instock","12":"shipping-taxable","13":"purchasable","14":"product-type-simple"},"_links":{"self":[{"href":"https:\/\/displayproducts.eu\/fi\/wp-json\/wp\/v2\/product\/4988","targetHints":{"allow":["GET"]}}],"collection":[{"href":"https:\/\/displayproducts.eu\/fi\/wp-json\/wp\/v2\/product"}],"about":[{"href":"https:\/\/displayproducts.eu\/fi\/wp-json\/wp\/v2\/types\/product"}],"replies":[{"embeddable":true,"href":"https:\/\/displayproducts.eu\/fi\/wp-json\/wp\/v2\/comments?post=4988"}],"wp:featuredmedia":[{"embeddable":true,"href":"https:\/\/displayproducts.eu\/fi\/wp-json\/wp\/v2\/media\/4989"}],"wp:attachment":[{"href":"https:\/\/displayproducts.eu\/fi\/wp-json\/wp\/v2\/media?parent=4988"}],"wp:term":[{"taxonomy":"product_brand","embeddable":true,"href":"https:\/\/displayproducts.eu\/fi\/wp-json\/wp\/v2\/product_brand?post=4988"},{"taxonomy":"product_cat","embeddable":true,"href":"https:\/\/displayproducts.eu\/fi\/wp-json\/wp\/v2\/product_cat?post=4988"},{"taxonomy":"product_tag","embeddable":true,"href":"https:\/\/displayproducts.eu\/fi\/wp-json\/wp\/v2\/product_tag?post=4988"}],"curies":[{"name":"wp","href":"https:\/\/api.w.org\/{rel}","templated":true}]}}