{"id":4979,"date":"2025-10-06T14:21:01","date_gmt":"2025-10-06T11:21:01","guid":{"rendered":"https:\/\/wristbandfactory.eu\/?post_type=product&#038;p=4979"},"modified":"2026-04-01T21:52:35","modified_gmt":"2026-04-01T18:52:35","slug":"sound-activated-led-wristbands","status":"publish","type":"product","link":"https:\/\/displayproducts.eu\/fi\/p\/sound-activated-led-wristbands\/","title":{"rendered":"\"Musiikkiin reagoivat\" LED-rannekkeet logolla"},"content":{"rendered":"<p data-path-to-node=\"8\">Her\u00e4t\u00e4 rytmi eloon &quot;\u00e4\u00e4niaktivoituvilla&quot; LED-rannekkeillamme. N\u00e4m\u00e4 rannekkeet on suunniteltu energisiin ymp\u00e4rist\u00f6ihin, kuten y\u00f6kerhoihin, musiikkifestivaaleille ja live-konsertteihin, ja ne tekev\u00e4t jokaisesta vieraasta osa visuaalista esityst\u00e4. Toisin kuin DMX-j\u00e4rjestelm\u00e4t, n\u00e4m\u00e4 itsen\u00e4iset rannekkeet eiv\u00e4t vaadi teknist\u00e4 asennusta \u2013 ne yksinkertaisesti reagoivat ymp\u00e4rill\u00e4\u00e4n olevan musiikin voimakkuuksiin ja luovat sykkiv\u00e4n valomeren, joka vastaa tapahtumasi rytmi\u00e4.<\/p>\n<h2 data-path-to-node=\"9\">T\u00e4rkeimm\u00e4t ominaisuudet<\/h2>\n<ul data-path-to-node=\"10\">\n<li>\n<p data-path-to-node=\"10,0,0\"><b data-path-to-node=\"10,0,0\" data-index-in-node=\"0\">\u00c4lykk\u00e4\u00e4t akustiset anturit:<\/b> Kalibroitu havaitsemaan rytmisi\u00e4 kuvioita varmistaen, ett\u00e4 valo vilkkuu t\u00e4sm\u00e4lleen synkronoidusti basson ja diskantin kanssa.<\/p>\n<\/li>\n<li>\n<p data-path-to-node=\"10,1,0\"><b data-path-to-node=\"10,1,0\" data-index-in-node=\"0\">Plug-and-Play-yksinkertaisuus:<\/b> Ulkoisia ohjaimia tai ohjelmointia ei tarvita; rannekkeet ovat k\u00e4ytt\u00f6valmiita suoraan pakkauksesta otettaessa.<\/p>\n<\/li>\n<li>\n<p data-path-to-node=\"10,2,0\"><b data-path-to-node=\"10,2,0\" data-index-in-node=\"0\">Kirkkaat v\u00e4rivaihtoehdot:<\/b> Valitse laajasta LED-v\u00e4rivalikoimasta br\u00e4ndi-identiteettiisi tai tapahtumasi teemaan sopivaksi.<\/p>\n<\/li>\n<li>\n<p data-path-to-node=\"10,3,0\"><b data-path-to-node=\"10,3,0\" data-index-in-node=\"0\">Kest\u00e4v\u00e4 tampopainatus:<\/b> K\u00e4yt\u00e4mme ammattitason musteita varmistaaksemme, ett\u00e4 omalla painatuksella logosi pysyy ter\u00e4v\u00e4n\u00e4 ja n\u00e4kyv\u00e4n\u00e4 koko tapahtuman ajan.<\/p>\n<\/li>\n<\/ul>\n<h2 data-path-to-node=\"11\">Tekniset tiedot<\/h2>\n<ul data-path-to-node=\"12\">\n<li>\n<p data-path-to-node=\"12,0,0\"><b data-path-to-node=\"12,0,0\" data-index-in-node=\"0\">Ohjausmekanismi:<\/b> Eritt\u00e4in herkk\u00e4 sis\u00e4inen akustinen anturi.<\/p>\n<\/li>\n<li>\n<p data-path-to-node=\"12,1,0\"><b data-path-to-node=\"12,1,0\" data-index-in-node=\"0\">Materiaalit:<\/b> ABS-kotelo pehme\u00e4ll\u00e4 silikoni- tai PVC-kiinnityksell\u00e4.<\/p>\n<\/li>\n<li>\n<p data-path-to-node=\"12,2,0\"><b data-path-to-node=\"12,2,0\" data-index-in-node=\"0\">Paino:<\/b> 22 g.<\/p>\n<\/li>\n<li>\n<p data-path-to-node=\"12,3,0\"><b data-path-to-node=\"12,3,0\" data-index-in-node=\"0\">Akun kesto:<\/b> 8\u201312 tuntia aktiivista vilkkumista.<\/p>\n<\/li>\n<li>\n<p data-path-to-node=\"12,4,0\"><b data-path-to-node=\"12,4,0\" data-index-in-node=\"0\">Akun tyyppi:<\/b> 2 x CR2032 (sis\u00e4ltyv\u00e4t pakkaukseen ja ovat vaihdettavissa).<\/p>\n<\/li>\n<li>\n<p data-path-to-node=\"12,5,0\"><b data-path-to-node=\"12,5,0\" data-index-in-node=\"0\">Mukauttaminen:<\/b> Tarkka logopainatus LED-moduulissa.<\/p>\n<\/li>\n<\/ul>\n<h2 data-path-to-node=\"13\">K\u00e4ytt\u00f6tapaukset<\/h2>\n<ul data-path-to-node=\"14\">\n<li>\n<p data-path-to-node=\"14,0,0\"><b data-path-to-node=\"14,0,0\" data-index-in-node=\"0\">Y\u00f6kerhot ja VIP-juhlat:<\/b> Parantaa tanssilattian tunnelmaa ja lis\u00e4\u00e4 vieraiden sitoutumista.<\/p>\n<\/li>\n<li>\n<p data-path-to-node=\"14,1,0\"><b data-path-to-node=\"14,1,0\" data-index-in-node=\"0\">Musiikkifestivaalit:<\/b> Kustannustehokas tapa luoda massiivinen, reaktiivinen yleis\u00f6valoesitys.<\/p>\n<\/li>\n<li>\n<p data-path-to-node=\"14,2,0\"><b data-path-to-node=\"14,2,0\" data-index-in-node=\"0\">Konsertit ja kierrokset:<\/b> Valon avulla vahvistetaan esiintyj\u00e4n ja yleis\u00f6n v\u00e4list\u00e4 yhteytt\u00e4.<\/p>\n<\/li>\n<li>\n<p data-path-to-node=\"14,3,0\"><b data-path-to-node=\"14,3,0\" data-index-in-node=\"0\">Yritysgaalaillalliset:<\/b> Huipputeknologisen ja interaktiivisen elementin lis\u00e4\u00e4minen palkintojenjakotilaisuuksiin ja -jakotilaisuuksiin.<\/p>\n<\/li>\n<\/ul>\n<p data-path-to-node=\"15\">","protected":false},"excerpt":{"rendered":"<ul>\n<li>\n<p data-path-to-node=\"7,0,0\"><b data-path-to-node=\"7,0,0\" data-index-in-node=\"0\">Musiikin synkronointitekniikka:<\/b> Integroidut akustiset anturit mahdollistavat LED-valojen vilkkumisen t\u00e4ydellisess\u00e4 harmoniassa ymp\u00e4rist\u00f6n rytmin tai v\u00e4kijoukon melun kanssa.<\/p>\n<\/li>\n<li>\n<p data-path-to-node=\"7,1,0\"><b data-path-to-node=\"7,1,0\" data-index-in-node=\"0\">Autonominen toiminta:<\/b> Ei tarvita ohjaimia tai kaukos\u00e4\u00e4timi\u00e4 \u2013 itsen\u00e4inen valoshow, joka reagoi v\u00e4litt\u00f6m\u00e4sti ymp\u00e4rist\u00f6\u00f6n.<\/p>\n<\/li>\n<li>\n<p data-path-to-node=\"7,2,0\"><b data-path-to-node=\"7,2,0\" data-index-in-node=\"0\">Kevyt ja kest\u00e4v\u00e4:<\/b> Mukava 22 g:n muotoilu ja iskunkest\u00e4v\u00e4 ABS-kuori sopivat t\u00e4ydellisesti koko y\u00f6n kest\u00e4ville festivaaleille ja konsertteihin.<\/p>\n<\/li>\n<li>\n<p data-path-to-node=\"7,3,0\"><b data-path-to-node=\"7,3,0\" data-index-in-node=\"0\">Vaikuttava br\u00e4nd\u00e4ys:<\/b> Erillinen painatusalue eloisalle yksiv\u00e4riselle tai moniv\u00e4riselle yrityslogolle.<\/p>\n<\/li>\n<\/ul>","protected":false},"featured_media":6003,"comment_status":"closed","ping_status":"closed","template":"","meta":[],"product_brand":[],"product_cat":[80],"product_tag":[],"class_list":{"0":"post-4979","1":"product","2":"type-product","3":"status-publish","4":"has-post-thumbnail","6":"product_cat-led-wristbands","8":"first","9":"instock","10":"shipping-taxable","11":"purchasable","12":"product-type-simple"},"_links":{"self":[{"href":"https:\/\/displayproducts.eu\/fi\/wp-json\/wp\/v2\/product\/4979","targetHints":{"allow":["GET"]}}],"collection":[{"href":"https:\/\/displayproducts.eu\/fi\/wp-json\/wp\/v2\/product"}],"about":[{"href":"https:\/\/displayproducts.eu\/fi\/wp-json\/wp\/v2\/types\/product"}],"replies":[{"embeddable":true,"href":"https:\/\/displayproducts.eu\/fi\/wp-json\/wp\/v2\/comments?post=4979"}],"wp:featuredmedia":[{"embeddable":true,"href":"https:\/\/displayproducts.eu\/fi\/wp-json\/wp\/v2\/media\/6003"}],"wp:attachment":[{"href":"https:\/\/displayproducts.eu\/fi\/wp-json\/wp\/v2\/media?parent=4979"}],"wp:term":[{"taxonomy":"product_brand","embeddable":true,"href":"https:\/\/displayproducts.eu\/fi\/wp-json\/wp\/v2\/product_brand?post=4979"},{"taxonomy":"product_cat","embeddable":true,"href":"https:\/\/displayproducts.eu\/fi\/wp-json\/wp\/v2\/product_cat?post=4979"},{"taxonomy":"product_tag","embeddable":true,"href":"https:\/\/displayproducts.eu\/fi\/wp-json\/wp\/v2\/product_tag?post=4979"}],"curies":[{"name":"wp","href":"https:\/\/api.w.org\/{rel}","templated":true}]}}