{"id":4966,"date":"2025-10-06T14:11:43","date_gmt":"2025-10-06T11:11:43","guid":{"rendered":"https:\/\/wristbandfactory.eu\/?post_type=product&#038;p=4966"},"modified":"2026-04-01T21:52:35","modified_gmt":"2026-04-01T18:52:35","slug":"custom-rfid-fabric-wristbands","status":"publish","type":"product","link":"https:\/\/displayproducts.eu\/fi\/p\/custom-rfid-fabric-wristbands\/","title":{"rendered":"RFID-festivaalirannekkeet"},"content":{"rendered":"<p data-path-to-node=\"10\">Virtaviivaista tapahtumatoimintojasi meid\u00e4n avullamme <b data-path-to-node=\"10\" data-index-in-node=\"67\">RFID-festivaalirannekkeet<\/b>, alan standardi k\u00e4teismaksuttomille festivaaleille ja korkean turvallisuuden tapahtumapaikoille. Klassinen muotoilu yhdist\u00e4\u00e4 pehme\u00e4n, kudotun tai satiinisen polyesterirannekkeen kest\u00e4v\u00e4\u00e4n <b data-path-to-node=\"10\" data-index-in-node=\"250\">PVC-\u00e4lyk\u00e4s liukus\u00e4\u00e4din<\/b> joka suojaa RFID-sirua vedelt\u00e4 ja iskuilta.<\/p>\n<p data-path-to-node=\"11\"><b data-path-to-node=\"11\" data-index-in-node=\"0\">Tarvitsetko Premium-p\u00e4ivityksen?<\/b> Vaikka PVC-liukus\u00e4\u00e4din on suosituin ja kustannustehokkain vaihtoehtomme, tarjoamme my\u00f6s <b data-path-to-node=\"11\" data-index-in-node=\"106\">Upotettu RFID-teknologia<\/b>. T\u00e4ss\u00e4 premium-versiossa siru on hermeettisesti suljettu suoraan tekstiilikerrosten sis\u00e4\u00e4n, mik\u00e4 luo t\u00e4ysin sile\u00e4n, liukus\u00e4\u00e4timett\u00f6m\u00e4n rannekkeen, joka tuntuu tavalliselta kangasrannekkeelta. <i data-path-to-node=\"11\" data-index-in-node=\"316\">Ota yhteytt\u00e4 tiimiimme ja pyyd\u00e4 sulautettua \/ siru-band-mallia.<\/i><\/p>\n<p data-path-to-node=\"12\">Molemmat versiot tarjoavat <b data-path-to-node=\"12\" data-index-in-node=\"20\">kaksi erillist\u00e4 br\u00e4nd\u00e4yspintaa<\/b>Rannekkeeseen itseens\u00e4 tehd\u00e4\u00e4n korkearesoluutioinen sublimaatiopainatuspainatus ja (liukus\u00e4\u00e4timell\u00e4 varustetussa mallissa) PVC-tarraan on tehty omalla painatuksella painatus tai laserkaiverrus.<\/p>\n<h2 data-path-to-node=\"13\">T\u00e4rkeimm\u00e4t ominaisuudet<\/h2>\n<ul data-path-to-node=\"14\">\n<li>\n<p data-path-to-node=\"14,0,0\"><b data-path-to-node=\"14,0,0\" data-index-in-node=\"0\">Monipuoliset vaihtoehdot:<\/b> Valitse standardin v\u00e4lill\u00e4 <b data-path-to-node=\"14,0,0\" data-index-in-node=\"47\">Kova PVC-liukus\u00e4\u00e4din<\/b> (kest\u00e4vyyden maksimoimiseksi) tai <b data-path-to-node=\"14,0,0\" data-index-in-node=\"95\">Upotettu \u00e4lykudos<\/b> (maksimaalisen mukavuuden takaamiseksi).<\/p>\n<\/li>\n<li>\n<p data-path-to-node=\"14,1,0\"><b data-path-to-node=\"14,1,0\" data-index-in-node=\"0\">Luotettava skannaus:<\/b> Korkealaatuiset antennit takaavat nopean lukemisen porteilla ja baareissa mallista riippumatta.<\/p>\n<\/li>\n<li>\n<p data-path-to-node=\"14,2,0\"><b data-path-to-node=\"14,2,0\" data-index-in-node=\"0\">Sirun joustavuus:<\/b> Yhteensopiva Mifare 1K-, NTAG213-, I-CODE SLIX- ja UHF-sirujen kanssa j\u00e4rjestelm\u00e4\u00e4si sopivaksi.<\/p>\n<\/li>\n<li>\n<p data-path-to-node=\"14,3,0\"><b data-path-to-node=\"14,3,0\" data-index-in-node=\"0\">Tamper-Evident -lukot:<\/b> Turvalliset yksisuuntaiset liukulukot takaavat, ettei ranneketta voida siirt\u00e4\u00e4 vieraalta toiselle.<\/p>\n<\/li>\n<\/ul>\n<h2 data-path-to-node=\"15\">Tekniset tiedot<\/h2>\n<ul data-path-to-node=\"16\">\n<li>\n<p data-path-to-node=\"16,0,0\"><b data-path-to-node=\"16,0,0\" data-index-in-node=\"0\">B\u00e4ndimateriaali:<\/b> Polyesteri (sublimaatiopainatus tai kudottu)<\/p>\n<\/li>\n<li>\n<p data-path-to-node=\"16,1,0\"><b data-path-to-node=\"16,1,0\" data-index-in-node=\"0\">Vakiomalli:<\/b> PVC-liukulaatta (35x25mm)<\/p>\n<\/li>\n<li>\n<p data-path-to-node=\"16,2,0\"><b data-path-to-node=\"16,2,0\" data-index-in-node=\"0\">Premium-malli:<\/b> Upotettu siru (n\u00e4kym\u00e4t\u00f6n)<\/p>\n<\/li>\n<li>\n<p data-path-to-node=\"16,3,0\"><b data-path-to-node=\"16,3,0\" data-index-in-node=\"0\">Sirun taajuus:<\/b> 13,56 MHz (HF) \/ 860\u2013960 MHz (UHF)<\/p>\n<\/li>\n<li>\n<p data-path-to-node=\"16,4,0\"><b data-path-to-node=\"16,4,0\" data-index-in-node=\"0\">Painatus:<\/b> Moniv\u00e4rinen CMYK<\/p>\n<\/li>\n<li>\n<p data-path-to-node=\"16,5,0\"><b data-path-to-node=\"16,5,0\" data-index-in-node=\"0\">Vedenpit\u00e4v\u00e4:<\/b> Kyll\u00e4 (IP68)<\/p>\n<\/li>\n<\/ul>\n<h2 data-path-to-node=\"17\">K\u00e4ytt\u00f6tapaukset<\/h2>\n<ul data-path-to-node=\"18\">\n<li>\n<p data-path-to-node=\"18,0,0\"><b data-path-to-node=\"18,0,0\" data-index-in-node=\"0\">Musiikkifestivaalit:<\/b> Nopea sis\u00e4\u00e4np\u00e4\u00e4sy ja k\u00e4teismaksut v\u00e4hent\u00e4v\u00e4t jonoja ja lis\u00e4\u00e4v\u00e4t baarin tuloja.<\/p>\n<\/li>\n<li>\n<p data-path-to-node=\"18,1,0\"><b data-path-to-node=\"18,1,0\" data-index-in-node=\"0\">VIP-p\u00e4\u00e4sy:<\/b> K\u00e4yt\u00e4 <b data-path-to-node=\"18,1,0\" data-index-in-node=\"20\">Upotettu<\/b> versio VIP-vieraille, jotka odottavat korkeampaa mukavuutta ja eksklusiivisuutta.<\/p>\n<\/li>\n<li>\n<p data-path-to-node=\"18,2,0\"><b data-path-to-node=\"18,2,0\" data-index-in-node=\"0\">Vesipuistot:<\/b> Kest\u00e4v\u00e4 rakenne kest\u00e4\u00e4 klooria ja t\u00e4ydellisen upotuksen.<\/p>\n<\/li>\n<li>\n<p data-path-to-node=\"18,3,0\"><b data-path-to-node=\"18,3,0\" data-index-in-node=\"0\">Br\u00e4ndiaktivoinnit:<\/b> \u201cNapauta muodostaaksesi yhteyden sosiaaliseen mediaan tai avataksesi digitaalisen sis\u00e4ll\u00f6n.<\/p>\n<\/li>\n<\/ul>","protected":false},"excerpt":{"rendered":"<ul>\n<li>\n<p data-path-to-node=\"9,0,0\"><b data-path-to-node=\"9,0,0\" data-index-in-node=\"0\">\u00c4lyk\u00e4s liukus\u00e4\u00e4dintekniikka:<\/b> Vakiomallissa on kest\u00e4v\u00e4 PVC-tunniste, joka sis\u00e4lt\u00e4\u00e4 RFID-sirun luotettavaa skannausta varten.<\/p>\n<\/li>\n<li>\n<p data-path-to-node=\"9,1,0\"><b data-path-to-node=\"9,1,0\" data-index-in-node=\"0\">Saatavilla oleva premium-vaihtoehto:<\/b> Etsitk\u00f6 tyylikk\u00e4\u00e4mp\u00e4\u00e4 ilmett\u00e4? Kysy lis\u00e4\u00e4 <b data-path-to-node=\"9,1,0\" data-index-in-node=\"68\">\u201c&quot;Siru taajuusalueella&quot;\u201d<\/b> ratkaisu, jossa siru on piilossa kankaan sis\u00e4ll\u00e4.<\/p>\n<\/li>\n<li>\n<p data-path-to-node=\"9,2,0\"><b data-path-to-node=\"9,2,0\" data-index-in-node=\"0\">K\u00e4teismaksuvalmius:<\/b> Integroidut sirut (Mifare, NTAG) mahdollistavat nopeat \u201cTap &amp; Go\u201d -maksut ja kulunvalvonnan.<\/p>\n<\/li>\n<li>\n<p data-path-to-node=\"9,3,0\"><b data-path-to-node=\"9,3,0\" data-index-in-node=\"0\">Korkea turvallisuus:<\/b> Turvalliset lukitushampaat est\u00e4v\u00e4t siirto- ja lippupetokset.<\/p>\n<\/li>\n<\/ul>","protected":false},"featured_media":5933,"comment_status":"closed","ping_status":"closed","template":"","meta":[],"product_brand":[],"product_cat":[47,81,88],"product_tag":[],"class_list":{"0":"post-4966","1":"product","2":"type-product","3":"status-publish","4":"has-post-thumbnail","6":"product_cat-fabric-wristbands","7":"product_cat-rfid","8":"product_cat-smart-wristbands","10":"first","11":"instock","12":"shipping-taxable","13":"purchasable","14":"product-type-simple"},"_links":{"self":[{"href":"https:\/\/displayproducts.eu\/fi\/wp-json\/wp\/v2\/product\/4966","targetHints":{"allow":["GET"]}}],"collection":[{"href":"https:\/\/displayproducts.eu\/fi\/wp-json\/wp\/v2\/product"}],"about":[{"href":"https:\/\/displayproducts.eu\/fi\/wp-json\/wp\/v2\/types\/product"}],"replies":[{"embeddable":true,"href":"https:\/\/displayproducts.eu\/fi\/wp-json\/wp\/v2\/comments?post=4966"}],"wp:featuredmedia":[{"embeddable":true,"href":"https:\/\/displayproducts.eu\/fi\/wp-json\/wp\/v2\/media\/5933"}],"wp:attachment":[{"href":"https:\/\/displayproducts.eu\/fi\/wp-json\/wp\/v2\/media?parent=4966"}],"wp:term":[{"taxonomy":"product_brand","embeddable":true,"href":"https:\/\/displayproducts.eu\/fi\/wp-json\/wp\/v2\/product_brand?post=4966"},{"taxonomy":"product_cat","embeddable":true,"href":"https:\/\/displayproducts.eu\/fi\/wp-json\/wp\/v2\/product_cat?post=4966"},{"taxonomy":"product_tag","embeddable":true,"href":"https:\/\/displayproducts.eu\/fi\/wp-json\/wp\/v2\/product_tag?post=4966"}],"curies":[{"name":"wp","href":"https:\/\/api.w.org\/{rel}","templated":true}]}}