{"id":4277,"date":"2025-06-05T15:54:38","date_gmt":"2025-06-05T12:54:38","guid":{"rendered":"https:\/\/wristbandfactory.eu\/?post_type=product&#038;p=4277"},"modified":"2026-04-01T21:52:35","modified_gmt":"2026-04-01T18:52:35","slug":"extra-large-reusable-event-cups-900ml","status":"publish","type":"product","link":"https:\/\/displayproducts.eu\/fi\/p\/extra-large-reusable-event-cups-900ml\/","title":{"rendered":"Eritt\u00e4in suuret uudelleenk\u00e4ytett\u00e4v\u00e4t tapahtumamukit (900 ml)"},"content":{"rendered":"<p data-path-to-node=\"8\">Kun ilman painatusta muki ei riit\u00e4, 900 ml:n eritt\u00e4in suuri uudelleenk\u00e4ytett\u00e4v\u00e4 tapahtumamukimme on ihanteellinen ratkaisu. T\u00e4m\u00e4 muki on suunniteltu erityisesti tiloihin, joissa suuret juomam\u00e4\u00e4r\u00e4t ja harvempi t\u00e4ytt\u00f6tiheys ovat v\u00e4ltt\u00e4m\u00e4tt\u00f6mi\u00e4, ja se sopii t\u00e4ydellisesti urheiluareenoille, vilkkaille ulkoilmafestivaaleille ja terveyskampanjoihin.<\/p>\n<p data-path-to-node=\"9\">Tarjoamalla huomattavasti suuremman tilavuuden kuin tavallisissa 500 ml:n kupeissa, 900 ml:n Malsuk-malli parantaa palvelun tehokkuutta ja lis\u00e4\u00e4 k\u00e4ytt\u00f6mukavuutta.<\/p>\n<p data-path-to-node=\"10\">T\u00e4m\u00e4 kuppi on valmistettu joustavasta ja kest\u00e4v\u00e4st\u00e4 PP (polypropeeni) -muovista, ja se on suunniteltu pitk\u00e4aikaiseen ja luotettavaan k\u00e4ytt\u00f6\u00f6n. Se on sertifioitu BPA-vapaaksi ja siin\u00e4 on puhdas, puolil\u00e4pin\u00e4kyv\u00e4 pinta.<\/p>\n<p data-path-to-node=\"11\">T\u00e4m\u00e4 eritt\u00e4in suuri tilavuus tarjoaa my\u00f6s eritt\u00e4in laajan br\u00e4nd\u00e4ysmahdollisuuden. Mukissa on valtava 270 x 70 mm:n painatusalue, jonka avulla logosi tai kampanjaviestisi voidaan esitt\u00e4\u00e4 n\u00e4kyv\u00e4sti yksiv\u00e4risell\u00e4 silkkipainatuksella.<\/p>\n<p data-path-to-node=\"12\"><b>T\u00e4rkeimm\u00e4t ominaisuudet:<\/b><\/p>\n<ul data-path-to-node=\"13\">\n<li>\n<p data-path-to-node=\"13,0,0\"><b>Eritt\u00e4in suuri 900 ml:n tilavuus:<\/b> Ihanteellinen suurempien juomien tarjoiluun ja t\u00e4ytt\u00f6tarpeen minimoimiseen vilkkaasti liikenn\u00f6idyiss\u00e4 tapahtumissa.<\/p>\n<\/li>\n<li>\n<p data-path-to-node=\"13,1,0\"><b>Kest\u00e4v\u00e4 ja joustava materiaali:<\/b> Valmistettu pitk\u00e4ik\u00e4isest\u00e4, uudelleenk\u00e4ytett\u00e4v\u00e4st\u00e4 PP-muovista.<\/p>\n<\/li>\n<li>\n<p data-path-to-node=\"13,2,0\"><b>Terveysyst\u00e4v\u00e4llinen:<\/b> Sertifioitu 100% BPA-vapaa.<\/p>\n<\/li>\n<li>\n<p data-path-to-node=\"13,3,0\"><b>L\u00e4pin\u00e4kyv\u00e4 viimeistely:<\/b> Tarjoaa puhtaan ja modernin ilmeen pit\u00e4en samalla sis\u00e4ll\u00f6n n\u00e4kyviss\u00e4.<\/p>\n<\/li>\n<li>\n<p data-path-to-node=\"13,4,0\"><b>Massiivinen painatusalue:<\/b> Tarjoaa 270 x 70 mm:n alueen tehokkaaseen yksiv\u00e4riseen silkkipainatukseen.<\/p>\n<\/li>\n<\/ul>","protected":false},"excerpt":{"rendered":"<ul data-path-to-node=\"7\">\n<li>\n<p data-path-to-node=\"7,0,0\">Eritt\u00e4in suuri 900 ml:n tilavuus v\u00e4hent\u00e4\u00e4 t\u00e4ytt\u00f6kertoja suurissa tiloissa.<\/p>\n<\/li>\n<li>\n<p data-path-to-node=\"7,1,0\">Valmistettu joustavasta, kest\u00e4v\u00e4st\u00e4 ja BPA-vapaasta PP-muovista.<\/p>\n<\/li>\n<li>\n<p data-path-to-node=\"7,2,0\">Siin\u00e4 on puhdas, puolil\u00e4pin\u00e4kyv\u00e4 viimeistely.<\/p>\n<\/li>\n<li>\n<p data-path-to-node=\"7,3,0\">Valtava 270 x 70 mm:n painatusalue yksiv\u00e4riseen silkkipainatukseen.<\/p>\n<\/li>\n<\/ul>","protected":false},"featured_media":6493,"comment_status":"closed","ping_status":"closed","template":"","meta":[],"product_brand":[],"product_cat":[111],"product_tag":[],"class_list":{"0":"post-4277","1":"product","2":"type-product","3":"status-publish","4":"has-post-thumbnail","6":"product_cat-reusable-event-cups","8":"first","9":"instock","10":"shipping-taxable","11":"purchasable","12":"product-type-simple"},"_links":{"self":[{"href":"https:\/\/displayproducts.eu\/fi\/wp-json\/wp\/v2\/product\/4277","targetHints":{"allow":["GET"]}}],"collection":[{"href":"https:\/\/displayproducts.eu\/fi\/wp-json\/wp\/v2\/product"}],"about":[{"href":"https:\/\/displayproducts.eu\/fi\/wp-json\/wp\/v2\/types\/product"}],"replies":[{"embeddable":true,"href":"https:\/\/displayproducts.eu\/fi\/wp-json\/wp\/v2\/comments?post=4277"}],"wp:featuredmedia":[{"embeddable":true,"href":"https:\/\/displayproducts.eu\/fi\/wp-json\/wp\/v2\/media\/6493"}],"wp:attachment":[{"href":"https:\/\/displayproducts.eu\/fi\/wp-json\/wp\/v2\/media?parent=4277"}],"wp:term":[{"taxonomy":"product_brand","embeddable":true,"href":"https:\/\/displayproducts.eu\/fi\/wp-json\/wp\/v2\/product_brand?post=4277"},{"taxonomy":"product_cat","embeddable":true,"href":"https:\/\/displayproducts.eu\/fi\/wp-json\/wp\/v2\/product_cat?post=4277"},{"taxonomy":"product_tag","embeddable":true,"href":"https:\/\/displayproducts.eu\/fi\/wp-json\/wp\/v2\/product_tag?post=4277"}],"curies":[{"name":"wp","href":"https:\/\/api.w.org\/{rel}","templated":true}]}}