{"id":4271,"date":"2025-06-05T15:43:08","date_gmt":"2025-06-05T12:43:08","guid":{"rendered":"https:\/\/wristbandfactory.eu\/?post_type=product&#038;p=4271"},"modified":"2026-04-01T21:52:35","modified_gmt":"2026-04-01T18:52:35","slug":"reusable-event-cups-600ml","status":"publish","type":"product","link":"https:\/\/displayproducts.eu\/fi\/p\/reusable-event-cups-600ml\/","title":{"rendered":"Uudelleenk\u00e4ytett\u00e4v\u00e4t tapahtumamukit (600ml)"},"content":{"rendered":"<p data-path-to-node=\"8\">Ylit\u00e4 ilman painatusta 500 ml:n koko 600 ml:n uudelleenk\u00e4ytett\u00e4v\u00e4ll\u00e4 tapahtumamukillamme. T\u00e4m\u00e4 muki on erityisesti suunniteltu vilkkaasti liikenn\u00f6idyille ymp\u00e4rist\u00f6ille, kuten festivaaleille, urheilupaikoille ja suurille konserteille, joissa t\u00e4ytt\u00f6kertojen v\u00e4hent\u00e4minen on avainasemassa palvelun nopeuden ja k\u00e4vij\u00e4tyytyv\u00e4isyyden parantamisessa.<\/p>\n<p data-path-to-node=\"9\">Joustavasta mutta kest\u00e4v\u00e4st\u00e4 PP (polypropeeni) -muovista valmistetussa kupissa on puhdas, puolil\u00e4pin\u00e4kyv\u00e4 viimeistely, joka sopii hyvin yhteen mink\u00e4 tahansa br\u00e4ndin kanssa. Suurempi tilavuus tarjoaa lis\u00e4mukavuutta kiireisten ulkoilmatapahtumien osallistujille.<\/p>\n<p data-path-to-node=\"10\">T\u00e4m\u00e4 kuppi ei ole ainoastaan k\u00e4yt\u00e4nn\u00f6llinen, vaan my\u00f6s erinomainen br\u00e4nd\u00e4ysty\u00f6kalu. Se tarjoaa reilun 220 x 70 mm:n painatusalueen yrityksesi logolle tai kampanjaviestille, joka voidaan painaa kest\u00e4v\u00e4ll\u00e4, yksiv\u00e4risell\u00e4 serigrafiikalla. Materiaali on sertifioitu BPA-vapaaksi, mik\u00e4 takaa turvallisen ja korkealaatuisen ratkaisun tapahtumaasi.<\/p>\n<p data-path-to-node=\"11\"><b>T\u00e4rkeimm\u00e4t ominaisuudet:<\/b><\/p>\n<ul data-path-to-node=\"12\">\n<li>\n<p data-path-to-node=\"12,0,0\"><b>Yli standardin 600 ml:n tilavuus:<\/b> Tarjoaa enemm\u00e4n tilavuutta, mik\u00e4 v\u00e4hent\u00e4\u00e4 t\u00e4ytt\u00f6kertoja vilkkaissa paikoissa.<\/p>\n<\/li>\n<li>\n<p data-path-to-node=\"12,1,0\"><b>Kest\u00e4v\u00e4 ja joustava materiaali:<\/b> Valmistettu uudelleenk\u00e4ytett\u00e4v\u00e4st\u00e4, BPA-vapaasta PP-muovista.<\/p>\n<\/li>\n<li>\n<p data-path-to-node=\"12,2,0\"><b>L\u00e4pin\u00e4kyv\u00e4 viimeistely:<\/b> Tarjoaa puhtaan ja modernin pohjan br\u00e4nd\u00e4yksellesi.<\/p>\n<\/li>\n<li>\n<p data-path-to-node=\"12,3,0\"><b>Suurikokoinen painatusalue:<\/b> 220 x 70 mm:n alue yksiv\u00e4rist\u00e4 silkkipainatusta varten.<\/p>\n<\/li>\n<li>\n<p data-path-to-node=\"12,4,0\"><b>Ymp\u00e4rist\u00f6yst\u00e4v\u00e4llinen ratkaisu:<\/b> Uudelleenk\u00e4ytett\u00e4v\u00e4 vaihtoehto kertak\u00e4ytt\u00f6isille muovituotteille, ihanteellinen laajamittaiseen jakeluun.<\/p>\n<\/li>\n<\/ul>\n<p data-path-to-node=\"13\">","protected":false},"excerpt":{"rendered":"<ul>\n<li>\n<p data-path-to-node=\"7,0,0\">Tavanomaista suurempi 600 ml:n tilavuus v\u00e4hent\u00e4\u00e4 t\u00e4ytt\u00f6kertoja.<\/p>\n<\/li>\n<li>\n<p data-path-to-node=\"7,1,0\">Valmistettu joustavasta, kest\u00e4v\u00e4st\u00e4 ja BPA-vapaasta PP-muovista.<\/p>\n<\/li>\n<li>\n<p data-path-to-node=\"7,2,0\">Moderni, puolil\u00e4pin\u00e4kyv\u00e4 viimeistely antaa puhtaan ilmeen.<\/p>\n<\/li>\n<li>\n<p data-path-to-node=\"7,3,0\">Suuri 220 x 70 mm:n painoalue yksiv\u00e4riseen silkkipainatukseen.<\/p>\n<\/li>\n<\/ul>","protected":false},"featured_media":6621,"comment_status":"closed","ping_status":"closed","template":"","meta":[],"product_brand":[],"product_cat":[111],"product_tag":[],"class_list":{"0":"post-4271","1":"product","2":"type-product","3":"status-publish","4":"has-post-thumbnail","6":"product_cat-reusable-event-cups","8":"first","9":"instock","10":"shipping-taxable","11":"purchasable","12":"product-type-simple"},"_links":{"self":[{"href":"https:\/\/displayproducts.eu\/fi\/wp-json\/wp\/v2\/product\/4271","targetHints":{"allow":["GET"]}}],"collection":[{"href":"https:\/\/displayproducts.eu\/fi\/wp-json\/wp\/v2\/product"}],"about":[{"href":"https:\/\/displayproducts.eu\/fi\/wp-json\/wp\/v2\/types\/product"}],"replies":[{"embeddable":true,"href":"https:\/\/displayproducts.eu\/fi\/wp-json\/wp\/v2\/comments?post=4271"}],"wp:featuredmedia":[{"embeddable":true,"href":"https:\/\/displayproducts.eu\/fi\/wp-json\/wp\/v2\/media\/6621"}],"wp:attachment":[{"href":"https:\/\/displayproducts.eu\/fi\/wp-json\/wp\/v2\/media?parent=4271"}],"wp:term":[{"taxonomy":"product_brand","embeddable":true,"href":"https:\/\/displayproducts.eu\/fi\/wp-json\/wp\/v2\/product_brand?post=4271"},{"taxonomy":"product_cat","embeddable":true,"href":"https:\/\/displayproducts.eu\/fi\/wp-json\/wp\/v2\/product_cat?post=4271"},{"taxonomy":"product_tag","embeddable":true,"href":"https:\/\/displayproducts.eu\/fi\/wp-json\/wp\/v2\/product_tag?post=4271"}],"curies":[{"name":"wp","href":"https:\/\/api.w.org\/{rel}","templated":true}]}}