{"id":4265,"date":"2025-06-05T15:20:53","date_gmt":"2025-06-05T12:20:53","guid":{"rendered":"https:\/\/wristbandfactory.eu\/?post_type=product&#038;p=4265"},"modified":"2026-04-01T21:52:04","modified_gmt":"2026-04-01T18:52:04","slug":"colored-reusable-event-cups-500ml","status":"publish","type":"product","link":"https:\/\/displayproducts.eu\/fi\/p\/colored-reusable-event-cups-500ml\/","title":{"rendered":"V\u00e4rilliset uudelleenk\u00e4ytett\u00e4v\u00e4t tapahtumamukit (500ml)"},"content":{"rendered":"<p data-path-to-node=\"7\">Tee br\u00e4ndist\u00e4si mahdoton olla huomaamatta kiireisill\u00e4 festivaaleilla, konferensseissa ja promootiotilaisuuksissa v\u00e4rillisten, uudelleenk\u00e4ytett\u00e4vien tapahtumamukien avulla. Eloisa muki tarjoaa v\u00e4lit\u00f6nt\u00e4 br\u00e4nditunnistusta ja toimii yksinkertaisena ja tehokkaana ty\u00f6kaluna toiminnan tehostamiseen.<\/p>\n<p data-path-to-node=\"8\">Saatavilla kuudessa huomiota her\u00e4tt\u00e4v\u00e4ss\u00e4, puolil\u00e4pin\u00e4kyv\u00e4ss\u00e4 v\u00e4riss\u00e4 (mukaan lukien punainen, sininen ja vihre\u00e4), n\u00e4m\u00e4 kupit sopivat t\u00e4ydellisesti br\u00e4ndisi identiteetin mukaiseksi tai k\u00e4yt\u00e4nn\u00f6lliseksi v\u00e4rikoodaukseksi tapahtumassasi. K\u00e4yt\u00e4 eri v\u00e4rej\u00e4 erottaaksesi eri k\u00e4ytt\u00f6alueet, juomatyypit (esim. alkoholijuomat vs. alkoholittomat) tai korostaaksesi tapahtuman eri sponsoreita.<\/p>\n<p data-path-to-node=\"9\">N\u00e4m\u00e4 kest\u00e4v\u00e4st\u00e4, joustavasta ja kevyest\u00e4 PP-muovista valmistetut 500 ml:n kupit on suunniteltu toistuvaan k\u00e4ytt\u00f6\u00f6n. Ne ovat kustannustehokas ja kest\u00e4v\u00e4 vaihtoehto kertak\u00e4ytt\u00f6muoville. Jokainen kuppi on sertifioitu BPA-vapaaksi, mik\u00e4 takaa kaikkien osallistujien turvallisuuden.<\/p>\n<p data-path-to-node=\"10\">Mukauta kuppejasi suurella, yksiv\u00e4risell\u00e4 serigrafiikalla (170 x 60 mm) ja lis\u00e4\u00e4 niihin logosi, kampanjaviestisi tai sponsoribr\u00e4nd\u00e4yksesi. T\u00e4m\u00e4 kirkkaan v\u00e4rin ja mukautetun painatuksen yhdistelm\u00e4 luo mieleenpainuvan ja n\u00e4kyv\u00e4n mainostuotteen.<\/p>\n<p data-path-to-node=\"11\"><b>T\u00e4rkeimm\u00e4t ominaisuudet:<\/b><\/p>\n<ul data-path-to-node=\"12\">\n<li>\n<p data-path-to-node=\"12,0,0\"><b>N\u00e4kyv\u00e4 br\u00e4nd\u00e4ys:<\/b> Saatavilla kuudessa eloisassa, puolil\u00e4pin\u00e4kyv\u00e4ss\u00e4 v\u00e4riss\u00e4, jotka sopivat br\u00e4ndin identiteettiin.<\/p>\n<\/li>\n<li>\n<p data-path-to-node=\"12,1,0\"><b>Kest\u00e4v\u00e4 ja uudelleenk\u00e4ytett\u00e4v\u00e4:<\/b> Valmistettu joustavasta, kevyest\u00e4 ja iskunkest\u00e4v\u00e4st\u00e4 PP-muovista.<\/p>\n<\/li>\n<li>\n<p data-path-to-node=\"12,2,0\"><b>Terveysyst\u00e4v\u00e4llinen materiaali:<\/b> 100% BPA-vapaa ja sopii kaikille tapahtumavieraille.<\/p>\n<\/li>\n<li>\n<p data-path-to-node=\"12,3,0\"><b>K\u00e4yt\u00e4nn\u00f6n tapahtumaty\u00f6kalu:<\/b> Ihanteellinen v\u00e4rikoodausalueille, sponsoreille tai juomatyypeille.<\/p>\n<\/li>\n<li>\n<p data-path-to-node=\"12,4,0\"><b>Mukautettava:<\/b> Tarjoaa suuren 170 x 60 mm:n painatusalueen yksiv\u00e4rist\u00e4 silkkipainatusta varten.<\/p>\n<\/li>\n<li>\n<p data-path-to-node=\"12,5,0\"><b>Vakio 500 ml:n tilavuus:<\/b> T\u00e4ydellinen koko oluelle, virvoitusjuomille ja muille juhlajuomille.<\/p>\n<\/li>\n<\/ul>","protected":false},"excerpt":{"rendered":"<ul>\n<li>\n<p data-path-to-node=\"6,0,0\">Lis\u00e4\u00e4 br\u00e4ndin n\u00e4kyvyytt\u00e4 kuudella eloisalla, puolil\u00e4pin\u00e4kyv\u00e4ll\u00e4 v\u00e4rivaihtoehdolla.<\/p>\n<\/li>\n<li>\n<p data-path-to-node=\"6,1,0\">Ihanteellinen v\u00e4rikoodaukseen kulkualueille, juomatyypeille tai sponsorialueille.<\/p>\n<\/li>\n<li>\n<p data-path-to-node=\"6,2,0\">Kest\u00e4v\u00e4\u00e4, joustavaa ja uudelleenk\u00e4ytett\u00e4v\u00e4\u00e4 PP-muovia (BPA-vapaa).<\/p>\n<\/li>\n<li>\n<p data-path-to-node=\"6,3,0\">Muokattavissa yksiv\u00e4risell\u00e4 serigrafiikalla (170 x 60 mm).<\/p>\n<\/li>\n<\/ul>","protected":false},"featured_media":6445,"comment_status":"closed","ping_status":"closed","template":"","meta":[],"product_brand":[],"product_cat":[111],"product_tag":[],"class_list":{"0":"post-4265","1":"product","2":"type-product","3":"status-publish","4":"has-post-thumbnail","6":"product_cat-reusable-event-cups","8":"first","9":"instock","10":"shipping-taxable","11":"purchasable","12":"product-type-simple"},"_links":{"self":[{"href":"https:\/\/displayproducts.eu\/fi\/wp-json\/wp\/v2\/product\/4265","targetHints":{"allow":["GET"]}}],"collection":[{"href":"https:\/\/displayproducts.eu\/fi\/wp-json\/wp\/v2\/product"}],"about":[{"href":"https:\/\/displayproducts.eu\/fi\/wp-json\/wp\/v2\/types\/product"}],"replies":[{"embeddable":true,"href":"https:\/\/displayproducts.eu\/fi\/wp-json\/wp\/v2\/comments?post=4265"}],"wp:featuredmedia":[{"embeddable":true,"href":"https:\/\/displayproducts.eu\/fi\/wp-json\/wp\/v2\/media\/6445"}],"wp:attachment":[{"href":"https:\/\/displayproducts.eu\/fi\/wp-json\/wp\/v2\/media?parent=4265"}],"wp:term":[{"taxonomy":"product_brand","embeddable":true,"href":"https:\/\/displayproducts.eu\/fi\/wp-json\/wp\/v2\/product_brand?post=4265"},{"taxonomy":"product_cat","embeddable":true,"href":"https:\/\/displayproducts.eu\/fi\/wp-json\/wp\/v2\/product_cat?post=4265"},{"taxonomy":"product_tag","embeddable":true,"href":"https:\/\/displayproducts.eu\/fi\/wp-json\/wp\/v2\/product_tag?post=4265"}],"curies":[{"name":"wp","href":"https:\/\/api.w.org\/{rel}","templated":true}]}}