{"id":4241,"date":"2025-06-05T15:07:14","date_gmt":"2025-06-05T12:07:14","guid":{"rendered":"https:\/\/wristbandfactory.eu\/?post_type=product&#038;p=4241"},"modified":"2026-04-01T21:52:36","modified_gmt":"2026-04-01T18:52:36","slug":"reusable-event-cups-with-lanyard-hook-500ml","status":"publish","type":"product","link":"https:\/\/displayproducts.eu\/fi\/p\/reusable-event-cups-with-lanyard-hook-500ml\/","title":{"rendered":"Uudelleenk\u00e4ytett\u00e4v\u00e4t tapahtumamukit koukulla (500ml)"},"content":{"rendered":"<p data-path-to-node=\"6\">Tarjoa \u00e4\u00e4rimm\u00e4ist\u00e4 k\u00e4tevyytt\u00e4 seuraavalla festivaalilla, messuilla tai ulkoilmatapahtumassa uudelleenk\u00e4ytett\u00e4vien tapahtumamukien avulla, joissa on integroitu narukoukku. T\u00e4m\u00e4 500 ml:n muki on t\u00e4ydellinen ratkaisu osallistujille, sill\u00e4 se mahdollistaa k\u00e4det vapaina liikkumisen kojusta toiseen, verkostoitumisessa tai tilojen k\u00e4yt\u00f6ss\u00e4.<\/p>\n<p data-path-to-node=\"7\">Innovatiivinen koukku on yhteensopiva tavallisten kaulanauhojen kanssa, mik\u00e4 parantaa merkitt\u00e4v\u00e4sti hygieniaa ja vieraiden kokemusta. Se on k\u00e4yt\u00e4nn\u00f6llinen ja \u00e4lyk\u00e4s ratkaisu kaikkiin suuriin tapahtumiin, joissa osallistujien on pidett\u00e4v\u00e4 k\u00e4tens\u00e4 vapaina.<\/p>\n<p data-path-to-node=\"8\">Espanjassa valmistetut kupit on tehty toistuvaan k\u00e4ytt\u00f6\u00f6n. Ne on valmistettu kest\u00e4v\u00e4st\u00e4, kevyest\u00e4 (21 g) ja puolil\u00e4pin\u00e4kyv\u00e4st\u00e4 PP-muovista, joka on 100% BPA-vapaa. Kupit ovat t\u00e4ysin mikroaaltouunin ja astianpesukoneen kest\u00e4vi\u00e4, mik\u00e4 takaa helpon ja hygieenisen puhdistuksen ja pitk\u00e4ik\u00e4isen, kest\u00e4v\u00e4n investoinnin organisaatiollesi. 500 ml:n kokonaistilavuus (450 ml k\u00e4ytt\u00f6tilavuutta) sopii erinomaisesti tavallisten juomien tarjoiluun ja auttaa est\u00e4m\u00e4\u00e4n roiskeita.<\/p>\n<p data-path-to-node=\"9\">Esittele br\u00e4ndi\u00e4si tai sponsoreitasi vaikuttavalla, koko lehden kattavalla rotaatioseripainolla. Suuri 200 x 65 mm:n painoalue tarjoaa erinomaisen n\u00e4kyvyyden yksiv\u00e4riselle logollesi tai tapahtumasi br\u00e4nd\u00e4ykselle.<\/p>\n<p data-path-to-node=\"10\"><b>T\u00e4rkeimm\u00e4t ominaisuudet:<\/b><\/p>\n<ul data-path-to-node=\"11\">\n<li>\n<p data-path-to-node=\"11,0,0\"><b>Integroitu kaulanauhakoukku:<\/b> Tarjoaa osallistujille handsfree-mukavuutta; yhteensopiva vakiomallisten kaulanauhojen kanssa.<\/p>\n<\/li>\n<li>\n<p data-path-to-node=\"11,1,0\"><b>Kest\u00e4v\u00e4 ja turvallinen materiaali:<\/b> Valmistettu Espanjassa puolil\u00e4pin\u00e4kyv\u00e4st\u00e4 PP-muovista; 100% BPA-vapaa.<\/p>\n<\/li>\n<li>\n<p data-path-to-node=\"11,2,0\"><b>Hygieeninen ja uudelleenk\u00e4ytett\u00e4v\u00e4:<\/b> T\u00e4ysin konepesun ja mikroaaltouunin kest\u00e4v\u00e4, joten puhdistus on helppoa ja k\u00e4ytt\u00f6kelpoista pitk\u00e4aikaisissa tapahtumissa.<\/p>\n<\/li>\n<li>\n<p data-path-to-node=\"11,3,0\"><b>Kevyt ja tukeva:<\/b> Painaa vain 21 grammaa, joten se sopii erinomaisesti laajamittaiseen jakeluun.<\/p>\n<\/li>\n<li>\n<p data-path-to-node=\"11,4,0\"><b>Suurikokoinen painatusalue:<\/b> Tarjoaa 200 x 65 mm:n kokoisen k\u00e4\u00e4rint\u00e4alueen yksiv\u00e4rist\u00e4 rotaatiosilkkipainoa varten.<\/p>\n<\/li>\n<li>\n<p data-path-to-node=\"11,5,0\"><b>K\u00e4yt\u00e4nn\u00f6n kapasiteetti:<\/b> Kokonaistilavuus 500 ml (k\u00e4ytt\u00f6kelpoinen tilavuus 450 ml) on suunniteltu est\u00e4m\u00e4\u00e4n ylivuoto.<\/p>\n<\/li>\n<\/ul>","protected":false},"excerpt":{"rendered":"<ul>\n<li>\n<p data-path-to-node=\"5,0,0\">Integroitu koukku kaulanauhalle \u2013 ihanteellinen handsfree-k\u00e4ytt\u00f6\u00f6n.<\/p>\n<\/li>\n<li>\n<p data-path-to-node=\"5,1,0\">Kest\u00e4v\u00e4\u00e4, kevytt\u00e4 (21 g) ja puolil\u00e4pin\u00e4kyv\u00e4\u00e4 PP-muovia (BPA-vapaa).<\/p>\n<\/li>\n<li>\n<p data-path-to-node=\"5,2,0\">T\u00e4ysin konepesun ja mikroaaltouunin kest\u00e4v\u00e4 hygieenist\u00e4 ja pitk\u00e4aikaista uudelleenk\u00e4ytt\u00f6\u00e4 varten.<\/p>\n<\/li>\n<li>\n<p data-path-to-node=\"5,3,0\">Suuri 200 x 65 mm:n painatusalue yksiv\u00e4riseen rotaatiosilkkipainoon.<\/p>\n<\/li>\n<\/ul>","protected":false},"featured_media":6628,"comment_status":"closed","ping_status":"closed","template":"","meta":[],"product_brand":[],"product_cat":[111],"product_tag":[],"class_list":{"0":"post-4241","1":"product","2":"type-product","3":"status-publish","4":"has-post-thumbnail","6":"product_cat-reusable-event-cups","8":"first","9":"instock","10":"shipping-taxable","11":"purchasable","12":"product-type-simple"},"_links":{"self":[{"href":"https:\/\/displayproducts.eu\/fi\/wp-json\/wp\/v2\/product\/4241","targetHints":{"allow":["GET"]}}],"collection":[{"href":"https:\/\/displayproducts.eu\/fi\/wp-json\/wp\/v2\/product"}],"about":[{"href":"https:\/\/displayproducts.eu\/fi\/wp-json\/wp\/v2\/types\/product"}],"replies":[{"embeddable":true,"href":"https:\/\/displayproducts.eu\/fi\/wp-json\/wp\/v2\/comments?post=4241"}],"wp:featuredmedia":[{"embeddable":true,"href":"https:\/\/displayproducts.eu\/fi\/wp-json\/wp\/v2\/media\/6628"}],"wp:attachment":[{"href":"https:\/\/displayproducts.eu\/fi\/wp-json\/wp\/v2\/media?parent=4241"}],"wp:term":[{"taxonomy":"product_brand","embeddable":true,"href":"https:\/\/displayproducts.eu\/fi\/wp-json\/wp\/v2\/product_brand?post=4241"},{"taxonomy":"product_cat","embeddable":true,"href":"https:\/\/displayproducts.eu\/fi\/wp-json\/wp\/v2\/product_cat?post=4241"},{"taxonomy":"product_tag","embeddable":true,"href":"https:\/\/displayproducts.eu\/fi\/wp-json\/wp\/v2\/product_tag?post=4241"}],"curies":[{"name":"wp","href":"https:\/\/api.w.org\/{rel}","templated":true}]}}