{"id":4229,"date":"2025-06-05T14:14:57","date_gmt":"2025-06-05T11:14:57","guid":{"rendered":"https:\/\/wristbandfactory.eu\/?post_type=product&#038;p=4229"},"modified":"2026-04-01T21:52:36","modified_gmt":"2026-04-01T18:52:36","slug":"digital-printed-reusable-cups-360-wrap","status":"publish","type":"product","link":"https:\/\/displayproducts.eu\/fi\/p\/digital-printed-reusable-cups-360-wrap\/","title":{"rendered":"Digitaalisesti painetut uudelleenk\u00e4ytett\u00e4v\u00e4t kupit (360\u00b0 k\u00e4\u00e4re)"},"content":{"rendered":"<p data-path-to-node=\"11\">Maksimoi br\u00e4ndisi vaikutus digitaalitulosteisilla uudelleenk\u00e4ytett\u00e4vill\u00e4 kupeillamme. T\u00e4m\u00e4 500 ml:n kuppi on ensiluokkainen br\u00e4nd\u00e4ysratkaisu, joka tarjoaa edistyksellisen 360\u00b0 digitaalipainatuksen, joka her\u00e4tt\u00e4\u00e4 monimutkaiset, neliv\u00e4riset kuviot ja sponsorilogot eloon.<\/p>\n<p data-path-to-node=\"12\">Valmistettu kest\u00e4v\u00e4st\u00e4 ja korkealaatuisesta PP-muovista, jossa on elegantti puolil\u00e4pin\u00e4kyv\u00e4 mattapinta. T\u00e4m\u00e4 kuppi on t\u00e4ydellinen valinta korkealuokkaisiin yritystapahtumiin, tuotelanseerauksiin ja festivaaleille, joilla br\u00e4ndin esillepano on kriittist\u00e4.<\/p>\n<p data-path-to-node=\"13\">Vaikka sen erikoisalaa on tehokas digitaalinen painatus, t\u00e4m\u00e4 monipuolinen kuppi tukee laajaa valikoimaa r\u00e4\u00e4t\u00e4l\u00f6intivaihtoehtoja jokaiseen budjettiin, mukaan lukien yksiv\u00e4risen t\u00e4yspitk\u00e4n silkkipainatuksen ja tarkan useaan paikkaan sijoitettavan tampopainatuksen pienemmille logoille.<\/p>\n<p data-path-to-node=\"14\">Pinottavana, kevyen\u00e4 ja ymp\u00e4rist\u00f6yst\u00e4v\u00e4llisen\u00e4 ratkaisuna, joka on valmistettu Euroopassa, se ei ainoastaan v\u00e4henn\u00e4 muovij\u00e4tett\u00e4, vaan toimii my\u00f6s korkealaatuisena ja mieleenpainuvana matkamuistona, joka edustaa br\u00e4ndi\u00e4si voimakkaasti.<\/p>\n<p data-path-to-node=\"15\"><b>T\u00e4rkeimm\u00e4t ominaisuudet:<\/b><\/p>\n<ul data-path-to-node=\"16\">\n<li>\n<p data-path-to-node=\"16,0,0\"><b>Ensiluokkainen 360\u00b0 digitaalinen painatus:<\/b> Tarjoaa saumattoman, koko k\u00e4\u00e4reen painatuksen (270 x 116 mm) monimutkaisille, t\u00e4ysv\u00e4risille grafiikoille.<\/p>\n<\/li>\n<li>\n<p data-path-to-node=\"16,1,0\"><b>Monipuoliset painatusvaihtoehdot:<\/b> Tukee my\u00f6s yksiv\u00e4rist\u00e4 silkkipainatusta ja useiden sijaintien tampopainatusta yksinkertaisempiin br\u00e4nd\u00e4ystarpeisiin.<\/p>\n<\/li>\n<li>\n<p data-path-to-node=\"16,2,0\"><b>Kest\u00e4v\u00e4 500 ml:n kuppi:<\/b> Valmistettu korkealaatuisesta uudelleenk\u00e4ytett\u00e4v\u00e4st\u00e4 PP-muovista, ihanteellinen juomien tarjoiluun.<\/p>\n<\/li>\n<li>\n<p data-path-to-node=\"16,3,0\"><b>Elegantti mattapinta:<\/b> Moderni, puolil\u00e4pin\u00e4kyv\u00e4 mattapinta, joka parantaa br\u00e4ndin visuaalista ilmett\u00e4.<\/p>\n<\/li>\n<li>\n<p data-path-to-node=\"16,4,0\"><b>Eurooppalainen tuotanto:<\/b> Takaa korkeiden turvallisuus- ja laatustandardien noudattamisen.<\/p>\n<\/li>\n<\/ul>","protected":false},"excerpt":{"rendered":"<ul data-path-to-node=\"10\">\n<li>\n<p data-path-to-node=\"10,0,0\">Ensiluokkainen 360\u00b0 digitaalinen painatus fotorealistisiin ja monimutkaisiin malleihin.<\/p>\n<\/li>\n<li>\n<p data-path-to-node=\"10,1,0\">Kest\u00e4v\u00e4\u00e4 500 ml:n uudelleenk\u00e4ytett\u00e4v\u00e4\u00e4 PP-muovia, jossa on moderni puolil\u00e4pin\u00e4kyv\u00e4 mattapinta.<\/p>\n<\/li>\n<li>\n<p data-path-to-node=\"10,2,0\">Saatavilla useita painotekniikoita, t\u00e4yspainatuksesta digitaaliseen yksiv\u00e4riseen silkkipainoon tai tampopainoon.<\/p>\n<\/li>\n<li>\n<p data-path-to-node=\"10,3,0\">Valmistettu Euroopassa, mik\u00e4 takaa korkeat laatu- ja turvallisuusstandardit.<\/p>\n<\/li>\n<\/ul>","protected":false},"featured_media":6494,"comment_status":"closed","ping_status":"closed","template":"","meta":[],"product_brand":[],"product_cat":[111],"product_tag":[],"class_list":{"0":"post-4229","1":"product","2":"type-product","3":"status-publish","4":"has-post-thumbnail","6":"product_cat-reusable-event-cups","8":"first","9":"instock","10":"shipping-taxable","11":"purchasable","12":"product-type-simple"},"_links":{"self":[{"href":"https:\/\/displayproducts.eu\/fi\/wp-json\/wp\/v2\/product\/4229","targetHints":{"allow":["GET"]}}],"collection":[{"href":"https:\/\/displayproducts.eu\/fi\/wp-json\/wp\/v2\/product"}],"about":[{"href":"https:\/\/displayproducts.eu\/fi\/wp-json\/wp\/v2\/types\/product"}],"replies":[{"embeddable":true,"href":"https:\/\/displayproducts.eu\/fi\/wp-json\/wp\/v2\/comments?post=4229"}],"wp:featuredmedia":[{"embeddable":true,"href":"https:\/\/displayproducts.eu\/fi\/wp-json\/wp\/v2\/media\/6494"}],"wp:attachment":[{"href":"https:\/\/displayproducts.eu\/fi\/wp-json\/wp\/v2\/media?parent=4229"}],"wp:term":[{"taxonomy":"product_brand","embeddable":true,"href":"https:\/\/displayproducts.eu\/fi\/wp-json\/wp\/v2\/product_brand?post=4229"},{"taxonomy":"product_cat","embeddable":true,"href":"https:\/\/displayproducts.eu\/fi\/wp-json\/wp\/v2\/product_cat?post=4229"},{"taxonomy":"product_tag","embeddable":true,"href":"https:\/\/displayproducts.eu\/fi\/wp-json\/wp\/v2\/product_tag?post=4229"}],"curies":[{"name":"wp","href":"https:\/\/api.w.org\/{rel}","templated":true}]}}