{"id":4202,"date":"2025-06-05T13:39:24","date_gmt":"2025-06-05T10:39:24","guid":{"rendered":"https:\/\/wristbandfactory.eu\/?post_type=product&#038;p=4202"},"modified":"2026-04-01T21:52:04","modified_gmt":"2026-04-01T18:52:04","slug":"standard-reusable-event-cups-500ml","status":"publish","type":"product","link":"https:\/\/displayproducts.eu\/fi\/p\/standard-reusable-event-cups-500ml\/","title":{"rendered":"Standardin uudelleenk\u00e4ytett\u00e4v\u00e4t tapahtumamukit (500ml)"},"content":{"rendered":"<p data-path-to-node=\"8\">T\u00e4m\u00e4 uudelleenk\u00e4ytett\u00e4v\u00e4 500 ml:n vakiokuppi on ihanteellinen ja kustannustehokas ratkaisu suuriin tapahtumiin, festivaaleihin ja mainoskampanjoihin. Se on suunniteltu organisaatioille, jotka etsiv\u00e4t kest\u00e4v\u00e4\u00e4, ymp\u00e4rist\u00f6yst\u00e4v\u00e4llist\u00e4 ja br\u00e4nd\u00e4tt\u00e4v\u00e4\u00e4 vaihtoehtoa kertak\u00e4ytt\u00f6isille muovituotteille ilman monimutkaista asennusta.<\/p>\n<p data-path-to-node=\"9\">Euroopassa tukevasta, yksisein\u00e4isest\u00e4 PP-muovista valmistettu kuppi on kevyt mutta silti riitt\u00e4v\u00e4n kest\u00e4v\u00e4 kest\u00e4m\u00e4\u00e4n kiireisi\u00e4 tapahtumaymp\u00e4rist\u00f6j\u00e4. Sen 500 ml:n tilavuus on t\u00e4ydellinen standardi useimpien juomien tarjoiluun. Minimalistinen muotoilu tarjoaa selke\u00e4n pohjan br\u00e4ndillesi.<\/p>\n<p data-path-to-node=\"10\">T\u00e4m\u00e4 kuppi on optimoitu edulliseen ja selke\u00e4\u00e4n yksiv\u00e4riseen br\u00e4nd\u00e4ykseen. Tarjoamme sek\u00e4 tampopainatusta ett\u00e4 silkkipainatusta logosi tai tapahtumaviestisi tehokkaaseen esillepanoon.<\/p>\n<p data-path-to-node=\"11\">Materiaali on sertifioitu BPA-vapaaksi, mik\u00e4 takaa kaikkien osallistujien turvallisuuden. Uudelleenk\u00e4ytett\u00e4v\u00e4n\u00e4, Euroopassa valmistettuna tuotteena se on luotettava ja ymp\u00e4rist\u00f6yst\u00e4v\u00e4llinen valinta mihin tahansa tapahtumaan.<\/p>\n<p data-path-to-node=\"12\"><b>T\u00e4rkeimm\u00e4t ominaisuudet:<\/b><\/p>\n<ul data-path-to-node=\"13\">\n<li>\n<p data-path-to-node=\"13,0,0\"><b>Kustannustehokas br\u00e4nd\u00e4ys:<\/b> Optimoitu edulliseen yksiv\u00e4riseen tampopainatukseen tai silkkipainatukseen.<\/p>\n<\/li>\n<li>\n<p data-path-to-node=\"13,1,0\"><b>Vakio 500 ml:n tilavuus:<\/b> T\u00e4ydellinen monipuolinen koko festivaaleille, yritystapahtumiin ja promootioihin.<\/p>\n<\/li>\n<li>\n<p data-path-to-node=\"13,2,0\"><b>Kest\u00e4v\u00e4 ja kevyt:<\/b> Valmistettu tukevasta, yksisein\u00e4isest\u00e4 PP-muovista, ihanteellinen laajamittaiseen jakeluun.<\/p>\n<\/li>\n<li>\n<p data-path-to-node=\"13,3,0\"><b>Turvallinen ja kest\u00e4v\u00e4:<\/b> Sertifioitu BPA-vapaaksi ja valmistettu Euroopassa korkeiden laatustandardien mukaisesti.<\/p>\n<\/li>\n<li>\n<p data-path-to-node=\"13,4,0\"><b>Ymp\u00e4rist\u00f6yst\u00e4v\u00e4llinen ratkaisu:<\/b> Kest\u00e4v\u00e4 ja uudelleenk\u00e4ytett\u00e4v\u00e4 vaihtoehto kertak\u00e4ytt\u00f6isen muovij\u00e4tteen v\u00e4hent\u00e4miseen.<\/p>\n<\/li>\n<\/ul>","protected":false},"excerpt":{"rendered":"<ul>\n<li>\n<p data-path-to-node=\"7,0,0\">Kustannustehokas valintasi suurtilauksiin ja suuriin tapahtumiin.<\/p>\n<\/li>\n<li>\n<p data-path-to-node=\"7,1,0\">Ihanteellinen edulliseen yksiv\u00e4riseen br\u00e4nd\u00e4ykseen (tampopainatus tai seripainatus).<\/p>\n<\/li>\n<li>\n<p data-path-to-node=\"7,2,0\">Kest\u00e4v\u00e4\u00e4, kevytt\u00e4, yksisein\u00e4ist\u00e4 PP-muovia.<\/p>\n<\/li>\n<li>\n<p data-path-to-node=\"7,3,0\">Valmistettu Euroopassa ja sertifioitu BPA-vapaaksi.<\/p>\n<\/li>\n<\/ul>","protected":false},"featured_media":6639,"comment_status":"closed","ping_status":"closed","template":"","meta":[],"product_brand":[],"product_cat":[111],"product_tag":[],"class_list":{"0":"post-4202","1":"product","2":"type-product","3":"status-publish","4":"has-post-thumbnail","6":"product_cat-reusable-event-cups","8":"first","9":"instock","10":"shipping-taxable","11":"purchasable","12":"product-type-simple"},"_links":{"self":[{"href":"https:\/\/displayproducts.eu\/fi\/wp-json\/wp\/v2\/product\/4202","targetHints":{"allow":["GET"]}}],"collection":[{"href":"https:\/\/displayproducts.eu\/fi\/wp-json\/wp\/v2\/product"}],"about":[{"href":"https:\/\/displayproducts.eu\/fi\/wp-json\/wp\/v2\/types\/product"}],"replies":[{"embeddable":true,"href":"https:\/\/displayproducts.eu\/fi\/wp-json\/wp\/v2\/comments?post=4202"}],"wp:featuredmedia":[{"embeddable":true,"href":"https:\/\/displayproducts.eu\/fi\/wp-json\/wp\/v2\/media\/6639"}],"wp:attachment":[{"href":"https:\/\/displayproducts.eu\/fi\/wp-json\/wp\/v2\/media?parent=4202"}],"wp:term":[{"taxonomy":"product_brand","embeddable":true,"href":"https:\/\/displayproducts.eu\/fi\/wp-json\/wp\/v2\/product_brand?post=4202"},{"taxonomy":"product_cat","embeddable":true,"href":"https:\/\/displayproducts.eu\/fi\/wp-json\/wp\/v2\/product_cat?post=4202"},{"taxonomy":"product_tag","embeddable":true,"href":"https:\/\/displayproducts.eu\/fi\/wp-json\/wp\/v2\/product_tag?post=4202"}],"curies":[{"name":"wp","href":"https:\/\/api.w.org\/{rel}","templated":true}]}}