{"id":4159,"date":"2025-06-04T23:53:14","date_gmt":"2025-06-04T20:53:14","guid":{"rendered":"https:\/\/wristbandfactory.eu\/?post_type=product&#038;p=4159"},"modified":"2026-04-01T21:52:04","modified_gmt":"2026-04-01T18:52:04","slug":"iml-printed-reusable-event-cups-bpa-free","status":"publish","type":"product","link":"https:\/\/displayproducts.eu\/fi\/p\/iml-printed-reusable-event-cups-bpa-free\/","title":{"rendered":"IML-painetut kestomukit"},"content":{"rendered":"<p data-path-to-node=\"8\"><span class=\"citation-103 citation-end-103\">Nosta br\u00e4ndisi ja kest\u00e4v\u00e4n kehityksen tavoitteesi uudelle tasolle ensiluokkaisilla uudelleenk\u00e4ytett\u00e4vill\u00e4 tapahtumamukeillamme, joissa on ter\u00e4v\u00e4piirtoinen, moniv\u00e4rinen IML-painatus. <\/span><span class=\"citation-102 citation-end-102\">T\u00e4m\u00e4 on paras ratkaisu festivaaleille, stadioneille ja yrityksille, jotka etsiv\u00e4t vaikuttavaa ja ymp\u00e4rist\u00f6yst\u00e4v\u00e4llist\u00e4 br\u00e4nd\u00e4ysty\u00f6kalua. <\/span><span class=\"citation-101 citation-end-101\">T\u00e4m\u00e4 teknologia muuttaa yksinkertaisen kupin tehokkaaksi, fotorealistiseksi mainosmuistoksi, jonka osallistujat haluavat pit\u00e4\u00e4. <\/span><\/p>\n<p data-path-to-node=\"9\">Olemme erikoistuneet kahteen korkealaatuiseen, omaan painotekniikkaamme, jotka vastaavat br\u00e4ndisi tarpeita:<\/p>\n<ol start=\"1\" data-path-to-node=\"10\">\n<li>\n<p data-path-to-node=\"10,0,1\"><b><span class=\"citation-100\">IML-painatus (muottiin kiinnitett\u00e4v\u00e4 etiket\u00f6inti):<\/span><\/b><span class=\"citation-100 citation-end-100\"> Huippuluokan valintamme, joka tarjoaa upeita, fotorealistisia grafiikoita, jotka ymp\u00e4r\u00f6iv\u00e4t koko kupin. <\/span><span class=\"citation-99 citation-end-99\">T\u00e4m\u00e4 ainutlaatuinen teknologia her\u00e4tt\u00e4\u00e4 monimutkaiset, t\u00e4ysv\u00e4riset mallit eloon poikkeuksellisen yksityiskohtaisesti. <\/span><span class=\"citation-98 citation-end-98\">Tarjoamme tyylikk\u00e4\u00e4n mattapintaisen tai klassisen l\u00e4pin\u00e4kyv\u00e4n viimeistelyn luodaksemme t\u00e4ydellisen pohjan br\u00e4ndillesi. <\/span> (Minimitilaus: 1 000 yksikk\u00f6\u00e4)<span class=\"citation-97 citation-end-97\">. <\/span><\/p>\n<\/li>\n<li>\n<p data-path-to-node=\"10,1,1\"><b><span class=\"citation-96\">Rotaatiosilkkipaino:<\/span><\/b><span class=\"citation-96 citation-end-96\"> Eritt\u00e4in kest\u00e4v\u00e4 ja kustannustehokas ratkaisu, joka sopii t\u00e4ydellisesti vektoripohjaisiin logoihin ja yksinkertaisempiin malleihin. <\/span> T\u00e4m\u00e4 menetelm\u00e4 tarjoaa korkealaatuisen ja kest\u00e4v\u00e4n painatuksen joko l\u00e4pin\u00e4kyviin tai v\u00e4rillisiin kuppeihin. (Minimitilaus: 250 yksikk\u00f6\u00e4)<span class=\"citation-95 citation-end-95\">. <\/span><\/p>\n<\/li>\n<\/ol>\n<p data-path-to-node=\"11\">Br\u00e4nd\u00e4yksen lis\u00e4ksi n\u00e4m\u00e4 kupit ovat fiksu operatiivinen investointi. <span class=\"citation-94 citation-end-94\">Ne on valmistettu Euroopassa, ja ne ovat sertifioituja terveysturvallisiksi, 100% BPA-vapaita, elintarviketurvallisia ja 100% kierr\u00e4tett\u00e4vi\u00e4. <\/span><span class=\"citation-93 citation-end-93\">Monissa IML-malleissamme (kuten Nicknack-sarjassa) on metrologisesti tarkistettu mitta-asteikko tarkkaa ja ammattimaista juomatarjoilua varten. <\/span><\/p>\n<p data-path-to-node=\"12\"><span class=\"citation-92 citation-end-92\">Kest\u00e4v\u00e4 PP-muovirakenne on tehty kest\u00e4m\u00e4\u00e4n <\/span> ja on t\u00e4ysin astianpesukoneen kest\u00e4v\u00e4. (IML-mallien tulosteiden kest\u00e4vyyden maksimoimiseksi suositellaan k\u00e4sinpesua.)<span class=\"citation-91 citation-end-91\">. <\/span><span class=\"citation-90 citation-end-90\">Saatavilla useissa eri kokoisina, kuten 330 ml:n ja 500 ml:n, ne ovat k\u00e4yt\u00e4nn\u00f6llinen, pinottava ja tilaa s\u00e4\u00e4st\u00e4v\u00e4 ratkaisu mihin tahansa tapahtumapaikkaan. <\/span><\/p>\n<p data-path-to-node=\"13\">Ne ovat ihanteellinen kest\u00e4v\u00e4 valinta:<\/p>\n<ul data-path-to-node=\"14\">\n<li>\n<p data-path-to-node=\"14,0,0\"><span class=\"citation-89 citation-end-89\">Festivaalit, konsertit ja klubit <\/span><\/p>\n<\/li>\n<li>\n<p data-path-to-node=\"14,1,0\"><span class=\"citation-88 citation-end-88\">Urheiluareenat ja joukkuetapahtumat <\/span><\/p>\n<\/li>\n<li>\n<p data-path-to-node=\"14,2,0\"><span class=\"citation-87 citation-end-87\">Yritystilaisuudet ja messut <\/span><\/p>\n<\/li>\n<li>\n<p data-path-to-node=\"14,3,0\"><span class=\"citation-86 citation-end-86\">Kunnalliset tapahtumat, markkinat ja messut <\/span><\/p>\n<\/li>\n<\/ul>\n<p data-path-to-node=\"15\">Ota meihin yhteytt\u00e4 jo t\u00e4n\u00e4\u00e4n keskustellaksesi IML- tai silkkipainoprojektistasi ja tehd\u00e4ksesi pysyv\u00e4n vaikutuksen mittatilausty\u00f6n\u00e4 br\u00e4nd\u00e4tyill\u00e4 uudelleenk\u00e4ytett\u00e4vill\u00e4 mukeillasi.<\/p>\n<h3 data-path-to-node=\"16\"><b>T\u00e4rkeimm\u00e4t ominaisuudet:<\/b><\/h3>\n<ul data-path-to-node=\"17\">\n<li>\n<p data-path-to-node=\"17,0,1\"><b><span class=\"citation-85\">Ensiluokkainen IML-painatus:<\/span><\/b><span class=\"citation-85 citation-end-85\"> Tarjoaa fotorealistisen br\u00e4nd\u00e4yksen koko kupin pinnalle. <\/span><\/p>\n<\/li>\n<li>\n<p data-path-to-node=\"17,1,1\"><b><span class=\"citation-84\">Mukautetut viimeistelyvaihtoehdot:<\/span><\/b><span class=\"citation-84 citation-end-84\"> Saatavilla sek\u00e4 matta- ett\u00e4 l\u00e4pin\u00e4kyv\u00e4ll\u00e4 viimeistelyll\u00e4 IML-malleihin. <\/span><\/p>\n<\/li>\n<li>\n<p data-path-to-node=\"17,2,1\"><b><span class=\"citation-83\">Kest\u00e4v\u00e4 silkkipaino:<\/span><\/b><span class=\"citation-83 citation-end-83\"> Korkealaatuinen ja kest\u00e4v\u00e4 vaihtoehto vektoripohjaisille logoille. <\/span><\/p>\n<\/li>\n<li>\n<p data-path-to-node=\"17,3,1\"><b><span class=\"citation-82\">Sertifioitu terveydelle turvallinen:<\/span><\/b><span class=\"citation-82 citation-end-82\"> Valmistettu BPA-vapaasta, elintarviketurvallisesta ja kierr\u00e4tett\u00e4v\u00e4st\u00e4 100% PP-muovista. <\/span><\/p>\n<\/li>\n<li>\n<p data-path-to-node=\"17,4,1\"><b><span class=\"citation-81\">Vahvistettu mitta-asteikko:<\/span><\/b><span class=\"citation-81 citation-end-81\"> Monissa malleissa on varmennettu vaaka tarkkaa ja tasaista juomatarjoilua varten. <\/span><\/p>\n<\/li>\n<li>\n<p data-path-to-node=\"17,5,1\"><b><span class=\"citation-80\">Useita kapasiteetteja:<\/span><\/b><span class=\"citation-80 citation-end-80\"> Saatavilla eri kokoisina (esim. 330 ml, 500 ml) tarpeidesi mukaan. <\/span><\/p>\n<\/li>\n<li>\n<p data-path-to-node=\"17,6,1\"><b><span class=\"citation-79\">Korkealaatuinen EU-tuotanto:<\/span><\/b><span class=\"citation-79 citation-end-79\"> Valmistettu Euroopassa (esim. T\u0161ekin tasavallassa) korkeiden turvallisuus- ja laatustandardien mukaisesti. <\/span><\/p>\n<\/li>\n<\/ul>","protected":false},"excerpt":{"rendered":"<ul>\n<li data-path-to-node=\"7,0,0\"><span class=\"citation-108 citation-end-108\">Ensiluokkainen, moniv\u00e4rinen ja fotorealistinen IML-painatus maksimaalisen br\u00e4ndivaikutuksen saavuttamiseksi. <\/span><\/li>\n<li data-path-to-node=\"7,0,0\"><span class=\"citation-107 citation-end-107\">Saatavilla useina kokoina (esim. 330 ml, 500 ml) ja viimeistelyin\u00e4 (matta tai l\u00e4pin\u00e4kyv\u00e4). <\/span><\/li>\n<li data-path-to-node=\"7,0,0\"><span class=\"citation-106 citation-end-106\">Sertifioitu BPA-vapaa, terveydelle turvallinen materiaali <\/span><span class=\"citation-105 citation-end-105\">; monissa malleissa on varmennettu mitta-asteikko. <\/span><\/li>\n<li data-path-to-node=\"7,0,0\"><span class=\"citation-104 citation-end-104\">Saatavilla my\u00f6s kest\u00e4v\u00e4ll\u00e4 ja kustannustehokkaalla rotaatiosilkkipainolla yksinkertaisempiin logoihin. <\/span><\/li>\n<li style=\"list-style-type: none;\"><\/li>\n<\/ul>","protected":false},"featured_media":6517,"comment_status":"closed","ping_status":"closed","template":"","meta":[],"product_brand":[],"product_cat":[111],"product_tag":[],"class_list":{"0":"post-4159","1":"product","2":"type-product","3":"status-publish","4":"has-post-thumbnail","6":"product_cat-reusable-event-cups","8":"first","9":"instock","10":"shipping-taxable","11":"purchasable","12":"product-type-simple"},"_links":{"self":[{"href":"https:\/\/displayproducts.eu\/fi\/wp-json\/wp\/v2\/product\/4159","targetHints":{"allow":["GET"]}}],"collection":[{"href":"https:\/\/displayproducts.eu\/fi\/wp-json\/wp\/v2\/product"}],"about":[{"href":"https:\/\/displayproducts.eu\/fi\/wp-json\/wp\/v2\/types\/product"}],"replies":[{"embeddable":true,"href":"https:\/\/displayproducts.eu\/fi\/wp-json\/wp\/v2\/comments?post=4159"}],"wp:featuredmedia":[{"embeddable":true,"href":"https:\/\/displayproducts.eu\/fi\/wp-json\/wp\/v2\/media\/6517"}],"wp:attachment":[{"href":"https:\/\/displayproducts.eu\/fi\/wp-json\/wp\/v2\/media?parent=4159"}],"wp:term":[{"taxonomy":"product_brand","embeddable":true,"href":"https:\/\/displayproducts.eu\/fi\/wp-json\/wp\/v2\/product_brand?post=4159"},{"taxonomy":"product_cat","embeddable":true,"href":"https:\/\/displayproducts.eu\/fi\/wp-json\/wp\/v2\/product_cat?post=4159"},{"taxonomy":"product_tag","embeddable":true,"href":"https:\/\/displayproducts.eu\/fi\/wp-json\/wp\/v2\/product_tag?post=4159"}],"curies":[{"name":"wp","href":"https:\/\/api.w.org\/{rel}","templated":true}]}}