{"id":4098,"date":"2025-05-09T18:19:48","date_gmt":"2025-05-09T15:19:48","guid":{"rendered":"https:\/\/wristbandfactory.eu\/?post_type=product&#038;p=4098"},"modified":"2026-04-01T21:52:04","modified_gmt":"2026-04-01T18:52:04","slug":"pu-leather-wristbands-with-details","status":"publish","type":"product","link":"https:\/\/displayproducts.eu\/fi\/p\/pu-leather-wristbands-with-details\/","title":{"rendered":"PU-nahkarannekkeet yksityiskohdilla"},"content":{"rendered":"<p class=\"\" data-start=\"132\" data-end=\"394\">Lis\u00e4\u00e4 ripaus kimallusta ja eleganssia asustekokoelmaasi t\u00e4ll\u00e4 tyylikk\u00e4\u00e4ll\u00e4 PU-j\u00e4ljitelm\u00e4nahkarannekkeella, jossa on moderni muotoilu ja kirkkaanv\u00e4riset kristallimaiset yksityiskohdat. Ranneke sopii t\u00e4ydellisesti sek\u00e4 arkik\u00e4ytt\u00f6\u00f6n ett\u00e4 ensiluokkaiseksi yrityslahjaksi.<\/p>\n<p class=\"\" data-start=\"396\" data-end=\"640\">S\u00e4\u00e4dett\u00e4v\u00e4 nepparikiinnitys sopii eri rannekokoihin. Ranneke on saatavana kolmessa elegantissa s\u00e4vyss\u00e4: kultaisena, mustana ja hopeisena \u2013 jokainen korostaa k\u00e4ytt\u00e4j\u00e4n tyyli\u00e4 omalla tavallaan ja tarjoaa kauniin taustan kimalteleville kiville.<\/p>\n<p class=\"\" data-start=\"642\" data-end=\"891\">T\u00e4t\u00e4 tuotetta voi my\u00f6s personoida \u2013 painatusalue sijaitsee lukon l\u00e4hell\u00e4, johon voidaan lis\u00e4t\u00e4 logo tai viesti tampopainatuksella yhdell\u00e4 v\u00e4rill\u00e4, painatuskoolla 15 \u00d7 12 mm. T\u00e4m\u00e4 tekee rannekkeesta ihanteellisen mainos- tai kampanjalahjan.<\/p>\n<p class=\"\" data-start=\"893\" data-end=\"912\"><strong data-start=\"893\" data-end=\"912\">Tekniset tiedot:<\/strong><\/p>\n<ul data-start=\"913\" data-end=\"1238\">\n<li class=\"\" data-start=\"913\" data-end=\"941\">\n<p class=\"\" data-start=\"915\" data-end=\"941\"><strong data-start=\"915\" data-end=\"928\">Materiaali:<\/strong> PU-nahka<\/p>\n<\/li>\n<li class=\"\" data-start=\"942\" data-end=\"995\">\n<p class=\"\" data-start=\"944\" data-end=\"995\"><strong data-start=\"944\" data-end=\"955\">Suunnittelu:<\/strong> S\u00e4ihkyvi\u00e4 yksityiskohtia tyylikk\u00e4\u00e4ll\u00e4 viimeistelyll\u00e4<\/p>\n<\/li>\n<li class=\"\" data-start=\"996\" data-end=\"1038\">\n<p class=\"\" data-start=\"998\" data-end=\"1038\"><strong data-start=\"998\" data-end=\"1016\">V\u00e4rivaihtoehdot:<\/strong> Kulta, musta, hopea<\/p>\n<\/li>\n<li class=\"\" data-start=\"1039\" data-end=\"1084\">\n<p class=\"\" data-start=\"1041\" data-end=\"1084\"><strong data-start=\"1041\" data-end=\"1051\">Lukko:<\/strong> S\u00e4\u00e4dett\u00e4v\u00e4 nepparikiinnitys<\/p>\n<\/li>\n<li class=\"\" data-start=\"1085\" data-end=\"1118\">\n<p class=\"\" data-start=\"1087\" data-end=\"1118\"><strong data-start=\"1087\" data-end=\"1102\">Mitat:<\/strong> 20,5 \u00d7 2,6 cm<\/p>\n<\/li>\n<li class=\"\" data-start=\"1119\" data-end=\"1138\">\n<p class=\"\" data-start=\"1121\" data-end=\"1138\"><strong data-start=\"1121\" data-end=\"1132\">Paino:<\/strong> 8 grammaa<\/p>\n<\/li>\n<li class=\"\" data-start=\"1139\" data-end=\"1181\">\n<p class=\"\" data-start=\"1141\" data-end=\"1181\"><strong data-start=\"1141\" data-end=\"1156\">Painatusalue:<\/strong> L\u00e4hell\u00e4 lukkoa, 15 \u00d7 12 mm<\/p>\n<\/li>\n<li class=\"\" data-start=\"1182\" data-end=\"1238\">\n<p class=\"\" data-start=\"1184\" data-end=\"1238\"><strong data-start=\"1184\" data-end=\"1207\">Painotekniikka:<\/strong> Tampopainatus (enint\u00e4\u00e4n 1 v\u00e4ri)<\/p>\n<\/li>\n<\/ul>","protected":false},"excerpt":{"rendered":"<p class=\"\" data-start=\"80\" data-end=\"438\">PU-j\u00e4ljitelm\u00e4nahasta valmistetussa rannekkeessa on katseenvangitsevia kristallinmuotoisia v\u00e4rillisi\u00e4 yksityiskohtia. Rannekkeessa on s\u00e4\u00e4dett\u00e4v\u00e4 painonappikiinnitys, ja se on saatavilla kolmessa tyylikk\u00e4\u00e4ss\u00e4 s\u00e4vyss\u00e4: kulta, musta ja hopea \u2013 jokainen korostaa k\u00e4ytt\u00e4j\u00e4n persoonallisuutta. Lukon viereen voidaan lis\u00e4t\u00e4 logo tai viesti tampopainatuksella, mik\u00e4 tekee siit\u00e4 hienon kampanja- tai mainoslahjan.<\/p>","protected":false},"featured_media":6430,"comment_status":"closed","ping_status":"closed","template":"","meta":[],"product_brand":[],"product_cat":[66,117],"product_tag":[],"class_list":{"0":"post-4098","1":"product","2":"type-product","3":"status-publish","4":"has-post-thumbnail","6":"product_cat-wristbands","7":"product_cat-leather-wristbands","9":"first","10":"instock","11":"shipping-taxable","12":"purchasable","13":"product-type-simple"},"_links":{"self":[{"href":"https:\/\/displayproducts.eu\/fi\/wp-json\/wp\/v2\/product\/4098","targetHints":{"allow":["GET"]}}],"collection":[{"href":"https:\/\/displayproducts.eu\/fi\/wp-json\/wp\/v2\/product"}],"about":[{"href":"https:\/\/displayproducts.eu\/fi\/wp-json\/wp\/v2\/types\/product"}],"replies":[{"embeddable":true,"href":"https:\/\/displayproducts.eu\/fi\/wp-json\/wp\/v2\/comments?post=4098"}],"wp:featuredmedia":[{"embeddable":true,"href":"https:\/\/displayproducts.eu\/fi\/wp-json\/wp\/v2\/media\/6430"}],"wp:attachment":[{"href":"https:\/\/displayproducts.eu\/fi\/wp-json\/wp\/v2\/media?parent=4098"}],"wp:term":[{"taxonomy":"product_brand","embeddable":true,"href":"https:\/\/displayproducts.eu\/fi\/wp-json\/wp\/v2\/product_brand?post=4098"},{"taxonomy":"product_cat","embeddable":true,"href":"https:\/\/displayproducts.eu\/fi\/wp-json\/wp\/v2\/product_cat?post=4098"},{"taxonomy":"product_tag","embeddable":true,"href":"https:\/\/displayproducts.eu\/fi\/wp-json\/wp\/v2\/product_tag?post=4098"}],"curies":[{"name":"wp","href":"https:\/\/api.w.org\/{rel}","templated":true}]}}