{"id":4065,"date":"2025-05-09T17:33:44","date_gmt":"2025-05-09T14:33:44","guid":{"rendered":"https:\/\/wristbandfactory.eu\/?post_type=product&#038;p=4065"},"modified":"2026-04-01T21:52:04","modified_gmt":"2026-04-01T18:52:04","slug":"three-strand-leather-wristband-with-light-green-glass-beads","status":"publish","type":"product","link":"https:\/\/displayproducts.eu\/fi\/p\/three-strand-leather-wristband-with-light-green-glass-beads\/","title":{"rendered":"Kolmiosainen nahkaranneke lasihelmill\u00e4"},"content":{"rendered":"<p data-path-to-node=\"12\">Etsitk\u00f6 yrityslahjaa, joka tuntuu enemm\u00e4n muotiasusteelta kuin mainoslahjalta? <b data-path-to-node=\"12\" data-index-in-node=\"124\">K\u00e4sintehty kolmis\u00e4ikeinen nahkaranneke<\/b> yhdist\u00e4\u00e4 maalaismaisen vieh\u00e4tyksen eleganssiin. Toisin kuin tavalliset silikoni- tai festivaalirannekkeet, t\u00e4m\u00e4 ranneke on valmistettu luonnonmateriaaleista, joten se on erinomainen valinta ymp\u00e4rist\u00f6tietoisille br\u00e4ndeille, putiikkitapahtumiin ja ty\u00f6ntekij\u00f6iden kiitoslahjoiksi.<\/p>\n<h2 data-path-to-node=\"13\">T\u00e4rkeimm\u00e4t ominaisuudet<\/h2>\n<ul data-path-to-node=\"14\">\n<li>\n<p data-path-to-node=\"14,0,0\"><b data-path-to-node=\"14,0,0\" data-index-in-node=\"0\">Erottuva trio-muotoilu:<\/b> Rannekkeessa on yhdistetty sile\u00e4 vaaleanruskea nahkanauha, teksturoitu punottu tummanruskea nahkanauha ja keskiosa, jota koristavat vaaleanvihre\u00e4t lasihelmet.<\/p>\n<\/li>\n<li>\n<p data-path-to-node=\"14,1,0\"><b data-path-to-node=\"14,1,0\" data-index-in-node=\"0\">Br\u00e4nd\u00e4tty pakkaus:<\/b> Mukautusta sovelletaan kohtaan <b data-path-to-node=\"14,1,0\" data-index-in-node=\"51\">Kraft-paperikortti<\/b> ranneketta pitelem\u00e4ss\u00e4. K\u00e4yt\u00e4mme tampopainatusta (enint\u00e4\u00e4n nelj\u00e4ss\u00e4 v\u00e4riss\u00e4) logosi tai viestisi n\u00e4ytt\u00e4miseen suoraan rannekkeen yl\u00e4puolella, mik\u00e4 luo ammattimaisen, v\u00e4hitt\u00e4ismyyntiin valmiin esillepanon.<\/p>\n<\/li>\n<li>\n<p data-path-to-node=\"14,2,0\"><b data-path-to-node=\"14,2,0\" data-index-in-node=\"0\">Universaali mukavuus:<\/b> S\u00e4\u00e4dett\u00e4v\u00e4 vahattu puuvillakiinnitys varmistaa mukavan istuvuuden eri rannekooille, joten monimutkaisten kokotaulukoiden k\u00e4ytt\u00f6\u00e4 ei tarvita.<\/p>\n<\/li>\n<li>\n<p data-path-to-node=\"14,3,0\"><b data-path-to-node=\"14,3,0\" data-index-in-node=\"0\">Valmiina lahjoitukseen:<\/b> Korttiin kiinnitettyin\u00e4 toimitettavat rannekkeet ovat heti valmiita jaettavaksi tapahtumissa tai sis\u00e4llytett\u00e4v\u00e4ksi tervetuliaispusseihin.<\/p>\n<\/li>\n<\/ul>\n<h2 data-path-to-node=\"15\">Tekniset tiedot<\/h2>\n<ul data-path-to-node=\"16\">\n<li>\n<p data-path-to-node=\"16,0,0\"><b data-path-to-node=\"16,0,0\" data-index-in-node=\"0\">Materiaalit:<\/b> Aitoa nahkaa, lasihelmi\u00e4, vahattua puuvillaa.<\/p>\n<\/li>\n<li>\n<p data-path-to-node=\"16,1,0\"><b data-path-to-node=\"16,1,0\" data-index-in-node=\"0\">Mitat:<\/b> 26 \u00d7 1,2 cm (s\u00e4\u00e4dett\u00e4v\u00e4 pituus).<\/p>\n<\/li>\n<li>\n<p data-path-to-node=\"16,2,0\"><b data-path-to-node=\"16,2,0\" data-index-in-node=\"0\">Paino:<\/b> 6 g.<\/p>\n<\/li>\n<li>\n<p data-path-to-node=\"16,3,0\"><b data-path-to-node=\"16,3,0\" data-index-in-node=\"0\">Br\u00e4nd\u00e4ysalue:<\/b> 25 \u00d7 15 mm (kortin otsikossa).<\/p>\n<\/li>\n<li>\n<p data-path-to-node=\"16,4,0\"><b data-path-to-node=\"16,4,0\" data-index-in-node=\"0\">Painatustekniikka:<\/b> Tampopainatus (enint\u00e4\u00e4n 4 v\u00e4ri\u00e4).<\/p>\n<\/li>\n<li>\n<p data-path-to-node=\"16,5,0\"><b data-path-to-node=\"16,5,0\" data-index-in-node=\"0\">Pakkaus:<\/b> Ymp\u00e4rist\u00f6yst\u00e4v\u00e4llinen kraft-paperikortti.<\/p>\n<\/li>\n<\/ul>\n<h2 data-path-to-node=\"17\">K\u00e4ytt\u00f6tapaukset<\/h2>\n<ul data-path-to-node=\"18\">\n<li>\n<p data-path-to-node=\"18,0,0\"><b data-path-to-node=\"18,0,0\" data-index-in-node=\"0\">Yrityslahjat:<\/b> Tyylik\u00e4s ja arvokas lahja ty\u00f6ntekij\u00f6ille tai yhteisty\u00f6kumppaneille.<\/p>\n<\/li>\n<li>\n<p data-path-to-node=\"18,1,0\"><b data-path-to-node=\"18,1,0\" data-index-in-node=\"0\">Festivaalin VIP-esineet:<\/b> Boho-chic-asuste, jota vieraat k\u00e4ytt\u00e4v\u00e4t pitk\u00e4\u00e4n tapahtuman j\u00e4lkeen.<\/p>\n<\/li>\n<li>\n<p data-path-to-node=\"18,2,0\"><b data-path-to-node=\"18,2,0\" data-index-in-node=\"0\">Hyv\u00e4ntekev\u00e4isyyskampanjat:<\/b> Hienovarainen, luonnosta inspiroitunut ranneke ymp\u00e4rist\u00f6asioiden tukemiseen.<\/p>\n<\/li>\n<li>\n<p data-path-to-node=\"18,3,0\"><b data-path-to-node=\"18,3,0\" data-index-in-node=\"0\">V\u00e4hitt\u00e4iskauppatavarat:<\/b> T\u00e4ydellinen museokaupoille, el\u00e4intarhoille tai luonnonsuojelualueille myyt\u00e4v\u00e4ksi r\u00e4\u00e4t\u00e4l\u00f6idyll\u00e4 br\u00e4nd\u00e4yksell\u00e4.<\/p>\n<\/li>\n<\/ul>\n<p data-path-to-node=\"19\">","protected":false},"excerpt":{"rendered":"<ul>\n<li>\n<p data-path-to-node=\"11,0,0\"><b data-path-to-node=\"11,0,0\" data-index-in-node=\"0\">K\u00e4sity\u00f6n\u00e4 tehty muotoilu:<\/b> Sis\u00e4lt\u00e4\u00e4 kolme erillist\u00e4 s\u00e4ikett\u00e4 \u2013 sile\u00e4\u00e4 nahkaa, punottua nahkaa ja vihreit\u00e4 lasihelmi\u00e4.<\/p>\n<\/li>\n<li>\n<p data-path-to-node=\"11,1,0\"><b data-path-to-node=\"11,1,0\" data-index-in-node=\"0\">Mukautettu br\u00e4nd\u00e4ys:<\/b> Logosi on painettu tampoonpainettuna mukana tulevaan kraftpaperiseen esittelykorttiin.<\/p>\n<\/li>\n<li>\n<p data-path-to-node=\"11,2,0\"><b data-path-to-node=\"11,2,0\" data-index-in-node=\"0\">S\u00e4\u00e4dett\u00e4v\u00e4 istuvuus:<\/b> Kiinnitet\u00e4\u00e4n kest\u00e4v\u00e4ll\u00e4 vahatulla puuvillaliukusolmulla, joka sopii useimmille rannekooille.<\/p>\n<\/li>\n<li>\n<p data-path-to-node=\"11,3,0\"><b data-path-to-node=\"11,3,0\" data-index-in-node=\"0\">Luonnonmateriaalit:<\/b> Valmistettu aidosta nahasta ja lasista ensiluokkaisen ja v\u00e4hitt\u00e4ismyyntilaatuisen ulkon\u00e4\u00f6n takaamiseksi.<\/p>\n<\/li>\n<\/ul>","protected":false},"featured_media":6412,"comment_status":"closed","ping_status":"closed","template":"","meta":[],"product_brand":[],"product_cat":[66,117],"product_tag":[],"class_list":{"0":"post-4065","1":"product","2":"type-product","3":"status-publish","4":"has-post-thumbnail","6":"product_cat-wristbands","7":"product_cat-leather-wristbands","9":"first","10":"instock","11":"shipping-taxable","12":"purchasable","13":"product-type-simple"},"_links":{"self":[{"href":"https:\/\/displayproducts.eu\/fi\/wp-json\/wp\/v2\/product\/4065","targetHints":{"allow":["GET"]}}],"collection":[{"href":"https:\/\/displayproducts.eu\/fi\/wp-json\/wp\/v2\/product"}],"about":[{"href":"https:\/\/displayproducts.eu\/fi\/wp-json\/wp\/v2\/types\/product"}],"replies":[{"embeddable":true,"href":"https:\/\/displayproducts.eu\/fi\/wp-json\/wp\/v2\/comments?post=4065"}],"wp:featuredmedia":[{"embeddable":true,"href":"https:\/\/displayproducts.eu\/fi\/wp-json\/wp\/v2\/media\/6412"}],"wp:attachment":[{"href":"https:\/\/displayproducts.eu\/fi\/wp-json\/wp\/v2\/media?parent=4065"}],"wp:term":[{"taxonomy":"product_brand","embeddable":true,"href":"https:\/\/displayproducts.eu\/fi\/wp-json\/wp\/v2\/product_brand?post=4065"},{"taxonomy":"product_cat","embeddable":true,"href":"https:\/\/displayproducts.eu\/fi\/wp-json\/wp\/v2\/product_cat?post=4065"},{"taxonomy":"product_tag","embeddable":true,"href":"https:\/\/displayproducts.eu\/fi\/wp-json\/wp\/v2\/product_tag?post=4065"}],"curies":[{"name":"wp","href":"https:\/\/api.w.org\/{rel}","templated":true}]}}