{"id":4046,"date":"2025-05-09T17:16:59","date_gmt":"2025-05-09T14:16:59","guid":{"rendered":"https:\/\/wristbandfactory.eu\/?post_type=product&#038;p=4046"},"modified":"2026-04-01T21:52:04","modified_gmt":"2026-04-01T18:52:04","slug":"custom-leather-wristbands","status":"publish","type":"product","link":"https:\/\/displayproducts.eu\/fi\/p\/custom-leather-wristbands\/","title":{"rendered":"Mukautetut nahkarannekkeet"},"content":{"rendered":"<p>T\u00e4m\u00e4 elegantti ranneke on valmistettu korkealaatuisesta ruskeasta nahasta, ja sit\u00e4 korostavat kest\u00e4v\u00e4t vahatut puuvillanauhat ja tyylikk\u00e4\u00e4t hopeoidut helmet. Keskell\u00e4 oleva helmi, jossa on universaali rauhan symboli, lis\u00e4\u00e4 merkityksellisen silauksen, joka symboloi harmoniaa ja kumppanuutta. Ranneke on kiinnitetty kiillotetulla hopeanv\u00e4risell\u00e4 metalliseoslukolla, joka varmistaa sek\u00e4 kest\u00e4vyyden ett\u00e4 hienostuneen viimeistelyn jokap\u00e4iv\u00e4iseen k\u00e4ytt\u00f6\u00f6n.<\/p>\n<p>Sen arvo mainosv\u00e4lineen\u00e4 piilee pakkauksessa. Jokainen ranneke on kiinnitetty luonnonv\u00e4riseen kraft-paperikartonkiin, joka toimii br\u00e4ndisi pohjana. Tarjoamme yrityksesi logon tai mukautetun viestin tarkan tampopainatuksen jopa nelj\u00e4ss\u00e4 v\u00e4riss\u00e4 25 \u00d7 15 mm:n alueelle. T\u00e4m\u00e4 harkittu esillepano varmistaa, ett\u00e4 br\u00e4ndisi on esill\u00e4 ja keskell\u00e4, luoden pysyv\u00e4n vaikutelman pitk\u00e4\u00e4n lahjan vastaanottamisen j\u00e4lkeen.<\/p>\n<p><b>T\u00e4rkeimm\u00e4t ominaisuudet:<\/b><\/p>\n<ul>\n<li><b>Materiaali:<\/b> Aitoa nahkaa, vahattua puuvillaa ja hopeoitua metalliseosta<\/li>\n<li><b>Br\u00e4nd\u00e4ys:<\/b> Mukautettu painettu kraft-paperikortti<\/li>\n<li><b>Painatusalue:<\/b> 25 \u00d7 15 mm kortin yl\u00e4reunassa<\/li>\n<li><b>Painatusmenetelm\u00e4:<\/b> Korkealaatuinen tampopainatus (jopa 4 v\u00e4ri\u00e4)<\/li>\n<li><b>Symboliikka:<\/b> Sis\u00e4lt\u00e4\u00e4 rauhan symbolihelmen yhten\u00e4isyyden viestin\u00e4<\/li>\n<li><b>Lukko:<\/b> Turvallinen ja tyylik\u00e4s hopeanv\u00e4rinen metalliseoslukko<\/li>\n<\/ul>\n<p>&nbsp;<\/p>","protected":false},"excerpt":{"rendered":"<article class=\"text-token-text-primary w-full\" dir=\"auto\" data-testid=\"conversation-turn-440\" data-scroll-anchor=\"true\">\n<div class=\"text-base my-auto mx-auto py-5 [--thread-content-margin:--spacing(4)] @[37rem]:[--thread-content-margin:--spacing(6)] @[72rem]:[--thread-content-margin:--spacing(16)] px-(--thread-content-margin)\">\n<div class=\"[--thread-content-max-width:32rem] @[34rem]:[--thread-content-max-width:40rem] @[64rem]:[--thread-content-max-width:48rem] mx-auto flex max-w-(--thread-content-max-width) flex-1 text-base gap-4 md:gap-5 lg:gap-6 group\/turn-messages focus-visible:outline-hidden\" tabindex=\"-1\">\n<div class=\"group\/conversation-turn relative flex w-full min-w-0 flex-col agent-turn\">\n<div class=\"relative flex-col gap-1 md:gap-3\">\n<div class=\"flex max-w-full flex-col grow\">\n<div class=\"min-h-8 text-message relative flex w-full flex-col items-end gap-2 text-start break-words whitespace-normal [.text-message+&amp;]:mt-5\" dir=\"auto\" data-message-author-role=\"assistant\" data-message-id=\"90623f22-b929-41cf-a2ca-210f95d4ea1a\" data-message-model-slug=\"gpt-4o\">\n<div class=\"flex w-full flex-col gap-1 empty:hidden first:pt-[3px]\">\n<div class=\"markdown prose dark:prose-invert w-full break-words light\">\n<p>L\u00f6yd\u00e4 t\u00e4ydellinen yrityslahja, joka yhdist\u00e4\u00e4 ajattoman tyylin ja vahvan br\u00e4nd\u00e4yksen. Ensiluokkaiset nahkarannekkeet tarjoavat hienostuneen tavan osoittaa arvostusta asiakkaille, palkita ty\u00f6ntekij\u00f6it\u00e4 tai luoda ainutlaatuisia tuotteita. T\u00e4ysin muokattavalla taustakortilla esitelty tuote muuttaa yksinkertaisen eleen ikimuistoiseksi br\u00e4ndikokemukseksi.<\/p>\n<\/div>\n<\/div>\n<\/div>\n<\/div>\n<\/div>\n<\/div>\n<\/div>\n<\/div>\n<\/article>\n<div class=\"pointer-events-none h-px w-px\" aria-hidden=\"true\" data-edge=\"true\"><\/div>","protected":false},"featured_media":6404,"comment_status":"closed","ping_status":"closed","template":"","meta":[],"product_brand":[],"product_cat":[66,117],"product_tag":[],"class_list":{"0":"post-4046","1":"product","2":"type-product","3":"status-publish","4":"has-post-thumbnail","6":"product_cat-wristbands","7":"product_cat-leather-wristbands","9":"first","10":"instock","11":"shipping-taxable","12":"purchasable","13":"product-type-simple"},"_links":{"self":[{"href":"https:\/\/displayproducts.eu\/fi\/wp-json\/wp\/v2\/product\/4046","targetHints":{"allow":["GET"]}}],"collection":[{"href":"https:\/\/displayproducts.eu\/fi\/wp-json\/wp\/v2\/product"}],"about":[{"href":"https:\/\/displayproducts.eu\/fi\/wp-json\/wp\/v2\/types\/product"}],"replies":[{"embeddable":true,"href":"https:\/\/displayproducts.eu\/fi\/wp-json\/wp\/v2\/comments?post=4046"}],"wp:featuredmedia":[{"embeddable":true,"href":"https:\/\/displayproducts.eu\/fi\/wp-json\/wp\/v2\/media\/6404"}],"wp:attachment":[{"href":"https:\/\/displayproducts.eu\/fi\/wp-json\/wp\/v2\/media?parent=4046"}],"wp:term":[{"taxonomy":"product_brand","embeddable":true,"href":"https:\/\/displayproducts.eu\/fi\/wp-json\/wp\/v2\/product_brand?post=4046"},{"taxonomy":"product_cat","embeddable":true,"href":"https:\/\/displayproducts.eu\/fi\/wp-json\/wp\/v2\/product_cat?post=4046"},{"taxonomy":"product_tag","embeddable":true,"href":"https:\/\/displayproducts.eu\/fi\/wp-json\/wp\/v2\/product_tag?post=4046"}],"curies":[{"name":"wp","href":"https:\/\/api.w.org\/{rel}","templated":true}]}}