{"id":4024,"date":"2025-05-09T16:57:10","date_gmt":"2025-05-09T13:57:10","guid":{"rendered":"https:\/\/wristbandfactory.eu\/?post_type=product&#038;p=4024"},"modified":"2026-04-01T21:52:36","modified_gmt":"2026-04-01T18:52:36","slug":"custom-engraved-multifunctional-paracord-survival-wristbands","status":"publish","type":"product","link":"https:\/\/displayproducts.eu\/fi\/p\/custom-engraved-multifunctional-paracord-survival-wristbands\/","title":{"rendered":"Logolla painetut paracord-rannekkeet"},"content":{"rendered":"<p data-path-to-node=\"8\">Nosta yrityksesi lahjojen tasoa ty\u00f6kalulla, joka yhdist\u00e4\u00e4 k\u00e4yt\u00e4nn\u00f6llisyyden ja kest\u00e4v\u00e4n tyylin. Monitoiminen paracord-selviytymisrannekkeen ominaisuus on enemm\u00e4n kuin vain asuste; se on kompakti h\u00e4t\u00e4pakkaus, joka on suunniteltu aktiivisille yksil\u00f6ille ja seikkailunhaluisille. K\u00e4ytettiinp\u00e4 sit\u00e4 vaelluksella, leirint\u00e4alueella tai taktisessa harjoittelussa, t\u00e4m\u00e4 ranneke tarjoaa v\u00e4ltt\u00e4m\u00e4tt\u00f6m\u00e4t ty\u00f6kalut suoraan ranteeseen.<\/p>\n<p data-path-to-node=\"9\">Rannekkeen ydin on valmistettu eritt\u00e4in lujasta nailonparacord-langasta, joka voidaan purkaa h\u00e4t\u00e4tilanteissa. Integroidussa turvallisessa solkilukossa on kova h\u00e4t\u00e4pilli ja sytytyskaavin, kun taas yl\u00e4osassa on luotettava kompassi ja tukeva pullonavaaja.<\/p>\n<h2 data-path-to-node=\"10\">T\u00e4rkeimm\u00e4t ominaisuudet<\/h2>\n<ul data-path-to-node=\"11\">\n<li>\n<p data-path-to-node=\"11,0,0\"><b data-path-to-node=\"11,0,0\" data-index-in-node=\"0\">Monitoimilaite:<\/b> Viisi olennaista selviytymisty\u00f6kalua integroituna yhteen puettavaan muotoiluun.<\/p>\n<\/li>\n<li>\n<p data-path-to-node=\"11,1,0\"><b data-path-to-node=\"11,1,0\" data-index-in-node=\"0\">Mukautettu laserkaiverrus:<\/b> Yrityksesi logo on kaiverrettu tarkasti metallilevyyn, mik\u00e4 varmistaa, ettei br\u00e4nd\u00e4ys koskaan haalistu tai irtoa.<\/p>\n<\/li>\n<li>\n<p data-path-to-node=\"11,2,0\"><b data-path-to-node=\"11,2,0\" data-index-in-node=\"0\">Kest\u00e4v\u00e4 rakenne:<\/b> Rakennettu kest\u00e4m\u00e4\u00e4n ankaria ymp\u00e4rist\u00f6olosuhteita, mik\u00e4 tekee siit\u00e4 ulkoilmaharrastajien suosikin.<\/p>\n<\/li>\n<li>\n<p data-path-to-node=\"11,3,0\"><b data-path-to-node=\"11,3,0\" data-index-in-node=\"0\">Ergonominen istuvuus:<\/b> Suunniteltu pitk\u00e4aikaiseen k\u00e4ytt\u00f6\u00f6n mukavuutta ajatellen, ja siin\u00e4 on turvallinen solkij\u00e4rjestelm\u00e4.<\/p>\n<\/li>\n<\/ul>\n<h2 data-path-to-node=\"12\">Tekniset tiedot<\/h2>\n<ul data-path-to-node=\"13\">\n<li>\n<p data-path-to-node=\"13,0,0\"><b data-path-to-node=\"13,0,0\" data-index-in-node=\"0\">Materiaali:<\/b> Eritt\u00e4in lujaa nailonista valmistettu paracord-naru ja metallikomponentit<\/p>\n<\/li>\n<li>\n<p data-path-to-node=\"13,1,0\"><b data-path-to-node=\"13,1,0\" data-index-in-node=\"0\">Mitat:<\/b> 25,5 \u00d7 3,4 \u00d7 1,1 cm<\/p>\n<\/li>\n<li>\n<p data-path-to-node=\"13,2,0\"><b data-path-to-node=\"13,2,0\" data-index-in-node=\"0\">Paino:<\/b> 36 grammaa<\/p>\n<\/li>\n<li>\n<p data-path-to-node=\"13,3,0\"><b data-path-to-node=\"13,3,0\" data-index-in-node=\"0\">Integroidut toiminnot:<\/b> Ranneke, kompassi, pilli, sytytyskaavin, pullonavaaja<\/p>\n<\/li>\n<li>\n<p data-path-to-node=\"13,4,0\"><b data-path-to-node=\"13,4,0\" data-index-in-node=\"0\">Mukautusalue:<\/b> 20 \u00d7 10 mm metallilevyll\u00e4<\/p>\n<\/li>\n<li>\n<p data-path-to-node=\"13,5,0\"><b data-path-to-node=\"13,5,0\" data-index-in-node=\"0\">Tekniikka:<\/b> Yksiv\u00e4rinen laserkaiverrus<\/p>\n<\/li>\n<\/ul>\n<h2 data-path-to-node=\"14\">K\u00e4ytt\u00f6tapaukset<\/h2>\n<ul data-path-to-node=\"15\">\n<li>\n<p data-path-to-node=\"15,0,0\"><b data-path-to-node=\"15,0,0\" data-index-in-node=\"0\">Yritystiimin rakentaminen:<\/b> T\u00e4ydellinen lahja er\u00e4maaretriitteihin ja ulkoilman selviytymishaasteisiin.<\/p>\n<\/li>\n<li>\n<p data-path-to-node=\"15,1,0\"><b data-path-to-node=\"15,1,0\" data-index-in-node=\"0\">Seikkailumatkailu:<\/b> Matkatoimistot ja matkanj\u00e4rjest\u00e4j\u00e4t voivat tarjota asiakkailleen merkkituotteita.<\/p>\n<\/li>\n<li>\n<p data-path-to-node=\"15,2,0\"><b data-path-to-node=\"15,2,0\" data-index-in-node=\"0\">V\u00e4hitt\u00e4ismyynti ja myynti:<\/b> Erinomainen ja hintansa arvoinen tuote ulkoilu- ja urheiluv\u00e4lineliikkeisiin.<\/p>\n<\/li>\n<li>\n<p data-path-to-node=\"15,3,0\"><b data-path-to-node=\"15,3,0\" data-index-in-node=\"0\">Turvallisuustietoisuuskampanjat:<\/b> Ihanteellinen organisaatioille, jotka keskittyv\u00e4t valmius- ja h\u00e4t\u00e4palveluihin.<\/p>\n<\/li>\n<\/ul>","protected":false},"excerpt":{"rendered":"<article class=\"text-token-text-primary w-full\" dir=\"auto\" data-testid=\"conversation-turn-434\" data-scroll-anchor=\"true\">\n<div class=\"text-base my-auto mx-auto py-5 [--thread-content-margin:--spacing(4)] @[37rem]:[--thread-content-margin:--spacing(6)] @[72rem]:[--thread-content-margin:--spacing(16)] px-(--thread-content-margin)\">\n<div class=\"[--thread-content-max-width:32rem] @[34rem]:[--thread-content-max-width:40rem] @[64rem]:[--thread-content-max-width:48rem] mx-auto flex max-w-(--thread-content-max-width) flex-1 text-base gap-4 md:gap-5 lg:gap-6 group\/turn-messages focus-visible:outline-hidden\" tabindex=\"-1\">\n<div class=\"group\/conversation-turn relative flex w-full min-w-0 flex-col agent-turn\">\n<div class=\"relative flex-col gap-1 md:gap-3\">\n<div class=\"flex max-w-full flex-col grow\">\n<div class=\"min-h-8 text-message relative flex w-full flex-col items-end gap-2 text-start break-words whitespace-normal [.text-message+&amp;]:mt-5\" dir=\"auto\" data-message-author-role=\"assistant\" data-message-id=\"209e0cfa-4190-4646-a2b0-a9a360850576\" data-message-model-slug=\"gpt-4o\">\n<div class=\"flex w-full flex-col gap-1 empty:hidden first:pt-[3px]\">\n<div class=\"markdown prose dark:prose-invert w-full break-words light\">\n<ul>\n<li>\n<p data-path-to-node=\"7,0,0\"><b data-path-to-node=\"7,0,0\" data-index-in-node=\"0\">Monitoiminen 5-in-1-ty\u00f6kalu:<\/b> Mukana kompassi, pilli, sytytin, pullonavaaja ja kest\u00e4v\u00e4 paracord-naru.<\/p>\n<\/li>\n<li>\n<p data-path-to-node=\"7,1,0\"><b data-path-to-node=\"7,1,0\" data-index-in-node=\"0\">Premium-br\u00e4nd\u00e4ys:<\/b> Ammattimainen laserkaiverrus 20 \u00d7 10 mm metallilevyyn pysyv\u00e4n logon n\u00e4kyvyyden takaamiseksi.<\/p>\n<\/li>\n<li>\n<p data-path-to-node=\"7,2,0\"><b data-path-to-node=\"7,2,0\" data-index-in-node=\"0\">\u00c4\u00e4rimm\u00e4inen kest\u00e4vyys:<\/b> Valmistettu kest\u00e4v\u00e4st\u00e4 nailonista, suunniteltu ulkoseikkailuihin ja h\u00e4t\u00e4tilanteisiin varautumiseen.<\/p>\n<\/li>\n<li>\n<p data-path-to-node=\"7,3,0\"><b data-path-to-node=\"7,3,0\" data-index-in-node=\"0\">B2B-monipuolisuus:<\/b> Ihanteellinen matkatoimistoille, tiimienrakennustapahtumille ja ulkoiluv\u00e4lineiden j\u00e4lleenmyyjille.<\/p>\n<\/li>\n<\/ul>\n<\/div>\n<\/div>\n<\/div>\n<\/div>\n<\/div>\n<\/div>\n<\/div>\n<\/div>\n<\/article>","protected":false},"featured_media":6416,"comment_status":"closed","ping_status":"closed","template":"","meta":[],"product_brand":[],"product_cat":[66,112,45],"product_tag":[],"class_list":{"0":"post-4024","1":"product","2":"type-product","3":"status-publish","4":"has-post-thumbnail","6":"product_cat-wristbands","7":"product_cat-paracord-wristbands","8":"product_cat-other","10":"first","11":"instock","12":"shipping-taxable","13":"purchasable","14":"product-type-simple"},"_links":{"self":[{"href":"https:\/\/displayproducts.eu\/fi\/wp-json\/wp\/v2\/product\/4024","targetHints":{"allow":["GET"]}}],"collection":[{"href":"https:\/\/displayproducts.eu\/fi\/wp-json\/wp\/v2\/product"}],"about":[{"href":"https:\/\/displayproducts.eu\/fi\/wp-json\/wp\/v2\/types\/product"}],"replies":[{"embeddable":true,"href":"https:\/\/displayproducts.eu\/fi\/wp-json\/wp\/v2\/comments?post=4024"}],"wp:featuredmedia":[{"embeddable":true,"href":"https:\/\/displayproducts.eu\/fi\/wp-json\/wp\/v2\/media\/6416"}],"wp:attachment":[{"href":"https:\/\/displayproducts.eu\/fi\/wp-json\/wp\/v2\/media?parent=4024"}],"wp:term":[{"taxonomy":"product_brand","embeddable":true,"href":"https:\/\/displayproducts.eu\/fi\/wp-json\/wp\/v2\/product_brand?post=4024"},{"taxonomy":"product_cat","embeddable":true,"href":"https:\/\/displayproducts.eu\/fi\/wp-json\/wp\/v2\/product_cat?post=4024"},{"taxonomy":"product_tag","embeddable":true,"href":"https:\/\/displayproducts.eu\/fi\/wp-json\/wp\/v2\/product_tag?post=4024"}],"curies":[{"name":"wp","href":"https:\/\/api.w.org\/{rel}","templated":true}]}}