{"id":3986,"date":"2025-05-08T16:58:54","date_gmt":"2025-05-08T13:58:54","guid":{"rendered":"https:\/\/wristbandfactory.eu\/?post_type=product&#038;p=3986"},"modified":"2026-04-01T21:52:04","modified_gmt":"2026-04-01T18:52:04","slug":"custom-printed-sustainable-cork-phone-straps","status":"publish","type":"product","link":"https:\/\/displayproducts.eu\/fi\/p\/custom-printed-sustainable-cork-phone-straps\/","title":{"rendered":"Logolla varustetut korkkiset puhelinrannekkeet"},"content":{"rendered":"<p data-path-to-node=\"7\">Tarjoa tapahtumasi osallistujille ja asiakkaille mainostuote, joka yhdist\u00e4\u00e4 modernin k\u00e4yt\u00e4nn\u00f6llisyyden ja ymp\u00e4rist\u00f6vastuun. Mainoskorkkiset puhelinhihnamme tarjoavat turvallisen ja handsfree-tavan kantaa \u00e4lypuhelinta, varmistaen, ett\u00e4 br\u00e4ndisi pysyy n\u00e4kyviss\u00e4 k\u00e4ytt\u00e4j\u00e4n k\u00e4dess\u00e4 pitk\u00e4\u00e4n tapahtuman p\u00e4\u00e4ttymisen j\u00e4lkeen.<\/p>\n<p data-path-to-node=\"8\">Luonnollisesta, kasvipohjaisesta korkista valmistettu rannehihna on vastuullinen valinta seuraavaan markkinointikampanjaasi tai messulahjakassisi. Mekanismi on ilman painatusta mutta universaali: ohut mutta kest\u00e4v\u00e4 korkkipidike liukuu helposti puhelimen ja kotelon v\u00e4liin ja kiinnittyy rannekkeeseen tukevan, py\u00f6riv\u00e4n metallisen karabiinin avulla.<\/p>\n<h2 data-path-to-node=\"9\">T\u00e4rkeimm\u00e4t ominaisuudet<\/h2>\n<ul data-path-to-node=\"10\">\n<li>\n<p data-path-to-node=\"10,0,0\"><b data-path-to-node=\"10,0,0\" data-index-in-node=\"0\">Ymp\u00e4rist\u00f6yst\u00e4v\u00e4llinen materiaali:<\/b> Valmistettu uusiutuvasta korkista, joka tarjoaa pehme\u00e4n tuntuman ja ensiluokkaisen, luonnollisen estetiikan.<\/p>\n<\/li>\n<li>\n<p data-path-to-node=\"10,1,0\"><b data-path-to-node=\"10,1,0\" data-index-in-node=\"0\">Monipuolinen br\u00e4nd\u00e4ys:<\/b> Tarjoamme tampopainatusta, seripainatusta ja t\u00e4ysv\u00e4risiirtopainatusta. Todella korkealaatuisen vaikutelman saavuttamiseksi laserkaiverrus polttaa logosi suoraan korkkipintaan.<\/p>\n<\/li>\n<li>\n<p data-path-to-node=\"10,2,0\"><b data-path-to-node=\"10,2,0\" data-index-in-node=\"0\">Suojattu laitteisto:<\/b> Varustettu kest\u00e4v\u00e4ll\u00e4 mustalla py\u00f6riv\u00e4ll\u00e4 metallisella sulkurenkaalla luotettavaa kiinnityst\u00e4 ja helppoa irrottamista varten.<\/p>\n<\/li>\n<li>\n<p data-path-to-node=\"10,3,0\"><b data-path-to-node=\"10,3,0\" data-index-in-node=\"0\">EU:ssa sijaitseva tuotanto:<\/b> Nopeat l\u00e4pimenoajat tiukoissa aikatauluissa varmistaen, ett\u00e4 mainosmateriaalisi saapuu valmiina seuraavaan suureen tapahtumaasi.<\/p>\n<\/li>\n<\/ul>\n<h2 data-path-to-node=\"11\">Tekniset tiedot<\/h2>\n<ul data-path-to-node=\"12\">\n<li>\n<p data-path-to-node=\"12,0,0\"><b data-path-to-node=\"12,0,0\" data-index-in-node=\"0\">Materiaali:<\/b> Luonnollinen ja kest\u00e4v\u00e4 korkkiranneke yhteensopivalla puhelinpidikkeen kielekkeell\u00e4.<\/p>\n<\/li>\n<li>\n<p data-path-to-node=\"12,1,0\"><b data-path-to-node=\"12,1,0\" data-index-in-node=\"0\">Mitat:<\/b> Kompakti rannekekoko (2 x 16,5 cm) sopii erinomaisesti ranteeseen.<\/p>\n<\/li>\n<li>\n<p data-path-to-node=\"12,2,0\"><b data-path-to-node=\"12,2,0\" data-index-in-node=\"0\">Paino:<\/b> 8 grammaa (h\u00f6yhenenkevyt rakenne).<\/p>\n<\/li>\n<li>\n<p data-path-to-node=\"12,3,0\"><b data-path-to-node=\"12,3,0\" data-index-in-node=\"0\">Yhteensopivuus:<\/b> Yleismallinen kotelo, sopii kaikkiin tavallisiin \u00e4lypuhelimiin ja suojakuoriin.<\/p>\n<\/li>\n<li>\n<p data-path-to-node=\"12,4,0\"><b data-path-to-node=\"12,4,0\" data-index-in-node=\"0\">Mukauttaminen:<\/b> Tampopainatus, laserkaiverrus tai t\u00e4ysv\u00e4risiirto.<\/p>\n<\/li>\n<li>\n<p data-path-to-node=\"12,5,0\"><b data-path-to-node=\"12,5,0\" data-index-in-node=\"0\">Minimitilausm\u00e4\u00e4r\u00e4:<\/b> 100 yksikk\u00f6\u00e4.<\/p>\n<\/li>\n<\/ul>\n<h2 data-path-to-node=\"13\">K\u00e4ytt\u00f6tapaukset<\/h2>\n<ul data-path-to-node=\"14\">\n<li>\n<p data-path-to-node=\"14,0,0\"><b data-path-to-node=\"14,0,0\" data-index-in-node=\"0\">Konferenssit ja messut:<\/b> Hy\u00f6dyllinen arvonta, joka pit\u00e4\u00e4 osallistujien puhelimet turvassa ja saatavilla verkostoitumisen aikana.<\/p>\n<\/li>\n<li>\n<p data-path-to-node=\"14,1,0\"><b data-path-to-node=\"14,1,0\" data-index-in-node=\"0\">Yritysten yhteiskuntavastuulahjat:<\/b> Merkityksellinen ja kest\u00e4v\u00e4 lahja ty\u00f6ntekij\u00f6ille, joka on linjassa vihreiden yritysarvojen kanssa.<\/p>\n<\/li>\n<li>\n<p data-path-to-node=\"14,2,0\"><b data-path-to-node=\"14,2,0\" data-index-in-node=\"0\">Mobiili- ja teknologiakampanjat:<\/b> T\u00e4ydellinen televiestint\u00e4yrityksille tai teknologiayrityksille, jotka etsiv\u00e4t ainutlaatuisia ja ymp\u00e4rist\u00f6yst\u00e4v\u00e4llisi\u00e4 lis\u00e4varusteita.<\/p>\n<\/li>\n<li>\n<p data-path-to-node=\"14,3,0\"><b data-path-to-node=\"14,3,0\" data-index-in-node=\"0\">Matkailu ja turismi:<\/b> K\u00e4yt\u00e4nn\u00f6llisi\u00e4 matkamuistoja matkaryhmille ja matkatoimistoille.<\/p>\n<\/li>\n<\/ul>","protected":false},"excerpt":{"rendered":"<ul>\n<li>\n<p data-path-to-node=\"6,0,0\"><b data-path-to-node=\"6,0,0\" data-index-in-node=\"0\">Kest\u00e4v\u00e4 br\u00e4ndikuva:<\/b> Valmistettu 100%-luonnonkorkista ja uusiutuvasta materiaalista, joka tarjoaa ymp\u00e4rist\u00f6yst\u00e4v\u00e4llisen vaihtoehdon synteettisille matkapuhelinlis\u00e4varusteille.<\/p>\n<\/li>\n<li>\n<p data-path-to-node=\"6,1,0\"><b data-path-to-node=\"6,1,0\" data-index-in-node=\"0\">Universaali B2B-ratkaisu:<\/b> \u00c4lyk\u00e4s v\u00e4lilehtisuunnittelu varmistaa yhteensopivuuden kaikkien \u00e4lypuhelinmallien ja -koteloiden kanssa tukimatta latausportteja.<\/p>\n<\/li>\n<li>\n<p data-path-to-node=\"6,2,0\"><b data-path-to-node=\"6,2,0\" data-index-in-node=\"0\">Premium-mukautus:<\/b> Saatavilla korkealaatuisella laserkaiverruksella hienovaraista ilmett\u00e4 varten tai eloisalla t\u00e4ysv\u00e4risell\u00e4 siirtokuvapainatuksella yrityksen ohjeiden mukaisesti.<\/p>\n<\/li>\n<li>\n<p data-path-to-node=\"6,3,0\"><b data-path-to-node=\"6,3,0\" data-index-in-node=\"0\">Eritt\u00e4in kevyt ja k\u00e4tev\u00e4 apuv\u00e4line:<\/b> Vain 8 grammaa painava laite tarjoaa turvallisen ja handsfree-puhelimen kantamisen tapahtuman osallistujille ja ty\u00f6ntekij\u00f6ille lis\u00e4\u00e4m\u00e4tt\u00e4 laitteen kokoa.<\/p>\n<\/li>\n<\/ul>","protected":false},"featured_media":6649,"comment_status":"closed","ping_status":"closed","template":"","meta":[],"product_brand":[],"product_cat":[128,108],"product_tag":[],"class_list":{"0":"post-3986","1":"product","2":"type-product","3":"status-publish","4":"has-post-thumbnail","6":"product_cat-mobile-tech-accessories","7":"product_cat-multifunctional-lanyards","9":"first","10":"instock","11":"shipping-taxable","12":"purchasable","13":"product-type-simple"},"_links":{"self":[{"href":"https:\/\/displayproducts.eu\/fi\/wp-json\/wp\/v2\/product\/3986","targetHints":{"allow":["GET"]}}],"collection":[{"href":"https:\/\/displayproducts.eu\/fi\/wp-json\/wp\/v2\/product"}],"about":[{"href":"https:\/\/displayproducts.eu\/fi\/wp-json\/wp\/v2\/types\/product"}],"replies":[{"embeddable":true,"href":"https:\/\/displayproducts.eu\/fi\/wp-json\/wp\/v2\/comments?post=3986"}],"wp:featuredmedia":[{"embeddable":true,"href":"https:\/\/displayproducts.eu\/fi\/wp-json\/wp\/v2\/media\/6649"}],"wp:attachment":[{"href":"https:\/\/displayproducts.eu\/fi\/wp-json\/wp\/v2\/media?parent=3986"}],"wp:term":[{"taxonomy":"product_brand","embeddable":true,"href":"https:\/\/displayproducts.eu\/fi\/wp-json\/wp\/v2\/product_brand?post=3986"},{"taxonomy":"product_cat","embeddable":true,"href":"https:\/\/displayproducts.eu\/fi\/wp-json\/wp\/v2\/product_cat?post=3986"},{"taxonomy":"product_tag","embeddable":true,"href":"https:\/\/displayproducts.eu\/fi\/wp-json\/wp\/v2\/product_tag?post=3986"}],"curies":[{"name":"wp","href":"https:\/\/api.w.org\/{rel}","templated":true}]}}