{"id":3908,"date":"2025-05-08T15:38:19","date_gmt":"2025-05-08T12:38:19","guid":{"rendered":"https:\/\/wristbandfactory.eu\/?post_type=product&#038;p=3908"},"modified":"2026-04-01T21:52:36","modified_gmt":"2026-04-01T18:52:36","slug":"phone-wrist-straps-with-bamboo-holder","status":"publish","type":"product","link":"https:\/\/displayproducts.eu\/fi\/p\/phone-wrist-straps-with-bamboo-holder\/","title":{"rendered":"Puhelimen rannehihnat bambupidikkeell\u00e4"},"content":{"rendered":"<p>Anna toimiva ja ymp\u00e4rist\u00f6yst\u00e4v\u00e4llinen yrityslahja puuvillaisella puhelinrannekkeellamme. T\u00e4m\u00e4 k\u00e4yt\u00e4nn\u00f6llinen tuote sopii erinomaisesti \u00e4lypuhelinten suojaamiseen ja saatavuuden s\u00e4ilytt\u00e4miseen kiireisiss\u00e4 konferensseissa, messuilla tai yritystapahtumissa, mahdollistaen handsfree-liikkeen.<\/p>\n<p>Ranneke on valmistettu pehme\u00e4st\u00e4 ja kest\u00e4v\u00e4st\u00e4 puuvillasta, kun taas puhelinpidikeosa on valmistettu kest\u00e4v\u00e4st\u00e4 bambusta. T\u00e4m\u00e4 bambuosa tarjoaa tyylikk\u00e4\u00e4n ja n\u00e4kyv\u00e4n pinnan br\u00e4nd\u00e4ykselle, ja se sopii t\u00e4ydellisesti yrityksesi logon tarkkaan laserkaiverrukseen.<\/p>\n<p>Setti sis\u00e4lt\u00e4\u00e4 kiinnitysty\u00f6kalun, joka sopii huomaamattomasti puhelimen ja sen kotelon v\u00e4liin tukevaa kiinnityst\u00e4 varten. Organisaatiosi sitoutumisen kest\u00e4v\u00e4\u00e4n kehitykseen korostamiseksi jokainen hihna on pakattu erikseen kierr\u00e4tyspaperipussiin, mik\u00e4 tekee siit\u00e4 ihanteellisen lahjan ymp\u00e4rist\u00f6tietoisille br\u00e4ndeille.<\/p>\n<p><b>T\u00e4rkeimm\u00e4t ominaisuudet:<\/b><\/p>\n<ul>\n<li><b>K\u00e4yt\u00e4nn\u00f6llinen handsfree-ratkaisu:<\/b> Pit\u00e4\u00e4 \u00e4lypuhelimet turvassa ja saatavilla yritystapahtumissa.<\/li>\n<li><b>Ymp\u00e4rist\u00f6yst\u00e4v\u00e4lliset materiaalit:<\/b> Valmistettu pehme\u00e4st\u00e4 puuvillasta ja kest\u00e4v\u00e4st\u00e4 bambusta valmistetusta pidikkeest\u00e4.<\/li>\n<li><b>Ensiluokkainen br\u00e4nd\u00e4yspinta:<\/b> Bambupidike sopii erinomaisesti laserkaiverrukseen tai tampopainatukseen.<\/li>\n<li><b>S\u00e4\u00e4dett\u00e4v\u00e4 muotoilu:<\/b> Sopii mukavasti kaikenkokoisiin ranteisiin yleisk\u00e4ytt\u00f6\u00f6n.<\/li>\n<li><b>Kest\u00e4v\u00e4 pakkaus:<\/b> Yksitt\u00e4in pakattu kierr\u00e4tyspaperipussiin, mik\u00e4 vahvistaa ymp\u00e4rist\u00f6yst\u00e4v\u00e4llist\u00e4 viesti\u00e4si.<\/li>\n<li><b>Monipuolinen painatus:<\/b> R\u00e4\u00e4t\u00e4l\u00f6i laserkaiverruksella, tampopainatuksella tai siirtokuvapainatuksella.<\/li>\n<\/ul>","protected":false},"excerpt":{"rendered":"<ul>\n<li>Ymp\u00e4rist\u00f6yst\u00e4v\u00e4llinen yrityslahja, joka on valmistettu pehme\u00e4st\u00e4 puuvillasta ja kest\u00e4v\u00e4st\u00e4 bambusta.<\/li>\n<li>Tarjoaa handsfree-puhelimen k\u00e4yt\u00f6n, ihanteellinen konferensseihin ja aktiivisiin tapahtumiin.<\/li>\n<li>Bambupidike sopii t\u00e4ydellisesti logosi laserkaiverrukseen.<\/li>\n<li>Yksitt\u00e4in pakattu kierr\u00e4tyspaperipussiin helppoa jakelua varten.<\/li>\n<\/ul>","protected":false},"featured_media":6657,"comment_status":"closed","ping_status":"closed","template":"","meta":[],"product_brand":[],"product_cat":[128],"product_tag":[],"class_list":{"0":"post-3908","1":"product","2":"type-product","3":"status-publish","4":"has-post-thumbnail","6":"product_cat-mobile-tech-accessories","8":"first","9":"instock","10":"shipping-taxable","11":"purchasable","12":"product-type-simple"},"_links":{"self":[{"href":"https:\/\/displayproducts.eu\/fi\/wp-json\/wp\/v2\/product\/3908","targetHints":{"allow":["GET"]}}],"collection":[{"href":"https:\/\/displayproducts.eu\/fi\/wp-json\/wp\/v2\/product"}],"about":[{"href":"https:\/\/displayproducts.eu\/fi\/wp-json\/wp\/v2\/types\/product"}],"replies":[{"embeddable":true,"href":"https:\/\/displayproducts.eu\/fi\/wp-json\/wp\/v2\/comments?post=3908"}],"wp:featuredmedia":[{"embeddable":true,"href":"https:\/\/displayproducts.eu\/fi\/wp-json\/wp\/v2\/media\/6657"}],"wp:attachment":[{"href":"https:\/\/displayproducts.eu\/fi\/wp-json\/wp\/v2\/media?parent=3908"}],"wp:term":[{"taxonomy":"product_brand","embeddable":true,"href":"https:\/\/displayproducts.eu\/fi\/wp-json\/wp\/v2\/product_brand?post=3908"},{"taxonomy":"product_cat","embeddable":true,"href":"https:\/\/displayproducts.eu\/fi\/wp-json\/wp\/v2\/product_cat?post=3908"},{"taxonomy":"product_tag","embeddable":true,"href":"https:\/\/displayproducts.eu\/fi\/wp-json\/wp\/v2\/product_tag?post=3908"}],"curies":[{"name":"wp","href":"https:\/\/api.w.org\/{rel}","templated":true}]}}