{"id":3867,"date":"2025-05-07T17:40:16","date_gmt":"2025-05-07T14:40:16","guid":{"rendered":"https:\/\/wristbandfactory.eu\/?post_type=product&#038;p=3867"},"modified":"2026-04-01T21:52:04","modified_gmt":"2026-04-01T18:52:04","slug":"tie-on-ribbon-wristbands","status":"publish","type":"product","link":"https:\/\/displayproducts.eu\/fi\/p\/tie-on-ribbon-wristbands\/","title":{"rendered":"Solmittavat nauharannekkeet"},"content":{"rendered":"<p>Tue asiaasi tai tehosta mainostamistasi yksinkertaisilla ja tehokkailla solmittavilla nauharannekkeillamme. N\u00e4m\u00e4 rannekkeet ovat klassinen valinta tiedotuskampanjoihin, hyv\u00e4ntekev\u00e4isyysker\u00e4yksiin ja yritysvastuutapahtumiin, sill\u00e4 ne tarjoavat eritt\u00e4in n\u00e4kyv\u00e4n br\u00e4nd\u00e4ysty\u00f6kalun kustannustehokkaaseen hintaan.<\/p>\n<p>Pehme\u00e4st\u00e4 polyesterinauhasta ja sile\u00e4st\u00e4 satiinipinnasta valmistetut rannekkeet on suunniteltu k\u00e4ytt\u00e4j\u00e4n solmittavaksi, mik\u00e4 tarjoaa mukavan ja yhden koon ratkaisun. Ilman painatusta solmimismekanismi tekee niist\u00e4 t\u00e4ydelliset massajakeluun messuilla, konferensseissa tai tiedotuskampanjoissa.<\/p>\n<p>Sile\u00e4 pinta sopii erinomaisesti omalla painatuksellayn painatukseen, sill\u00e4 se mahdollistaa logosi, kampanjasloganisi tai viestisi selke\u00e4n esillepanon. Ne toimivat voimakkaana ja n\u00e4kyv\u00e4n\u00e4 symbolina yritysten aloitteiden tai voittoa tavoittelemattomien organisaatioiden tukemisesta.<\/p>\n<p><b>T\u00e4rkeimm\u00e4t ominaisuudet:<\/b><\/p>\n<ul>\n<li><b>Itsekiinnittyv\u00e4 sulkeminen:<\/b> Ilman painatusta, s\u00e4\u00e4dett\u00e4v\u00e4 solmittava muotoilu helpottaa jakelua ja sopii yleismaailmallisesti.<\/li>\n<li><b>Pehme\u00e4n nauhan materiaali:<\/b> Mukava polyesterinauha satiiniviimeistelyll\u00e4, sopii lyhytaikaiseen k\u00e4ytt\u00f6\u00f6n.<\/li>\n<li><b>Ihanteellinen tietoisuuden lis\u00e4\u00e4miseen:<\/b> Klassinen valinta hyv\u00e4ntekev\u00e4isyys-, voittoa tavoittelemattomien j\u00e4rjest\u00f6jen ja yritysten tiedotuskampanjoihin.<\/li>\n<li><b>Mukautettava pinta:<\/b> T\u00e4ydellinen silkkipainetun logon tai mainosviestin lis\u00e4\u00e4miseen.<\/li>\n<li><b>Kustannustehokas br\u00e4nd\u00e4ys:<\/b> Erinomainen ratkaisu irtotilauksiin ja laajamittaiseen mainosjakeluun.<\/li>\n<\/ul>","protected":false},"excerpt":{"rendered":"<article class=\"text-token-text-primary w-full\" dir=\"auto\" data-testid=\"conversation-turn-2\" data-scroll-anchor=\"true\">\n<div class=\"text-base my-auto mx-auto py-5 [--thread-content-margin:--spacing(4)] @[37rem]:[--thread-content-margin:--spacing(6)] @[72rem]:[--thread-content-margin:--spacing(16)] px-(--thread-content-margin)\">\n<div class=\"[--thread-content-max-width:32rem] @[34rem]:[--thread-content-max-width:40rem] @[64rem]:[--thread-content-max-width:48rem] mx-auto flex max-w-(--thread-content-max-width) flex-1 text-base gap-4 md:gap-5 lg:gap-6 group\/turn-messages focus-visible:outline-hidden\" tabindex=\"-1\">\n<div class=\"group\/conversation-turn relative flex w-full min-w-0 flex-col agent-turn\">\n<div class=\"relative flex-col gap-1 md:gap-3\">\n<div class=\"flex max-w-full flex-col grow\">\n<div class=\"min-h-8 text-message relative flex w-full flex-col items-end gap-2 text-start break-words whitespace-normal [.text-message+&amp;]:mt-5\" dir=\"auto\" data-message-author-role=\"assistant\" data-message-id=\"d5fd0877-4229-4aba-9632-b344fd91f147\" data-message-model-slug=\"gpt-4o\">\n<div class=\"flex w-full flex-col gap-1 empty:hidden first:pt-[3px]\">\n<div class=\"markdown prose dark:prose-invert w-full break-words light\">\n<ul>\n<li>Ilman painatusta, itsekiinnittyv\u00e4 suljin helpottaa massajakelua.<\/li>\n<li>Pehme\u00e4\u00e4, satiinipintaista polyesterinauhaa.<\/li>\n<li>Erinomainen tiedotuskampanjoihin, voittoa tavoittelemattomille j\u00e4rjest\u00f6ille ja tapahtumien lahjoituksiin.<\/li>\n<li>Mukauta organisaatiosi logolla tai viestill\u00e4.<\/li>\n<\/ul>\n<\/div>\n<\/div>\n<\/div>\n<\/div>\n<\/div>\n<\/div>\n<\/div>\n<\/div>\n<\/article>","protected":false},"featured_media":6255,"comment_status":"closed","ping_status":"closed","template":"","meta":[],"product_brand":[],"product_cat":[66,96],"product_tag":[],"class_list":{"0":"post-3867","1":"product","2":"type-product","3":"status-publish","4":"has-post-thumbnail","6":"product_cat-wristbands","7":"product_cat-ribbons","9":"first","10":"instock","11":"shipping-taxable","12":"purchasable","13":"product-type-simple"},"_links":{"self":[{"href":"https:\/\/displayproducts.eu\/fi\/wp-json\/wp\/v2\/product\/3867","targetHints":{"allow":["GET"]}}],"collection":[{"href":"https:\/\/displayproducts.eu\/fi\/wp-json\/wp\/v2\/product"}],"about":[{"href":"https:\/\/displayproducts.eu\/fi\/wp-json\/wp\/v2\/types\/product"}],"replies":[{"embeddable":true,"href":"https:\/\/displayproducts.eu\/fi\/wp-json\/wp\/v2\/comments?post=3867"}],"wp:featuredmedia":[{"embeddable":true,"href":"https:\/\/displayproducts.eu\/fi\/wp-json\/wp\/v2\/media\/6255"}],"wp:attachment":[{"href":"https:\/\/displayproducts.eu\/fi\/wp-json\/wp\/v2\/media?parent=3867"}],"wp:term":[{"taxonomy":"product_brand","embeddable":true,"href":"https:\/\/displayproducts.eu\/fi\/wp-json\/wp\/v2\/product_brand?post=3867"},{"taxonomy":"product_cat","embeddable":true,"href":"https:\/\/displayproducts.eu\/fi\/wp-json\/wp\/v2\/product_cat?post=3867"},{"taxonomy":"product_tag","embeddable":true,"href":"https:\/\/displayproducts.eu\/fi\/wp-json\/wp\/v2\/product_tag?post=3867"}],"curies":[{"name":"wp","href":"https:\/\/api.w.org\/{rel}","templated":true}]}}