{"id":3823,"date":"2025-05-06T18:09:47","date_gmt":"2025-05-06T15:09:47","guid":{"rendered":"https:\/\/wristbandfactory.eu\/?post_type=product&#038;p=3823"},"modified":"2026-04-01T21:52:36","modified_gmt":"2026-04-01T18:52:36","slug":"tyvek-safety-wristbands-for-children","status":"publish","type":"product","link":"https:\/\/displayproducts.eu\/fi\/p\/tyvek-safety-wristbands-for-children\/","title":{"rendered":"Tyvek-turvarannekkeet lapsille"},"content":{"rendered":"<p>Lapsia koskevien tapahtumien j\u00e4rjest\u00e4minen vaatii ylim\u00e4\u00e4r\u00e4isen turvallisuuskerroksen. Lasten Tyvek-turvarannekkeet tarjoavat yksinkertaisen, tehokkaan ja hyvin n\u00e4kyv\u00e4n ratkaisun nuorten osallistujien turvallisuuden, vastuullisuuden ja helpon tunnistamisen varmistamiseksi, antaen henkil\u00f6kunnalle ja vanhemmille arvokasta mielenrauhaa.<\/p>\n<p>N\u00e4m\u00e4 rannekkeet on erityisesti suunniteltu istumaan mukavasti ja tukevasti pienemmille ranteille. Ne on valmistettu aidosta DuPont\u2122 Tyvek\u00ae -materiaalista, ja ne ovat uskomattoman kevyit\u00e4 mutta silti riitt\u00e4v\u00e4n vahvoja kest\u00e4m\u00e4\u00e4n energisi\u00e4 aktiviteetteja repe\u00e4m\u00e4tt\u00e4. Vedenpit\u00e4v\u00e4 materiaali tekee niist\u00e4 t\u00e4ydelliset mihin tahansa tapahtumaan, koulun retkist\u00e4 kes\u00e4leireihin ja vesipuistoihin.<\/p>\n<p>Jokaisessa rannekkeessa on turvallinen, kertak\u00e4ytt\u00f6inen itsekiinnittyv\u00e4 suljin, joka est\u00e4\u00e4 sen siirt\u00e4misen. T\u00e4m\u00e4 on olennaista tarkkojen henkil\u00f6m\u00e4\u00e4rien ja luotettavan kulunvalvonnan yll\u00e4pit\u00e4miseksi. Omistettu 60 x 20 mm:n painatusalue mahdollistaa t\u00e4rkeiden tietojen, kuten ryhm\u00e4n nimen, h\u00e4t\u00e4numeron tai allergiavaroitusten, lis\u00e4\u00e4misen, mik\u00e4 tekee yksinkertaisesta tunnistusty\u00f6kalusta t\u00e4rke\u00e4n turvalaitteen.<\/p>\n<p><b>T\u00e4rkeimm\u00e4t ominaisuudet:<\/b><\/p>\n<ul>\n<li><b>Aito Tyvek\u00ae-materiaali:<\/b> Kest\u00e4v\u00e4, kevyt, vedenpit\u00e4v\u00e4 ja repe\u00e4m\u00e4t\u00f6n kest\u00e4m\u00e4\u00e4n aktiivista koko p\u00e4iv\u00e4n k\u00e4ytt\u00f6\u00e4.<\/li>\n<li><b>Lapsen koot:<\/b> Suunniteltu tarjoamaan tukeva ja mukava istuvuus pienemmille ranteille.<\/li>\n<li><b>Turvallinen sulkeminen:<\/b> Turvalukolla varustettu, v\u00e4\u00e4rent\u00e4m\u00e4tt\u00f6m\u00e4ll\u00e4 tarrakiinnityksell\u00e4 varustettu kotelo est\u00e4\u00e4 siirt\u00e4misen lasten v\u00e4lill\u00e4.<\/li>\n<li><b>Mukautettu turvapainatus:<\/b> 60 x 20 mm:n alue t\u00e4rkeiden tietojen, kuten yhteystietojen tai allergiavaroitusten, lis\u00e4\u00e4miseen.<\/li>\n<li><b>Hyvin n\u00e4kyv\u00e4t v\u00e4rit:<\/b> Saatavilla kirkkaan sinisen\u00e4, punaisena ja keltaisena, mik\u00e4 helpottaa ryhm\u00e4n visuaalista tunnistamista.<\/li>\n<li><b>Helppo jakelu:<\/b> Toimitetaan 10 kappaleen arkeissa tehokasta k\u00e4sittely\u00e4 ja painatusta varten.<\/li>\n<\/ul>","protected":false},"excerpt":{"rendered":"<ul>\n<li>Erityisesti lasten ranteisiin sopivaksi suunniteltu, tukeva ja mukava istuvuus takaamiseksi.<\/li>\n<li>Kest\u00e4v\u00e4, vedenpit\u00e4v\u00e4 ja repe\u00e4m\u00e4t\u00f6n Tyvek\u00ae-materiaali koko p\u00e4iv\u00e4n leikkeihin.<\/li>\n<li>Turvallinen, avaamaton ja itsekiinnittyv\u00e4 suljin turvalukolla.<\/li>\n<li>Mukauta h\u00e4t\u00e4numeroilla tai allergiatiedoilla (60x20 mm:n painatusalue).<\/li>\n<\/ul>","protected":false},"featured_media":6124,"comment_status":"closed","ping_status":"closed","template":"","meta":[],"product_brand":[],"product_cat":[66,41,68],"product_tag":[],"class_list":{"0":"post-3823","1":"product","2":"type-product","3":"status-publish","4":"has-post-thumbnail","6":"product_cat-wristbands","7":"product_cat-tyvek","8":"product_cat-event-supplies","10":"first","11":"instock","12":"shipping-taxable","13":"purchasable","14":"product-type-simple"},"_links":{"self":[{"href":"https:\/\/displayproducts.eu\/fi\/wp-json\/wp\/v2\/product\/3823","targetHints":{"allow":["GET"]}}],"collection":[{"href":"https:\/\/displayproducts.eu\/fi\/wp-json\/wp\/v2\/product"}],"about":[{"href":"https:\/\/displayproducts.eu\/fi\/wp-json\/wp\/v2\/types\/product"}],"replies":[{"embeddable":true,"href":"https:\/\/displayproducts.eu\/fi\/wp-json\/wp\/v2\/comments?post=3823"}],"wp:featuredmedia":[{"embeddable":true,"href":"https:\/\/displayproducts.eu\/fi\/wp-json\/wp\/v2\/media\/6124"}],"wp:attachment":[{"href":"https:\/\/displayproducts.eu\/fi\/wp-json\/wp\/v2\/media?parent=3823"}],"wp:term":[{"taxonomy":"product_brand","embeddable":true,"href":"https:\/\/displayproducts.eu\/fi\/wp-json\/wp\/v2\/product_brand?post=3823"},{"taxonomy":"product_cat","embeddable":true,"href":"https:\/\/displayproducts.eu\/fi\/wp-json\/wp\/v2\/product_cat?post=3823"},{"taxonomy":"product_tag","embeddable":true,"href":"https:\/\/displayproducts.eu\/fi\/wp-json\/wp\/v2\/product_tag?post=3823"}],"curies":[{"name":"wp","href":"https:\/\/api.w.org\/{rel}","templated":true}]}}