{"id":3045,"date":"2025-02-05T15:13:29","date_gmt":"2025-02-05T12:13:29","guid":{"rendered":"https:\/\/wristbandfactory.eu\/toode\/silicone-printed-keychain\/"},"modified":"2026-04-01T21:52:04","modified_gmt":"2026-04-01T18:52:04","slug":"silicone-print-nylon-keychains","status":"publish","type":"product","link":"https:\/\/displayproducts.eu\/fi\/p\/silicone-print-nylon-keychains\/","title":{"rendered":"Silikonipainetut nylon-avaimenper\u00e4t"},"content":{"rendered":"<p data-path-to-node=\"12\">P\u00e4ivit\u00e4 mainostuotteesi meid\u00e4n avullamme <b data-path-to-node=\"12\" data-index-in-node=\"71\">Mukautetut silikonitulostetut nailonavaimenper\u00e4t<\/b>. N\u00e4m\u00e4 eiv\u00e4t ole vain tavallisia kaulanauhat; ne ovat eritt\u00e4in kest\u00e4vi\u00e4 lis\u00e4varusteita, jotka on suunniteltu pitk\u00e4aikaiseen k\u00e4ytt\u00f6\u00f6n. Merkitt\u00e4vin ominaisuus on <b data-path-to-node=\"12\" data-index-in-node=\"240\">kohosilikonilla painettu tekniikka<\/b>, joka kerrostaa paksun ja joustavan silikonikerroksen nailonrannekkeelle. T\u00e4m\u00e4 luo eloisan, tuntuisen 3D-efektin, jota on mahdotonta sivuuttaa ja joka on eritt\u00e4in kest\u00e4v\u00e4 haalistumiselle, halkeilulle tai hilseilylle.<\/p>\n<h2 data-path-to-node=\"13\">T\u00e4rkeimm\u00e4t ominaisuudet<\/h2>\n<ul data-path-to-node=\"14\">\n<li>\n<p data-path-to-node=\"14,0,0\"><b data-path-to-node=\"14,0,0\" data-index-in-node=\"0\">Ensiluokkainen silikonipainatus:<\/b> Toisin kuin mattamuste, silikonitulosteemme lis\u00e4\u00e4 logoosi tekstuuria ja ulottuvuutta, antaen sille tyylikk\u00e4\u00e4n ilmeen ja tuntuman.<\/p>\n<\/li>\n<li>\n<p data-path-to-node=\"14,1,1\"><span data-path-to-node=\"14,1,1,0\"><b data-path-to-node=\"14,1,1,0\" data-index-in-node=\"0\"><span class=\"citation-9\">Kest\u00e4v\u00e4 nailonrakenne:<\/span><\/b><span class=\"citation-9\"> Valmistettu eritt\u00e4in vetolujasta nailonverkosta<\/span><\/span><span data-path-to-node=\"14,1,1,2\">, T\u00e4m\u00e4 ranneke on suunniteltu kest\u00e4m\u00e4\u00e4n p\u00e4ivitt\u00e4ist\u00e4 k\u00e4ytt\u00f6\u00e4, joten se sopii erinomaisesti ulkoilubr\u00e4ndeille, autoyrityksille ja aktiivisille tiimeille.<\/span><\/p>\n<\/li>\n<li>\n<p data-path-to-node=\"14,2,0\"><b data-path-to-node=\"14,2,0\" data-index-in-node=\"0\">Kaksoiskiinnitysj\u00e4rjestelm\u00e4:<\/b> Maksimaalinen monipuolisuus on taattu tukevalla <b data-path-to-node=\"14,2,0\" data-index-in-node=\"69\">sulkurengas<\/b> vy\u00f6lenkkeihin tai laukkuihin sek\u00e4 klassikkoon <b data-path-to-node=\"14,2,0\" data-index-in-node=\"118\">halkaistu rengas<\/b> avaimia varten.<\/p>\n<\/li>\n<li>\n<p data-path-to-node=\"14,3,0\"><b data-path-to-node=\"14,3,0\" data-index-in-node=\"0\">Pantone-tarkkuus:<\/b> Tarjoamme nailonhihnalle t\u00e4ydellisen v\u00e4rit\u00e4sm\u00e4yksen, jotta se sopii t\u00e4ydellisesti yrityksesi ilmeeseen.<\/p>\n<\/li>\n<\/ul>\n<h2 data-path-to-node=\"15\">Tekniset tiedot<\/h2>\n<ul data-path-to-node=\"16\">\n<li>\n<p data-path-to-node=\"16,0,0\"><b data-path-to-node=\"16,0,0\" data-index-in-node=\"0\">Materiaali:<\/b> Kest\u00e4v\u00e4 nailonverkko.<\/p>\n<\/li>\n<li>\n<p data-path-to-node=\"16,1,0\"><b data-path-to-node=\"16,1,0\" data-index-in-node=\"0\">Painatustekniikka:<\/b> Kaiverrettu silikonipainatus (3D-efekti).<\/p>\n<\/li>\n<li>\n<p data-path-to-node=\"16,2,0\"><b data-path-to-node=\"16,2,0\" data-index-in-node=\"0\">Mitat:<\/b> Vakiokoko 25 x 150 mm (Saatavilla my\u00f6s mittatilausty\u00f6n\u00e4 tehtyj\u00e4 kokoja).<\/p>\n<\/li>\n<li>\n<p data-path-to-node=\"16,3,0\"><b data-path-to-node=\"16,3,0\" data-index-in-node=\"0\">Liittimet:<\/b> Metallinen sulkurengaskoukku + jaettu rengas.<\/p>\n<\/li>\n<li>\n<p data-path-to-node=\"16,4,0\"><b data-path-to-node=\"16,4,0\" data-index-in-node=\"0\">M\u00e4\u00e4r\u00e4:<\/b> 100 yksikk\u00f6\u00e4.<\/p>\n<\/li>\n<li>\n<p data-path-to-node=\"16,5,0\"><b data-path-to-node=\"16,5,0\" data-index-in-node=\"0\">Tuotantoaika:<\/b> Noin 18\u201320 p\u00e4iv\u00e4\u00e4.<\/p>\n<\/li>\n<\/ul>\n<h2 data-path-to-node=\"17\">K\u00e4ytt\u00f6tapaukset<\/h2>\n<ul data-path-to-node=\"18\">\n<li>\n<p data-path-to-node=\"18,0,0\"><b data-path-to-node=\"18,0,0\" data-index-in-node=\"0\">Autoliikkeet:<\/b> Arvokas arpajaiskilpailu uusille autonavaimille, joita asiakkaat k\u00e4ytt\u00e4v\u00e4t p\u00e4ivitt\u00e4in.<\/p>\n<\/li>\n<li>\n<p data-path-to-node=\"18,1,0\"><b data-path-to-node=\"18,1,0\" data-index-in-node=\"0\">Ulkoilu- ja seikkailubr\u00e4ndit:<\/b> Kest\u00e4v\u00e4 nailon ja karabiini sopivat t\u00e4ydellisesti aktiiviseen el\u00e4m\u00e4ntyyliin.<\/p>\n<\/li>\n<li>\n<p data-path-to-node=\"18,2,0\"><b data-path-to-node=\"18,2,0\" data-index-in-node=\"0\">Yrityslahjat:<\/b> Tuntumaan sopiva, ensiluokkainen vaihtoehto tavallisille polyesterist\u00e4 valmistetuille avaimenperille ty\u00f6ntekij\u00f6iden tervetuliaispaketeissa.<\/p>\n<\/li>\n<li>\n<p data-path-to-node=\"18,3,0\"><b data-path-to-node=\"18,3,0\" data-index-in-node=\"0\">Kiinteist\u00f6nv\u00e4litt\u00e4j\u00e4t:<\/b> Kest\u00e4v\u00e4 ja mieleenpainuva avaimenper\u00e4 uuden kodin luovutuksiin.<\/p>\n<\/li>\n<\/ul>","protected":false},"excerpt":{"rendered":"<ul>\n<li>\n<p data-path-to-node=\"11,0,0\"><b data-path-to-node=\"11,0,0\" data-index-in-node=\"0\">3D-taktiilinen br\u00e4nd\u00e4ys:<\/b> Kohotettu silikonipainatus luo ensiluokkaisen ja kest\u00e4v\u00e4n logoefektin.<\/p>\n<\/li>\n<li>\n<p data-path-to-node=\"11,1,0\"><b data-path-to-node=\"11,1,0\" data-index-in-node=\"0\">Kest\u00e4v\u00e4 materiaali:<\/b> Valmistettu vahvasta, kulutusta kest\u00e4v\u00e4st\u00e4 nailonverkosta.<\/p>\n<\/li>\n<li>\n<p data-path-to-node=\"11,2,0\"><b data-path-to-node=\"11,2,0\" data-index-in-node=\"0\">Monipuolinen kiinnitys:<\/b> Mukana sek\u00e4 karabiinihaka ett\u00e4 vakiokokoinen jakorengas.<\/p>\n<\/li>\n<li>\n<p data-path-to-node=\"11,3,0\"><b data-path-to-node=\"11,3,0\" data-index-in-node=\"0\">T\u00e4ysin mukautettu:<\/b> Pantone-v\u00e4rien t\u00e4sm\u00e4ytys saatavilla rannekkeelle ja painatukselle.<\/p>\n<\/li>\n<\/ul>","protected":false},"featured_media":6655,"comment_status":"closed","ping_status":"closed","template":"","meta":[],"product_brand":[],"product_cat":[94],"product_tag":[],"class_list":{"0":"post-3045","1":"product","2":"type-product","3":"status-publish","4":"has-post-thumbnail","6":"product_cat-keychains","8":"first","9":"instock","10":"shipping-taxable","11":"purchasable","12":"product-type-simple"},"_links":{"self":[{"href":"https:\/\/displayproducts.eu\/fi\/wp-json\/wp\/v2\/product\/3045","targetHints":{"allow":["GET"]}}],"collection":[{"href":"https:\/\/displayproducts.eu\/fi\/wp-json\/wp\/v2\/product"}],"about":[{"href":"https:\/\/displayproducts.eu\/fi\/wp-json\/wp\/v2\/types\/product"}],"replies":[{"embeddable":true,"href":"https:\/\/displayproducts.eu\/fi\/wp-json\/wp\/v2\/comments?post=3045"}],"wp:featuredmedia":[{"embeddable":true,"href":"https:\/\/displayproducts.eu\/fi\/wp-json\/wp\/v2\/media\/6655"}],"wp:attachment":[{"href":"https:\/\/displayproducts.eu\/fi\/wp-json\/wp\/v2\/media?parent=3045"}],"wp:term":[{"taxonomy":"product_brand","embeddable":true,"href":"https:\/\/displayproducts.eu\/fi\/wp-json\/wp\/v2\/product_brand?post=3045"},{"taxonomy":"product_cat","embeddable":true,"href":"https:\/\/displayproducts.eu\/fi\/wp-json\/wp\/v2\/product_cat?post=3045"},{"taxonomy":"product_tag","embeddable":true,"href":"https:\/\/displayproducts.eu\/fi\/wp-json\/wp\/v2\/product_tag?post=3045"}],"curies":[{"name":"wp","href":"https:\/\/api.w.org\/{rel}","templated":true}]}}