{"id":2765,"date":"2025-01-07T16:34:40","date_gmt":"2025-01-07T13:34:40","guid":{"rendered":"https:\/\/wristbandfactory.eu\/toode\/nylon-deep-woven-lanyard\/"},"modified":"2026-04-01T21:52:36","modified_gmt":"2026-04-01T18:52:36","slug":"nylon-deep-woven-lanyard","status":"publish","type":"product","link":"https:\/\/displayproducts.eu\/fi\/p\/nylon-deep-woven-lanyard\/","title":{"rendered":"Nylonista valmistetut syv\u00e4kudotut kaulanauhat omalla logolla"},"content":{"rendered":"<p data-path-to-node=\"8\">Nosta br\u00e4ndisi ammattimaista imagoa nailonisista syv\u00e4kudotuista kaulanauhoistamme. Toisin kuin tavallisissa painetuissa vaihtoehdoissa, n\u00e4iss\u00e4 kaulanauhoissa on yksiv\u00e4rinen logo, joka on kudottu suoraan nailonnauhaan. T\u00e4m\u00e4 &quot;syv\u00e4kudonta&quot;-tekniikka luo hienovaraisen koveran vaikutelman, joka antaa tuotteelle hienostuneen, teksturoidun ilmeen, joka viestii laadusta ja yksityiskohtien huomioimisesta.<\/p>\n<h2 data-path-to-node=\"9\">T\u00e4rkeimm\u00e4t ominaisuudet<\/h2>\n<ul data-path-to-node=\"10\">\n<li>\n<p data-path-to-node=\"10,0,0\"><b data-path-to-node=\"10,0,0\" data-index-in-node=\"0\">Ensiluokkainen materiaali:<\/b> Valmistettu tihe\u00e4st\u00e4 100%-nailonista, joka tarjoaa sile\u00e4mm\u00e4n ja kiilt\u00e4v\u00e4mm\u00e4n pinnan kuin ilman painatusta polyesteri.<\/p>\n<\/li>\n<li>\n<p data-path-to-node=\"10,1,0\"><b data-path-to-node=\"10,1,0\" data-index-in-node=\"0\">Kudotun logon integrointi:<\/b> Logo on osa kangasta, joten se ei koskaan haalistu, irtoa tai halkeile edes pitk\u00e4aikaisen k\u00e4yt\u00f6n j\u00e4lkeen.<\/p>\n<\/li>\n<li>\n<p data-path-to-node=\"10,2,0\"><b data-path-to-node=\"10,2,0\" data-index-in-node=\"0\">Kovera estetiikka:<\/b> Upotettu logo antaa ammattimaisen ja kolmiulotteisen vaikutelman ilman perinteisen kohopainatuksen haurautta.<\/p>\n<\/li>\n<li>\n<p data-path-to-node=\"10,3,0\"><b data-path-to-node=\"10,3,0\" data-index-in-node=\"0\">Laitteiston yhteensopivuus:<\/b> T\u00e4ydennet\u00e4\u00e4n tukevalla mustalla sulkurenkaalla (ATT5\/H) tai muilla mukautetuilla kiinnikkeill\u00e4, kuten turvalukkoilla ja soljilla.<\/p>\n<\/li>\n<li>\n<p data-path-to-node=\"10,4,0\"><b data-path-to-node=\"10,4,0\" data-index-in-node=\"0\">Kaksipuolinen br\u00e4nd\u00e4ys:<\/b> Vaihtoehtoina molemmille puolille yhteensopivat kudottu kuviot yhten\u00e4isen ilmeen saavuttamiseksi.<\/p>\n<\/li>\n<\/ul>\n<h2 data-path-to-node=\"11\">Tekniset tiedot<\/h2>\n<ul data-path-to-node=\"12\">\n<li>\n<p data-path-to-node=\"12,0,0\"><b data-path-to-node=\"12,0,0\" data-index-in-node=\"0\">Materiaali:<\/b> 100% kest\u00e4v\u00e4\u00e4 ja korkealaatuista nailonia.<\/p>\n<\/li>\n<li>\n<p data-path-to-node=\"12,1,0\"><b data-path-to-node=\"12,1,0\" data-index-in-node=\"0\">Leveys:<\/b> 25 mm tai 30 mm (optimaalinen monimutkaisille logoille).<\/p>\n<\/li>\n<li>\n<p data-path-to-node=\"12,2,0\"><b data-path-to-node=\"12,2,0\" data-index-in-node=\"0\">Pituus:<\/b> Normaali (900 mm) tai lyhyt (200 mm).<\/p>\n<\/li>\n<li>\n<p data-path-to-node=\"12,3,0\"><b data-path-to-node=\"12,3,0\" data-index-in-node=\"0\">Logon suunnittelu:<\/b> Yksiv\u00e4rinen kudottu (uppo\/kovera efekti).<\/p>\n<\/li>\n<li>\n<p data-path-to-node=\"12,4,0\"><b data-path-to-node=\"12,4,0\" data-index-in-node=\"0\">Pohjav\u00e4ri:<\/b> Vakiomusta (Mukautetut Pantone-s\u00e4vyt saatavilla pyynn\u00f6st\u00e4).<\/p>\n<\/li>\n<li>\n<p data-path-to-node=\"12,5,0\"><b data-path-to-node=\"12,5,0\" data-index-in-node=\"0\">Minimitilausm\u00e4\u00e4r\u00e4:<\/b> 100 kappaletta.<\/p>\n<\/li>\n<\/ul>","protected":false},"excerpt":{"rendered":"<p data-path-to-node=\"6\">Paranna yrityksesi identiteetti\u00e4 ensiluokkaisilla, syv\u00e4kudotuilla nailon-nauhoillamme. N\u00e4m\u00e4 nauhat tarjoavat ainutlaatuisen, tuntuisen viimeistelyn, jossa logosi on integroitu suoraan kankaan kudokseen maksimaalisen pitk\u00e4ik\u00e4isyyden takaamiseksi.<\/p>\n<ul data-path-to-node=\"7\">\n<li>\n<p data-path-to-node=\"7,0,0\"><b data-path-to-node=\"7,0,0\" data-index-in-node=\"0\">Erinomainen kest\u00e4vyys:<\/b> 100% korkealaatuista nailonia, joka on suunniteltu kovaan p\u00e4ivitt\u00e4iseen k\u00e4ytt\u00f6\u00f6n.<\/p>\n<\/li>\n<li>\n<p data-path-to-node=\"7,1,0\"><b data-path-to-node=\"7,1,0\" data-index-in-node=\"0\">Yksinoikeudella br\u00e4nd\u00e4tty:<\/b> Upotettu kudottu logo luo ylellisen, kohokuvioidun ulkon\u00e4\u00f6n.<\/p>\n<\/li>\n<li>\n<p data-path-to-node=\"7,2,0\"><b data-path-to-node=\"7,2,0\" data-index-in-node=\"0\">Monipuoliset vaihtoehdot:<\/b> Saatavilla vakio- ja lyhytpituisina erilaisiin B2B-sovelluksiin.<\/p>\n<\/li>\n<li>\n<p data-path-to-node=\"7,3,0\"><b data-path-to-node=\"7,3,0\" data-index-in-node=\"0\">T\u00e4ysi mukautus:<\/b> Valitse useista leveyksist\u00e4 ja mukautetuista Pantone-v\u00e4rien t\u00e4sm\u00e4ytysvaihtoehdoista.<\/p>\n<\/li>\n<\/ul>","protected":false},"featured_media":2748,"comment_status":"closed","ping_status":"closed","template":"","meta":[],"product_brand":[],"product_cat":[43,108],"product_tag":[],"class_list":{"0":"post-2765","1":"product","2":"type-product","3":"status-publish","4":"has-post-thumbnail","6":"product_cat-lanyards","7":"product_cat-multifunctional-lanyards","9":"first","10":"instock","11":"shipping-taxable","12":"purchasable","13":"product-type-simple"},"_links":{"self":[{"href":"https:\/\/displayproducts.eu\/fi\/wp-json\/wp\/v2\/product\/2765","targetHints":{"allow":["GET"]}}],"collection":[{"href":"https:\/\/displayproducts.eu\/fi\/wp-json\/wp\/v2\/product"}],"about":[{"href":"https:\/\/displayproducts.eu\/fi\/wp-json\/wp\/v2\/types\/product"}],"replies":[{"embeddable":true,"href":"https:\/\/displayproducts.eu\/fi\/wp-json\/wp\/v2\/comments?post=2765"}],"wp:featuredmedia":[{"embeddable":true,"href":"https:\/\/displayproducts.eu\/fi\/wp-json\/wp\/v2\/media\/2748"}],"wp:attachment":[{"href":"https:\/\/displayproducts.eu\/fi\/wp-json\/wp\/v2\/media?parent=2765"}],"wp:term":[{"taxonomy":"product_brand","embeddable":true,"href":"https:\/\/displayproducts.eu\/fi\/wp-json\/wp\/v2\/product_brand?post=2765"},{"taxonomy":"product_cat","embeddable":true,"href":"https:\/\/displayproducts.eu\/fi\/wp-json\/wp\/v2\/product_cat?post=2765"},{"taxonomy":"product_tag","embeddable":true,"href":"https:\/\/displayproducts.eu\/fi\/wp-json\/wp\/v2\/product_tag?post=2765"}],"curies":[{"name":"wp","href":"https:\/\/api.w.org\/{rel}","templated":true}]}}