{"id":1382,"date":"2024-07-17T13:03:02","date_gmt":"2024-07-17T10:03:02","guid":{"rendered":"https:\/\/wristbandfactory.eu\/toode\/lanyard-made-of-1-5-cm-rpet-with-cup-holder-sublimation-print\/"},"modified":"2026-04-01T21:52:36","modified_gmt":"2026-04-01T18:52:36","slug":"printed-lanyards-with-cup-holder","status":"publish","type":"product","link":"https:\/\/displayproducts.eu\/fi\/p\/printed-lanyards-with-cup-holder\/","title":{"rendered":"Painetut kaulanauhat mukitelineell\u00e4"},"content":{"rendered":"<div class=\"flex flex-grow flex-col max-w-full\">\n<div class=\"min-h-[20px] text-message flex flex-col items-start whitespace-pre-wrap break-words [.text-message+&amp;]:mt-5 juice:w-full juice:items-end overflow-x-auto gap-2\" dir=\"auto\" data-message-author-role=\"assistant\" data-message-id=\"29d0cc2f-9703-4b46-a2f3-f0401257c60f\">\n<div class=\"flex w-full flex-col gap-1 juice:empty:hidden juice:first:pt-[3px]\">\n<div class=\"markdown prose w-full break-words dark:prose-invert light\">\n<p>Paranna osallistujakokemusta seuraavalla festivaalilla, konferenssissa tai ulkoilmatapahtumassa. Painetut kaulanauhamme mukitelineill\u00e4 tarjoavat eritt\u00e4in k\u00e4yt\u00e4nn\u00f6llisen ratkaisun, jonka avulla vieraasi, henkil\u00f6kuntasi tai VIP-vieraasi voivat pit\u00e4\u00e4 hands free -tilana ja samalla pit\u00e4\u00e4 br\u00e4ndisi selv\u00e4sti n\u00e4kyviss\u00e4.<\/p>\n<p>T\u00e4m\u00e4 k\u00e4yt\u00e4nn\u00f6llinen kaulanauha on valmistettu vahvasta, kudotusta RPET-polyesterimateriaalista ja osoittaa br\u00e4ndisi sitoutumisen kest\u00e4viin valintoihin. Hintaan sis\u00e4ltyy eloisa, moniv\u00e4rinen sublimaatiopainatuspainatus molemmille puolille, mik\u00e4 sopii t\u00e4ydellisesti monimutkaisille logoille, yksityiskohtaisille malleille ja rajattomalle v\u00e4rivalikoimalle. Joustava, yleismallinen silikoninen mukiteline (halkaisija 6 cm) pit\u00e4\u00e4 tukevasti kiinni useimmista tavallisista tapahtumamukeista (huom: muki ei sis\u00e4lly hintaan). T\u00e4m\u00e4 kaulanauha on ihanteellinen lis\u00e4varuste kaikkiin tapahtumiin, joissa tarjoillaan juomia, varmistaen, ett\u00e4 br\u00e4ndisi pysyy esill\u00e4 ja keskipisteen\u00e4.<\/p>\n<p><b>T\u00e4rkeimm\u00e4t ominaisuudet:<\/b><\/p>\n<ul>\n<li><b>Materiaali:<\/b> 1,5 cm vahvaa kudottua RPET-kangasta (kierr\u00e4tetty\u00e4 polyesteri\u00e4)<\/li>\n<li><b>Pidin:<\/b> Yleismallinen silikoni (\u00d8 6 cm)<\/li>\n<li><b>Painatus:<\/b> Moniv\u00e4rinen sublimaatiopainatuspainatus (molemmat puolet mukana)<\/li>\n<li><b>Hy\u00f6ty:<\/b> Pit\u00e4\u00e4 k\u00e4det vapaina; t\u00e4ydellinen uudelleenk\u00e4ytett\u00e4vien kuppien ohjelmiin<\/li>\n<li><b>Ihanteellinen:<\/b> Festivaalit, konsertit, messut ja yritystapahtumat<\/li>\n<li><b>Alkuper\u00e4:<\/b> Valmistettu Euroopassa<\/li>\n<\/ul>\n<p>&nbsp;<\/p>\n<\/div>\n<\/div>\n<\/div>\n<\/div>","protected":false},"excerpt":{"rendered":"<ul>\n<li>Tarjoaa handsfree-mukavuutta festivaaleilla ja ulkoilmatapahtumissa.<\/li>\n<li>Moniv\u00e4rinen, kaksipuolinen sublimaatiopainatuspainatus br\u00e4ndin maksimaalisen n\u00e4kyvyyden takaamiseksi.<\/li>\n<li>Valmistettu kest\u00e4v\u00e4st\u00e4 ja ymp\u00e4rist\u00f6yst\u00e4v\u00e4llisest\u00e4 RPET-materiaalista (kierr\u00e4tetty).<\/li>\n<li>Yleismallinen silikoniteline (\u00d8 6 cm) sopii useimpiin uudelleenk\u00e4ytett\u00e4viss\u00e4 oleviin mukeihin.<\/li>\n<\/ul>","protected":false},"featured_media":6564,"comment_status":"closed","ping_status":"closed","template":"","meta":[],"product_brand":[],"product_cat":[43,108,68,119],"product_tag":[],"class_list":{"0":"post-1382","1":"product","2":"type-product","3":"status-publish","4":"has-post-thumbnail","6":"product_cat-lanyards","7":"product_cat-multifunctional-lanyards","8":"product_cat-event-supplies","9":"product_cat-drinkware-accessories","11":"first","12":"instock","13":"shipping-taxable","14":"purchasable","15":"product-type-simple"},"_links":{"self":[{"href":"https:\/\/displayproducts.eu\/fi\/wp-json\/wp\/v2\/product\/1382","targetHints":{"allow":["GET"]}}],"collection":[{"href":"https:\/\/displayproducts.eu\/fi\/wp-json\/wp\/v2\/product"}],"about":[{"href":"https:\/\/displayproducts.eu\/fi\/wp-json\/wp\/v2\/types\/product"}],"replies":[{"embeddable":true,"href":"https:\/\/displayproducts.eu\/fi\/wp-json\/wp\/v2\/comments?post=1382"}],"wp:featuredmedia":[{"embeddable":true,"href":"https:\/\/displayproducts.eu\/fi\/wp-json\/wp\/v2\/media\/6564"}],"wp:attachment":[{"href":"https:\/\/displayproducts.eu\/fi\/wp-json\/wp\/v2\/media?parent=1382"}],"wp:term":[{"taxonomy":"product_brand","embeddable":true,"href":"https:\/\/displayproducts.eu\/fi\/wp-json\/wp\/v2\/product_brand?post=1382"},{"taxonomy":"product_cat","embeddable":true,"href":"https:\/\/displayproducts.eu\/fi\/wp-json\/wp\/v2\/product_cat?post=1382"},{"taxonomy":"product_tag","embeddable":true,"href":"https:\/\/displayproducts.eu\/fi\/wp-json\/wp\/v2\/product_tag?post=1382"}],"curies":[{"name":"wp","href":"https:\/\/api.w.org\/{rel}","templated":true}]}}