{"id":1314,"date":"2024-07-15T20:47:33","date_gmt":"2024-07-15T17:47:33","guid":{"rendered":"https:\/\/wristbandfactory.eu\/toode\/sublimation-printed-ribbons\/"},"modified":"2026-04-01T21:52:36","modified_gmt":"2026-04-01T18:52:36","slug":"sublimation-printed-ribbons","status":"publish","type":"product","link":"https:\/\/displayproducts.eu\/fi\/p\/sublimation-printed-ribbons\/","title":{"rendered":"Logopainetut lahjanauhat"},"content":{"rendered":"<p data-path-to-node=\"8\">Nosta br\u00e4ndisi laatikon avauskokemus uudelle tasolle r\u00e4\u00e4t\u00e4l\u00f6idyill\u00e4 sublimaatiopainatuspainetuilla nauhoillamme. Toisin kuin perinteisill\u00e4 menetelmill\u00e4, sublimaatiopainatustekniikka v\u00e4rj\u00e4\u00e4 kankaan kuidut suoraan, mik\u00e4 mahdollistaa eloisat, t\u00e4ysv\u00e4riset tulokset, jotka sopivat br\u00e4ndisi v\u00e4ripalettiin ehdottoman tarkasti. T\u00e4m\u00e4 malli sopii erinomaisesti tuotelanseerauksiin, lahjakoreihin ja VIP-tapahtumien koristeisiin. Sile\u00e4 satiini laskeutuu kauniisti laatikoiden ja kassien ymp\u00e4rille, viestien yksityiskohtien huomioimisesta ja ensiluokkaisesta laadusta.<\/p>\n<h2 data-path-to-node=\"9\">T\u00e4rkeimm\u00e4t ominaisuudet<\/h2>\n<ul data-path-to-node=\"10\">\n<li>\n<p data-path-to-node=\"10,0,0\"><b data-path-to-node=\"10,0,0\" data-index-in-node=\"0\">CMYK-moniv\u00e4rinen j\u00e4ljenn\u00f6s:<\/b> Toista monimutkaisia logoja varjoilla ja liukuv\u00e4reill\u00e4 t\u00e4ydellisen selke\u00e4sti.<\/p>\n<\/li>\n<li>\n<p data-path-to-node=\"10,1,0\"><b data-path-to-node=\"10,1,0\" data-index-in-node=\"0\">Pysyv\u00e4 pehme\u00e4 painatus:<\/b> Nauha pysyy pehme\u00e4n\u00e4 koskettaa ja br\u00e4nd\u00e4ys pysyy pysyv\u00e4n\u00e4 ja levi\u00e4m\u00e4tt\u00f6m\u00e4n\u00e4.<\/p>\n<\/li>\n<li>\n<p data-path-to-node=\"10,2,0\"><b data-path-to-node=\"10,2,0\" data-index-in-node=\"0\">Kest\u00e4v\u00e4 laatu:<\/b> Polyesterisatiinin kest\u00e4vyys kannustaa uudelleenk\u00e4ytt\u00f6\u00f6n ja parantaa br\u00e4ndin n\u00e4kyvyytt\u00e4.<\/p>\n<\/li>\n<li>\n<p data-path-to-node=\"10,3,0\"><b data-path-to-node=\"10,3,0\" data-index-in-node=\"0\">Mukautettu reunasta reunaan -suunnittelu:<\/b> K\u00e4yt\u00e4 koko leveytt\u00e4, mukaan lukien saumattomasti sulautuvat taustav\u00e4rit.<\/p>\n<\/li>\n<\/ul>\n<h2 data-path-to-node=\"11\">Tekniset tiedot<\/h2>\n<ul data-path-to-node=\"12\">\n<li>\n<p data-path-to-node=\"12,0,0\"><b data-path-to-node=\"12,0,0\" data-index-in-node=\"0\">Materiaali:<\/b> Korkealaatuinen polyesterisatiini (optimoitu sublimaatiopainatuspainatukseen).<\/p>\n<\/li>\n<li>\n<p data-path-to-node=\"12,1,0\"><b data-path-to-node=\"12,1,0\" data-index-in-node=\"0\">Painotekniikka:<\/b> Moniv\u00e4rinen CMYK-sublimaatiopainatus.<\/p>\n<\/li>\n<li>\n<p data-path-to-node=\"12,2,0\"><b data-path-to-node=\"12,2,0\" data-index-in-node=\"0\">Saatavilla olevat leveydet:<\/b> 15 mm, 20 mm, 25 mm.<\/p>\n<\/li>\n<li>\n<p data-path-to-node=\"12,3,0\"><b data-path-to-node=\"12,3,0\" data-index-in-node=\"0\">Minimitilausm\u00e4\u00e4r\u00e4 (MOQ):<\/b> 100 metri\u00e4.<\/p>\n<\/li>\n<li>\n<p data-path-to-node=\"12,4,0\"><b data-path-to-node=\"12,4,0\" data-index-in-node=\"0\">Muoto:<\/b> Toimitetaan ammattimaisissa rullissa helppoa teollista annostelua varten.<\/p>\n<\/li>\n<\/ul>\n<h2 data-path-to-node=\"13\">K\u00e4ytt\u00f6tapaukset<\/h2>\n<ul data-path-to-node=\"14\">\n<li>\n<p data-path-to-node=\"14,0,0\"><b data-path-to-node=\"14,0,0\" data-index-in-node=\"0\">Luksusv\u00e4hitt\u00e4ispakkaukset:<\/b> Br\u00e4nd\u00e4tyt tiivisteet ostoskasseihin, korurasiaan ja luksusvaatteisiin.<\/p>\n<\/li>\n<li>\n<p data-path-to-node=\"14,1,0\"><b data-path-to-node=\"14,1,0\" data-index-in-node=\"0\">Yrityslahjat:<\/b> Lahjakorien ja asiakaslahjojen paketointi r\u00e4\u00e4t\u00e4l\u00f6idyll\u00e4 yritysilmeell\u00e4.<\/p>\n<\/li>\n<li>\n<p data-path-to-node=\"14,2,0\"><b data-path-to-node=\"14,2,0\" data-index-in-node=\"0\">Tapahtuma- ja h\u00e4\u00e4koristelu:<\/b> Omalla painatuksellajen vy\u00f6jen tai br\u00e4nd\u00e4ttyjen yksityiskohtien luominen eksklusiivisiin kokoontumisiin.<\/p>\n<\/li>\n<li>\n<p data-path-to-node=\"14,3,0\"><b data-path-to-node=\"14,3,0\" data-index-in-node=\"0\">K\u00e4sity\u00f6n\u00e4 valmistettu ruoka ja juoma:<\/b> T\u00e4ydellinen makeislaatikoiden tai gourmet-viinipullojen k\u00e4\u00e4rimiseen.<\/p>\n<\/li>\n<\/ul>","protected":false},"excerpt":{"rendered":"<p data-path-to-node=\"6\">Muunna br\u00e4ndisi esillepano r\u00e4\u00e4t\u00e4l\u00f6idyill\u00e4 sublimaatiopainatuspainetuilla nauhoillamme, jotka on suunniteltu markkinointip\u00e4\u00e4llik\u00f6ille ja hankintatiimeille, jotka vaativat korkealaatuista ja ammattimaista viimeistely\u00e4.<\/p>\n<ul data-path-to-node=\"7\">\n<li>\n<p data-path-to-node=\"7,0,0\"><b data-path-to-node=\"7,0,0\" data-index-in-node=\"0\">Moniv\u00e4rinen CMYK-kopiointi:<\/b> T\u00e4ydellinen selkeys monimutkaisille logoille ja liukuv\u00e4reille ilman lis\u00e4asennuskustannuksia.<\/p>\n<\/li>\n<li>\n<p data-path-to-node=\"7,1,0\"><b data-path-to-node=\"7,1,0\" data-index-in-node=\"0\">Pysyv\u00e4 pehme\u00e4 painatus:<\/b> Muotoilu on l\u00e4mp\u00f6sulatettu materiaaliin kest\u00e4v\u00e4n ja ensiluokkaisen tuntuman aikaansaamiseksi.<\/p>\n<\/li>\n<li>\n<p data-path-to-node=\"7,2,0\"><b data-path-to-node=\"7,2,0\" data-index-in-node=\"0\">B2B-skaalautuvuus:<\/b> Saatavilla ammattimaisissa rullina alhaisella 100 metrin v\u00e4himm\u00e4istilausm\u00e4\u00e4r\u00e4ll\u00e4.<\/p>\n<\/li>\n<li>\n<p data-path-to-node=\"7,3,0\"><b data-path-to-node=\"7,3,0\" data-index-in-node=\"0\">Reunasta reunaan r\u00e4\u00e4t\u00e4l\u00f6inti:<\/b> Hy\u00f6dynn\u00e4 koko leveys saumattoman br\u00e4ndi-integraation takaamiseksi.<\/p>\n<\/li>\n<\/ul>\n<p data-path-to-node=\"8\">","protected":false},"featured_media":6268,"comment_status":"closed","ping_status":"closed","template":"","meta":[],"product_brand":[],"product_cat":[96],"product_tag":[],"class_list":{"0":"post-1314","1":"product","2":"type-product","3":"status-publish","4":"has-post-thumbnail","6":"product_cat-ribbons","8":"first","9":"instock","10":"shipping-taxable","11":"purchasable","12":"product-type-simple"},"_links":{"self":[{"href":"https:\/\/displayproducts.eu\/fi\/wp-json\/wp\/v2\/product\/1314","targetHints":{"allow":["GET"]}}],"collection":[{"href":"https:\/\/displayproducts.eu\/fi\/wp-json\/wp\/v2\/product"}],"about":[{"href":"https:\/\/displayproducts.eu\/fi\/wp-json\/wp\/v2\/types\/product"}],"replies":[{"embeddable":true,"href":"https:\/\/displayproducts.eu\/fi\/wp-json\/wp\/v2\/comments?post=1314"}],"wp:featuredmedia":[{"embeddable":true,"href":"https:\/\/displayproducts.eu\/fi\/wp-json\/wp\/v2\/media\/6268"}],"wp:attachment":[{"href":"https:\/\/displayproducts.eu\/fi\/wp-json\/wp\/v2\/media?parent=1314"}],"wp:term":[{"taxonomy":"product_brand","embeddable":true,"href":"https:\/\/displayproducts.eu\/fi\/wp-json\/wp\/v2\/product_brand?post=1314"},{"taxonomy":"product_cat","embeddable":true,"href":"https:\/\/displayproducts.eu\/fi\/wp-json\/wp\/v2\/product_cat?post=1314"},{"taxonomy":"product_tag","embeddable":true,"href":"https:\/\/displayproducts.eu\/fi\/wp-json\/wp\/v2\/product_tag?post=1314"}],"curies":[{"name":"wp","href":"https:\/\/api.w.org\/{rel}","templated":true}]}}