{"id":1307,"date":"2024-10-27T11:53:50","date_gmt":"2024-10-27T08:53:50","guid":{"rendered":"https:\/\/wristbandfactory.eu\/toode\/glow-in-the-dark-silicone-wristbands\/"},"modified":"2026-04-01T21:52:36","modified_gmt":"2026-04-01T18:52:36","slug":"glow-in-the-dark-silicone-wristbands","status":"publish","type":"product","link":"https:\/\/displayproducts.eu\/fi\/p\/glow-in-the-dark-silicone-wristbands\/","title":{"rendered":"J\u00e4lkihohtavat silikonirannekkeet"},"content":{"rendered":"<div class=\"mx-12 md:mx-24 lg:mx-48\">\n<div class=\"container my-8 svelte-zlsknf\">\n<div class=\"my-24 rounded-lg border-0 border-gray-700 bg-gray-100 px-16 py-24\">\n<div class=\"mt-11 !text-gray-500\">\n<p>Varmista, ett\u00e4 br\u00e4ndisi erottuu pitk\u00e4\u00e4n auringonlaskun j\u00e4lkeen pime\u00e4ss\u00e4 hohtavilla silikonirannekkeillamme. N\u00e4m\u00e4 rannekkeet ovat ensisijainen valinta tapahtumaj\u00e4rjest\u00e4jille, festivaalipromoottorille ja yritystapahtumien hallinnoijille, jotka tarvitsevat hyv\u00e4\u00e4 n\u00e4kyvyytt\u00e4 h\u00e4m\u00e4r\u00e4ss\u00e4. Ne toimivat tehokkaana br\u00e4nd\u00e4ysty\u00f6kaluna ja kulkulupana y\u00f6kerhoihin, konsertteihin ja iltajuhliin.<\/p>\n<p>Hohtoefekti lis\u00e4t\u00e4\u00e4n silikoniin ja se latautuu valon vaikutuksesta. Parhaan tuloksen saavuttamiseksi suosittelemme valitsemaan kirkkaita pohjav\u00e4rej\u00e4 (esim. valkoinen, vihre\u00e4, vaaleanpunainen), koska hohtoefekti on v\u00e4hemm\u00e4n tehokas tummemmalla silikonilla.<\/p>\n<p>T\u00e4t\u00e4 efekti\u00e4 voidaan yhdist\u00e4\u00e4 muihin r\u00e4\u00e4t\u00e4l\u00f6intimenetelmiin, kuten painettuihin, kaiverrettuihin ja kaiverrettuihin malleihin, jolloin voit luoda ainutlaatuisen ja toimivan rannekkeen tapahtumaasi varten. Nopean tuotannon ja toimituksen ansiosta pystymme noudattamaan tiukkoja aikataulujasi.<\/p>\n<p><b>T\u00e4rkeimm\u00e4t ominaisuudet:<\/b><\/p>\n<ul>\n<li><b>Hyvin n\u00e4kyv\u00e4 hehku:<\/b> Latautuu valossa ja luo kirkkaan hehkun, t\u00e4ydellinen y\u00f6kerhoihin ja iltatapahtumiin.<\/li>\n<li><b>Kest\u00e4v\u00e4 100%-silikoni:<\/b> Vedenpit\u00e4v\u00e4, joustava ja mukava usean tunnin k\u00e4ytt\u00f6\u00f6n.<\/li>\n<li><b>Laaja r\u00e4\u00e4t\u00e4l\u00f6intimahdollisuus:<\/b> Voidaan yhdist\u00e4\u00e4 painettuihin, kaiverrettuihin tai kaiverrettuihin br\u00e4nd\u00e4ysmenetelmiin.<\/li>\n<li><b>Nopea toimitus:<\/b> Nopea tuotanto ja toimitus tiukkojen tapahtuma-aikataulujen t\u00e4ytt\u00e4miseksi.<\/li>\n<li><b>Vinkki:<\/b> Toimii parhaiten kirkkaanv\u00e4risill\u00e4 silikonialustoilla voimakkaimman vaikutuksen saavuttamiseksi.<\/li>\n<\/ul>\n<\/div>\n<\/div>\n<\/div>\n<\/div>","protected":false},"excerpt":{"rendered":"<ul>\n<li>Hyvin n\u00e4kyv\u00e4 hehkuefekti varmistaa, ett\u00e4 br\u00e4ndisi n\u00e4kyy y\u00f6ll\u00e4.<\/li>\n<li>Ihanteellinen festivaaleille, y\u00f6kerhoihin ja iltaisiin yritystapahtumiin.<\/li>\n<li>Nopea tuotanto ja toimitus nopeaan tapahtumasuunnitteluun.<\/li>\n<li>Parhaat tulokset saavutetaan kirkkaanv\u00e4risill\u00e4 silikonialustoilla.<\/li>\n<\/ul>","protected":false},"featured_media":6131,"comment_status":"closed","ping_status":"closed","template":"","meta":[],"product_brand":[],"product_cat":[66,49],"product_tag":[],"class_list":{"0":"post-1307","1":"product","2":"type-product","3":"status-publish","4":"has-post-thumbnail","6":"product_cat-wristbands","7":"product_cat-silicone","9":"first","10":"instock","11":"shipping-taxable","12":"purchasable","13":"product-type-simple"},"_links":{"self":[{"href":"https:\/\/displayproducts.eu\/fi\/wp-json\/wp\/v2\/product\/1307","targetHints":{"allow":["GET"]}}],"collection":[{"href":"https:\/\/displayproducts.eu\/fi\/wp-json\/wp\/v2\/product"}],"about":[{"href":"https:\/\/displayproducts.eu\/fi\/wp-json\/wp\/v2\/types\/product"}],"replies":[{"embeddable":true,"href":"https:\/\/displayproducts.eu\/fi\/wp-json\/wp\/v2\/comments?post=1307"}],"wp:featuredmedia":[{"embeddable":true,"href":"https:\/\/displayproducts.eu\/fi\/wp-json\/wp\/v2\/media\/6131"}],"wp:attachment":[{"href":"https:\/\/displayproducts.eu\/fi\/wp-json\/wp\/v2\/media?parent=1307"}],"wp:term":[{"taxonomy":"product_brand","embeddable":true,"href":"https:\/\/displayproducts.eu\/fi\/wp-json\/wp\/v2\/product_brand?post=1307"},{"taxonomy":"product_cat","embeddable":true,"href":"https:\/\/displayproducts.eu\/fi\/wp-json\/wp\/v2\/product_cat?post=1307"},{"taxonomy":"product_tag","embeddable":true,"href":"https:\/\/displayproducts.eu\/fi\/wp-json\/wp\/v2\/product_tag?post=1307"}],"curies":[{"name":"wp","href":"https:\/\/api.w.org\/{rel}","templated":true}]}}