{"id":1304,"date":"2024-10-27T11:53:50","date_gmt":"2024-10-27T08:53:50","guid":{"rendered":"https:\/\/wristbandfactory.eu\/toode\/silicone-wristbands\/"},"modified":"2026-04-01T21:52:04","modified_gmt":"2026-04-01T18:52:04","slug":"wide-printed-silicone-wristbands-25mm","status":"publish","type":"product","link":"https:\/\/displayproducts.eu\/fi\/p\/wide-printed-silicone-wristbands-25mm\/","title":{"rendered":"Leve\u00e4t painetut silikonirannekkeet (25 mm)"},"content":{"rendered":"<p>N\u00e4m\u00e4 25 mm leve\u00e4t rannekkeet on suunniteltu maksimaaliseen n\u00e4kyvyyteen, ja ne ovat ensisijainen valinta tapahtumien ja festivaalien j\u00e4rjest\u00e4jille, jotka haluavat br\u00e4ndins\u00e4 erottuvan joukosta. Laaja pinta sopii t\u00e4ydellisesti monimutkaisille logoille, yksityiskohtaiselle tekstille ja huomiota her\u00e4tt\u00e4ville malleille. Kest\u00e4v\u00e4st\u00e4 100%-silikonista valmistetut rannekkeet ovat mukavia usean p\u00e4iv\u00e4n k\u00e4ytt\u00f6\u00f6n, vedenpit\u00e4vi\u00e4 ja rakennettu kest\u00e4m\u00e4\u00e4n konkreettisena muistutuksena tapahtumastasi tai kampanjastasi.<\/p>\n<p>Tarjoamme t\u00e4ydellisen r\u00e4\u00e4t\u00e4l\u00f6innin, joka vastaa t\u00e4ydellisesti br\u00e4ndi-identiteetti\u00e4si. Silikonimme on Pantone-v\u00e4rikoodattu, mik\u00e4 takaa br\u00e4ndisi v\u00e4rien tarkan toiston. Voit valita laajan valikoiman r\u00e4\u00e4t\u00e4l\u00f6intivaihtoehtoja haluamasi ilmeen saavuttamiseksi, klassisesta silkkipainatuksesta hienostuneisiin kaiverrettuihin tehosteisiin. V\u00e4rit\u00e4ytteell\u00e4 saat suunnitteluisi todella n\u00e4ytt\u00e4v\u00e4n.<\/p>\n<p><b>T\u00e4rkeimm\u00e4t ominaisuudet:<\/b><\/p>\n<ul>\n<li><b>Eritt\u00e4in leve\u00e4 pinta:<\/b> 25 mm leveys maksimaalisen suunnitteluin ja logon n\u00e4kyvyyden takaamiseksi.<\/li>\n<li><b>Materiaali:<\/b> 100% korkealaatuista ja kest\u00e4v\u00e4\u00e4 silikonia.<\/li>\n<li><b>Mukautusvaihtoehdot:<\/b> Saatavilla painettuna, kaiverrettuna, v\u00e4rillisell\u00e4 t\u00e4ytteell\u00e4 kaiverrettuna, kaiverrettuna ja kaiverrettuna painettuna.<\/li>\n<li><b>Pantone\u00ae-v\u00e4rikartta:<\/b> Tarkka v\u00e4rien vastaavuus juuri sinun tuotemerkkisi spesifikaatioiden mukaisesti.<\/li>\n<li><b>Minimitilaus:<\/b> Alkaa vain 100 kappaleesta.<\/li>\n<li><b>Pakkaus:<\/b> Jokainen ranneke on pakattu erikseen suojaavaan polyeteenipussiin.<\/li>\n<li><b>Lis\u00e4arvo:<\/b> Maksutonta suunnitteluapua taitojesi hiomiseen.<\/li>\n<\/ul>","protected":false},"excerpt":{"rendered":"<p>Kun tavalliset mainostuotteet eiv\u00e4t riit\u00e4, tee suurempi vaikutus leveill\u00e4, r\u00e4\u00e4t\u00e4l\u00f6idyill\u00e4 silikonirannekkeillamme. N\u00e4m\u00e4 25 mm:n rannekkeet tarjoavat kaksinkertaisen pinta-alan tavallisiin rannekkeisiin verrattuna, ja ne tarjoavat n\u00e4ytt\u00e4v\u00e4n pohjan br\u00e4ndisi esittelyyn varmistaen, ett\u00e4 logoasi tai viesti\u00e4si ei voi olla huomaamatta ja ett\u00e4 se muistetaan pitk\u00e4\u00e4n tapahtuman j\u00e4lkeen.<\/p>","protected":false},"featured_media":5976,"comment_status":"closed","ping_status":"closed","template":"","meta":[],"product_brand":[],"product_cat":[66,49],"product_tag":[],"class_list":{"0":"post-1304","1":"product","2":"type-product","3":"status-publish","4":"has-post-thumbnail","6":"product_cat-wristbands","7":"product_cat-silicone","9":"first","10":"instock","11":"shipping-taxable","12":"purchasable","13":"product-type-simple"},"_links":{"self":[{"href":"https:\/\/displayproducts.eu\/fi\/wp-json\/wp\/v2\/product\/1304","targetHints":{"allow":["GET"]}}],"collection":[{"href":"https:\/\/displayproducts.eu\/fi\/wp-json\/wp\/v2\/product"}],"about":[{"href":"https:\/\/displayproducts.eu\/fi\/wp-json\/wp\/v2\/types\/product"}],"replies":[{"embeddable":true,"href":"https:\/\/displayproducts.eu\/fi\/wp-json\/wp\/v2\/comments?post=1304"}],"wp:featuredmedia":[{"embeddable":true,"href":"https:\/\/displayproducts.eu\/fi\/wp-json\/wp\/v2\/media\/5976"}],"wp:attachment":[{"href":"https:\/\/displayproducts.eu\/fi\/wp-json\/wp\/v2\/media?parent=1304"}],"wp:term":[{"taxonomy":"product_brand","embeddable":true,"href":"https:\/\/displayproducts.eu\/fi\/wp-json\/wp\/v2\/product_brand?post=1304"},{"taxonomy":"product_cat","embeddable":true,"href":"https:\/\/displayproducts.eu\/fi\/wp-json\/wp\/v2\/product_cat?post=1304"},{"taxonomy":"product_tag","embeddable":true,"href":"https:\/\/displayproducts.eu\/fi\/wp-json\/wp\/v2\/product_tag?post=1304"}],"curies":[{"name":"wp","href":"https:\/\/api.w.org\/{rel}","templated":true}]}}